{"id":136,"date":"2017-11-21T16:36:42","date_gmt":"2017-11-21T18:36:42","guid":{"rendered":"http:\/\/www.ceara.gov.br\/crede10\/?page_id=136"},"modified":"2025-02-12T10:30:08","modified_gmt":"2025-02-12T13:30:08","slug":"destaques","status":"publish","type":"page","link":"https:\/\/ww16.ce.gov.br\/crede10-seduc\/imprensa\/destaques\/","title":{"rendered":"Destaques"},"content":{"rendered":"\n\n<div class=\"CardsDestaque  NoticiasDestaque\">\n    <h2 class=\"-SmallTitle  -bold\">Not\u00edcias em destaque<\/h2>\n                        <a class=\"CardNoticia\" href=\"https:\/\/ww16.ce.gov.br\/crede10-seduc\/2026\/01\/21\/crede-10-divulga-selecao-publica-para-carencias-temporarias-de-professores-2025\/\">\n                <figure>\n                    <div class=\"borda\">\n                        <img decoding=\"async\" src=\"https:\/\/ww16.ce.gov.br\/crede10-seduc\/wp-content\/uploads\/sites\/110\/2025\/02\/Copia-de-banner-170x230-1.png\" class=\"attachment-destaque size-destaque\" alt=\"Crede 10 divulga sele\u00e7\u00e3o p\u00fablica para car\u00eancias tempor\u00e1rias de professores 2026\" \/>                    <\/div>\n                    <figcaption>\n                                                    <h3>21 de janeiro de 2026 - 08:01<\/h3>\n                                                                            <p>Crede 10 divulga sele\u00e7\u00e3o p\u00fablica para car\u00eancias tempor\u00e1rias de professores 2026<\/p>\n                                            <\/figcaption>\n                <\/figure>\n            <\/a>\n                    <a class=\"CardNoticia\" href=\"https:\/\/ww16.ce.gov.br\/crede10-seduc\/2025\/02\/12\/como-posso-participar-da-busca-ativa-escolar-%f0%9f%8f%ab%f0%9f%93%9a\/\">\n                <figure>\n                    <div class=\"borda\">\n                        <img decoding=\"async\" src=\"https:\/\/ww16.ce.gov.br\/crede10-seduc\/wp-content\/uploads\/sites\/110\/2025\/02\/WhatsApp-Image-2025-02-12-at-08.39.53-170x230.jpeg\" class=\"attachment-destaque size-destaque\" alt=\"Como posso participar da Busca Ativa Escolar? ??\" \/>                    <\/div>\n                    <figcaption>\n                                                    <h3>12 de fevereiro de 2025 - 10:02<\/h3>\n                                                                            <p>Como posso participar da Busca Ativa Escolar? ??<\/p>\n                                            <\/figcaption>\n                <\/figure>\n            <\/a>\n                    <a class=\"CardNoticia\" href=\"https:\/\/ww16.ce.gov.br\/crede10-seduc\/2025\/02\/11\/chamada-publica-no-001-2025-selecao-para-composicao-de-banco-de-formadores-regionais-do-programa-aprendizagem-na-idade-certa-paic-integral\/\">\n                <figure>\n                    <div class=\"borda\">\n                        <img decoding=\"async\" src=\"https:\/\/ww16.ce.gov.br\/crede10-seduc\/wp-content\/uploads\/sites\/110\/2025\/02\/Post-para-instagram-de-empresa-sobre-processo-seletivo-azul-e-laranja-1-e1739366778336-170x230.png\" class=\"attachment-destaque size-destaque\" alt=\"Chamada  P\u00fablica N\u00ba 001\/2025: Sele\u00e7\u00e3o para composi\u00e7\u00e3o de Banco de Formadores Regionais do PAIC Integral\" \/>                    <\/div>\n                    <figcaption>\n                                                    <h3>11 de fevereiro de 2025 - 01:02<\/h3>\n                                                                            <p>Chamada  P\u00fablica N\u00ba 001\/2025: Sele\u00e7\u00e3o para composi\u00e7\u00e3o de Banco de Formadores Regionais do PAIC Integral<\/p>\n                                            <\/figcaption>\n                <\/figure>\n            <\/a>\n                    <a class=\"CardNoticia\" href=\"https:\/\/ww16.ce.gov.br\/crede10-seduc\/2025\/02\/05\/crede-10-participa-das-jornadas-pedagogicas-das-redes-municipais\/\">\n                <figure>\n                    <div class=\"borda\">\n                        <img decoding=\"async\" src=\"https:\/\/ww16.ce.gov.br\/crede10-seduc\/wp-content\/uploads\/sites\/110\/2025\/02\/WhatsApp-Image-2025-02-05-at-14.07.00-4-170x230.jpeg\" class=\"attachment-destaque size-destaque\" alt=\"Crede 10 participa das Jornadas Pedag\u00f3gicas das Redes Municipais\" \/>                    <\/div>\n                    <figcaption>\n                                                    <h3>05 de fevereiro de 2025 - 02:02<\/h3>\n                                                                            <p>Crede 10 participa das Jornadas Pedag\u00f3gicas das Redes Municipais<\/p>\n                                            <\/figcaption>\n                <\/figure>\n            <\/a>\n                    <a class=\"CardNoticia\" href=\"https:\/\/ww16.ce.gov.br\/crede10-seduc\/2025\/02\/05\/cedea-10-participa-de-jornadas-pedagogicas-escolares\/\">\n                <figure>\n                    <div class=\"borda\">\n                        <img decoding=\"async\" src=\"https:\/\/ww16.ce.gov.br\/crede10-seduc\/wp-content\/uploads\/sites\/110\/2025\/02\/WhatsApp-Image-2025-02-05-at-12.53.20-1536x864-1-170x230.jpeg\" class=\"attachment-destaque size-destaque\" alt=\"Cedea 10 participa de Jornadas Pedag\u00f3gicas Escolares\" \/>                    <\/div>\n                    <figcaption>\n                                                    <h3>05 de fevereiro de 2025 - 01:02<\/h3>\n                                                                            <p>Cedea 10 participa de Jornadas Pedag\u00f3gicas Escolares<\/p>\n                                            <\/figcaption>\n                <\/figure>\n            <\/a>\n                    <a class=\"CardNoticia\" href=\"https:\/\/ww16.ce.gov.br\/crede10-seduc\/2024\/04\/03\/publicidade-da-portaria-de-designacao-de-gestor-e-fiscal-de-contrato-2-2\/\">\n                <figure>\n                    <div class=\"borda\">\n                        <img decoding=\"async\" src=\"https:\/\/ww16.ce.gov.br\/crede10-seduc\/wp-content\/uploads\/sites\/110\/2024\/04\/banner-170x230-1.png\" class=\"attachment-destaque size-destaque\" alt=\"Publicidade da Portaria de Designa\u00e7\u00e3o de Gestor e Fiscal\u00a0de\u00a0Contrato\" \/>                    <\/div>\n                    <figcaption>\n                                                    <h3>03 de abril de 2024 - 01:04<\/h3>\n                                                                            <p>Publicidade da Portaria de Designa\u00e7\u00e3o de Gestor e Fiscal\u00a0de\u00a0Contrato<\/p>\n                                            <\/figcaption>\n                <\/figure>\n            <\/a>\n            <\/div>\n","protected":false},"excerpt":{"rendered":"","protected":false},"author":38,"featured_media":0,"parent":121,"menu_order":10,"comment_status":"closed","ping_status":"closed","template":"","meta":{"_acf_changed":false,"inline_featured_image":false,"footnotes":""},"class_list":["post-136","page","type-page","status-publish","hentry"],"acf":[],"yoast_head":"<!-- This site is optimized with the Yoast SEO plugin v26.9 - https:\/\/yoast.com\/product\/yoast-seo-wordpress\/ -->\n<title>Destaques - CREDE10-SEDUC<\/title>\n<meta name=\"robots\" content=\"index, follow, max-snippet:-1, max-image-preview:large, max-video-preview:-1\" \/>\n<link rel=\"canonical\" href=\"https:\/\/ww16.ce.gov.br\/crede10-seduc\/imprensa\/destaques\/\" \/>\n<meta property=\"og:locale\" content=\"pt_BR\" \/>\n<meta property=\"og:type\" content=\"article\" \/>\n<meta property=\"og:title\" content=\"Destaques - CREDE10-SEDUC\" \/>\n<meta property=\"og:url\" content=\"https:\/\/ww16.ce.gov.br\/crede10-seduc\/imprensa\/destaques\/\" \/>\n<meta property=\"og:site_name\" content=\"CREDE10-SEDUC\" \/>\n<meta property=\"article:modified_time\" content=\"2025-02-12T13:30:08+00:00\" \/>\n<meta name=\"twitter:card\" content=\"summary_large_image\" \/>\n<meta name=\"twitter:label1\" content=\"Est. reading time\" \/>\n\t<meta name=\"twitter:data1\" content=\"1 minuto\" \/>\n<script type=\"application\/ld+json\" class=\"yoast-schema-graph\">{\"@context\":\"https:\/\/schema.org\",\"@graph\":[{\"@type\":\"WebPage\",\"@id\":\"https:\/\/ww16.ce.gov.br\/crede10-seduc\/imprensa\/destaques\/\",\"url\":\"https:\/\/ww16.ce.gov.br\/crede10-seduc\/imprensa\/destaques\/\",\"name\":\"Destaques - CREDE10-SEDUC\",\"isPartOf\":{\"@id\":\"https:\/\/ww16.ce.gov.br\/crede10-seduc\/#website\"},\"datePublished\":\"2017-11-21T18:36:42+00:00\",\"dateModified\":\"2025-02-12T13:30:08+00:00\",\"breadcrumb\":{\"@id\":\"https:\/\/ww16.ce.gov.br\/crede10-seduc\/imprensa\/destaques\/#breadcrumb\"},\"inLanguage\":\"pt-BR\",\"potentialAction\":[{\"@type\":\"ReadAction\",\"target\":[\"https:\/\/ww16.ce.gov.br\/crede10-seduc\/imprensa\/destaques\/\"]}]},{\"@type\":\"BreadcrumbList\",\"@id\":\"https:\/\/ww16.ce.gov.br\/crede10-seduc\/imprensa\/destaques\/#breadcrumb\",\"itemListElement\":[{\"@type\":\"ListItem\",\"position\":1,\"name\":\"In\u00edcio\",\"item\":\"https:\/\/ww16.ce.gov.br\/crede10-seduc\/\"},{\"@type\":\"ListItem\",\"position\":2,\"name\":\"Imprensa\",\"item\":\"https:\/\/ww16.ce.gov.br\/crede10-seduc\/\"},{\"@type\":\"ListItem\",\"position\":3,\"name\":\"Destaques\"}]},{\"@type\":\"WebSite\",\"@id\":\"https:\/\/ww16.ce.gov.br\/crede10-seduc\/#website\",\"url\":\"https:\/\/ww16.ce.gov.br\/crede10-seduc\/\",\"name\":\"CREDE10-SEDUC\",\"description\":\"Portal CREDE10-SEDUC\",\"potentialAction\":[{\"@type\":\"SearchAction\",\"target\":{\"@type\":\"EntryPoint\",\"urlTemplate\":\"https:\/\/ww16.ce.gov.br\/crede10-seduc\/?s={search_term_string}\"},\"query-input\":{\"@type\":\"PropertyValueSpecification\",\"valueRequired\":true,\"valueName\":\"search_term_string\"}}],\"inLanguage\":\"pt-BR\"}]}<\/script>\n<!-- \/ Yoast SEO plugin. -->","yoast_head_json":{"title":"Destaques - CREDE10-SEDUC","robots":{"index":"index","follow":"follow","max-snippet":"max-snippet:-1","max-image-preview":"max-image-preview:large","max-video-preview":"max-video-preview:-1"},"canonical":"https:\/\/ww16.ce.gov.br\/crede10-seduc\/imprensa\/destaques\/","og_locale":"pt_BR","og_type":"article","og_title":"Destaques - CREDE10-SEDUC","og_url":"https:\/\/ww16.ce.gov.br\/crede10-seduc\/imprensa\/destaques\/","og_site_name":"CREDE10-SEDUC","article_modified_time":"2025-02-12T13:30:08+00:00","twitter_card":"summary_large_image","twitter_misc":{"Est. reading time":"1 minuto"},"schema":{"@context":"https:\/\/schema.org","@graph":[{"@type":"WebPage","@id":"https:\/\/ww16.ce.gov.br\/crede10-seduc\/imprensa\/destaques\/","url":"https:\/\/ww16.ce.gov.br\/crede10-seduc\/imprensa\/destaques\/","name":"Destaques - CREDE10-SEDUC","isPartOf":{"@id":"https:\/\/ww16.ce.gov.br\/crede10-seduc\/#website"},"datePublished":"2017-11-21T18:36:42+00:00","dateModified":"2025-02-12T13:30:08+00:00","breadcrumb":{"@id":"https:\/\/ww16.ce.gov.br\/crede10-seduc\/imprensa\/destaques\/#breadcrumb"},"inLanguage":"pt-BR","potentialAction":[{"@type":"ReadAction","target":["https:\/\/ww16.ce.gov.br\/crede10-seduc\/imprensa\/destaques\/"]}]},{"@type":"BreadcrumbList","@id":"https:\/\/ww16.ce.gov.br\/crede10-seduc\/imprensa\/destaques\/#breadcrumb","itemListElement":[{"@type":"ListItem","position":1,"name":"In\u00edcio","item":"https:\/\/ww16.ce.gov.br\/crede10-seduc\/"},{"@type":"ListItem","position":2,"name":"Imprensa","item":"https:\/\/ww16.ce.gov.br\/crede10-seduc\/"},{"@type":"ListItem","position":3,"name":"Destaques"}]},{"@type":"WebSite","@id":"https:\/\/ww16.ce.gov.br\/crede10-seduc\/#website","url":"https:\/\/ww16.ce.gov.br\/crede10-seduc\/","name":"CREDE10-SEDUC","description":"Portal CREDE10-SEDUC","potentialAction":[{"@type":"SearchAction","target":{"@type":"EntryPoint","urlTemplate":"https:\/\/ww16.ce.gov.br\/crede10-seduc\/?s={search_term_string}"},"query-input":{"@type":"PropertyValueSpecification","valueRequired":true,"valueName":"search_term_string"}}],"inLanguage":"pt-BR"}]}},"_links":{"self":[{"href":"https:\/\/ww16.ce.gov.br\/crede10-seduc\/wp-json\/wp\/v2\/pages\/136","targetHints":{"allow":["GET"]}}],"collection":[{"href":"https:\/\/ww16.ce.gov.br\/crede10-seduc\/wp-json\/wp\/v2\/pages"}],"about":[{"href":"https:\/\/ww16.ce.gov.br\/crede10-seduc\/wp-json\/wp\/v2\/types\/page"}],"author":[{"embeddable":true,"href":"https:\/\/ww16.ce.gov.br\/crede10-seduc\/wp-json\/wp\/v2\/users\/38"}],"replies":[{"embeddable":true,"href":"https:\/\/ww16.ce.gov.br\/crede10-seduc\/wp-json\/wp\/v2\/comments?post=136"}],"version-history":[{"count":22,"href":"https:\/\/ww16.ce.gov.br\/crede10-seduc\/wp-json\/wp\/v2\/pages\/136\/revisions"}],"predecessor-version":[{"id":11098,"href":"https:\/\/ww16.ce.gov.br\/crede10-seduc\/wp-json\/wp\/v2\/pages\/136\/revisions\/11098"}],"up":[{"embeddable":true,"href":"https:\/\/ww16.ce.gov.br\/crede10-seduc\/wp-json\/wp\/v2\/pages\/121"}],"wp:attachment":[{"href":"https:\/\/ww16.ce.gov.br\/crede10-seduc\/wp-json\/wp\/v2\/media?parent=136"}],"curies":[{"name":"wp","href":"https:\/\/api.w.org\/{rel}","templated":true}]}}