{"id":5799,"date":"2021-10-15T14:21:13","date_gmt":"2021-10-15T17:21:13","guid":{"rendered":"http:\/\/www.crede08.seduc.ce.gov.br\/?page_id=5799"},"modified":"2022-02-11T13:32:45","modified_gmt":"2022-02-11T16:32:45","slug":"rh","status":"publish","type":"page","link":"https:\/\/ww16.ce.gov.br\/crede08-seduc\/rh\/","title":{"rendered":"Recursos Humanos"},"content":{"rendered":"<p style=\"text-align: justify\">O Setor de Recursos Humanos \u00e9 respons\u00e1vel por administrar os processos e informa\u00e7\u00f5es funcionais relacionados aos servidores da rede estadual de ensino.<\/p>\n<p>&nbsp;<\/p>\n<p style=\"text-align: justify\">Trabalhar na perspectiva de melhorias que levem \u00e0 valoriza\u00e7\u00e3o do profissional da educa\u00e7\u00e3o e tem como principal objetivo a qualidade dos servi\u00e7os prestados na Coordenadoria de Desenvolvimento da Educa\u00e7\u00e3o \u2013 CREDE 8, no \u00e2mbito do desenvolvimento, acompanhamento de direitos, vantagens, concess\u00f5es, deveres e responsabilidades dos servidores\/professores ativos e inativos sob responsabilidade dessa coordenadoria.<\/p>\n<p>&nbsp;<\/p>\n<h2><\/h2>\n<h2>Sistemas de Acompanhamento da RH<\/h2>\n<p>&nbsp;<\/p>\n<ul class=\"ListaEst col2\">\n<li><a href=\"https:\/\/sigect.seduc.ce.gov.br\" target=\"_blank\" rel=\"noopener noreferrer\"> SIGE Contrato Tempor\u00e1rio <\/a><\/li>\n<li><a href=\"https:\/\/sigerh.seduc.ce.gov.br\" target=\"_blank\" rel=\"noopener noreferrer\"> Gest\u00e3o de Recursos Humanos \u2013 Ficha Funcional <\/a><\/li>\n<li><a href=\"https:\/\/sige.seduc.ce.gov.br\/\" target=\"_blank\" rel=\"noopener noreferrer\"> SIGE Lota\u00e7\u00e3o <\/a><\/li>\n<li><a href=\"https:\/\/frequencia.seduc.ce.gov.br\/\" target=\"_blank\" rel=\"noopener noreferrer\"> Sistema de Gest\u00e3o de Recursos Humanos \u2013 Frequ\u00eancia <\/a><\/li>\n<li><a href=\"https:\/\/alimentacao.seduc.ce.gov.br\/\" target=\"_blank\" rel=\"noopener noreferrer\"> Alimenta\u00e7\u00e3o Escolar<\/a><\/li>\n<\/ul>\n<p>&nbsp;<\/p>\n<h2>Emiss\u00e3o de Certid\u00f5es:<\/h2>\n<p>&nbsp;<\/p>\n<ul class=\"ListaEst col2\">\n<li><a href=\"https:\/\/sistemas.sspds.ce.gov.br\/AtestadoAntecedentes\/\" target=\"_blank\" rel=\"noopener noreferrer\">Secretaria de Seguran\u00e7a P\u00fablica e Defesa Social<\/a><\/li>\n<li><a href=\"https:\/\/www.jfce.jus.br\/jfce\/certidaointer\/emissaoCertidao.aspx\" target=\"_blank\" rel=\"noopener noreferrer\">Justi\u00e7a Federal do Cear\u00e1<\/a><\/li>\n<li><a href=\"https:\/\/sirece.tjce.jus.br\/sirece-web\/nova\/solicitacao.jsf\" target=\"_blank\" rel=\"noopener noreferrer\">Tribunal de Justi\u00e7a do Cear\u00e1<\/a><\/li>\n<li><a href=\"https:\/\/servicos.receita.fazenda.gov.br\/Servicos\/certidaointernet\/PF\/Emitir\" target=\"_blank\" rel=\"noopener noreferrer\">Certid\u00e3o de Regularidade Fiscal<\/a><\/li>\n<li><a href=\"https:\/\/internet-consultapublica.apps.sefaz.ce.gov.br\/certidaonegativa\/preparar-consultar\" target=\"_blank\" rel=\"noopener noreferrer\">Secretaria da Fazenda do Cear\u00e1<\/a><\/li>\n<li><a href=\"https:\/\/antecedentes.dpf.gov.br\/antecedentes-criminais\/certidao\" target=\"_blank\" rel=\"noopener noreferrer\">Pol\u00edcia Federal<\/a><\/li>\n<li><a href=\"https:\/\/www.tse.jus.br\/eleitor\/certidoes\/certidao-de-quitacao-eleitoral\" target=\"_blank\" rel=\"noopener noreferrer\">Tribunal Superior Eleitoral<\/a><\/li>\n<li><a href=\"https:\/\/consultacadastral.inss.gov.br\/Esocial\/pages\/index.xhtml\" target=\"_blank\" rel=\"noopener noreferrer\">E-Social<\/a><\/li>\n<\/ul>\n<h2><\/h2>\n<p>&nbsp;<\/p>\n<h2>Quem \u00e9 quem<\/h2>\n<p>&nbsp;<\/p>\n<ul class=\"ListaEst col2\">\n<li><a href=\"https:\/\/ww16.ce.gov.br\/crede08-seduc\/institucional\/quem-e-quem\/\">Equipe RH<\/a><\/li>\n<\/ul>\n","protected":false},"excerpt":{"rendered":"<p>O Setor de Recursos Humanos \u00e9 respons\u00e1vel por administrar os processos e informa\u00e7\u00f5es funcionais relacionados aos servidores da rede estadual de ensino. &nbsp; Trabalhar na perspectiva de melhorias que levem \u00e0 valoriza\u00e7\u00e3o do profissional da educa\u00e7\u00e3o e tem como principal objetivo a qualidade dos servi\u00e7os prestados na Coordenadoria de Desenvolvimento da Educa\u00e7\u00e3o \u2013 CREDE 8, [&hellip;]<\/p>\n","protected":false},"author":518,"featured_media":0,"parent":0,"menu_order":0,"comment_status":"closed","ping_status":"closed","template":"","meta":{"_acf_changed":false,"inline_featured_image":false,"footnotes":""},"class_list":["post-5799","page","type-page","status-publish","hentry"],"acf":[],"yoast_head":"<!-- This site is optimized with the Yoast SEO plugin v26.9 - https:\/\/yoast.com\/product\/yoast-seo-wordpress\/ -->\n<title>Recursos Humanos - CREDE08-SEDUC<\/title>\n<meta name=\"robots\" content=\"index, follow, max-snippet:-1, max-image-preview:large, max-video-preview:-1\" \/>\n<link rel=\"canonical\" href=\"https:\/\/ww16.ce.gov.br\/crede08-seduc\/rh\/\" \/>\n<meta property=\"og:locale\" content=\"pt_BR\" \/>\n<meta property=\"og:type\" content=\"article\" \/>\n<meta property=\"og:title\" content=\"Recursos Humanos - CREDE08-SEDUC\" \/>\n<meta property=\"og:description\" content=\"O Setor de Recursos Humanos \u00e9 respons\u00e1vel por administrar os processos e informa\u00e7\u00f5es funcionais relacionados aos servidores da rede estadual de ensino. &nbsp; Trabalhar na perspectiva de melhorias que levem \u00e0 valoriza\u00e7\u00e3o do profissional da educa\u00e7\u00e3o e tem como principal objetivo a qualidade dos servi\u00e7os prestados na Coordenadoria de Desenvolvimento da Educa\u00e7\u00e3o \u2013 CREDE 8, [&hellip;]\" \/>\n<meta property=\"og:url\" content=\"https:\/\/ww16.ce.gov.br\/crede08-seduc\/rh\/\" \/>\n<meta property=\"og:site_name\" content=\"CREDE08-SEDUC\" \/>\n<meta property=\"article:modified_time\" content=\"2022-02-11T16:32:45+00:00\" \/>\n<meta name=\"twitter:card\" content=\"summary_large_image\" \/>\n<meta name=\"twitter:label1\" content=\"Est. reading time\" \/>\n\t<meta name=\"twitter:data1\" content=\"1 minuto\" \/>\n<script type=\"application\/ld+json\" class=\"yoast-schema-graph\">{\"@context\":\"https:\/\/schema.org\",\"@graph\":[{\"@type\":\"WebPage\",\"@id\":\"https:\/\/ww16.ce.gov.br\/crede08-seduc\/rh\/\",\"url\":\"https:\/\/ww16.ce.gov.br\/crede08-seduc\/rh\/\",\"name\":\"Recursos Humanos - CREDE08-SEDUC\",\"isPartOf\":{\"@id\":\"https:\/\/ww16.ce.gov.br\/crede08-seduc\/#website\"},\"datePublished\":\"2021-10-15T17:21:13+00:00\",\"dateModified\":\"2022-02-11T16:32:45+00:00\",\"breadcrumb\":{\"@id\":\"https:\/\/ww16.ce.gov.br\/crede08-seduc\/rh\/#breadcrumb\"},\"inLanguage\":\"pt-BR\",\"potentialAction\":[{\"@type\":\"ReadAction\",\"target\":[\"https:\/\/ww16.ce.gov.br\/crede08-seduc\/rh\/\"]}]},{\"@type\":\"BreadcrumbList\",\"@id\":\"https:\/\/ww16.ce.gov.br\/crede08-seduc\/rh\/#breadcrumb\",\"itemListElement\":[{\"@type\":\"ListItem\",\"position\":1,\"name\":\"In\u00edcio\",\"item\":\"https:\/\/ww16.ce.gov.br\/crede08-seduc\/\"},{\"@type\":\"ListItem\",\"position\":2,\"name\":\"Recursos Humanos\"}]},{\"@type\":\"WebSite\",\"@id\":\"https:\/\/ww16.ce.gov.br\/crede08-seduc\/#website\",\"url\":\"https:\/\/ww16.ce.gov.br\/crede08-seduc\/\",\"name\":\"CREDE08-SEDUC\",\"description\":\"Portal CREDE08-SEDUC\",\"potentialAction\":[{\"@type\":\"SearchAction\",\"target\":{\"@type\":\"EntryPoint\",\"urlTemplate\":\"https:\/\/ww16.ce.gov.br\/crede08-seduc\/?s={search_term_string}\"},\"query-input\":{\"@type\":\"PropertyValueSpecification\",\"valueRequired\":true,\"valueName\":\"search_term_string\"}}],\"inLanguage\":\"pt-BR\"}]}<\/script>\n<!-- \/ Yoast SEO plugin. -->","yoast_head_json":{"title":"Recursos Humanos - CREDE08-SEDUC","robots":{"index":"index","follow":"follow","max-snippet":"max-snippet:-1","max-image-preview":"max-image-preview:large","max-video-preview":"max-video-preview:-1"},"canonical":"https:\/\/ww16.ce.gov.br\/crede08-seduc\/rh\/","og_locale":"pt_BR","og_type":"article","og_title":"Recursos Humanos - CREDE08-SEDUC","og_description":"O Setor de Recursos Humanos \u00e9 respons\u00e1vel por administrar os processos e informa\u00e7\u00f5es funcionais relacionados aos servidores da rede estadual de ensino. &nbsp; Trabalhar na perspectiva de melhorias que levem \u00e0 valoriza\u00e7\u00e3o do profissional da educa\u00e7\u00e3o e tem como principal objetivo a qualidade dos servi\u00e7os prestados na Coordenadoria de Desenvolvimento da Educa\u00e7\u00e3o \u2013 CREDE 8, [&hellip;]","og_url":"https:\/\/ww16.ce.gov.br\/crede08-seduc\/rh\/","og_site_name":"CREDE08-SEDUC","article_modified_time":"2022-02-11T16:32:45+00:00","twitter_card":"summary_large_image","twitter_misc":{"Est. reading time":"1 minuto"},"schema":{"@context":"https:\/\/schema.org","@graph":[{"@type":"WebPage","@id":"https:\/\/ww16.ce.gov.br\/crede08-seduc\/rh\/","url":"https:\/\/ww16.ce.gov.br\/crede08-seduc\/rh\/","name":"Recursos Humanos - CREDE08-SEDUC","isPartOf":{"@id":"https:\/\/ww16.ce.gov.br\/crede08-seduc\/#website"},"datePublished":"2021-10-15T17:21:13+00:00","dateModified":"2022-02-11T16:32:45+00:00","breadcrumb":{"@id":"https:\/\/ww16.ce.gov.br\/crede08-seduc\/rh\/#breadcrumb"},"inLanguage":"pt-BR","potentialAction":[{"@type":"ReadAction","target":["https:\/\/ww16.ce.gov.br\/crede08-seduc\/rh\/"]}]},{"@type":"BreadcrumbList","@id":"https:\/\/ww16.ce.gov.br\/crede08-seduc\/rh\/#breadcrumb","itemListElement":[{"@type":"ListItem","position":1,"name":"In\u00edcio","item":"https:\/\/ww16.ce.gov.br\/crede08-seduc\/"},{"@type":"ListItem","position":2,"name":"Recursos Humanos"}]},{"@type":"WebSite","@id":"https:\/\/ww16.ce.gov.br\/crede08-seduc\/#website","url":"https:\/\/ww16.ce.gov.br\/crede08-seduc\/","name":"CREDE08-SEDUC","description":"Portal CREDE08-SEDUC","potentialAction":[{"@type":"SearchAction","target":{"@type":"EntryPoint","urlTemplate":"https:\/\/ww16.ce.gov.br\/crede08-seduc\/?s={search_term_string}"},"query-input":{"@type":"PropertyValueSpecification","valueRequired":true,"valueName":"search_term_string"}}],"inLanguage":"pt-BR"}]}},"_links":{"self":[{"href":"https:\/\/ww16.ce.gov.br\/crede08-seduc\/wp-json\/wp\/v2\/pages\/5799","targetHints":{"allow":["GET"]}}],"collection":[{"href":"https:\/\/ww16.ce.gov.br\/crede08-seduc\/wp-json\/wp\/v2\/pages"}],"about":[{"href":"https:\/\/ww16.ce.gov.br\/crede08-seduc\/wp-json\/wp\/v2\/types\/page"}],"author":[{"embeddable":true,"href":"https:\/\/ww16.ce.gov.br\/crede08-seduc\/wp-json\/wp\/v2\/users\/518"}],"replies":[{"embeddable":true,"href":"https:\/\/ww16.ce.gov.br\/crede08-seduc\/wp-json\/wp\/v2\/comments?post=5799"}],"version-history":[{"count":14,"href":"https:\/\/ww16.ce.gov.br\/crede08-seduc\/wp-json\/wp\/v2\/pages\/5799\/revisions"}],"predecessor-version":[{"id":6877,"href":"https:\/\/ww16.ce.gov.br\/crede08-seduc\/wp-json\/wp\/v2\/pages\/5799\/revisions\/6877"}],"wp:attachment":[{"href":"https:\/\/ww16.ce.gov.br\/crede08-seduc\/wp-json\/wp\/v2\/media?parent=5799"}],"curies":[{"name":"wp","href":"https:\/\/api.w.org\/{rel}","templated":true}]}}