{"id":5725,"date":"2021-10-15T10:45:16","date_gmt":"2021-10-15T13:45:16","guid":{"rendered":"http:\/\/www.crede08.seduc.ce.gov.br\/?page_id=5725"},"modified":"2022-10-25T09:07:43","modified_gmt":"2022-10-25T12:07:43","slug":"historico","status":"publish","type":"page","link":"https:\/\/ww16.ce.gov.br\/crede08-seduc\/historico\/","title":{"rendered":"Hist\u00f3rico"},"content":{"rendered":"<div>\n<div>\n<div align=\"justify\">\n<div>\n<div>\n<p>Com a extin\u00e7\u00e3o das 15 Delegacias Regionais de Educa\u00e7\u00e3o DEREs\u00a0\u00a0 (Delegacias Regionais) pelo Decreto N\u00ba 24.274, de 22\/12\/96, o Governador do Estado do Cear\u00e1 instituiu 21 Centros Regionais de Desenvolvimento da Educa\u00e7\u00e3o \u2013 CREDE.<\/p>\n<p>Para o processo de sele\u00e7\u00e3o dos Diretores dos CREDEs, o Secret\u00e1rio da Educa\u00e7\u00e3o B\u00e1sica do Estado do Cear\u00e1 no Edital N\u00ba 04\/96, publicada no\u00a0 Di\u00e1rio Oficial de 13 de junho de 1996, abriu inscri\u00e7\u00e3o para preencher os cargos comissionados de Diretores dos Centros Regionais de Desenvolvimento\u00a0 da Educa\u00e7\u00e3o. Inscreveram-se 608 candidatos dos quais\u00a0 52 foram selecionados.<\/p>\n<p>&nbsp;<\/p>\n<p>Segundo o artigo 4\u00ba do Decreto N\u00ba 24.274, compete ao CREDEs exercer, em \u00e2mbito regional, as a\u00e7\u00f5es de planejamento, coopera\u00e7\u00e3o t\u00e9cnica e financeira, orienta\u00e7\u00e3o normativa, mobiliza\u00e7\u00e3o, articula\u00e7\u00e3o e integra\u00e7\u00e3o institucional, objetivando a melhoria da qualidade da educa\u00e7\u00e3o b\u00e1sica. Com sede na cidade de Baturit\u00e9\/CE.<\/p>\n<p>&nbsp;<\/p>\n<p>Em 2008, com a ado\u00e7\u00e3o das novas Pol\u00edticas Educacionais do Governo,\u00a0 o at\u00e9 ent\u00e3o, Centro Regional,\u00a0 passa a ter uma nova denomina\u00e7\u00e3o, 8\u00aa Coordenadoria Regional de\u00a0 Desenvolvimento\u00a0\u00a0 da\u00a0\u00a0\u00a0 Educa\u00e7\u00e3o \u2013 CREDE.<\/p>\n<p>&nbsp;<\/p>\n<\/div>\n<\/div>\n<\/div>\n<div>\n<div>\n<div align=\"justify\">\n<p>A 8\u00aa CREDE desenvolve suas a\u00e7\u00f5es nos munic\u00edpios de: Acarape, Aracoiaba, Aratuba, Barreira, Baturit\u00e9, Capistrano, Guaramiranga, Itapi\u00fana, Mulungu, Ocara, Pacoti, Palm\u00e1cia e Reden\u00e7\u00e3o.<\/p>\n<p>A CREDE 8 funciona, no\u00a0 Centro Regional Integrado de Administra\u00e7\u00e3o \u2013 CRIA, um projeto do Governo de gest\u00e3o compartilhada em um \u00fanico local, as regionais das Secretarias de Educa\u00e7\u00e3o, Sa\u00fade \u2013 4\u00aa CRES e um posto de atendimento do banco Bradesco,\u00a0 facilitando assim o acesso integrado a\u00a0 popula\u00e7\u00e3o do Maci\u00e7o de Baturit\u00e9. O CRIA esta localizado a Avenida Francisco Braga Filho, 1015, Bairro Conselheiro Estelita, Baturit\u00e9 Cear\u00e1.<\/p>\n<\/div>\n<div>\n<div>\n<p>&nbsp;<\/p>\n<\/div>\n<\/div>\n<\/div>\n<\/div>\n<\/div>\n<\/div>\n<div>\n<div>\n<div align=\"justify\">\n<table style=\"height: 369px\" width=\"790\" cellspacing=\"0\" cellpadding=\"2\">\n<colgroup>\n<col width=\"239\" \/>\n<col width=\"77\" \/>\n<col width=\"79\" \/><\/colgroup>\n<tbody>\n<tr>\n<td>\n<h3 style=\"text-align: center\" align=\"CENTER\">Coordenadores<\/h3>\n<\/td>\n<td>\n<h3 align=\"CENTER\">In\u00edcio<\/h3>\n<\/td>\n<td>\n<h3 align=\"CENTER\">Final<\/h3>\n<\/td>\n<\/tr>\n<tr>\n<td>\n<p align=\"CENTER\">Gilvone Grangeiro Pereira<\/p>\n<\/td>\n<td>\n<p align=\"CENTER\">25\/11\/1996<\/p>\n<\/td>\n<td>\n<p align=\"CENTER\">30\/06\/2002<\/p>\n<\/td>\n<\/tr>\n<tr>\n<td>\n<p align=\"CENTER\">Jos\u00e9 Bernardo de Ara\u00fajo Torres<\/p>\n<\/td>\n<td>\n<p align=\"CENTER\">01\/07\/2002<\/p>\n<\/td>\n<td>\n<p align=\"CENTER\">31\/12\/2006<\/p>\n<\/td>\n<\/tr>\n<tr>\n<td>\n<p align=\"CENTER\">Maria Lucia Torres de Sousa<\/p>\n<\/td>\n<td>\n<p align=\"CENTER\">31\/01\/2007<\/p>\n<\/td>\n<td>\n<p align=\"CENTER\">27\/02\/2013<\/p>\n<\/td>\n<\/tr>\n<tr>\n<td>\n<p align=\"CENTER\">Oc\u00e9lio Fernandes<\/p>\n<\/td>\n<td>\n<p align=\"CENTER\">01\/03\/2013<\/p>\n<\/td>\n<td>\n<p align=\"CENTER\">31\/04\/2013<\/p>\n<\/td>\n<\/tr>\n<tr>\n<td>\n<p align=\"CENTER\">Maria Jucineide da Costa Fernandes<\/p>\n<\/td>\n<td>\n<p align=\"CENTER\">01\/05\/2013<\/p>\n<\/td>\n<td>\n<p align=\"CENTER\">01\/03\/2015<\/p>\n<\/td>\n<\/tr>\n<tr>\n<td>\n<p align=\"CENTER\">Joyce Costa Gomes de Santana<\/p>\n<\/td>\n<td>\n<p align=\"CENTER\">02\/03\/2015<\/p>\n<\/td>\n<td>\n<p align=\"CENTER\">31\/12\/2016<\/p>\n<\/td>\n<\/tr>\n<tr>\n<td>\n<p align=\"CENTER\">D\u00f3ris Sandra Silva Le\u00e3o<\/p>\n<\/td>\n<td>\n<p align=\"CENTER\">02\/01\/2017<\/p>\n<\/td>\n<td>\n<p align=\"CENTER\">18\/01\/2019<\/p>\n<\/td>\n<\/tr>\n<tr>\n<td>\n<p align=\"CENTER\">Afonso Jampierry Silveira de Almeida<\/p>\n<\/td>\n<td>\n<p align=\"CENTER\">21\/01\/2019<\/p>\n<\/td>\n<td>\n<p align=\"CENTER\">\u2026\u2026\u2026..<\/p>\n<\/td>\n<\/tr>\n<\/tbody>\n<\/table>\n<\/div>\n<\/div>\n<\/div>\n","protected":false},"excerpt":{"rendered":"<p>Com a extin\u00e7\u00e3o das 15 Delegacias Regionais de Educa\u00e7\u00e3o DEREs\u00a0\u00a0 (Delegacias Regionais) pelo Decreto N\u00ba 24.274, de 22\/12\/96, o Governador do Estado do Cear\u00e1 instituiu 21 Centros Regionais de Desenvolvimento da Educa\u00e7\u00e3o \u2013 CREDE. Para o processo de sele\u00e7\u00e3o dos Diretores dos CREDEs, o Secret\u00e1rio da Educa\u00e7\u00e3o B\u00e1sica do Estado do Cear\u00e1 no Edital N\u00ba [&hellip;]<\/p>\n","protected":false},"author":518,"featured_media":0,"parent":0,"menu_order":0,"comment_status":"closed","ping_status":"closed","template":"","meta":{"_acf_changed":false,"inline_featured_image":false,"footnotes":""},"class_list":["post-5725","page","type-page","status-publish","hentry"],"acf":[],"yoast_head":"<!-- This site is optimized with the Yoast SEO plugin v26.9 - https:\/\/yoast.com\/product\/yoast-seo-wordpress\/ -->\n<title>Hist\u00f3rico - CREDE08-SEDUC<\/title>\n<meta name=\"robots\" content=\"index, follow, max-snippet:-1, max-image-preview:large, max-video-preview:-1\" \/>\n<link rel=\"canonical\" href=\"https:\/\/ww16.ce.gov.br\/crede08-seduc\/historico\/\" \/>\n<meta property=\"og:locale\" content=\"pt_BR\" \/>\n<meta property=\"og:type\" content=\"article\" \/>\n<meta property=\"og:title\" content=\"Hist\u00f3rico - CREDE08-SEDUC\" \/>\n<meta property=\"og:description\" content=\"Com a extin\u00e7\u00e3o das 15 Delegacias Regionais de Educa\u00e7\u00e3o DEREs\u00a0\u00a0 (Delegacias Regionais) pelo Decreto N\u00ba 24.274, de 22\/12\/96, o Governador do Estado do Cear\u00e1 instituiu 21 Centros Regionais de Desenvolvimento da Educa\u00e7\u00e3o \u2013 CREDE. Para o processo de sele\u00e7\u00e3o dos Diretores dos CREDEs, o Secret\u00e1rio da Educa\u00e7\u00e3o B\u00e1sica do Estado do Cear\u00e1 no Edital N\u00ba [&hellip;]\" \/>\n<meta property=\"og:url\" content=\"https:\/\/ww16.ce.gov.br\/crede08-seduc\/historico\/\" \/>\n<meta property=\"og:site_name\" content=\"CREDE08-SEDUC\" \/>\n<meta property=\"article:modified_time\" content=\"2022-10-25T12:07:43+00:00\" \/>\n<meta name=\"twitter:card\" content=\"summary_large_image\" \/>\n<meta name=\"twitter:label1\" content=\"Est. reading time\" \/>\n\t<meta name=\"twitter:data1\" content=\"2 minutos\" \/>\n<script type=\"application\/ld+json\" class=\"yoast-schema-graph\">{\"@context\":\"https:\/\/schema.org\",\"@graph\":[{\"@type\":\"WebPage\",\"@id\":\"https:\/\/ww16.ce.gov.br\/crede08-seduc\/historico\/\",\"url\":\"https:\/\/ww16.ce.gov.br\/crede08-seduc\/historico\/\",\"name\":\"Hist\u00f3rico - CREDE08-SEDUC\",\"isPartOf\":{\"@id\":\"https:\/\/ww16.ce.gov.br\/crede08-seduc\/#website\"},\"datePublished\":\"2021-10-15T13:45:16+00:00\",\"dateModified\":\"2022-10-25T12:07:43+00:00\",\"breadcrumb\":{\"@id\":\"https:\/\/ww16.ce.gov.br\/crede08-seduc\/historico\/#breadcrumb\"},\"inLanguage\":\"pt-BR\",\"potentialAction\":[{\"@type\":\"ReadAction\",\"target\":[\"https:\/\/ww16.ce.gov.br\/crede08-seduc\/historico\/\"]}]},{\"@type\":\"BreadcrumbList\",\"@id\":\"https:\/\/ww16.ce.gov.br\/crede08-seduc\/historico\/#breadcrumb\",\"itemListElement\":[{\"@type\":\"ListItem\",\"position\":1,\"name\":\"In\u00edcio\",\"item\":\"https:\/\/ww16.ce.gov.br\/crede08-seduc\/\"},{\"@type\":\"ListItem\",\"position\":2,\"name\":\"Hist\u00f3rico\"}]},{\"@type\":\"WebSite\",\"@id\":\"https:\/\/ww16.ce.gov.br\/crede08-seduc\/#website\",\"url\":\"https:\/\/ww16.ce.gov.br\/crede08-seduc\/\",\"name\":\"CREDE08-SEDUC\",\"description\":\"Portal CREDE08-SEDUC\",\"potentialAction\":[{\"@type\":\"SearchAction\",\"target\":{\"@type\":\"EntryPoint\",\"urlTemplate\":\"https:\/\/ww16.ce.gov.br\/crede08-seduc\/?s={search_term_string}\"},\"query-input\":{\"@type\":\"PropertyValueSpecification\",\"valueRequired\":true,\"valueName\":\"search_term_string\"}}],\"inLanguage\":\"pt-BR\"}]}<\/script>\n<!-- \/ Yoast SEO plugin. -->","yoast_head_json":{"title":"Hist\u00f3rico - CREDE08-SEDUC","robots":{"index":"index","follow":"follow","max-snippet":"max-snippet:-1","max-image-preview":"max-image-preview:large","max-video-preview":"max-video-preview:-1"},"canonical":"https:\/\/ww16.ce.gov.br\/crede08-seduc\/historico\/","og_locale":"pt_BR","og_type":"article","og_title":"Hist\u00f3rico - CREDE08-SEDUC","og_description":"Com a extin\u00e7\u00e3o das 15 Delegacias Regionais de Educa\u00e7\u00e3o DEREs\u00a0\u00a0 (Delegacias Regionais) pelo Decreto N\u00ba 24.274, de 22\/12\/96, o Governador do Estado do Cear\u00e1 instituiu 21 Centros Regionais de Desenvolvimento da Educa\u00e7\u00e3o \u2013 CREDE. Para o processo de sele\u00e7\u00e3o dos Diretores dos CREDEs, o Secret\u00e1rio da Educa\u00e7\u00e3o B\u00e1sica do Estado do Cear\u00e1 no Edital N\u00ba [&hellip;]","og_url":"https:\/\/ww16.ce.gov.br\/crede08-seduc\/historico\/","og_site_name":"CREDE08-SEDUC","article_modified_time":"2022-10-25T12:07:43+00:00","twitter_card":"summary_large_image","twitter_misc":{"Est. reading time":"2 minutos"},"schema":{"@context":"https:\/\/schema.org","@graph":[{"@type":"WebPage","@id":"https:\/\/ww16.ce.gov.br\/crede08-seduc\/historico\/","url":"https:\/\/ww16.ce.gov.br\/crede08-seduc\/historico\/","name":"Hist\u00f3rico - CREDE08-SEDUC","isPartOf":{"@id":"https:\/\/ww16.ce.gov.br\/crede08-seduc\/#website"},"datePublished":"2021-10-15T13:45:16+00:00","dateModified":"2022-10-25T12:07:43+00:00","breadcrumb":{"@id":"https:\/\/ww16.ce.gov.br\/crede08-seduc\/historico\/#breadcrumb"},"inLanguage":"pt-BR","potentialAction":[{"@type":"ReadAction","target":["https:\/\/ww16.ce.gov.br\/crede08-seduc\/historico\/"]}]},{"@type":"BreadcrumbList","@id":"https:\/\/ww16.ce.gov.br\/crede08-seduc\/historico\/#breadcrumb","itemListElement":[{"@type":"ListItem","position":1,"name":"In\u00edcio","item":"https:\/\/ww16.ce.gov.br\/crede08-seduc\/"},{"@type":"ListItem","position":2,"name":"Hist\u00f3rico"}]},{"@type":"WebSite","@id":"https:\/\/ww16.ce.gov.br\/crede08-seduc\/#website","url":"https:\/\/ww16.ce.gov.br\/crede08-seduc\/","name":"CREDE08-SEDUC","description":"Portal CREDE08-SEDUC","potentialAction":[{"@type":"SearchAction","target":{"@type":"EntryPoint","urlTemplate":"https:\/\/ww16.ce.gov.br\/crede08-seduc\/?s={search_term_string}"},"query-input":{"@type":"PropertyValueSpecification","valueRequired":true,"valueName":"search_term_string"}}],"inLanguage":"pt-BR"}]}},"_links":{"self":[{"href":"https:\/\/ww16.ce.gov.br\/crede08-seduc\/wp-json\/wp\/v2\/pages\/5725","targetHints":{"allow":["GET"]}}],"collection":[{"href":"https:\/\/ww16.ce.gov.br\/crede08-seduc\/wp-json\/wp\/v2\/pages"}],"about":[{"href":"https:\/\/ww16.ce.gov.br\/crede08-seduc\/wp-json\/wp\/v2\/types\/page"}],"author":[{"embeddable":true,"href":"https:\/\/ww16.ce.gov.br\/crede08-seduc\/wp-json\/wp\/v2\/users\/518"}],"replies":[{"embeddable":true,"href":"https:\/\/ww16.ce.gov.br\/crede08-seduc\/wp-json\/wp\/v2\/comments?post=5725"}],"version-history":[{"count":7,"href":"https:\/\/ww16.ce.gov.br\/crede08-seduc\/wp-json\/wp\/v2\/pages\/5725\/revisions"}],"predecessor-version":[{"id":10336,"href":"https:\/\/ww16.ce.gov.br\/crede08-seduc\/wp-json\/wp\/v2\/pages\/5725\/revisions\/10336"}],"wp:attachment":[{"href":"https:\/\/ww16.ce.gov.br\/crede08-seduc\/wp-json\/wp\/v2\/media?parent=5725"}],"curies":[{"name":"wp","href":"https:\/\/api.w.org\/{rel}","templated":true}]}}