{"id":5710,"date":"2021-10-14T18:35:00","date_gmt":"2021-10-14T21:35:00","guid":{"rendered":"http:\/\/www.crede08.seduc.ce.gov.br\/?page_id=5710"},"modified":"2022-02-11T12:01:28","modified_gmt":"2022-02-11T15:01:28","slug":"cecom","status":"publish","type":"page","link":"https:\/\/ww16.ce.gov.br\/crede08-seduc\/cecom\/","title":{"rendered":"CECOM"},"content":{"rendered":"<section>\n<div class=\"wrapper container\">\n<div class=\"\">\n<h2 class=\"titulo  \">CECOM<\/h2>\n<p>C\u00e9lula de Coopera\u00e7\u00e3o com os Munic\u00edpios<\/p>\n<p>&nbsp;<\/p>\n<p>Articular e acompanhar juntamente com as SME\u2019s (Secretarias Municipais de Educa\u00e7\u00e3o) as pol\u00edticas educacionais, projetos e programas destinados ao desenvolvimento educacional do estado e dos munic\u00edpios.<\/p>\n<p>&nbsp;<\/p>\n<p>Objetivos:<\/p>\n<p>Articular a sistem\u00e1tica do transporte escolar;<\/p>\n<p>Articular as a\u00e7\u00f5es do PAIC juntamente com os prefeitos municipais e equipes das Secretarias Municipais de Educa\u00e7\u00e3o;<\/p>\n<p>Acompanhar as a\u00e7\u00f5es dos programas e projetos federais e estaduais voltados para a educa\u00e7\u00e3o.<\/p>\n<p>&nbsp;<\/p>\n<p>&nbsp;<\/p>\n<h2>Sistemas de Acompanhamento da CECOM<\/h2>\n<p>&nbsp;<\/p>\n<ul class=\"ListaEst col2\">\n<li><a href=\"https:\/\/escolanota10.seduc.ce.gov.br\/escolanota10\/login.jsf\" target=\"_blank\" rel=\"noopener noreferrer\"> Pr\u00eamio Escola Nota 10 <\/a><\/li>\n<li><a href=\"https:\/\/idadecerta.seduc.ce.gov.br\/\" target=\"_blank\" rel=\"noopener noreferrer\"> MAIS PAIC <\/a><\/li>\n<li><a href=\"https:\/\/sige.seduc.ce.gov.br\/\" target=\"_blank\" rel=\"noopener noreferrer\"> SIGE ESCOLA <\/a><\/li>\n<\/ul>\n<h2><\/h2>\n<h2><\/h2>\n<p>&nbsp;<\/p>\n<p>&nbsp;<\/p>\n<h2>Quem \u00e9 quem<\/h2>\n<p>&nbsp;<\/p>\n<ul class=\"ListaEst col2\">\n<li><a href=\"https:\/\/ww16.ce.gov.br\/crede08-seduc\/institucional\/quem-e-quem\/\" target=\"_blank\" rel=\"noopener noreferrer\">Equipe CECOM<\/a><\/li>\n<\/ul>\n<\/div>\n<\/div>\n<\/section>\n","protected":false},"excerpt":{"rendered":"<p>CECOM C\u00e9lula de Coopera\u00e7\u00e3o com os Munic\u00edpios &nbsp; Articular e acompanhar juntamente com as SME\u2019s (Secretarias Municipais de Educa\u00e7\u00e3o) as pol\u00edticas educacionais, projetos e programas destinados ao desenvolvimento educacional do estado e dos munic\u00edpios. &nbsp; Objetivos: Articular a sistem\u00e1tica do transporte escolar; Articular as a\u00e7\u00f5es do PAIC juntamente com os prefeitos municipais e equipes das [&hellip;]<\/p>\n","protected":false},"author":364,"featured_media":0,"parent":0,"menu_order":0,"comment_status":"closed","ping_status":"closed","template":"","meta":{"_acf_changed":false,"inline_featured_image":false,"footnotes":""},"class_list":["post-5710","page","type-page","status-publish","hentry"],"acf":[],"yoast_head":"<!-- This site is optimized with the Yoast SEO plugin v26.9 - https:\/\/yoast.com\/product\/yoast-seo-wordpress\/ -->\n<title>CECOM - CREDE08-SEDUC<\/title>\n<meta name=\"robots\" content=\"index, follow, max-snippet:-1, max-image-preview:large, max-video-preview:-1\" \/>\n<link rel=\"canonical\" href=\"https:\/\/ww16.ce.gov.br\/crede08-seduc\/cecom\/\" \/>\n<meta property=\"og:locale\" content=\"pt_BR\" \/>\n<meta property=\"og:type\" content=\"article\" \/>\n<meta property=\"og:title\" content=\"CECOM - CREDE08-SEDUC\" \/>\n<meta property=\"og:description\" content=\"CECOM C\u00e9lula de Coopera\u00e7\u00e3o com os Munic\u00edpios &nbsp; Articular e acompanhar juntamente com as SME\u2019s (Secretarias Municipais de Educa\u00e7\u00e3o) as pol\u00edticas educacionais, projetos e programas destinados ao desenvolvimento educacional do estado e dos munic\u00edpios. &nbsp; Objetivos: Articular a sistem\u00e1tica do transporte escolar; Articular as a\u00e7\u00f5es do PAIC juntamente com os prefeitos municipais e equipes das [&hellip;]\" \/>\n<meta property=\"og:url\" content=\"https:\/\/ww16.ce.gov.br\/crede08-seduc\/cecom\/\" \/>\n<meta property=\"og:site_name\" content=\"CREDE08-SEDUC\" \/>\n<meta property=\"article:modified_time\" content=\"2022-02-11T15:01:28+00:00\" \/>\n<meta name=\"twitter:card\" content=\"summary_large_image\" \/>\n<meta name=\"twitter:label1\" content=\"Est. reading time\" \/>\n\t<meta name=\"twitter:data1\" content=\"1 minuto\" \/>\n<script type=\"application\/ld+json\" class=\"yoast-schema-graph\">{\"@context\":\"https:\/\/schema.org\",\"@graph\":[{\"@type\":\"WebPage\",\"@id\":\"https:\/\/ww16.ce.gov.br\/crede08-seduc\/cecom\/\",\"url\":\"https:\/\/ww16.ce.gov.br\/crede08-seduc\/cecom\/\",\"name\":\"CECOM - CREDE08-SEDUC\",\"isPartOf\":{\"@id\":\"https:\/\/ww16.ce.gov.br\/crede08-seduc\/#website\"},\"datePublished\":\"2021-10-14T21:35:00+00:00\",\"dateModified\":\"2022-02-11T15:01:28+00:00\",\"breadcrumb\":{\"@id\":\"https:\/\/ww16.ce.gov.br\/crede08-seduc\/cecom\/#breadcrumb\"},\"inLanguage\":\"pt-BR\",\"potentialAction\":[{\"@type\":\"ReadAction\",\"target\":[\"https:\/\/ww16.ce.gov.br\/crede08-seduc\/cecom\/\"]}]},{\"@type\":\"BreadcrumbList\",\"@id\":\"https:\/\/ww16.ce.gov.br\/crede08-seduc\/cecom\/#breadcrumb\",\"itemListElement\":[{\"@type\":\"ListItem\",\"position\":1,\"name\":\"In\u00edcio\",\"item\":\"https:\/\/ww16.ce.gov.br\/crede08-seduc\/\"},{\"@type\":\"ListItem\",\"position\":2,\"name\":\"CECOM\"}]},{\"@type\":\"WebSite\",\"@id\":\"https:\/\/ww16.ce.gov.br\/crede08-seduc\/#website\",\"url\":\"https:\/\/ww16.ce.gov.br\/crede08-seduc\/\",\"name\":\"CREDE08-SEDUC\",\"description\":\"Portal CREDE08-SEDUC\",\"potentialAction\":[{\"@type\":\"SearchAction\",\"target\":{\"@type\":\"EntryPoint\",\"urlTemplate\":\"https:\/\/ww16.ce.gov.br\/crede08-seduc\/?s={search_term_string}\"},\"query-input\":{\"@type\":\"PropertyValueSpecification\",\"valueRequired\":true,\"valueName\":\"search_term_string\"}}],\"inLanguage\":\"pt-BR\"}]}<\/script>\n<!-- \/ Yoast SEO plugin. -->","yoast_head_json":{"title":"CECOM - CREDE08-SEDUC","robots":{"index":"index","follow":"follow","max-snippet":"max-snippet:-1","max-image-preview":"max-image-preview:large","max-video-preview":"max-video-preview:-1"},"canonical":"https:\/\/ww16.ce.gov.br\/crede08-seduc\/cecom\/","og_locale":"pt_BR","og_type":"article","og_title":"CECOM - CREDE08-SEDUC","og_description":"CECOM C\u00e9lula de Coopera\u00e7\u00e3o com os Munic\u00edpios &nbsp; Articular e acompanhar juntamente com as SME\u2019s (Secretarias Municipais de Educa\u00e7\u00e3o) as pol\u00edticas educacionais, projetos e programas destinados ao desenvolvimento educacional do estado e dos munic\u00edpios. &nbsp; Objetivos: Articular a sistem\u00e1tica do transporte escolar; Articular as a\u00e7\u00f5es do PAIC juntamente com os prefeitos municipais e equipes das [&hellip;]","og_url":"https:\/\/ww16.ce.gov.br\/crede08-seduc\/cecom\/","og_site_name":"CREDE08-SEDUC","article_modified_time":"2022-02-11T15:01:28+00:00","twitter_card":"summary_large_image","twitter_misc":{"Est. reading time":"1 minuto"},"schema":{"@context":"https:\/\/schema.org","@graph":[{"@type":"WebPage","@id":"https:\/\/ww16.ce.gov.br\/crede08-seduc\/cecom\/","url":"https:\/\/ww16.ce.gov.br\/crede08-seduc\/cecom\/","name":"CECOM - CREDE08-SEDUC","isPartOf":{"@id":"https:\/\/ww16.ce.gov.br\/crede08-seduc\/#website"},"datePublished":"2021-10-14T21:35:00+00:00","dateModified":"2022-02-11T15:01:28+00:00","breadcrumb":{"@id":"https:\/\/ww16.ce.gov.br\/crede08-seduc\/cecom\/#breadcrumb"},"inLanguage":"pt-BR","potentialAction":[{"@type":"ReadAction","target":["https:\/\/ww16.ce.gov.br\/crede08-seduc\/cecom\/"]}]},{"@type":"BreadcrumbList","@id":"https:\/\/ww16.ce.gov.br\/crede08-seduc\/cecom\/#breadcrumb","itemListElement":[{"@type":"ListItem","position":1,"name":"In\u00edcio","item":"https:\/\/ww16.ce.gov.br\/crede08-seduc\/"},{"@type":"ListItem","position":2,"name":"CECOM"}]},{"@type":"WebSite","@id":"https:\/\/ww16.ce.gov.br\/crede08-seduc\/#website","url":"https:\/\/ww16.ce.gov.br\/crede08-seduc\/","name":"CREDE08-SEDUC","description":"Portal CREDE08-SEDUC","potentialAction":[{"@type":"SearchAction","target":{"@type":"EntryPoint","urlTemplate":"https:\/\/ww16.ce.gov.br\/crede08-seduc\/?s={search_term_string}"},"query-input":{"@type":"PropertyValueSpecification","valueRequired":true,"valueName":"search_term_string"}}],"inLanguage":"pt-BR"}]}},"_links":{"self":[{"href":"https:\/\/ww16.ce.gov.br\/crede08-seduc\/wp-json\/wp\/v2\/pages\/5710","targetHints":{"allow":["GET"]}}],"collection":[{"href":"https:\/\/ww16.ce.gov.br\/crede08-seduc\/wp-json\/wp\/v2\/pages"}],"about":[{"href":"https:\/\/ww16.ce.gov.br\/crede08-seduc\/wp-json\/wp\/v2\/types\/page"}],"author":[{"embeddable":true,"href":"https:\/\/ww16.ce.gov.br\/crede08-seduc\/wp-json\/wp\/v2\/users\/364"}],"replies":[{"embeddable":true,"href":"https:\/\/ww16.ce.gov.br\/crede08-seduc\/wp-json\/wp\/v2\/comments?post=5710"}],"version-history":[{"count":5,"href":"https:\/\/ww16.ce.gov.br\/crede08-seduc\/wp-json\/wp\/v2\/pages\/5710\/revisions"}],"predecessor-version":[{"id":6867,"href":"https:\/\/ww16.ce.gov.br\/crede08-seduc\/wp-json\/wp\/v2\/pages\/5710\/revisions\/6867"}],"wp:attachment":[{"href":"https:\/\/ww16.ce.gov.br\/crede08-seduc\/wp-json\/wp\/v2\/media?parent=5710"}],"curies":[{"name":"wp","href":"https:\/\/api.w.org\/{rel}","templated":true}]}}