{"id":5708,"date":"2021-10-14T18:34:19","date_gmt":"2021-10-14T21:34:19","guid":{"rendered":"http:\/\/www.crede08.seduc.ce.gov.br\/?page_id=5708"},"modified":"2022-02-11T12:03:08","modified_gmt":"2022-02-11T15:03:08","slug":"cedea","status":"publish","type":"page","link":"https:\/\/ww16.ce.gov.br\/crede08-seduc\/cedea\/","title":{"rendered":"CEDEA"},"content":{"rendered":"<p>C\u00e9lula de Desenvolvimento da Educa\u00e7\u00e3o e da Aprendizagem<\/p>\n<p>&nbsp;<\/p>\n<p>Com a miss\u00e3o de acompanhar e apoiar a gest\u00e3o das unidades escolares, a Superintend\u00eancia Escolar visa a fomentar um movimento de reflex\u00e3o e a\u00e7\u00e3o em torno de tr\u00eas eixos principais: Indicadores, Processos Escolares e INSTRUMENTOS DE GEST\u00c3O. Este acompanhamento de informa\u00e7\u00f5es, metas e rotinas escolares fazem da equipe da Superintend\u00eancia uma parceira que estimula a autonomia das escolas, ao mesmo tempo em que promove uma maior articula\u00e7\u00e3o entre a SEDUC e a escola, na perspectiva de melhor acompanhar o seu funcionamento e de apoiar na identifica\u00e7\u00e3o de suas fragilidades e na busca de solu\u00e7\u00f5es para estas.<\/p>\n<p>&nbsp;<\/p>\n<p>&nbsp;<\/p>\n<h2>Sistemas de Acompanhamento Pedag\u00f3gicos da CEDEA<\/h2>\n<p>&nbsp;<\/p>\n<ul class=\"ListaEst col2\">\n<li><a href=\"https:\/\/sige.seduc.ce.gov.br\/\" target=\"_blank\" rel=\"noopener noreferrer\"> SIGE ESCOLA <\/a><\/li>\n<li><a href=\"https:\/\/saladesituacao.seduc.ce.gov.br\/\" target=\"_blank\" rel=\"noopener noreferrer\"> Sala de Situa\u00e7\u00e3o <\/a><\/li>\n<li><a href=\"https:\/\/diario.seduc.ce.gov.br\/login\" target=\"_blank\" rel=\"noopener noreferrer\"> Sistema de Acompanhamento \u2013 Di\u00e1rio Online <\/a><\/li>\n<li><a href=\"https:\/\/educacenso.seduc.ce.gov.br\/\" target=\"_blank\" rel=\"noopener noreferrer\"> Sistema de valida\u00e7\u00e3o de dados para o Educacenso <\/a><\/li>\n<\/ul>\n<p>&nbsp;<\/p>\n<h2><\/h2>\n<h2><\/h2>\n<h2>Quem \u00e9 quem<\/h2>\n<p>&nbsp;<\/p>\n<ul class=\"ListaEst col2\">\n<li><a href=\"https:\/\/ww16.ce.gov.br\/crede08-seduc\/institucional\/quem-e-quem\/\" target=\"_blank\" rel=\"noopener noreferrer\">Equipe CEDEA<\/a><\/li>\n<\/ul>\n","protected":false},"excerpt":{"rendered":"<p>C\u00e9lula de Desenvolvimento da Educa\u00e7\u00e3o e da Aprendizagem &nbsp; Com a miss\u00e3o de acompanhar e apoiar a gest\u00e3o das unidades escolares, a Superintend\u00eancia Escolar visa a fomentar um movimento de reflex\u00e3o e a\u00e7\u00e3o em torno de tr\u00eas eixos principais: Indicadores, Processos Escolares e INSTRUMENTOS DE GEST\u00c3O. Este acompanhamento de informa\u00e7\u00f5es, metas e rotinas escolares fazem [&hellip;]<\/p>\n","protected":false},"author":364,"featured_media":0,"parent":0,"menu_order":0,"comment_status":"closed","ping_status":"closed","template":"","meta":{"_acf_changed":false,"inline_featured_image":false,"footnotes":""},"class_list":["post-5708","page","type-page","status-publish","hentry"],"acf":[],"yoast_head":"<!-- This site is optimized with the Yoast SEO plugin v26.9 - https:\/\/yoast.com\/product\/yoast-seo-wordpress\/ -->\n<title>CEDEA - CREDE08-SEDUC<\/title>\n<meta name=\"robots\" content=\"index, follow, max-snippet:-1, max-image-preview:large, max-video-preview:-1\" \/>\n<link rel=\"canonical\" href=\"https:\/\/ww16.ce.gov.br\/crede08-seduc\/cedea\/\" \/>\n<meta property=\"og:locale\" content=\"pt_BR\" \/>\n<meta property=\"og:type\" content=\"article\" \/>\n<meta property=\"og:title\" content=\"CEDEA - CREDE08-SEDUC\" \/>\n<meta property=\"og:description\" content=\"C\u00e9lula de Desenvolvimento da Educa\u00e7\u00e3o e da Aprendizagem &nbsp; Com a miss\u00e3o de acompanhar e apoiar a gest\u00e3o das unidades escolares, a Superintend\u00eancia Escolar visa a fomentar um movimento de reflex\u00e3o e a\u00e7\u00e3o em torno de tr\u00eas eixos principais: Indicadores, Processos Escolares e INSTRUMENTOS DE GEST\u00c3O. Este acompanhamento de informa\u00e7\u00f5es, metas e rotinas escolares fazem [&hellip;]\" \/>\n<meta property=\"og:url\" content=\"https:\/\/ww16.ce.gov.br\/crede08-seduc\/cedea\/\" \/>\n<meta property=\"og:site_name\" content=\"CREDE08-SEDUC\" \/>\n<meta property=\"article:modified_time\" content=\"2022-02-11T15:03:08+00:00\" \/>\n<meta name=\"twitter:card\" content=\"summary_large_image\" \/>\n<meta name=\"twitter:label1\" content=\"Est. reading time\" \/>\n\t<meta name=\"twitter:data1\" content=\"1 minuto\" \/>\n<script type=\"application\/ld+json\" class=\"yoast-schema-graph\">{\"@context\":\"https:\/\/schema.org\",\"@graph\":[{\"@type\":\"WebPage\",\"@id\":\"https:\/\/ww16.ce.gov.br\/crede08-seduc\/cedea\/\",\"url\":\"https:\/\/ww16.ce.gov.br\/crede08-seduc\/cedea\/\",\"name\":\"CEDEA - CREDE08-SEDUC\",\"isPartOf\":{\"@id\":\"https:\/\/ww16.ce.gov.br\/crede08-seduc\/#website\"},\"datePublished\":\"2021-10-14T21:34:19+00:00\",\"dateModified\":\"2022-02-11T15:03:08+00:00\",\"breadcrumb\":{\"@id\":\"https:\/\/ww16.ce.gov.br\/crede08-seduc\/cedea\/#breadcrumb\"},\"inLanguage\":\"pt-BR\",\"potentialAction\":[{\"@type\":\"ReadAction\",\"target\":[\"https:\/\/ww16.ce.gov.br\/crede08-seduc\/cedea\/\"]}]},{\"@type\":\"BreadcrumbList\",\"@id\":\"https:\/\/ww16.ce.gov.br\/crede08-seduc\/cedea\/#breadcrumb\",\"itemListElement\":[{\"@type\":\"ListItem\",\"position\":1,\"name\":\"In\u00edcio\",\"item\":\"https:\/\/ww16.ce.gov.br\/crede08-seduc\/\"},{\"@type\":\"ListItem\",\"position\":2,\"name\":\"CEDEA\"}]},{\"@type\":\"WebSite\",\"@id\":\"https:\/\/ww16.ce.gov.br\/crede08-seduc\/#website\",\"url\":\"https:\/\/ww16.ce.gov.br\/crede08-seduc\/\",\"name\":\"CREDE08-SEDUC\",\"description\":\"Portal CREDE08-SEDUC\",\"potentialAction\":[{\"@type\":\"SearchAction\",\"target\":{\"@type\":\"EntryPoint\",\"urlTemplate\":\"https:\/\/ww16.ce.gov.br\/crede08-seduc\/?s={search_term_string}\"},\"query-input\":{\"@type\":\"PropertyValueSpecification\",\"valueRequired\":true,\"valueName\":\"search_term_string\"}}],\"inLanguage\":\"pt-BR\"}]}<\/script>\n<!-- \/ Yoast SEO plugin. -->","yoast_head_json":{"title":"CEDEA - CREDE08-SEDUC","robots":{"index":"index","follow":"follow","max-snippet":"max-snippet:-1","max-image-preview":"max-image-preview:large","max-video-preview":"max-video-preview:-1"},"canonical":"https:\/\/ww16.ce.gov.br\/crede08-seduc\/cedea\/","og_locale":"pt_BR","og_type":"article","og_title":"CEDEA - CREDE08-SEDUC","og_description":"C\u00e9lula de Desenvolvimento da Educa\u00e7\u00e3o e da Aprendizagem &nbsp; Com a miss\u00e3o de acompanhar e apoiar a gest\u00e3o das unidades escolares, a Superintend\u00eancia Escolar visa a fomentar um movimento de reflex\u00e3o e a\u00e7\u00e3o em torno de tr\u00eas eixos principais: Indicadores, Processos Escolares e INSTRUMENTOS DE GEST\u00c3O. Este acompanhamento de informa\u00e7\u00f5es, metas e rotinas escolares fazem [&hellip;]","og_url":"https:\/\/ww16.ce.gov.br\/crede08-seduc\/cedea\/","og_site_name":"CREDE08-SEDUC","article_modified_time":"2022-02-11T15:03:08+00:00","twitter_card":"summary_large_image","twitter_misc":{"Est. reading time":"1 minuto"},"schema":{"@context":"https:\/\/schema.org","@graph":[{"@type":"WebPage","@id":"https:\/\/ww16.ce.gov.br\/crede08-seduc\/cedea\/","url":"https:\/\/ww16.ce.gov.br\/crede08-seduc\/cedea\/","name":"CEDEA - CREDE08-SEDUC","isPartOf":{"@id":"https:\/\/ww16.ce.gov.br\/crede08-seduc\/#website"},"datePublished":"2021-10-14T21:34:19+00:00","dateModified":"2022-02-11T15:03:08+00:00","breadcrumb":{"@id":"https:\/\/ww16.ce.gov.br\/crede08-seduc\/cedea\/#breadcrumb"},"inLanguage":"pt-BR","potentialAction":[{"@type":"ReadAction","target":["https:\/\/ww16.ce.gov.br\/crede08-seduc\/cedea\/"]}]},{"@type":"BreadcrumbList","@id":"https:\/\/ww16.ce.gov.br\/crede08-seduc\/cedea\/#breadcrumb","itemListElement":[{"@type":"ListItem","position":1,"name":"In\u00edcio","item":"https:\/\/ww16.ce.gov.br\/crede08-seduc\/"},{"@type":"ListItem","position":2,"name":"CEDEA"}]},{"@type":"WebSite","@id":"https:\/\/ww16.ce.gov.br\/crede08-seduc\/#website","url":"https:\/\/ww16.ce.gov.br\/crede08-seduc\/","name":"CREDE08-SEDUC","description":"Portal CREDE08-SEDUC","potentialAction":[{"@type":"SearchAction","target":{"@type":"EntryPoint","urlTemplate":"https:\/\/ww16.ce.gov.br\/crede08-seduc\/?s={search_term_string}"},"query-input":{"@type":"PropertyValueSpecification","valueRequired":true,"valueName":"search_term_string"}}],"inLanguage":"pt-BR"}]}},"_links":{"self":[{"href":"https:\/\/ww16.ce.gov.br\/crede08-seduc\/wp-json\/wp\/v2\/pages\/5708","targetHints":{"allow":["GET"]}}],"collection":[{"href":"https:\/\/ww16.ce.gov.br\/crede08-seduc\/wp-json\/wp\/v2\/pages"}],"about":[{"href":"https:\/\/ww16.ce.gov.br\/crede08-seduc\/wp-json\/wp\/v2\/types\/page"}],"author":[{"embeddable":true,"href":"https:\/\/ww16.ce.gov.br\/crede08-seduc\/wp-json\/wp\/v2\/users\/364"}],"replies":[{"embeddable":true,"href":"https:\/\/ww16.ce.gov.br\/crede08-seduc\/wp-json\/wp\/v2\/comments?post=5708"}],"version-history":[{"count":5,"href":"https:\/\/ww16.ce.gov.br\/crede08-seduc\/wp-json\/wp\/v2\/pages\/5708\/revisions"}],"predecessor-version":[{"id":6868,"href":"https:\/\/ww16.ce.gov.br\/crede08-seduc\/wp-json\/wp\/v2\/pages\/5708\/revisions\/6868"}],"wp:attachment":[{"href":"https:\/\/ww16.ce.gov.br\/crede08-seduc\/wp-json\/wp\/v2\/media?parent=5708"}],"curies":[{"name":"wp","href":"https:\/\/api.w.org\/{rel}","templated":true}]}}