{"id":5703,"date":"2021-10-14T18:29:10","date_gmt":"2021-10-14T21:29:10","guid":{"rendered":"http:\/\/www.crede08.seduc.ce.gov.br\/?page_id=5703"},"modified":"2021-10-14T18:29:10","modified_gmt":"2021-10-14T21:29:10","slug":"legislacao","status":"publish","type":"page","link":"https:\/\/ww16.ce.gov.br\/crede08-seduc\/legislacao\/","title":{"rendered":"Legisla\u00e7\u00e3o"},"content":{"rendered":"<p>&nbsp;<\/p>\n<div class=\"Card Informativo BgBranco row\">\n<table>\n<tbody>\n<tr>\n<td style=\"border-right: 1px solid #b2b2b2\" width=\"300px\">\n<div class=\"tl-10 principal\" style=\"height: -webkit-fill-available\">\n<h5><small class=\"data\">Decreto n\u00ba 34.018, de 30 de mar\u00e7o de 2021<\/small><\/h5>\n<\/div>\n<\/td>\n<td style=\"vertical-align: top;padding: 0px 0px 0px 30px\">\n<h4 class=\"-SmallTitle\">Disp\u00f5e sobre os cargos de provimento em comiss\u00e3o da Secretaria da Educa\u00e7\u00e3o (SEDUC), altera o anexo II, do Decreto 33.897, de 07 de janeiro de 2021, e d\u00e1 outras provid\u00eancias.<\/h4>\n<\/td>\n<td width=\"200px\">\n<div class=\"action\"><a class=\"baixar ico-download\" href=\"https:\/\/www.seduc.ce.gov.br\/wp-content\/uploads\/sites\/37\/2021\/04\/decreto_n34_018_2021_Estrutura_seduc_dist_cargos_comissionados_doe-.pdf\" target=\"_blank\" rel=\"noopener noreferrer\">VISUALIZAR <\/a><\/div>\n<\/td>\n<\/tr>\n<\/tbody>\n<\/table>\n<\/div>\n<div class=\"Card Informativo BgBranco row\">\n<table>\n<tbody>\n<tr>\n<td style=\"border-right: 1px solid #b2b2b2\" width=\"300px\">\n<div class=\"tl-10 principal\" style=\"height: -webkit-fill-available\">\n<h5><small class=\"data\">Decreto n\u00ba 33.048, de 30 de abril de 2019<\/small><\/h5>\n<\/div>\n<\/td>\n<td style=\"vertical-align: top;padding: 0px 0px 0px 30px\">\n<h4 class=\"-SmallTitle\">Altera a estrutura Organizacional do Decreto n\u00ba 32.959\/2019 e disp\u00f5e sobre os cargos de provimento em comiss\u00e3o da Secretaria da Educa\u00e7\u00e3o do Cear\u00e1 (Seduc).<\/h4>\n<\/td>\n<td width=\"200px\">\n<div class=\"action\"><a class=\"baixar ico-download\" href=\"https:\/\/www.seduc.ce.gov.br\/wp-content\/uploads\/sites\/37\/2019\/06\/7_dec_33048_doe_3004_2019_p1.pdf\" target=\"_blank\" rel=\"noopener noreferrer\">VISUALIZAR <\/a><\/div>\n<\/td>\n<\/tr>\n<\/tbody>\n<\/table>\n<\/div>\n<div class=\"Card Informativo BgBranco row\">\n<table>\n<tbody>\n<tr>\n<td style=\"border-right: 1px solid #b2b2b2\" width=\"300px\">\n<div class=\"tl-10 principal\" style=\"height: -webkit-fill-available\">\n<h5><small class=\"data\">Lei n\u00ba 16.863, 15 de abril de 2019<\/small><\/h5>\n<\/div>\n<\/td>\n<td style=\"vertical-align: top;padding: 0 0 0 30px\">\n<h4 class=\"-SmallTitle\">Altera as Leis n\u00bas 14.868, de 25 de janeiro de 2011; 16.230, de 27 de abril de 2017, 16.710, de 21 de dezembro de 2018 e 13.729, de 11 de janeiro de 2006, revoga dispositivos das Leis n\u00bas 13.438, de 7 de janeiro de 2004; 14.317, de 7 de abril de 2009; 15.217, de 5 de setembro de 2012; 15.360, de 4 de Junho de 2013 e 16.710, de 21 de dezembro de 2018.<\/h4>\n<\/td>\n<td width=\"200px\">\n<div class=\"action\"><a class=\"baixar ico-download\" href=\"https:\/\/www.seduc.ce.gov.br\/wp-content\/uploads\/sites\/37\/2019\/06\/6_lei-16863_doe_1504_2019_p1a3.pdf\" target=\"_blank\" rel=\"noopener noreferrer\">VISUALIZAR <\/a><\/div>\n<\/td>\n<\/tr>\n<\/tbody>\n<\/table>\n<\/div>\n<div class=\"Card Informativo BgBranco row\">\n<table>\n<tbody>\n<tr>\n<td style=\"border-right: 1px solid #b2b2b2\" width=\"300px\">\n<div class=\"tl-10 principal\" style=\"height: -webkit-fill-available\">\n<h5><small class=\"data\">Decreto n\u00ba 32.959, de 13 de fevereiro de 2019<\/small><\/h5>\n<\/div>\n<\/td>\n<td style=\"vertical-align: top;padding: 0 0 0 30px\">\n<h4 class=\"-SmallTitle\">Altera a Estrutura Organizacional do Decreto n\u00ba 32.212\/2017 e disp\u00f5e sobre os cargos de provimento em comiss\u00e3o da Secretaria da Educa\u00e7\u00e3o do Cear\u00e1 (Seduc).<\/h4>\n<\/td>\n<td width=\"200px\">\n<div class=\"action\"><a class=\"baixar ico-download\" href=\"https:\/\/www.seduc.ce.gov.br\/wp-content\/uploads\/sites\/37\/2019\/06\/5_dec_32959_doe_1302_2019_p-42a46.pdf\" target=\"_blank\" rel=\"noopener noreferrer\">VISUALIZAR <\/a><\/div>\n<\/td>\n<\/tr>\n<\/tbody>\n<\/table>\n<\/div>\n<div class=\"Card Informativo BgBranco row\">\n<table>\n<tbody>\n<tr>\n<td style=\"border-right: 1px solid #b2b2b2\" width=\"300px\">\n<div class=\"tl-10 principal\" style=\"height: -webkit-fill-available\">\n<h5><small class=\"data\">Lei n\u00ba 16.710, 21 de dezembro de 2018<\/small><\/h5>\n<\/div>\n<\/td>\n<td style=\"vertical-align: top;padding: 0 0 0 30px\">\n<h4 class=\"-SmallTitle\">Disp\u00f5e sobre o Modelo de Gest\u00e3o do Poder Executivo, altera a Estrutura da Administra\u00e7\u00e3o Estadual.<\/h4>\n<\/td>\n<td width=\"200px\">\n<div class=\"action\"><a class=\"baixar ico-download\" href=\"https:\/\/www.seduc.ce.gov.br\/wp-content\/uploads\/sites\/37\/2019\/06\/4_lei_16710_doe_2712_2018_p5.pdf\" target=\"_blank\" rel=\"noopener noreferrer\">VISUALIZAR <\/a><\/div>\n<\/td>\n<\/tr>\n<\/tbody>\n<\/table>\n<\/div>\n<div class=\"Card Informativo BgBranco row\">\n<table>\n<tbody>\n<tr>\n<td style=\"border-right: 1px solid #b2b2b2\" width=\"300px\">\n<div class=\"tl-10 principal\" style=\"height: -webkit-fill-available\">\n<h5><small class=\"data\">Decreto n\u00ba 32.212, de 25 de abril de 2017<\/small><\/h5>\n<\/div>\n<\/td>\n<td style=\"vertical-align: top;padding: 0 0 0 30px\">\n<h4 class=\"-SmallTitle\">Disp\u00f5e sobre a Estrutura Organizacional, a distribui\u00e7\u00e3o e a denomina\u00e7\u00e3o dos cargos de provimento em comiss\u00e3o da Secretaria da Educa\u00e7\u00e3o (Seduc).<\/h4>\n<\/td>\n<td width=\"200px\">\n<div class=\"action\"><a class=\"baixar ico-download\" href=\"https:\/\/www.seduc.ce.gov.br\/wp-content\/uploads\/sites\/37\/2019\/06\/3_dec_32212_doe_2704_2017_p2.pdf\" target=\"_blank\" rel=\"noopener noreferrer\">VISUALIZAR <\/a><\/div>\n<\/td>\n<\/tr>\n<\/tbody>\n<\/table>\n<\/div>\n<div class=\"Card Informativo BgBranco row\">\n<table>\n<tbody>\n<tr>\n<td style=\"border-right: 1px solid #b2b2b2\" width=\"300px\">\n<div class=\"tl-10 principal\" style=\"height: -webkit-fill-available\">\n<h5><small class=\"data\">Decreto n\u00ba 31.221, de 03 de junho de 2013<\/small><\/h5>\n<\/div>\n<\/td>\n<td style=\"vertical-align: top;padding: 0 0 0 30px\">\n<h4 class=\"-SmallTitle\">Altera a Estrutura Organizacional do Decreto n\u00ba 30.282\/2010 e disp\u00f5e sobre a distribui\u00e7\u00e3o e a denomina\u00e7\u00e3o dos cargos de dire\u00e7\u00e3o e Assessoramento da Secretaria da Educa\u00e7\u00e3o(Seduc).<\/h4>\n<\/td>\n<td width=\"200px\">\n<div class=\"action\"><a class=\"baixar ico-download\" href=\"https:\/\/www.seduc.ce.gov.br\/wp-content\/uploads\/sites\/37\/2019\/06\/2_decreto_31221_doe_0606_2013.pdf\" target=\"_blank\" rel=\"noopener noreferrer\">VISUALIZAR <\/a><\/div>\n<\/td>\n<\/tr>\n<\/tbody>\n<\/table>\n<\/div>\n<div class=\"Card Informativo BgBranco row\">\n<table>\n<tbody>\n<tr>\n<td style=\"border-right: 1px solid #b2b2b2\" width=\"300px\">\n<div class=\"tl-10 principal\" style=\"height: -webkit-fill-available\">\n<h5><small class=\"data\">Decreto n\u00ba 30.282, de 04 de agosto de 2010<\/small><\/h5>\n<\/div>\n<\/td>\n<td style=\"vertical-align: top;padding: 0 0 0 30px\">\n<h4 class=\"-SmallTitle\">Aprova o Regulamento, altera a Estrutura Organizacional e disp\u00f5e sobre a denomina\u00e7\u00e3o dos cargos de dire\u00e7\u00e3o e assessoramento superior da Secretaria da Educa\u00e7\u00e3o (Seduc), e d\u00e1 outras provid\u00eancias.<\/h4>\n<\/td>\n<td width=\"200px\">\n<div class=\"action\"><a class=\"baixar ico-download\" href=\"https:\/\/www.seduc.ce.gov.br\/wp-content\/uploads\/sites\/37\/2019\/06\/1_decreto_30282_doe_0508_2010.pdf\" target=\"_blank\" rel=\"noopener noreferrer\">VISUALIZAR <\/a><\/div>\n<\/td>\n<\/tr>\n<\/tbody>\n<\/table>\n<\/div>\n","protected":false},"excerpt":{"rendered":"<p>&nbsp; Decreto n\u00ba 34.018, de 30 de mar\u00e7o de 2021 Disp\u00f5e sobre os cargos de provimento em comiss\u00e3o da Secretaria da Educa\u00e7\u00e3o (SEDUC), altera o anexo II, do Decreto 33.897, de 07 de janeiro de 2021, e d\u00e1 outras provid\u00eancias. VISUALIZAR Decreto n\u00ba 33.048, de 30 de abril de 2019 Altera a estrutura Organizacional do [&hellip;]<\/p>\n","protected":false},"author":364,"featured_media":0,"parent":0,"menu_order":0,"comment_status":"closed","ping_status":"closed","template":"","meta":{"_acf_changed":false,"inline_featured_image":false,"footnotes":""},"class_list":["post-5703","page","type-page","status-publish","hentry"],"acf":[],"yoast_head":"<!-- This site is optimized with the Yoast SEO plugin v26.9 - https:\/\/yoast.com\/product\/yoast-seo-wordpress\/ -->\n<title>Legisla\u00e7\u00e3o - CREDE08-SEDUC<\/title>\n<meta name=\"robots\" content=\"index, follow, max-snippet:-1, max-image-preview:large, max-video-preview:-1\" \/>\n<link rel=\"canonical\" href=\"https:\/\/ww16.ce.gov.br\/crede08-seduc\/legislacao\/\" \/>\n<meta property=\"og:locale\" content=\"pt_BR\" \/>\n<meta property=\"og:type\" content=\"article\" \/>\n<meta property=\"og:title\" content=\"Legisla\u00e7\u00e3o - CREDE08-SEDUC\" \/>\n<meta property=\"og:description\" content=\"&nbsp; Decreto n\u00ba 34.018, de 30 de mar\u00e7o de 2021 Disp\u00f5e sobre os cargos de provimento em comiss\u00e3o da Secretaria da Educa\u00e7\u00e3o (SEDUC), altera o anexo II, do Decreto 33.897, de 07 de janeiro de 2021, e d\u00e1 outras provid\u00eancias. VISUALIZAR Decreto n\u00ba 33.048, de 30 de abril de 2019 Altera a estrutura Organizacional do [&hellip;]\" \/>\n<meta property=\"og:url\" content=\"https:\/\/ww16.ce.gov.br\/crede08-seduc\/legislacao\/\" \/>\n<meta property=\"og:site_name\" content=\"CREDE08-SEDUC\" \/>\n<meta name=\"twitter:card\" content=\"summary_large_image\" \/>\n<meta name=\"twitter:label1\" content=\"Est. reading time\" \/>\n\t<meta name=\"twitter:data1\" content=\"1 minuto\" \/>\n<script type=\"application\/ld+json\" class=\"yoast-schema-graph\">{\"@context\":\"https:\/\/schema.org\",\"@graph\":[{\"@type\":\"WebPage\",\"@id\":\"https:\/\/ww16.ce.gov.br\/crede08-seduc\/legislacao\/\",\"url\":\"https:\/\/ww16.ce.gov.br\/crede08-seduc\/legislacao\/\",\"name\":\"Legisla\u00e7\u00e3o - CREDE08-SEDUC\",\"isPartOf\":{\"@id\":\"https:\/\/ww16.ce.gov.br\/crede08-seduc\/#website\"},\"datePublished\":\"2021-10-14T21:29:10+00:00\",\"breadcrumb\":{\"@id\":\"https:\/\/ww16.ce.gov.br\/crede08-seduc\/legislacao\/#breadcrumb\"},\"inLanguage\":\"pt-BR\",\"potentialAction\":[{\"@type\":\"ReadAction\",\"target\":[\"https:\/\/ww16.ce.gov.br\/crede08-seduc\/legislacao\/\"]}]},{\"@type\":\"BreadcrumbList\",\"@id\":\"https:\/\/ww16.ce.gov.br\/crede08-seduc\/legislacao\/#breadcrumb\",\"itemListElement\":[{\"@type\":\"ListItem\",\"position\":1,\"name\":\"In\u00edcio\",\"item\":\"https:\/\/ww16.ce.gov.br\/crede08-seduc\/\"},{\"@type\":\"ListItem\",\"position\":2,\"name\":\"Legisla\u00e7\u00e3o\"}]},{\"@type\":\"WebSite\",\"@id\":\"https:\/\/ww16.ce.gov.br\/crede08-seduc\/#website\",\"url\":\"https:\/\/ww16.ce.gov.br\/crede08-seduc\/\",\"name\":\"CREDE08-SEDUC\",\"description\":\"Portal CREDE08-SEDUC\",\"potentialAction\":[{\"@type\":\"SearchAction\",\"target\":{\"@type\":\"EntryPoint\",\"urlTemplate\":\"https:\/\/ww16.ce.gov.br\/crede08-seduc\/?s={search_term_string}\"},\"query-input\":{\"@type\":\"PropertyValueSpecification\",\"valueRequired\":true,\"valueName\":\"search_term_string\"}}],\"inLanguage\":\"pt-BR\"}]}<\/script>\n<!-- \/ Yoast SEO plugin. -->","yoast_head_json":{"title":"Legisla\u00e7\u00e3o - CREDE08-SEDUC","robots":{"index":"index","follow":"follow","max-snippet":"max-snippet:-1","max-image-preview":"max-image-preview:large","max-video-preview":"max-video-preview:-1"},"canonical":"https:\/\/ww16.ce.gov.br\/crede08-seduc\/legislacao\/","og_locale":"pt_BR","og_type":"article","og_title":"Legisla\u00e7\u00e3o - CREDE08-SEDUC","og_description":"&nbsp; Decreto n\u00ba 34.018, de 30 de mar\u00e7o de 2021 Disp\u00f5e sobre os cargos de provimento em comiss\u00e3o da Secretaria da Educa\u00e7\u00e3o (SEDUC), altera o anexo II, do Decreto 33.897, de 07 de janeiro de 2021, e d\u00e1 outras provid\u00eancias. VISUALIZAR Decreto n\u00ba 33.048, de 30 de abril de 2019 Altera a estrutura Organizacional do [&hellip;]","og_url":"https:\/\/ww16.ce.gov.br\/crede08-seduc\/legislacao\/","og_site_name":"CREDE08-SEDUC","twitter_card":"summary_large_image","twitter_misc":{"Est. reading time":"1 minuto"},"schema":{"@context":"https:\/\/schema.org","@graph":[{"@type":"WebPage","@id":"https:\/\/ww16.ce.gov.br\/crede08-seduc\/legislacao\/","url":"https:\/\/ww16.ce.gov.br\/crede08-seduc\/legislacao\/","name":"Legisla\u00e7\u00e3o - CREDE08-SEDUC","isPartOf":{"@id":"https:\/\/ww16.ce.gov.br\/crede08-seduc\/#website"},"datePublished":"2021-10-14T21:29:10+00:00","breadcrumb":{"@id":"https:\/\/ww16.ce.gov.br\/crede08-seduc\/legislacao\/#breadcrumb"},"inLanguage":"pt-BR","potentialAction":[{"@type":"ReadAction","target":["https:\/\/ww16.ce.gov.br\/crede08-seduc\/legislacao\/"]}]},{"@type":"BreadcrumbList","@id":"https:\/\/ww16.ce.gov.br\/crede08-seduc\/legislacao\/#breadcrumb","itemListElement":[{"@type":"ListItem","position":1,"name":"In\u00edcio","item":"https:\/\/ww16.ce.gov.br\/crede08-seduc\/"},{"@type":"ListItem","position":2,"name":"Legisla\u00e7\u00e3o"}]},{"@type":"WebSite","@id":"https:\/\/ww16.ce.gov.br\/crede08-seduc\/#website","url":"https:\/\/ww16.ce.gov.br\/crede08-seduc\/","name":"CREDE08-SEDUC","description":"Portal CREDE08-SEDUC","potentialAction":[{"@type":"SearchAction","target":{"@type":"EntryPoint","urlTemplate":"https:\/\/ww16.ce.gov.br\/crede08-seduc\/?s={search_term_string}"},"query-input":{"@type":"PropertyValueSpecification","valueRequired":true,"valueName":"search_term_string"}}],"inLanguage":"pt-BR"}]}},"_links":{"self":[{"href":"https:\/\/ww16.ce.gov.br\/crede08-seduc\/wp-json\/wp\/v2\/pages\/5703","targetHints":{"allow":["GET"]}}],"collection":[{"href":"https:\/\/ww16.ce.gov.br\/crede08-seduc\/wp-json\/wp\/v2\/pages"}],"about":[{"href":"https:\/\/ww16.ce.gov.br\/crede08-seduc\/wp-json\/wp\/v2\/types\/page"}],"author":[{"embeddable":true,"href":"https:\/\/ww16.ce.gov.br\/crede08-seduc\/wp-json\/wp\/v2\/users\/364"}],"replies":[{"embeddable":true,"href":"https:\/\/ww16.ce.gov.br\/crede08-seduc\/wp-json\/wp\/v2\/comments?post=5703"}],"version-history":[{"count":1,"href":"https:\/\/ww16.ce.gov.br\/crede08-seduc\/wp-json\/wp\/v2\/pages\/5703\/revisions"}],"predecessor-version":[{"id":5704,"href":"https:\/\/ww16.ce.gov.br\/crede08-seduc\/wp-json\/wp\/v2\/pages\/5703\/revisions\/5704"}],"wp:attachment":[{"href":"https:\/\/ww16.ce.gov.br\/crede08-seduc\/wp-json\/wp\/v2\/media?parent=5703"}],"curies":[{"name":"wp","href":"https:\/\/api.w.org\/{rel}","templated":true}]}}