{"id":5693,"date":"2021-10-14T18:20:38","date_gmt":"2021-10-14T21:20:38","guid":{"rendered":"http:\/\/www.crede08.seduc.ce.gov.br\/?page_id=5693"},"modified":"2025-11-26T11:00:47","modified_gmt":"2025-11-26T14:00:47","slug":"relacao-de-informacoes-sigilosas","status":"publish","type":"page","link":"https:\/\/ww16.ce.gov.br\/crede08-seduc\/acesso-a-informacao\/relacao-de-informacoes-sigilosas\/","title":{"rendered":"Rela\u00e7\u00e3o de Informa\u00e7\u00f5es Sigilosas"},"content":{"rendered":"<h2 class=\"-laranja\"><strong>Rela\u00e7\u00e3o de Informa\u00e7\u00f5es Sigilosas<\/strong><\/h2>\n<p style=\"text-align: justify\">art. 29 da <a href=\"https:\/\/www.cge.ce.gov.br\/wp-content\/uploads\/sites\/20\/2018\/03\/Lei-n%C2%BA-15.175-28-de-junho-de-2012-2.pdf\" target=\"_blank\" rel=\"noopener\">Lei 15.175 de 28 de junho de 2012<\/a>. Documentos classificados como sigilosos.<\/p>\n<p>&nbsp;<\/p>\n\n<table id=\"tablepress-1\" class=\"tablepress tablepress-id-1\">\n<thead>\n<tr class=\"row-1\">\n\t<th class=\"column-1\">Refer\u00eancia<\/th><th class=\"column-2\">Tipo de Documento<\/th><th class=\"column-3\">Grau de sigilo proposto<\/th><th class=\"column-4\">Prazo de sigilo<\/th><th class=\"column-5\">Data da classifica\u00e7\u00e3o<\/th><th class=\"column-6\">Fundamento Legal<\/th>\n<\/tr>\n<\/thead>\n<tbody class=\"row-striping row-hover\">\n<tr class=\"row-2\">\n\t<td class=\"column-1\">Ata da 38\u00aa Reuni\u00e3o Ordin\u00e1ria.<\/td><td class=\"column-2\">Tudo o que comp\u00f5e os testes Spaece (os itens, os par\u00e2metros de cada uma das quest\u00f5es, bem como o banco com os microdados sobre todas estas quest\u00f5es)<\/td><td class=\"column-3\">Secreto<\/td><td class=\"column-4\">15 (quinze) anos, contados a partir de sua produ\u00e7\u00e3o<\/td><td class=\"column-5\">01\/10\/2025<\/td><td class=\"column-6\">Inciso VIII do Art. 22 da Lei Estadual n\u00b0 15.175 de 28\/06\/2012<\/td>\n<\/tr>\n<\/tbody>\n<\/table>\n<!-- #tablepress-1 from cache -->\n<p>&nbsp;<\/p>\n<p>&nbsp;<\/p>\n","protected":false},"excerpt":{"rendered":"<p>Rela\u00e7\u00e3o de Informa\u00e7\u00f5es Sigilosas art. 29 da Lei 15.175 de 28 de junho de 2012. Documentos classificados como sigilosos. &nbsp; &nbsp; &nbsp;<\/p>\n","protected":false},"author":364,"featured_media":0,"parent":5686,"menu_order":0,"comment_status":"closed","ping_status":"closed","template":"","meta":{"_acf_changed":false,"inline_featured_image":false,"footnotes":""},"class_list":["post-5693","page","type-page","status-publish","hentry"],"acf":[],"yoast_head":"<!-- This site is optimized with the Yoast SEO plugin v26.9 - https:\/\/yoast.com\/product\/yoast-seo-wordpress\/ -->\n<title>Rela\u00e7\u00e3o de Informa\u00e7\u00f5es Sigilosas - CREDE08-SEDUC<\/title>\n<meta name=\"robots\" content=\"index, follow, max-snippet:-1, max-image-preview:large, max-video-preview:-1\" \/>\n<link rel=\"canonical\" href=\"https:\/\/ww16.ce.gov.br\/crede08-seduc\/acesso-a-informacao\/relacao-de-informacoes-sigilosas\/\" \/>\n<meta property=\"og:locale\" content=\"pt_BR\" \/>\n<meta property=\"og:type\" content=\"article\" \/>\n<meta property=\"og:title\" content=\"Rela\u00e7\u00e3o de Informa\u00e7\u00f5es Sigilosas - CREDE08-SEDUC\" \/>\n<meta property=\"og:description\" content=\"Rela\u00e7\u00e3o de Informa\u00e7\u00f5es Sigilosas art. 29 da Lei 15.175 de 28 de junho de 2012. Documentos classificados como sigilosos. &nbsp; &nbsp; &nbsp;\" \/>\n<meta property=\"og:url\" content=\"https:\/\/ww16.ce.gov.br\/crede08-seduc\/acesso-a-informacao\/relacao-de-informacoes-sigilosas\/\" \/>\n<meta property=\"og:site_name\" content=\"CREDE08-SEDUC\" \/>\n<meta property=\"article:modified_time\" content=\"2025-11-26T14:00:47+00:00\" \/>\n<meta name=\"twitter:card\" content=\"summary_large_image\" \/>\n<meta name=\"twitter:label1\" content=\"Est. reading time\" \/>\n\t<meta name=\"twitter:data1\" content=\"1 minuto\" \/>\n<script type=\"application\/ld+json\" class=\"yoast-schema-graph\">{\"@context\":\"https:\/\/schema.org\",\"@graph\":[{\"@type\":\"WebPage\",\"@id\":\"https:\/\/ww16.ce.gov.br\/crede08-seduc\/acesso-a-informacao\/relacao-de-informacoes-sigilosas\/\",\"url\":\"https:\/\/ww16.ce.gov.br\/crede08-seduc\/acesso-a-informacao\/relacao-de-informacoes-sigilosas\/\",\"name\":\"Rela\u00e7\u00e3o de Informa\u00e7\u00f5es Sigilosas - CREDE08-SEDUC\",\"isPartOf\":{\"@id\":\"https:\/\/ww16.ce.gov.br\/crede08-seduc\/#website\"},\"datePublished\":\"2021-10-14T21:20:38+00:00\",\"dateModified\":\"2025-11-26T14:00:47+00:00\",\"breadcrumb\":{\"@id\":\"https:\/\/ww16.ce.gov.br\/crede08-seduc\/acesso-a-informacao\/relacao-de-informacoes-sigilosas\/#breadcrumb\"},\"inLanguage\":\"pt-BR\",\"potentialAction\":[{\"@type\":\"ReadAction\",\"target\":[\"https:\/\/ww16.ce.gov.br\/crede08-seduc\/acesso-a-informacao\/relacao-de-informacoes-sigilosas\/\"]}]},{\"@type\":\"BreadcrumbList\",\"@id\":\"https:\/\/ww16.ce.gov.br\/crede08-seduc\/acesso-a-informacao\/relacao-de-informacoes-sigilosas\/#breadcrumb\",\"itemListElement\":[{\"@type\":\"ListItem\",\"position\":1,\"name\":\"In\u00edcio\",\"item\":\"https:\/\/ww16.ce.gov.br\/crede08-seduc\/\"},{\"@type\":\"ListItem\",\"position\":2,\"name\":\"Acesso \u00e0 Informa\u00e7\u00e3o\",\"item\":\"https:\/\/ww16.ce.gov.br\/crede08-seduc\/acesso-a-informacao\/\"},{\"@type\":\"ListItem\",\"position\":3,\"name\":\"Rela\u00e7\u00e3o de Informa\u00e7\u00f5es Sigilosas\"}]},{\"@type\":\"WebSite\",\"@id\":\"https:\/\/ww16.ce.gov.br\/crede08-seduc\/#website\",\"url\":\"https:\/\/ww16.ce.gov.br\/crede08-seduc\/\",\"name\":\"CREDE08-SEDUC\",\"description\":\"Portal CREDE08-SEDUC\",\"potentialAction\":[{\"@type\":\"SearchAction\",\"target\":{\"@type\":\"EntryPoint\",\"urlTemplate\":\"https:\/\/ww16.ce.gov.br\/crede08-seduc\/?s={search_term_string}\"},\"query-input\":{\"@type\":\"PropertyValueSpecification\",\"valueRequired\":true,\"valueName\":\"search_term_string\"}}],\"inLanguage\":\"pt-BR\"}]}<\/script>\n<!-- \/ Yoast SEO plugin. -->","yoast_head_json":{"title":"Rela\u00e7\u00e3o de Informa\u00e7\u00f5es Sigilosas - CREDE08-SEDUC","robots":{"index":"index","follow":"follow","max-snippet":"max-snippet:-1","max-image-preview":"max-image-preview:large","max-video-preview":"max-video-preview:-1"},"canonical":"https:\/\/ww16.ce.gov.br\/crede08-seduc\/acesso-a-informacao\/relacao-de-informacoes-sigilosas\/","og_locale":"pt_BR","og_type":"article","og_title":"Rela\u00e7\u00e3o de Informa\u00e7\u00f5es Sigilosas - CREDE08-SEDUC","og_description":"Rela\u00e7\u00e3o de Informa\u00e7\u00f5es Sigilosas art. 29 da Lei 15.175 de 28 de junho de 2012. Documentos classificados como sigilosos. &nbsp; &nbsp; &nbsp;","og_url":"https:\/\/ww16.ce.gov.br\/crede08-seduc\/acesso-a-informacao\/relacao-de-informacoes-sigilosas\/","og_site_name":"CREDE08-SEDUC","article_modified_time":"2025-11-26T14:00:47+00:00","twitter_card":"summary_large_image","twitter_misc":{"Est. reading time":"1 minuto"},"schema":{"@context":"https:\/\/schema.org","@graph":[{"@type":"WebPage","@id":"https:\/\/ww16.ce.gov.br\/crede08-seduc\/acesso-a-informacao\/relacao-de-informacoes-sigilosas\/","url":"https:\/\/ww16.ce.gov.br\/crede08-seduc\/acesso-a-informacao\/relacao-de-informacoes-sigilosas\/","name":"Rela\u00e7\u00e3o de Informa\u00e7\u00f5es Sigilosas - CREDE08-SEDUC","isPartOf":{"@id":"https:\/\/ww16.ce.gov.br\/crede08-seduc\/#website"},"datePublished":"2021-10-14T21:20:38+00:00","dateModified":"2025-11-26T14:00:47+00:00","breadcrumb":{"@id":"https:\/\/ww16.ce.gov.br\/crede08-seduc\/acesso-a-informacao\/relacao-de-informacoes-sigilosas\/#breadcrumb"},"inLanguage":"pt-BR","potentialAction":[{"@type":"ReadAction","target":["https:\/\/ww16.ce.gov.br\/crede08-seduc\/acesso-a-informacao\/relacao-de-informacoes-sigilosas\/"]}]},{"@type":"BreadcrumbList","@id":"https:\/\/ww16.ce.gov.br\/crede08-seduc\/acesso-a-informacao\/relacao-de-informacoes-sigilosas\/#breadcrumb","itemListElement":[{"@type":"ListItem","position":1,"name":"In\u00edcio","item":"https:\/\/ww16.ce.gov.br\/crede08-seduc\/"},{"@type":"ListItem","position":2,"name":"Acesso \u00e0 Informa\u00e7\u00e3o","item":"https:\/\/ww16.ce.gov.br\/crede08-seduc\/acesso-a-informacao\/"},{"@type":"ListItem","position":3,"name":"Rela\u00e7\u00e3o de Informa\u00e7\u00f5es Sigilosas"}]},{"@type":"WebSite","@id":"https:\/\/ww16.ce.gov.br\/crede08-seduc\/#website","url":"https:\/\/ww16.ce.gov.br\/crede08-seduc\/","name":"CREDE08-SEDUC","description":"Portal CREDE08-SEDUC","potentialAction":[{"@type":"SearchAction","target":{"@type":"EntryPoint","urlTemplate":"https:\/\/ww16.ce.gov.br\/crede08-seduc\/?s={search_term_string}"},"query-input":{"@type":"PropertyValueSpecification","valueRequired":true,"valueName":"search_term_string"}}],"inLanguage":"pt-BR"}]}},"_links":{"self":[{"href":"https:\/\/ww16.ce.gov.br\/crede08-seduc\/wp-json\/wp\/v2\/pages\/5693","targetHints":{"allow":["GET"]}}],"collection":[{"href":"https:\/\/ww16.ce.gov.br\/crede08-seduc\/wp-json\/wp\/v2\/pages"}],"about":[{"href":"https:\/\/ww16.ce.gov.br\/crede08-seduc\/wp-json\/wp\/v2\/types\/page"}],"author":[{"embeddable":true,"href":"https:\/\/ww16.ce.gov.br\/crede08-seduc\/wp-json\/wp\/v2\/users\/364"}],"replies":[{"embeddable":true,"href":"https:\/\/ww16.ce.gov.br\/crede08-seduc\/wp-json\/wp\/v2\/comments?post=5693"}],"version-history":[{"count":2,"href":"https:\/\/ww16.ce.gov.br\/crede08-seduc\/wp-json\/wp\/v2\/pages\/5693\/revisions"}],"predecessor-version":[{"id":14454,"href":"https:\/\/ww16.ce.gov.br\/crede08-seduc\/wp-json\/wp\/v2\/pages\/5693\/revisions\/14454"}],"up":[{"embeddable":true,"href":"https:\/\/ww16.ce.gov.br\/crede08-seduc\/wp-json\/wp\/v2\/pages\/5686"}],"wp:attachment":[{"href":"https:\/\/ww16.ce.gov.br\/crede08-seduc\/wp-json\/wp\/v2\/media?parent=5693"}],"curies":[{"name":"wp","href":"https:\/\/api.w.org\/{rel}","templated":true}]}}