{"id":5688,"date":"2021-10-14T18:17:17","date_gmt":"2021-10-14T21:17:17","guid":{"rendered":"http:\/\/www.crede08.seduc.ce.gov.br\/?page_id=5688"},"modified":"2025-12-01T14:11:13","modified_gmt":"2025-12-01T17:11:13","slug":"comite-setorial-de-acesso-a-informacao","status":"publish","type":"page","link":"https:\/\/ww16.ce.gov.br\/crede08-seduc\/acesso-a-informacao\/comite-setorial-de-acesso-a-informacao\/","title":{"rendered":"COMIT\u00ca SETORIAL DE ACESSO \u00c0 INFORMA\u00c7\u00c3O"},"content":{"rendered":"<div class=\"Card Informativo BgBranco\">\n<h2 class=\"-laranja\"><strong>COMIT\u00ca SETORIAL DE ACESSO \u00c0 INFORMA\u00c7\u00c3O<\/strong><\/h2>\n<h4 class=\"destacado\"><strong>Olena Marta Bezerra Costa<\/strong><\/h4>\n<p>Coordenadora da Assessoria de Controle Interno e Ouvidoria \u2013 Ascov<\/p>\n<p>&nbsp;<\/p>\n<h4 class=\"destacado\"><strong>Marilia Gaspar Alan e Silva<\/strong><\/h4>\n<p>C\u00e9lula de Desenvolvimento Institucional \u2013 Cedin\/Codip<\/p>\n<p>&nbsp;<\/p>\n<h4 class=\"destacado\"><strong>Iranir Rodrigues Loiola<\/strong><\/h4>\n<p>Articuladora da Assessoria de Controle Interno e Ouvidoria \u2013 Ascov<\/p>\n<p>&nbsp;<\/p>\n<h4 class=\"destacado\"><strong>Sandra de C\u00e1cia Gomes Marinho<\/strong><\/h4>\n<p>Respons\u00e1vel pelo Servi\u00e7o de Informa\u00e7\u00e3o ao Cidad\u00e3o \u2013 SIC<\/p>\n<p>&nbsp;<\/p>\n<p>Contato: (85) 3106.4169<br \/>\nE-mail:csai@seduc.ce.gov.br<\/p>\n<hr \/>\n<\/div>\n<div class=\"Card Informativo BgBranco\">\n<p><strong>Afonson Jampierry Silveira de Almeida<br \/>\n<\/strong><\/p>\n<p><em>Coordenador da Coordenadoria Regional de Desenvolvimento da Educa\u00e7\u00e3o &#8211; Crede 8 &#8211; Baturit\u00e9\/CE<br \/>\n<\/em><\/p>\n<\/div>\n<p>&nbsp;<\/p>\n<div class=\"Card Informativo BgBranco\">\n<p><strong>Jos\u00e9 Alves da Silva<\/strong><\/p>\n<p><i>Articulador de Gest\u00e3o da <em>Coordenadoria Regional de Desenvolvimento da Educa\u00e7\u00e3o &#8211; Crede 8 &#8211; Baturit\u00e9\/CE<\/em><br \/>\n<\/i><\/p>\n<\/div>\n<p>&nbsp;<\/p>\n<div class=\"Card Informativo BgBranco\">\n<p><strong>Contato:\u00a0<\/strong>(85) 3347-4242<\/p>\n<p><strong>E-mail:<\/strong> afonso.jampierry@crede08.seduc.ce.gov.br<\/p>\n<\/div>\n<p>&nbsp;<\/p>\n<p>&nbsp;<\/p>\n<p style=\"text-align: center\">HOR\u00c1RIO DE ATENDIMENTO<\/p>\n<p style=\"text-align: center\">08 \u00c0S 17 HORAS<\/p>\n<p>&nbsp;<\/p>\n<p>&nbsp;<\/p>\n","protected":false},"excerpt":{"rendered":"<p>COMIT\u00ca SETORIAL DE ACESSO \u00c0 INFORMA\u00c7\u00c3O Olena Marta Bezerra Costa Coordenadora da Assessoria de Controle Interno e Ouvidoria \u2013 Ascov &nbsp; Marilia Gaspar Alan e Silva C\u00e9lula de Desenvolvimento Institucional \u2013 Cedin\/Codip &nbsp; Iranir Rodrigues Loiola Articuladora da Assessoria de Controle Interno e Ouvidoria \u2013 Ascov &nbsp; Sandra de C\u00e1cia Gomes Marinho Respons\u00e1vel pelo Servi\u00e7o [&hellip;]<\/p>\n","protected":false},"author":364,"featured_media":0,"parent":5686,"menu_order":0,"comment_status":"closed","ping_status":"closed","template":"","meta":{"_acf_changed":false,"inline_featured_image":false,"footnotes":""},"class_list":["post-5688","page","type-page","status-publish","hentry"],"acf":[],"yoast_head":"<!-- This site is optimized with the Yoast SEO plugin v26.9 - https:\/\/yoast.com\/product\/yoast-seo-wordpress\/ -->\n<title>COMIT\u00ca SETORIAL DE ACESSO \u00c0 INFORMA\u00c7\u00c3O - CREDE08-SEDUC<\/title>\n<meta name=\"robots\" content=\"index, follow, max-snippet:-1, max-image-preview:large, max-video-preview:-1\" \/>\n<link rel=\"canonical\" href=\"https:\/\/ww16.ce.gov.br\/crede08-seduc\/acesso-a-informacao\/comite-setorial-de-acesso-a-informacao\/\" \/>\n<meta property=\"og:locale\" content=\"pt_BR\" \/>\n<meta property=\"og:type\" content=\"article\" \/>\n<meta property=\"og:title\" content=\"COMIT\u00ca SETORIAL DE ACESSO \u00c0 INFORMA\u00c7\u00c3O - CREDE08-SEDUC\" \/>\n<meta property=\"og:description\" content=\"COMIT\u00ca SETORIAL DE ACESSO \u00c0 INFORMA\u00c7\u00c3O Olena Marta Bezerra Costa Coordenadora da Assessoria de Controle Interno e Ouvidoria \u2013 Ascov &nbsp; Marilia Gaspar Alan e Silva C\u00e9lula de Desenvolvimento Institucional \u2013 Cedin\/Codip &nbsp; Iranir Rodrigues Loiola Articuladora da Assessoria de Controle Interno e Ouvidoria \u2013 Ascov &nbsp; Sandra de C\u00e1cia Gomes Marinho Respons\u00e1vel pelo Servi\u00e7o [&hellip;]\" \/>\n<meta property=\"og:url\" content=\"https:\/\/ww16.ce.gov.br\/crede08-seduc\/acesso-a-informacao\/comite-setorial-de-acesso-a-informacao\/\" \/>\n<meta property=\"og:site_name\" content=\"CREDE08-SEDUC\" \/>\n<meta property=\"article:modified_time\" content=\"2025-12-01T17:11:13+00:00\" \/>\n<meta name=\"twitter:card\" content=\"summary_large_image\" \/>\n<meta name=\"twitter:label1\" content=\"Est. reading time\" \/>\n\t<meta name=\"twitter:data1\" content=\"1 minuto\" \/>\n<script type=\"application\/ld+json\" class=\"yoast-schema-graph\">{\"@context\":\"https:\/\/schema.org\",\"@graph\":[{\"@type\":\"WebPage\",\"@id\":\"https:\/\/ww16.ce.gov.br\/crede08-seduc\/acesso-a-informacao\/comite-setorial-de-acesso-a-informacao\/\",\"url\":\"https:\/\/ww16.ce.gov.br\/crede08-seduc\/acesso-a-informacao\/comite-setorial-de-acesso-a-informacao\/\",\"name\":\"COMIT\u00ca SETORIAL DE ACESSO \u00c0 INFORMA\u00c7\u00c3O - CREDE08-SEDUC\",\"isPartOf\":{\"@id\":\"https:\/\/ww16.ce.gov.br\/crede08-seduc\/#website\"},\"datePublished\":\"2021-10-14T21:17:17+00:00\",\"dateModified\":\"2025-12-01T17:11:13+00:00\",\"breadcrumb\":{\"@id\":\"https:\/\/ww16.ce.gov.br\/crede08-seduc\/acesso-a-informacao\/comite-setorial-de-acesso-a-informacao\/#breadcrumb\"},\"inLanguage\":\"pt-BR\",\"potentialAction\":[{\"@type\":\"ReadAction\",\"target\":[\"https:\/\/ww16.ce.gov.br\/crede08-seduc\/acesso-a-informacao\/comite-setorial-de-acesso-a-informacao\/\"]}]},{\"@type\":\"BreadcrumbList\",\"@id\":\"https:\/\/ww16.ce.gov.br\/crede08-seduc\/acesso-a-informacao\/comite-setorial-de-acesso-a-informacao\/#breadcrumb\",\"itemListElement\":[{\"@type\":\"ListItem\",\"position\":1,\"name\":\"In\u00edcio\",\"item\":\"https:\/\/ww16.ce.gov.br\/crede08-seduc\/\"},{\"@type\":\"ListItem\",\"position\":2,\"name\":\"Acesso \u00e0 Informa\u00e7\u00e3o\",\"item\":\"https:\/\/ww16.ce.gov.br\/crede08-seduc\/acesso-a-informacao\/\"},{\"@type\":\"ListItem\",\"position\":3,\"name\":\"COMIT\u00ca SETORIAL DE ACESSO \u00c0 INFORMA\u00c7\u00c3O\"}]},{\"@type\":\"WebSite\",\"@id\":\"https:\/\/ww16.ce.gov.br\/crede08-seduc\/#website\",\"url\":\"https:\/\/ww16.ce.gov.br\/crede08-seduc\/\",\"name\":\"CREDE08-SEDUC\",\"description\":\"Portal CREDE08-SEDUC\",\"potentialAction\":[{\"@type\":\"SearchAction\",\"target\":{\"@type\":\"EntryPoint\",\"urlTemplate\":\"https:\/\/ww16.ce.gov.br\/crede08-seduc\/?s={search_term_string}\"},\"query-input\":{\"@type\":\"PropertyValueSpecification\",\"valueRequired\":true,\"valueName\":\"search_term_string\"}}],\"inLanguage\":\"pt-BR\"}]}<\/script>\n<!-- \/ Yoast SEO plugin. -->","yoast_head_json":{"title":"COMIT\u00ca SETORIAL DE ACESSO \u00c0 INFORMA\u00c7\u00c3O - CREDE08-SEDUC","robots":{"index":"index","follow":"follow","max-snippet":"max-snippet:-1","max-image-preview":"max-image-preview:large","max-video-preview":"max-video-preview:-1"},"canonical":"https:\/\/ww16.ce.gov.br\/crede08-seduc\/acesso-a-informacao\/comite-setorial-de-acesso-a-informacao\/","og_locale":"pt_BR","og_type":"article","og_title":"COMIT\u00ca SETORIAL DE ACESSO \u00c0 INFORMA\u00c7\u00c3O - CREDE08-SEDUC","og_description":"COMIT\u00ca SETORIAL DE ACESSO \u00c0 INFORMA\u00c7\u00c3O Olena Marta Bezerra Costa Coordenadora da Assessoria de Controle Interno e Ouvidoria \u2013 Ascov &nbsp; Marilia Gaspar Alan e Silva C\u00e9lula de Desenvolvimento Institucional \u2013 Cedin\/Codip &nbsp; Iranir Rodrigues Loiola Articuladora da Assessoria de Controle Interno e Ouvidoria \u2013 Ascov &nbsp; Sandra de C\u00e1cia Gomes Marinho Respons\u00e1vel pelo Servi\u00e7o [&hellip;]","og_url":"https:\/\/ww16.ce.gov.br\/crede08-seduc\/acesso-a-informacao\/comite-setorial-de-acesso-a-informacao\/","og_site_name":"CREDE08-SEDUC","article_modified_time":"2025-12-01T17:11:13+00:00","twitter_card":"summary_large_image","twitter_misc":{"Est. reading time":"1 minuto"},"schema":{"@context":"https:\/\/schema.org","@graph":[{"@type":"WebPage","@id":"https:\/\/ww16.ce.gov.br\/crede08-seduc\/acesso-a-informacao\/comite-setorial-de-acesso-a-informacao\/","url":"https:\/\/ww16.ce.gov.br\/crede08-seduc\/acesso-a-informacao\/comite-setorial-de-acesso-a-informacao\/","name":"COMIT\u00ca SETORIAL DE ACESSO \u00c0 INFORMA\u00c7\u00c3O - CREDE08-SEDUC","isPartOf":{"@id":"https:\/\/ww16.ce.gov.br\/crede08-seduc\/#website"},"datePublished":"2021-10-14T21:17:17+00:00","dateModified":"2025-12-01T17:11:13+00:00","breadcrumb":{"@id":"https:\/\/ww16.ce.gov.br\/crede08-seduc\/acesso-a-informacao\/comite-setorial-de-acesso-a-informacao\/#breadcrumb"},"inLanguage":"pt-BR","potentialAction":[{"@type":"ReadAction","target":["https:\/\/ww16.ce.gov.br\/crede08-seduc\/acesso-a-informacao\/comite-setorial-de-acesso-a-informacao\/"]}]},{"@type":"BreadcrumbList","@id":"https:\/\/ww16.ce.gov.br\/crede08-seduc\/acesso-a-informacao\/comite-setorial-de-acesso-a-informacao\/#breadcrumb","itemListElement":[{"@type":"ListItem","position":1,"name":"In\u00edcio","item":"https:\/\/ww16.ce.gov.br\/crede08-seduc\/"},{"@type":"ListItem","position":2,"name":"Acesso \u00e0 Informa\u00e7\u00e3o","item":"https:\/\/ww16.ce.gov.br\/crede08-seduc\/acesso-a-informacao\/"},{"@type":"ListItem","position":3,"name":"COMIT\u00ca SETORIAL DE ACESSO \u00c0 INFORMA\u00c7\u00c3O"}]},{"@type":"WebSite","@id":"https:\/\/ww16.ce.gov.br\/crede08-seduc\/#website","url":"https:\/\/ww16.ce.gov.br\/crede08-seduc\/","name":"CREDE08-SEDUC","description":"Portal CREDE08-SEDUC","potentialAction":[{"@type":"SearchAction","target":{"@type":"EntryPoint","urlTemplate":"https:\/\/ww16.ce.gov.br\/crede08-seduc\/?s={search_term_string}"},"query-input":{"@type":"PropertyValueSpecification","valueRequired":true,"valueName":"search_term_string"}}],"inLanguage":"pt-BR"}]}},"_links":{"self":[{"href":"https:\/\/ww16.ce.gov.br\/crede08-seduc\/wp-json\/wp\/v2\/pages\/5688","targetHints":{"allow":["GET"]}}],"collection":[{"href":"https:\/\/ww16.ce.gov.br\/crede08-seduc\/wp-json\/wp\/v2\/pages"}],"about":[{"href":"https:\/\/ww16.ce.gov.br\/crede08-seduc\/wp-json\/wp\/v2\/types\/page"}],"author":[{"embeddable":true,"href":"https:\/\/ww16.ce.gov.br\/crede08-seduc\/wp-json\/wp\/v2\/users\/364"}],"replies":[{"embeddable":true,"href":"https:\/\/ww16.ce.gov.br\/crede08-seduc\/wp-json\/wp\/v2\/comments?post=5688"}],"version-history":[{"count":9,"href":"https:\/\/ww16.ce.gov.br\/crede08-seduc\/wp-json\/wp\/v2\/pages\/5688\/revisions"}],"predecessor-version":[{"id":14472,"href":"https:\/\/ww16.ce.gov.br\/crede08-seduc\/wp-json\/wp\/v2\/pages\/5688\/revisions\/14472"}],"up":[{"embeddable":true,"href":"https:\/\/ww16.ce.gov.br\/crede08-seduc\/wp-json\/wp\/v2\/pages\/5686"}],"wp:attachment":[{"href":"https:\/\/ww16.ce.gov.br\/crede08-seduc\/wp-json\/wp\/v2\/media?parent=5688"}],"curies":[{"name":"wp","href":"https:\/\/api.w.org\/{rel}","templated":true}]}}