{"id":5657,"date":"2021-10-14T15:14:26","date_gmt":"2021-10-14T18:14:26","guid":{"rendered":"http:\/\/www.crede08.seduc.ce.gov.br\/?page_id=5657"},"modified":"2025-01-29T11:34:42","modified_gmt":"2025-01-29T14:34:42","slug":"pacoti","status":"publish","type":"page","link":"https:\/\/ww16.ce.gov.br\/crede08-seduc\/pacoti\/","title":{"rendered":"Pacoti"},"content":{"rendered":"<p>\u00c9 um munic\u00edpio brasileiro do estado do Cear\u00e1, localizado na Serra do Maci\u00e7o de Baturit\u00e9.<\/p>\n<p>Pacoti \u00e9 o nome do rio que nasce ao extremo sul da Serra de Baturit\u00e9 e banha o munic\u00edpio. H\u00e1 diverg\u00eancias quanto ao significado da denomina\u00e7\u00e3o. \u201cLagoa das Cotias\u201d, rio das Pacovas (banana) e rio das bananeiras, segundo a l\u00edngua dos ind\u00edgenas, antigos habitantes desta terra, s\u00e3o alguns dos significados poss\u00edveis. Ainda existe a hip\u00f3tese de se chamar \u201cVoltado para o Mar\u201d.<\/p>\n<p>&nbsp;<\/p>\n<h4><strong>Anivers\u00e1rio e Hino<\/strong><\/h4>\n<ul class=\"ListaEst col4\">\n<li><a href=\"https:\/\/www.youtube.com\/watch?v=9r7Bm3RuAPQ&amp;list=PL4hb7TMNpQ9MqQYWMkd0auEhZm5z-nzJi&amp;index=11&amp;ab_channel=GovernodoCear%C3%A1\">Pacoti<\/a><\/li>\n<\/ul>\n<h4 class=\"-Title\"><b>Site do Munic\u00edpio <\/b><\/h4>\n<ul class=\"ListaEst col4\">\n<li><a href=\"https:\/\/www.pacoti.ce.gov.br\/\" target=\"_blank\" rel=\"noopener\">P\u00e1gina<\/a><\/li>\n<\/ul>\n<h4 class=\"-Title\"><b>Geolocaliza\u00e7\u00e3o<\/b><\/h4>\n<ul class=\"ListaEst col4\">\n<li><a href=\"https:\/\/www.google.com\/maps\/d\/u\/0\/viewer?mid=12Lrod9H3S5YCedTW2jHDcdvUAHiQBnw&amp;ll=-4.224286000000018%2C-38.70335500000001&amp;z=11\"> Mapa<\/a><\/li>\n<\/ul>\n<p><strong><a href=\"https:\/\/www.crede08.seduc.ce.gov.br\/wp-content\/uploads\/sites\/109\/2024\/02\/Prancheta-11@4x.png\"><img loading=\"lazy\" decoding=\"async\" class=\"wp-image-10900 alignleft\" src=\"https:\/\/www.crede08.seduc.ce.gov.br\/wp-content\/uploads\/sites\/109\/2024\/02\/Prancheta-11@4x.png\" alt=\"\" width=\"380\" height=\"380\" \/><\/a><\/strong><\/p>\n<p>&nbsp;<\/p>\n<p><strong>PREFEITO(A)<\/strong><br \/>\nMARCOS VENICIOS NORJOSA GONZAGA<\/p>\n<p><strong>VICE-PREFEITO(A)<\/strong><br \/>\nMARIA JERUSA OLIVEIRA DA SILVA<\/p>\n<p>&nbsp;<\/p>\n<h3><\/h3>\n<h3><\/h3>\n<h3><\/h3>\n<h3><\/h3>\n<h3><\/h3>\n<h3><\/h3>\n<h3><\/h3>\n<h3>INFORMA\u00c7\u00d5ES DA(S) UNIDADE(S) ESCOLAR(ES) DO MUNIC\u00cdPIO:<\/h3>\n<p><span style=\"font-size: 18px;letter-spacing: normal\">INEP<\/span><span style=\"font-size: 18px;letter-spacing: normal\">MUNIC\u00cdPIO<\/span><span style=\"font-size: 18px;letter-spacing: normal\">ESCOLA<\/span><span style=\"font-size: 18px;letter-spacing: normal\">TEL. ESCOLA<\/span><span style=\"font-size: 18px;letter-spacing: normal\">DIRETOR(A)<\/span><span style=\"font-size: 18px;letter-spacing: normal\">E-MAIL INSTITUCIONAL<\/span><\/p>\n<table width=\"920\">\n<tbody>\n<tr>\n<td><span style=\"font-size: 16px;letter-spacing: normal\">23055995<\/span><\/td>\n<td><span style=\"font-size: 16px;letter-spacing: normal\">PACOTI<\/span><\/td>\n<td><span style=\"font-size: 16px;letter-spacing: normal\">EEM MENEZES PIMENTEL<\/span><\/td>\n<td><span style=\"font-size: 16px;letter-spacing: normal\">(85) 3325-1166<\/span><\/td>\n<td><span style=\"font-size: 16px;letter-spacing: normal\">RUT\u00caNIO CLEBER MENDON\u00c7A VIEIRA<\/span><\/td>\n<td><a style=\"font-size: 16px;letter-spacing: normal\">mpimentel@escola.ce.gov.br<\/a><\/td>\n<\/tr>\n<\/tbody>\n<\/table>\n","protected":false},"excerpt":{"rendered":"<p>\u00c9 um munic\u00edpio brasileiro do estado do Cear\u00e1, localizado na Serra do Maci\u00e7o de Baturit\u00e9. Pacoti \u00e9 o nome do rio que nasce ao extremo sul da Serra de Baturit\u00e9 e banha o munic\u00edpio. H\u00e1 diverg\u00eancias quanto ao significado da denomina\u00e7\u00e3o. \u201cLagoa das Cotias\u201d, rio das Pacovas (banana) e rio das bananeiras, segundo a l\u00edngua [&hellip;]<\/p>\n","protected":false},"author":518,"featured_media":0,"parent":0,"menu_order":0,"comment_status":"closed","ping_status":"closed","template":"","meta":{"_acf_changed":false,"inline_featured_image":false,"footnotes":""},"class_list":["post-5657","page","type-page","status-publish","hentry"],"acf":[],"yoast_head":"<!-- This site is optimized with the Yoast SEO plugin v26.9 - https:\/\/yoast.com\/product\/yoast-seo-wordpress\/ -->\n<title>Pacoti - CREDE08-SEDUC<\/title>\n<meta name=\"robots\" content=\"index, follow, max-snippet:-1, max-image-preview:large, max-video-preview:-1\" \/>\n<link rel=\"canonical\" href=\"https:\/\/ww16.ce.gov.br\/crede08-seduc\/pacoti\/\" \/>\n<meta property=\"og:locale\" content=\"pt_BR\" \/>\n<meta property=\"og:type\" content=\"article\" \/>\n<meta property=\"og:title\" content=\"Pacoti - CREDE08-SEDUC\" \/>\n<meta property=\"og:description\" content=\"\u00c9 um munic\u00edpio brasileiro do estado do Cear\u00e1, localizado na Serra do Maci\u00e7o de Baturit\u00e9. Pacoti \u00e9 o nome do rio que nasce ao extremo sul da Serra de Baturit\u00e9 e banha o munic\u00edpio. H\u00e1 diverg\u00eancias quanto ao significado da denomina\u00e7\u00e3o. \u201cLagoa das Cotias\u201d, rio das Pacovas (banana) e rio das bananeiras, segundo a l\u00edngua [&hellip;]\" \/>\n<meta property=\"og:url\" content=\"https:\/\/ww16.ce.gov.br\/crede08-seduc\/pacoti\/\" \/>\n<meta property=\"og:site_name\" content=\"CREDE08-SEDUC\" \/>\n<meta property=\"article:modified_time\" content=\"2025-01-29T14:34:42+00:00\" \/>\n<meta property=\"og:image\" content=\"http:\/\/www.crede08.seduc.ce.gov.br\/wp-content\/uploads\/sites\/109\/2024\/02\/Prancheta-11@4x.png\" \/>\n<meta name=\"twitter:card\" content=\"summary_large_image\" \/>\n<meta name=\"twitter:label1\" content=\"Est. reading time\" \/>\n\t<meta name=\"twitter:data1\" content=\"1 minuto\" \/>\n<script type=\"application\/ld+json\" class=\"yoast-schema-graph\">{\"@context\":\"https:\/\/schema.org\",\"@graph\":[{\"@type\":\"WebPage\",\"@id\":\"https:\/\/ww16.ce.gov.br\/crede08-seduc\/pacoti\/\",\"url\":\"https:\/\/ww16.ce.gov.br\/crede08-seduc\/pacoti\/\",\"name\":\"Pacoti - CREDE08-SEDUC\",\"isPartOf\":{\"@id\":\"https:\/\/ww16.ce.gov.br\/crede08-seduc\/#website\"},\"primaryImageOfPage\":{\"@id\":\"https:\/\/ww16.ce.gov.br\/crede08-seduc\/pacoti\/#primaryimage\"},\"image\":{\"@id\":\"https:\/\/ww16.ce.gov.br\/crede08-seduc\/pacoti\/#primaryimage\"},\"thumbnailUrl\":\"http:\/\/www.crede08.seduc.ce.gov.br\/wp-content\/uploads\/sites\/109\/2024\/02\/Prancheta-11@4x.png\",\"datePublished\":\"2021-10-14T18:14:26+00:00\",\"dateModified\":\"2025-01-29T14:34:42+00:00\",\"breadcrumb\":{\"@id\":\"https:\/\/ww16.ce.gov.br\/crede08-seduc\/pacoti\/#breadcrumb\"},\"inLanguage\":\"pt-BR\",\"potentialAction\":[{\"@type\":\"ReadAction\",\"target\":[\"https:\/\/ww16.ce.gov.br\/crede08-seduc\/pacoti\/\"]}]},{\"@type\":\"ImageObject\",\"inLanguage\":\"pt-BR\",\"@id\":\"https:\/\/ww16.ce.gov.br\/crede08-seduc\/pacoti\/#primaryimage\",\"url\":\"http:\/\/www.crede08.seduc.ce.gov.br\/wp-content\/uploads\/sites\/109\/2024\/02\/Prancheta-11@4x.png\",\"contentUrl\":\"http:\/\/www.crede08.seduc.ce.gov.br\/wp-content\/uploads\/sites\/109\/2024\/02\/Prancheta-11@4x.png\"},{\"@type\":\"BreadcrumbList\",\"@id\":\"https:\/\/ww16.ce.gov.br\/crede08-seduc\/pacoti\/#breadcrumb\",\"itemListElement\":[{\"@type\":\"ListItem\",\"position\":1,\"name\":\"In\u00edcio\",\"item\":\"https:\/\/ww16.ce.gov.br\/crede08-seduc\/\"},{\"@type\":\"ListItem\",\"position\":2,\"name\":\"Pacoti\"}]},{\"@type\":\"WebSite\",\"@id\":\"https:\/\/ww16.ce.gov.br\/crede08-seduc\/#website\",\"url\":\"https:\/\/ww16.ce.gov.br\/crede08-seduc\/\",\"name\":\"CREDE08-SEDUC\",\"description\":\"Portal CREDE08-SEDUC\",\"potentialAction\":[{\"@type\":\"SearchAction\",\"target\":{\"@type\":\"EntryPoint\",\"urlTemplate\":\"https:\/\/ww16.ce.gov.br\/crede08-seduc\/?s={search_term_string}\"},\"query-input\":{\"@type\":\"PropertyValueSpecification\",\"valueRequired\":true,\"valueName\":\"search_term_string\"}}],\"inLanguage\":\"pt-BR\"}]}<\/script>\n<!-- \/ Yoast SEO plugin. -->","yoast_head_json":{"title":"Pacoti - CREDE08-SEDUC","robots":{"index":"index","follow":"follow","max-snippet":"max-snippet:-1","max-image-preview":"max-image-preview:large","max-video-preview":"max-video-preview:-1"},"canonical":"https:\/\/ww16.ce.gov.br\/crede08-seduc\/pacoti\/","og_locale":"pt_BR","og_type":"article","og_title":"Pacoti - CREDE08-SEDUC","og_description":"\u00c9 um munic\u00edpio brasileiro do estado do Cear\u00e1, localizado na Serra do Maci\u00e7o de Baturit\u00e9. Pacoti \u00e9 o nome do rio que nasce ao extremo sul da Serra de Baturit\u00e9 e banha o munic\u00edpio. H\u00e1 diverg\u00eancias quanto ao significado da denomina\u00e7\u00e3o. \u201cLagoa das Cotias\u201d, rio das Pacovas (banana) e rio das bananeiras, segundo a l\u00edngua [&hellip;]","og_url":"https:\/\/ww16.ce.gov.br\/crede08-seduc\/pacoti\/","og_site_name":"CREDE08-SEDUC","article_modified_time":"2025-01-29T14:34:42+00:00","og_image":[{"url":"http:\/\/www.crede08.seduc.ce.gov.br\/wp-content\/uploads\/sites\/109\/2024\/02\/Prancheta-11@4x.png","type":"","width":"","height":""}],"twitter_card":"summary_large_image","twitter_misc":{"Est. reading time":"1 minuto"},"schema":{"@context":"https:\/\/schema.org","@graph":[{"@type":"WebPage","@id":"https:\/\/ww16.ce.gov.br\/crede08-seduc\/pacoti\/","url":"https:\/\/ww16.ce.gov.br\/crede08-seduc\/pacoti\/","name":"Pacoti - CREDE08-SEDUC","isPartOf":{"@id":"https:\/\/ww16.ce.gov.br\/crede08-seduc\/#website"},"primaryImageOfPage":{"@id":"https:\/\/ww16.ce.gov.br\/crede08-seduc\/pacoti\/#primaryimage"},"image":{"@id":"https:\/\/ww16.ce.gov.br\/crede08-seduc\/pacoti\/#primaryimage"},"thumbnailUrl":"http:\/\/www.crede08.seduc.ce.gov.br\/wp-content\/uploads\/sites\/109\/2024\/02\/Prancheta-11@4x.png","datePublished":"2021-10-14T18:14:26+00:00","dateModified":"2025-01-29T14:34:42+00:00","breadcrumb":{"@id":"https:\/\/ww16.ce.gov.br\/crede08-seduc\/pacoti\/#breadcrumb"},"inLanguage":"pt-BR","potentialAction":[{"@type":"ReadAction","target":["https:\/\/ww16.ce.gov.br\/crede08-seduc\/pacoti\/"]}]},{"@type":"ImageObject","inLanguage":"pt-BR","@id":"https:\/\/ww16.ce.gov.br\/crede08-seduc\/pacoti\/#primaryimage","url":"http:\/\/www.crede08.seduc.ce.gov.br\/wp-content\/uploads\/sites\/109\/2024\/02\/Prancheta-11@4x.png","contentUrl":"http:\/\/www.crede08.seduc.ce.gov.br\/wp-content\/uploads\/sites\/109\/2024\/02\/Prancheta-11@4x.png"},{"@type":"BreadcrumbList","@id":"https:\/\/ww16.ce.gov.br\/crede08-seduc\/pacoti\/#breadcrumb","itemListElement":[{"@type":"ListItem","position":1,"name":"In\u00edcio","item":"https:\/\/ww16.ce.gov.br\/crede08-seduc\/"},{"@type":"ListItem","position":2,"name":"Pacoti"}]},{"@type":"WebSite","@id":"https:\/\/ww16.ce.gov.br\/crede08-seduc\/#website","url":"https:\/\/ww16.ce.gov.br\/crede08-seduc\/","name":"CREDE08-SEDUC","description":"Portal CREDE08-SEDUC","potentialAction":[{"@type":"SearchAction","target":{"@type":"EntryPoint","urlTemplate":"https:\/\/ww16.ce.gov.br\/crede08-seduc\/?s={search_term_string}"},"query-input":{"@type":"PropertyValueSpecification","valueRequired":true,"valueName":"search_term_string"}}],"inLanguage":"pt-BR"}]}},"_links":{"self":[{"href":"https:\/\/ww16.ce.gov.br\/crede08-seduc\/wp-json\/wp\/v2\/pages\/5657","targetHints":{"allow":["GET"]}}],"collection":[{"href":"https:\/\/ww16.ce.gov.br\/crede08-seduc\/wp-json\/wp\/v2\/pages"}],"about":[{"href":"https:\/\/ww16.ce.gov.br\/crede08-seduc\/wp-json\/wp\/v2\/types\/page"}],"author":[{"embeddable":true,"href":"https:\/\/ww16.ce.gov.br\/crede08-seduc\/wp-json\/wp\/v2\/users\/518"}],"replies":[{"embeddable":true,"href":"https:\/\/ww16.ce.gov.br\/crede08-seduc\/wp-json\/wp\/v2\/comments?post=5657"}],"version-history":[{"count":13,"href":"https:\/\/ww16.ce.gov.br\/crede08-seduc\/wp-json\/wp\/v2\/pages\/5657\/revisions"}],"predecessor-version":[{"id":13200,"href":"https:\/\/ww16.ce.gov.br\/crede08-seduc\/wp-json\/wp\/v2\/pages\/5657\/revisions\/13200"}],"wp:attachment":[{"href":"https:\/\/ww16.ce.gov.br\/crede08-seduc\/wp-json\/wp\/v2\/media?parent=5657"}],"curies":[{"name":"wp","href":"https:\/\/api.w.org\/{rel}","templated":true}]}}