{"id":5655,"date":"2021-10-14T15:13:08","date_gmt":"2021-10-14T18:13:08","guid":{"rendered":"http:\/\/www.crede08.seduc.ce.gov.br\/?page_id=5655"},"modified":"2025-01-29T11:35:44","modified_gmt":"2025-01-29T14:35:44","slug":"palmacia","status":"publish","type":"page","link":"https:\/\/ww16.ce.gov.br\/crede08-seduc\/palmacia\/","title":{"rendered":"Palm\u00e1cia"},"content":{"rendered":"<p>\u00c9 um munic\u00edpio brasileiro do estado do Cear\u00e1, localizado na regi\u00e3o serrana do estado, microrregi\u00e3o de Baturit\u00e9 e Mesorregi\u00e3o do Norte Cearense e faz parte do Polo ou Circu\u00edto Tur\u00edstico Serra de Guaramiranga e est\u00e1 situada na \u00c1rea de Prote\u00e7\u00e3o Ambiental da Serra de Baturit\u00e9, do Corredor Ecol\u00f3gico do Rio Pacoti e dentro da Reserva da Biosfera da Mata Atl\u00e2ntica. Localiza-se a 74 quil\u00f4metros da capital do estado, a cidade de Fortaleza.<\/p>\n<p>Ocupa uma \u00e1rea de 117,816 km\u00b2, considerada uma das cidades com potencial para o turismo de aventura e ecoturismo no Brasil e sua popula\u00e7\u00e3o foi estimada no ano de 2018 em 13 214 habitantes pelo Instituto Brasileiro de Geografia e Estat\u00edstica. O seu \u00edndice de desenvolvimento humano \u00e9 de 0,650 considerado como m\u00e9dio pelo Programa das Na\u00e7\u00f5es Unidas para o Desenvolvimento, possui um col\u00e9gio eleitoral de aproximadamente 9 mil eleitores. A cidade \u00e9 conhecida como a \u201cPrincesinha da Serra\u201d e &#8220;Terra das Palmeiras&#8221;.<\/p>\n<p>Possui clima ameno, com temperatura m\u00e9dia de 19 \u00baC. \u00c9 tamb\u00e9m terra natal do Professor Vicente Sampaio, do Padre Perdig\u00e3o Sampaio, do Ministro da Integra\u00e7\u00e3o Nacional Francisco Teixeira.<\/p>\n<p>O nome primitivo do povoado que deu origem ao lugar era Palmeiras.<\/p>\n<p>O top\u00f4nimo Palm\u00e1cia, de forma\u00e7\u00e3o erudita, vem de Palmacea, fam\u00edlia bot\u00e2nica das palmeiras. Antes de Palm\u00e1cia, o nome sugerido foi Pindobal que tamb\u00e9m significa terra das palmeiras, mas n\u00e3o foi aceito pela popula\u00e7\u00e3o local.<\/p>\n<p>Palm\u00e1cia teve diversos nomes desde sua funda\u00e7\u00e3o como Arraial das Palmeiras, Palmeiras, Silva Jardim, Pindobal (permaneceu pouco tempo, pois n\u00e3o foi aceito pela popula\u00e7\u00e3o local) e finalmente Palm\u00e1cia.<\/p>\n<p>&nbsp;<\/p>\n<h4><strong>Anivers\u00e1rio e Hino<\/strong><\/h4>\n<ul class=\"ListaEst col4\">\n<li><a href=\"https:\/\/www.youtube.com\/watch?v=_ctWGk_Qf0k&amp;list=PL4hb7TMNpQ9MqQYWMkd0auEhZm5z-nzJi&amp;index=12&amp;ab_channel=GovernodoCear%C3%A1\" target=\"\u201d_blank\u201d\" rel=\"noopener\">Palm\u00e1cia<\/a><\/li>\n<\/ul>\n<h4 class=\"-Title\"><b>Site do Munic\u00edpio <\/b><\/h4>\n<ul class=\"ListaEst col4\">\n<li><a href=\"https:\/\/www.palmacia.ce.gov.br\/\" target=\"_blank\" rel=\"noopener\"> P\u00e1gina<\/a><\/li>\n<\/ul>\n<h4 class=\"-Title\"><b>Geolocaliza\u00e7\u00e3o<\/b><\/h4>\n<ul class=\"ListaEst col4\">\n<li><a href=\"https:\/\/www.google.com\/maps\/d\/u\/0\/viewer?mid=12Lrod9H3S5YCedTW2jHDcdvUAHiQBnw&amp;ll=-4.224286000000018%2C-38.70335500000001&amp;z=11\" target=\"\u201d_blank\u201d\" rel=\"noopener\"> Mapa<\/a><\/li>\n<\/ul>\n<p>&nbsp;<\/p>\n<p><strong><a href=\"https:\/\/www.crede08.seduc.ce.gov.br\/wp-content\/uploads\/sites\/109\/2024\/02\/Prancheta-12@4x.png\"><img loading=\"lazy\" decoding=\"async\" class=\"wp-image-10900 alignleft\" src=\"https:\/\/www.crede08.seduc.ce.gov.br\/wp-content\/uploads\/sites\/109\/2024\/02\/Prancheta-12@4x.png\" alt=\"\" width=\"380\" height=\"380\" \/><\/a><\/strong><\/p>\n<p>&nbsp;<\/p>\n<p><strong>PREFEITO(A)<\/strong><br \/>\nMARCONDES SOUSA BARBOSA<\/p>\n<p><strong>VICE-PREFEITO(A)<\/strong><br \/>\n&#8230;.<\/p>\n<p>&nbsp;<\/p>\n<h3><\/h3>\n<h3><\/h3>\n<h3><\/h3>\n<h3><\/h3>\n<h3><\/h3>\n<h3><\/h3>\n<h3><\/h3>\n<h3>INFORMA\u00c7\u00d5ES DA(S) UNIDADE(S) ESCOLAR(ES) DO MUNIC\u00cdPIO:<\/h3>\n<table width=\"934\">\n<tbody>\n<tr>\n<th><span style=\"font-size: 16px;letter-spacing: normal\">INEP<\/span><\/th>\n<th><span style=\"font-size: 16px;letter-spacing: normal\">MUNIC\u00cdPIO<\/span><\/th>\n<th><span style=\"font-size: 16px;letter-spacing: normal\">ESCOLA<\/span><\/th>\n<th><span style=\"font-size: 16px;letter-spacing: normal\">TEL ESCOLA<\/span><\/th>\n<th><span style=\"font-size: 16px;letter-spacing: normal\">DIRETOR<\/span><\/th>\n<th><span style=\"font-size: 16px;letter-spacing: normal\">E-MAIL INSTITUCIONAL<\/span><\/th>\n<\/tr>\n<tr>\n<td><span style=\"font-size: 16px;letter-spacing: normal\">23056177<\/span><\/td>\n<td rowspan=\"2\"><span style=\"font-size: 16px;letter-spacing: normal\">PALM\u00c1CIA<\/span><\/td>\n<td><span style=\"font-size: 16px;letter-spacing: normal\">EEM MARIA AM\u00c9LIA PERDIG\u00c3O<\/span><\/td>\n<td width=\"143\"><span style=\"font-size: 16px;letter-spacing: normal\">(85) 3339-1811<\/span><\/td>\n<td width=\"153\"><span style=\"font-size: 16px;letter-spacing: normal\">MARIA MARLENE COSTA SOUSA<\/span><\/td>\n<td><a style=\"font-size: 16px;letter-spacing: normal\">mperdigao@escola.ce.gov.br<\/a><\/td>\n<\/tr>\n<tr>\n<td><span style=\"font-size: 16px;letter-spacing: normal\">23268638<\/span><\/td>\n<td><span style=\"font-size: 16px;letter-spacing: normal\">EEEP GISELDA COELHO TEIXEIRA<\/span><\/td>\n<td width=\"143\"><span style=\"font-size: 16px;letter-spacing: normal\">(85) 3339-1120<\/span><\/td>\n<td width=\"153\"><span style=\"font-size: 16px;letter-spacing: normal\">ELIANE LEITE ARA\u00daJO DA SILVA<\/span><\/td>\n<td><a style=\"font-size: 16px;letter-spacing: normal\">eeepgiseldateixeira@escola.ce.gov.br<\/a><\/td>\n<\/tr>\n<\/tbody>\n<\/table>\n","protected":false},"excerpt":{"rendered":"<p>\u00c9 um munic\u00edpio brasileiro do estado do Cear\u00e1, localizado na regi\u00e3o serrana do estado, microrregi\u00e3o de Baturit\u00e9 e Mesorregi\u00e3o do Norte Cearense e faz parte do Polo ou Circu\u00edto Tur\u00edstico Serra de Guaramiranga e est\u00e1 situada na \u00c1rea de Prote\u00e7\u00e3o Ambiental da Serra de Baturit\u00e9, do Corredor Ecol\u00f3gico do Rio Pacoti e dentro da Reserva [&hellip;]<\/p>\n","protected":false},"author":518,"featured_media":0,"parent":0,"menu_order":0,"comment_status":"closed","ping_status":"closed","template":"","meta":{"_acf_changed":false,"inline_featured_image":false,"footnotes":""},"class_list":["post-5655","page","type-page","status-publish","hentry"],"acf":[],"yoast_head":"<!-- This site is optimized with the Yoast SEO plugin v26.9 - https:\/\/yoast.com\/product\/yoast-seo-wordpress\/ -->\n<title>Palm\u00e1cia - CREDE08-SEDUC<\/title>\n<meta name=\"robots\" content=\"index, follow, max-snippet:-1, max-image-preview:large, max-video-preview:-1\" \/>\n<link rel=\"canonical\" href=\"https:\/\/ww16.ce.gov.br\/crede08-seduc\/palmacia\/\" \/>\n<meta property=\"og:locale\" content=\"pt_BR\" \/>\n<meta property=\"og:type\" content=\"article\" \/>\n<meta property=\"og:title\" content=\"Palm\u00e1cia - CREDE08-SEDUC\" \/>\n<meta property=\"og:description\" content=\"\u00c9 um munic\u00edpio brasileiro do estado do Cear\u00e1, localizado na regi\u00e3o serrana do estado, microrregi\u00e3o de Baturit\u00e9 e Mesorregi\u00e3o do Norte Cearense e faz parte do Polo ou Circu\u00edto Tur\u00edstico Serra de Guaramiranga e est\u00e1 situada na \u00c1rea de Prote\u00e7\u00e3o Ambiental da Serra de Baturit\u00e9, do Corredor Ecol\u00f3gico do Rio Pacoti e dentro da Reserva [&hellip;]\" \/>\n<meta property=\"og:url\" content=\"https:\/\/ww16.ce.gov.br\/crede08-seduc\/palmacia\/\" \/>\n<meta property=\"og:site_name\" content=\"CREDE08-SEDUC\" \/>\n<meta property=\"article:modified_time\" content=\"2025-01-29T14:35:44+00:00\" \/>\n<meta property=\"og:image\" content=\"http:\/\/www.crede08.seduc.ce.gov.br\/wp-content\/uploads\/sites\/109\/2024\/02\/Prancheta-12@4x.png\" \/>\n<meta name=\"twitter:card\" content=\"summary_large_image\" \/>\n<meta name=\"twitter:label1\" content=\"Est. reading time\" \/>\n\t<meta name=\"twitter:data1\" content=\"2 minutos\" \/>\n<script type=\"application\/ld+json\" class=\"yoast-schema-graph\">{\"@context\":\"https:\/\/schema.org\",\"@graph\":[{\"@type\":\"WebPage\",\"@id\":\"https:\/\/ww16.ce.gov.br\/crede08-seduc\/palmacia\/\",\"url\":\"https:\/\/ww16.ce.gov.br\/crede08-seduc\/palmacia\/\",\"name\":\"Palm\u00e1cia - CREDE08-SEDUC\",\"isPartOf\":{\"@id\":\"https:\/\/ww16.ce.gov.br\/crede08-seduc\/#website\"},\"primaryImageOfPage\":{\"@id\":\"https:\/\/ww16.ce.gov.br\/crede08-seduc\/palmacia\/#primaryimage\"},\"image\":{\"@id\":\"https:\/\/ww16.ce.gov.br\/crede08-seduc\/palmacia\/#primaryimage\"},\"thumbnailUrl\":\"http:\/\/www.crede08.seduc.ce.gov.br\/wp-content\/uploads\/sites\/109\/2024\/02\/Prancheta-12@4x.png\",\"datePublished\":\"2021-10-14T18:13:08+00:00\",\"dateModified\":\"2025-01-29T14:35:44+00:00\",\"breadcrumb\":{\"@id\":\"https:\/\/ww16.ce.gov.br\/crede08-seduc\/palmacia\/#breadcrumb\"},\"inLanguage\":\"pt-BR\",\"potentialAction\":[{\"@type\":\"ReadAction\",\"target\":[\"https:\/\/ww16.ce.gov.br\/crede08-seduc\/palmacia\/\"]}]},{\"@type\":\"ImageObject\",\"inLanguage\":\"pt-BR\",\"@id\":\"https:\/\/ww16.ce.gov.br\/crede08-seduc\/palmacia\/#primaryimage\",\"url\":\"http:\/\/www.crede08.seduc.ce.gov.br\/wp-content\/uploads\/sites\/109\/2024\/02\/Prancheta-12@4x.png\",\"contentUrl\":\"http:\/\/www.crede08.seduc.ce.gov.br\/wp-content\/uploads\/sites\/109\/2024\/02\/Prancheta-12@4x.png\"},{\"@type\":\"BreadcrumbList\",\"@id\":\"https:\/\/ww16.ce.gov.br\/crede08-seduc\/palmacia\/#breadcrumb\",\"itemListElement\":[{\"@type\":\"ListItem\",\"position\":1,\"name\":\"In\u00edcio\",\"item\":\"https:\/\/ww16.ce.gov.br\/crede08-seduc\/\"},{\"@type\":\"ListItem\",\"position\":2,\"name\":\"Palm\u00e1cia\"}]},{\"@type\":\"WebSite\",\"@id\":\"https:\/\/ww16.ce.gov.br\/crede08-seduc\/#website\",\"url\":\"https:\/\/ww16.ce.gov.br\/crede08-seduc\/\",\"name\":\"CREDE08-SEDUC\",\"description\":\"Portal CREDE08-SEDUC\",\"potentialAction\":[{\"@type\":\"SearchAction\",\"target\":{\"@type\":\"EntryPoint\",\"urlTemplate\":\"https:\/\/ww16.ce.gov.br\/crede08-seduc\/?s={search_term_string}\"},\"query-input\":{\"@type\":\"PropertyValueSpecification\",\"valueRequired\":true,\"valueName\":\"search_term_string\"}}],\"inLanguage\":\"pt-BR\"}]}<\/script>\n<!-- \/ Yoast SEO plugin. -->","yoast_head_json":{"title":"Palm\u00e1cia - CREDE08-SEDUC","robots":{"index":"index","follow":"follow","max-snippet":"max-snippet:-1","max-image-preview":"max-image-preview:large","max-video-preview":"max-video-preview:-1"},"canonical":"https:\/\/ww16.ce.gov.br\/crede08-seduc\/palmacia\/","og_locale":"pt_BR","og_type":"article","og_title":"Palm\u00e1cia - CREDE08-SEDUC","og_description":"\u00c9 um munic\u00edpio brasileiro do estado do Cear\u00e1, localizado na regi\u00e3o serrana do estado, microrregi\u00e3o de Baturit\u00e9 e Mesorregi\u00e3o do Norte Cearense e faz parte do Polo ou Circu\u00edto Tur\u00edstico Serra de Guaramiranga e est\u00e1 situada na \u00c1rea de Prote\u00e7\u00e3o Ambiental da Serra de Baturit\u00e9, do Corredor Ecol\u00f3gico do Rio Pacoti e dentro da Reserva [&hellip;]","og_url":"https:\/\/ww16.ce.gov.br\/crede08-seduc\/palmacia\/","og_site_name":"CREDE08-SEDUC","article_modified_time":"2025-01-29T14:35:44+00:00","og_image":[{"url":"http:\/\/www.crede08.seduc.ce.gov.br\/wp-content\/uploads\/sites\/109\/2024\/02\/Prancheta-12@4x.png","type":"","width":"","height":""}],"twitter_card":"summary_large_image","twitter_misc":{"Est. reading time":"2 minutos"},"schema":{"@context":"https:\/\/schema.org","@graph":[{"@type":"WebPage","@id":"https:\/\/ww16.ce.gov.br\/crede08-seduc\/palmacia\/","url":"https:\/\/ww16.ce.gov.br\/crede08-seduc\/palmacia\/","name":"Palm\u00e1cia - CREDE08-SEDUC","isPartOf":{"@id":"https:\/\/ww16.ce.gov.br\/crede08-seduc\/#website"},"primaryImageOfPage":{"@id":"https:\/\/ww16.ce.gov.br\/crede08-seduc\/palmacia\/#primaryimage"},"image":{"@id":"https:\/\/ww16.ce.gov.br\/crede08-seduc\/palmacia\/#primaryimage"},"thumbnailUrl":"http:\/\/www.crede08.seduc.ce.gov.br\/wp-content\/uploads\/sites\/109\/2024\/02\/Prancheta-12@4x.png","datePublished":"2021-10-14T18:13:08+00:00","dateModified":"2025-01-29T14:35:44+00:00","breadcrumb":{"@id":"https:\/\/ww16.ce.gov.br\/crede08-seduc\/palmacia\/#breadcrumb"},"inLanguage":"pt-BR","potentialAction":[{"@type":"ReadAction","target":["https:\/\/ww16.ce.gov.br\/crede08-seduc\/palmacia\/"]}]},{"@type":"ImageObject","inLanguage":"pt-BR","@id":"https:\/\/ww16.ce.gov.br\/crede08-seduc\/palmacia\/#primaryimage","url":"http:\/\/www.crede08.seduc.ce.gov.br\/wp-content\/uploads\/sites\/109\/2024\/02\/Prancheta-12@4x.png","contentUrl":"http:\/\/www.crede08.seduc.ce.gov.br\/wp-content\/uploads\/sites\/109\/2024\/02\/Prancheta-12@4x.png"},{"@type":"BreadcrumbList","@id":"https:\/\/ww16.ce.gov.br\/crede08-seduc\/palmacia\/#breadcrumb","itemListElement":[{"@type":"ListItem","position":1,"name":"In\u00edcio","item":"https:\/\/ww16.ce.gov.br\/crede08-seduc\/"},{"@type":"ListItem","position":2,"name":"Palm\u00e1cia"}]},{"@type":"WebSite","@id":"https:\/\/ww16.ce.gov.br\/crede08-seduc\/#website","url":"https:\/\/ww16.ce.gov.br\/crede08-seduc\/","name":"CREDE08-SEDUC","description":"Portal CREDE08-SEDUC","potentialAction":[{"@type":"SearchAction","target":{"@type":"EntryPoint","urlTemplate":"https:\/\/ww16.ce.gov.br\/crede08-seduc\/?s={search_term_string}"},"query-input":{"@type":"PropertyValueSpecification","valueRequired":true,"valueName":"search_term_string"}}],"inLanguage":"pt-BR"}]}},"_links":{"self":[{"href":"https:\/\/ww16.ce.gov.br\/crede08-seduc\/wp-json\/wp\/v2\/pages\/5655","targetHints":{"allow":["GET"]}}],"collection":[{"href":"https:\/\/ww16.ce.gov.br\/crede08-seduc\/wp-json\/wp\/v2\/pages"}],"about":[{"href":"https:\/\/ww16.ce.gov.br\/crede08-seduc\/wp-json\/wp\/v2\/types\/page"}],"author":[{"embeddable":true,"href":"https:\/\/ww16.ce.gov.br\/crede08-seduc\/wp-json\/wp\/v2\/users\/518"}],"replies":[{"embeddable":true,"href":"https:\/\/ww16.ce.gov.br\/crede08-seduc\/wp-json\/wp\/v2\/comments?post=5655"}],"version-history":[{"count":18,"href":"https:\/\/ww16.ce.gov.br\/crede08-seduc\/wp-json\/wp\/v2\/pages\/5655\/revisions"}],"predecessor-version":[{"id":13201,"href":"https:\/\/ww16.ce.gov.br\/crede08-seduc\/wp-json\/wp\/v2\/pages\/5655\/revisions\/13201"}],"wp:attachment":[{"href":"https:\/\/ww16.ce.gov.br\/crede08-seduc\/wp-json\/wp\/v2\/media?parent=5655"}],"curies":[{"name":"wp","href":"https:\/\/api.w.org\/{rel}","templated":true}]}}