{"id":5653,"date":"2021-10-14T15:12:27","date_gmt":"2021-10-14T18:12:27","guid":{"rendered":"http:\/\/www.crede08.seduc.ce.gov.br\/?page_id=5653"},"modified":"2025-08-05T14:49:02","modified_gmt":"2025-08-05T17:49:02","slug":"ocara","status":"publish","type":"page","link":"https:\/\/ww16.ce.gov.br\/crede08-seduc\/ocara\/","title":{"rendered":"Ocara"},"content":{"rendered":"<p>Ocara \u00e9 um munic\u00edpio brasileiro do estado do Cear\u00e1, localizado na mesorregi\u00e3o Norte cearense e na Microrregi\u00e3o de Chorozinho. A popula\u00e7\u00e3o estimada em 2015 era de 25.123 habitantes. \u00c9 um dos munic\u00edpios mais novos do Cear\u00e1, tendo se emancipado politicamente em 1987.<\/p>\n<p>O top\u00f4nimo Ocara vem do tupi-guarani e significa palco, terreiro ou terra\u00e7o de aldeia ou taba. Sua denomina\u00e7\u00e3o original era Jurema e, desde 1943, Ocara.<\/p>\n<p>&nbsp;<\/p>\n<h4><strong>Anivers\u00e1rio e Hino<\/strong><\/h4>\n<ul class=\"ListaEst col4\">\n<li><a href=\"https:\/\/www.youtube.com\/watch?v=OXnV7twIxm8&amp;list=PL4hb7TMNpQ9MqQYWMkd0auEhZm5z-nzJi&amp;index=10&amp;ab_channel=GovernodoCear%C3%A1\" target=\"_blank\" rel=\"noopener\">Ocara<\/a><\/li>\n<\/ul>\n<h4 class=\"-Title\"><b>Site do Munic\u00edpio <\/b><\/h4>\n<ul class=\"ListaEst col4\">\n<li><a href=\"https:\/\/www.ocara.ce.gov.br\/\" target=\"_blank\" rel=\"noopener\">P\u00e1gina<\/a><\/li>\n<\/ul>\n<h4 class=\"-Title\"><b>Geolocaliza\u00e7\u00e3o<\/b><\/h4>\n<ul class=\"ListaEst col4\">\n<li><a href=\"https:\/\/www.google.com\/maps\/d\/u\/0\/viewer?mid=12Lrod9H3S5YCedTW2jHDcdvUAHiQBnw&amp;ll=-4.224286000000018%2C-38.70335500000001&amp;z=11\" target=\"_blank\" rel=\"noopener\"> Mapa<\/a><\/li>\n<\/ul>\n<p><strong><a href=\"https:\/\/www.crede08.seduc.ce.gov.br\/wp-content\/uploads\/sites\/109\/2024\/02\/Prancheta-10@4x.png\"><img loading=\"lazy\" decoding=\"async\" class=\"wp-image-10900 alignleft\" src=\"https:\/\/www.crede08.seduc.ce.gov.br\/wp-content\/uploads\/sites\/109\/2024\/02\/Prancheta-10@4x.png\" alt=\"\" width=\"380\" height=\"380\" \/><\/a><\/strong><\/p>\n<p>&nbsp;<\/p>\n<p><strong>PREFEITO(A)<\/strong><br \/>\nLEONILDO PEIXOTO FARIAS<\/p>\n<p><strong>VICE-PREFEITO(A)<\/strong><br \/>\n&#8230;..<\/p>\n<p>&nbsp;<\/p>\n<h3><\/h3>\n<h3><\/h3>\n<h3><\/h3>\n<h3><\/h3>\n<h3><\/h3>\n<h3><\/h3>\n<h3><\/h3>\n<h3>INFORMA\u00c7\u00d5ES DA(S) UNIDADE(S) ESCOLAR(ES) DO MUNIC\u00cdPIO:<\/h3>\n<table width=\"934\">\n<tbody>\n<tr>\n<th><span style=\"font-size: 16px;letter-spacing: normal\">INEP<\/span><\/th>\n<th><span style=\"font-size: 16px;letter-spacing: normal\">MUNIC\u00cdPIO<\/span><\/th>\n<th><span style=\"font-size: 16px;letter-spacing: normal\">ESCOLA<\/span><\/th>\n<th><span style=\"font-size: 16px;letter-spacing: normal\">TEL ESCOLA<\/span><\/th>\n<th><span style=\"font-size: 16px;letter-spacing: normal\">DIRETOR<\/span><\/th>\n<th><span style=\"font-size: 16px;letter-spacing: normal\">E-MAIL INSTITUCIONAL<\/span><\/th>\n<\/tr>\n<tr>\n<td><span style=\"font-size: 16px;letter-spacing: normal\">23057793<\/span><\/td>\n<td rowspan=\"4\"><span style=\"font-size: 16px;letter-spacing: normal\">OCARA<\/span><\/td>\n<td><span style=\"font-size: 16px;letter-spacing: normal\">EEM ALMIR PINTO<\/span><\/td>\n<td width=\"143\"><span style=\"font-size: 16px;letter-spacing: normal\">(85) 3322-1951<\/span><\/td>\n<td width=\"153\"><span style=\"font-size: 16px;letter-spacing: normal\">MANOEL LINS PEREIRA<\/span><\/td>\n<td><a style=\"font-size: 16px;letter-spacing: normal\">apinto@escola.ce.gov.br<\/a><\/td>\n<\/tr>\n<tr>\n<td><span style=\"font-size: 16px;letter-spacing: normal\">23252383<\/span><\/td>\n<td><span style=\"font-size: 16px;letter-spacing: normal\">EEM JOSEFA CLEMENTINO FERREIRA<\/span><\/td>\n<td width=\"143\"><span style=\"font-size: 16px;letter-spacing: normal\">(85) 99107-3211<\/span><\/td>\n<td width=\"153\"><span style=\"font-size: 16px;letter-spacing: normal\">FRANCISCO JOS\u00c9 FRANCELINO DE OLIVEIRA<\/span><\/td>\n<td><a style=\"font-size: 16px;letter-spacing: normal\">josefaclementino@escola.ce.gov.br<\/a><\/td>\n<\/tr>\n<tr>\n<td><span style=\"font-size: 16px;letter-spacing: normal\">23274107<\/span><\/td>\n<td><span style=\"font-size: 16px;letter-spacing: normal\">EEEP MARIA MOSA DA SILVA<\/span><\/td>\n<td width=\"143\"><span style=\"font-size: 16px;letter-spacing: normal\">(85) 99444-3021<\/span><\/td>\n<td width=\"153\"><span style=\"font-size: 16px;letter-spacing: normal\">TECIA C\u00c2NDIDO DE OLIVEIRA<\/span><\/td>\n<td><a style=\"font-size: 16px;letter-spacing: normal\">eeepmariamosa@escola.ce.gov.br<\/a><\/td>\n<\/tr>\n<tr>\n<td><span style=\"font-size: 16px;letter-spacing: normal\">23268310<\/span><\/td>\n<td><span style=\"font-size: 16px;letter-spacing: normal\">EEMPC FRANCISCA PINTO DOS SANTOS<\/span><\/td>\n<td width=\"143\"><span style=\"font-size: 16px;letter-spacing: normal\">(85) 9 9134-2746 <\/span><\/td>\n<td width=\"153\"><span style=\"font-size: 16px;letter-spacing: normal\">K\u00c9RLIA DE OLIVEIRA NICOLAU<\/span><\/td>\n<td><a style=\"font-size: 16px;letter-spacing: normal\">eemfpintodossantos@escola.ce.gov.br<\/a><\/td>\n<\/tr>\n<\/tbody>\n<\/table>\n","protected":false},"excerpt":{"rendered":"<p>Ocara \u00e9 um munic\u00edpio brasileiro do estado do Cear\u00e1, localizado na mesorregi\u00e3o Norte cearense e na Microrregi\u00e3o de Chorozinho. A popula\u00e7\u00e3o estimada em 2015 era de 25.123 habitantes. \u00c9 um dos munic\u00edpios mais novos do Cear\u00e1, tendo se emancipado politicamente em 1987. O top\u00f4nimo Ocara vem do tupi-guarani e significa palco, terreiro ou terra\u00e7o de [&hellip;]<\/p>\n","protected":false},"author":518,"featured_media":0,"parent":0,"menu_order":0,"comment_status":"closed","ping_status":"closed","template":"","meta":{"_acf_changed":false,"inline_featured_image":false,"footnotes":""},"class_list":["post-5653","page","type-page","status-publish","hentry"],"acf":[],"yoast_head":"<!-- This site is optimized with the Yoast SEO plugin v26.9 - https:\/\/yoast.com\/product\/yoast-seo-wordpress\/ -->\n<title>Ocara - CREDE08-SEDUC<\/title>\n<meta name=\"robots\" content=\"index, follow, max-snippet:-1, max-image-preview:large, max-video-preview:-1\" \/>\n<link rel=\"canonical\" href=\"https:\/\/ww16.ce.gov.br\/crede08-seduc\/ocara\/\" \/>\n<meta property=\"og:locale\" content=\"pt_BR\" \/>\n<meta property=\"og:type\" content=\"article\" \/>\n<meta property=\"og:title\" content=\"Ocara - CREDE08-SEDUC\" \/>\n<meta property=\"og:description\" content=\"Ocara \u00e9 um munic\u00edpio brasileiro do estado do Cear\u00e1, localizado na mesorregi\u00e3o Norte cearense e na Microrregi\u00e3o de Chorozinho. A popula\u00e7\u00e3o estimada em 2015 era de 25.123 habitantes. \u00c9 um dos munic\u00edpios mais novos do Cear\u00e1, tendo se emancipado politicamente em 1987. O top\u00f4nimo Ocara vem do tupi-guarani e significa palco, terreiro ou terra\u00e7o de [&hellip;]\" \/>\n<meta property=\"og:url\" content=\"https:\/\/ww16.ce.gov.br\/crede08-seduc\/ocara\/\" \/>\n<meta property=\"og:site_name\" content=\"CREDE08-SEDUC\" \/>\n<meta property=\"article:modified_time\" content=\"2025-08-05T17:49:02+00:00\" \/>\n<meta property=\"og:image\" content=\"http:\/\/www.crede08.seduc.ce.gov.br\/wp-content\/uploads\/sites\/109\/2024\/02\/Prancheta-10@4x.png\" \/>\n<meta name=\"twitter:card\" content=\"summary_large_image\" \/>\n<meta name=\"twitter:label1\" content=\"Est. reading time\" \/>\n\t<meta name=\"twitter:data1\" content=\"2 minutos\" \/>\n<script type=\"application\/ld+json\" class=\"yoast-schema-graph\">{\"@context\":\"https:\/\/schema.org\",\"@graph\":[{\"@type\":\"WebPage\",\"@id\":\"https:\/\/ww16.ce.gov.br\/crede08-seduc\/ocara\/\",\"url\":\"https:\/\/ww16.ce.gov.br\/crede08-seduc\/ocara\/\",\"name\":\"Ocara - CREDE08-SEDUC\",\"isPartOf\":{\"@id\":\"https:\/\/ww16.ce.gov.br\/crede08-seduc\/#website\"},\"primaryImageOfPage\":{\"@id\":\"https:\/\/ww16.ce.gov.br\/crede08-seduc\/ocara\/#primaryimage\"},\"image\":{\"@id\":\"https:\/\/ww16.ce.gov.br\/crede08-seduc\/ocara\/#primaryimage\"},\"thumbnailUrl\":\"http:\/\/www.crede08.seduc.ce.gov.br\/wp-content\/uploads\/sites\/109\/2024\/02\/Prancheta-10@4x.png\",\"datePublished\":\"2021-10-14T18:12:27+00:00\",\"dateModified\":\"2025-08-05T17:49:02+00:00\",\"breadcrumb\":{\"@id\":\"https:\/\/ww16.ce.gov.br\/crede08-seduc\/ocara\/#breadcrumb\"},\"inLanguage\":\"pt-BR\",\"potentialAction\":[{\"@type\":\"ReadAction\",\"target\":[\"https:\/\/ww16.ce.gov.br\/crede08-seduc\/ocara\/\"]}]},{\"@type\":\"ImageObject\",\"inLanguage\":\"pt-BR\",\"@id\":\"https:\/\/ww16.ce.gov.br\/crede08-seduc\/ocara\/#primaryimage\",\"url\":\"http:\/\/www.crede08.seduc.ce.gov.br\/wp-content\/uploads\/sites\/109\/2024\/02\/Prancheta-10@4x.png\",\"contentUrl\":\"http:\/\/www.crede08.seduc.ce.gov.br\/wp-content\/uploads\/sites\/109\/2024\/02\/Prancheta-10@4x.png\"},{\"@type\":\"BreadcrumbList\",\"@id\":\"https:\/\/ww16.ce.gov.br\/crede08-seduc\/ocara\/#breadcrumb\",\"itemListElement\":[{\"@type\":\"ListItem\",\"position\":1,\"name\":\"In\u00edcio\",\"item\":\"https:\/\/ww16.ce.gov.br\/crede08-seduc\/\"},{\"@type\":\"ListItem\",\"position\":2,\"name\":\"Ocara\"}]},{\"@type\":\"WebSite\",\"@id\":\"https:\/\/ww16.ce.gov.br\/crede08-seduc\/#website\",\"url\":\"https:\/\/ww16.ce.gov.br\/crede08-seduc\/\",\"name\":\"CREDE08-SEDUC\",\"description\":\"Portal CREDE08-SEDUC\",\"potentialAction\":[{\"@type\":\"SearchAction\",\"target\":{\"@type\":\"EntryPoint\",\"urlTemplate\":\"https:\/\/ww16.ce.gov.br\/crede08-seduc\/?s={search_term_string}\"},\"query-input\":{\"@type\":\"PropertyValueSpecification\",\"valueRequired\":true,\"valueName\":\"search_term_string\"}}],\"inLanguage\":\"pt-BR\"}]}<\/script>\n<!-- \/ Yoast SEO plugin. -->","yoast_head_json":{"title":"Ocara - CREDE08-SEDUC","robots":{"index":"index","follow":"follow","max-snippet":"max-snippet:-1","max-image-preview":"max-image-preview:large","max-video-preview":"max-video-preview:-1"},"canonical":"https:\/\/ww16.ce.gov.br\/crede08-seduc\/ocara\/","og_locale":"pt_BR","og_type":"article","og_title":"Ocara - CREDE08-SEDUC","og_description":"Ocara \u00e9 um munic\u00edpio brasileiro do estado do Cear\u00e1, localizado na mesorregi\u00e3o Norte cearense e na Microrregi\u00e3o de Chorozinho. A popula\u00e7\u00e3o estimada em 2015 era de 25.123 habitantes. \u00c9 um dos munic\u00edpios mais novos do Cear\u00e1, tendo se emancipado politicamente em 1987. O top\u00f4nimo Ocara vem do tupi-guarani e significa palco, terreiro ou terra\u00e7o de [&hellip;]","og_url":"https:\/\/ww16.ce.gov.br\/crede08-seduc\/ocara\/","og_site_name":"CREDE08-SEDUC","article_modified_time":"2025-08-05T17:49:02+00:00","og_image":[{"url":"http:\/\/www.crede08.seduc.ce.gov.br\/wp-content\/uploads\/sites\/109\/2024\/02\/Prancheta-10@4x.png","type":"","width":"","height":""}],"twitter_card":"summary_large_image","twitter_misc":{"Est. reading time":"2 minutos"},"schema":{"@context":"https:\/\/schema.org","@graph":[{"@type":"WebPage","@id":"https:\/\/ww16.ce.gov.br\/crede08-seduc\/ocara\/","url":"https:\/\/ww16.ce.gov.br\/crede08-seduc\/ocara\/","name":"Ocara - CREDE08-SEDUC","isPartOf":{"@id":"https:\/\/ww16.ce.gov.br\/crede08-seduc\/#website"},"primaryImageOfPage":{"@id":"https:\/\/ww16.ce.gov.br\/crede08-seduc\/ocara\/#primaryimage"},"image":{"@id":"https:\/\/ww16.ce.gov.br\/crede08-seduc\/ocara\/#primaryimage"},"thumbnailUrl":"http:\/\/www.crede08.seduc.ce.gov.br\/wp-content\/uploads\/sites\/109\/2024\/02\/Prancheta-10@4x.png","datePublished":"2021-10-14T18:12:27+00:00","dateModified":"2025-08-05T17:49:02+00:00","breadcrumb":{"@id":"https:\/\/ww16.ce.gov.br\/crede08-seduc\/ocara\/#breadcrumb"},"inLanguage":"pt-BR","potentialAction":[{"@type":"ReadAction","target":["https:\/\/ww16.ce.gov.br\/crede08-seduc\/ocara\/"]}]},{"@type":"ImageObject","inLanguage":"pt-BR","@id":"https:\/\/ww16.ce.gov.br\/crede08-seduc\/ocara\/#primaryimage","url":"http:\/\/www.crede08.seduc.ce.gov.br\/wp-content\/uploads\/sites\/109\/2024\/02\/Prancheta-10@4x.png","contentUrl":"http:\/\/www.crede08.seduc.ce.gov.br\/wp-content\/uploads\/sites\/109\/2024\/02\/Prancheta-10@4x.png"},{"@type":"BreadcrumbList","@id":"https:\/\/ww16.ce.gov.br\/crede08-seduc\/ocara\/#breadcrumb","itemListElement":[{"@type":"ListItem","position":1,"name":"In\u00edcio","item":"https:\/\/ww16.ce.gov.br\/crede08-seduc\/"},{"@type":"ListItem","position":2,"name":"Ocara"}]},{"@type":"WebSite","@id":"https:\/\/ww16.ce.gov.br\/crede08-seduc\/#website","url":"https:\/\/ww16.ce.gov.br\/crede08-seduc\/","name":"CREDE08-SEDUC","description":"Portal CREDE08-SEDUC","potentialAction":[{"@type":"SearchAction","target":{"@type":"EntryPoint","urlTemplate":"https:\/\/ww16.ce.gov.br\/crede08-seduc\/?s={search_term_string}"},"query-input":{"@type":"PropertyValueSpecification","valueRequired":true,"valueName":"search_term_string"}}],"inLanguage":"pt-BR"}]}},"_links":{"self":[{"href":"https:\/\/ww16.ce.gov.br\/crede08-seduc\/wp-json\/wp\/v2\/pages\/5653","targetHints":{"allow":["GET"]}}],"collection":[{"href":"https:\/\/ww16.ce.gov.br\/crede08-seduc\/wp-json\/wp\/v2\/pages"}],"about":[{"href":"https:\/\/ww16.ce.gov.br\/crede08-seduc\/wp-json\/wp\/v2\/types\/page"}],"author":[{"embeddable":true,"href":"https:\/\/ww16.ce.gov.br\/crede08-seduc\/wp-json\/wp\/v2\/users\/518"}],"replies":[{"embeddable":true,"href":"https:\/\/ww16.ce.gov.br\/crede08-seduc\/wp-json\/wp\/v2\/comments?post=5653"}],"version-history":[{"count":16,"href":"https:\/\/ww16.ce.gov.br\/crede08-seduc\/wp-json\/wp\/v2\/pages\/5653\/revisions"}],"predecessor-version":[{"id":14047,"href":"https:\/\/ww16.ce.gov.br\/crede08-seduc\/wp-json\/wp\/v2\/pages\/5653\/revisions\/14047"}],"wp:attachment":[{"href":"https:\/\/ww16.ce.gov.br\/crede08-seduc\/wp-json\/wp\/v2\/media?parent=5653"}],"curies":[{"name":"wp","href":"https:\/\/api.w.org\/{rel}","templated":true}]}}