{"id":5651,"date":"2021-10-14T15:11:40","date_gmt":"2021-10-14T18:11:40","guid":{"rendered":"http:\/\/www.crede08.seduc.ce.gov.br\/?page_id=5651"},"modified":"2025-01-29T11:32:59","modified_gmt":"2025-01-29T14:32:59","slug":"mulungu","status":"publish","type":"page","link":"https:\/\/ww16.ce.gov.br\/crede08-seduc\/mulungu\/","title":{"rendered":"Mulungu"},"content":{"rendered":"<p>\u00c9 um munic\u00edpio brasileiro do estado do Cear\u00e1. Localiza-se a uma latitude 04\u00ba18&#8217;20&#8221; sul e a uma longitude 38\u00ba59&#8217;47&#8221; oeste, estando a uma altitude de 801 metros. Sua popula\u00e7\u00e3o estimada em 2021 foi de 11.056 habitantes. Possui uma \u00e1rea de 103,86 km\u00b2.<\/p>\n<p>&nbsp;<\/p>\n<p>Fica localizado no Maci\u00e7o de Baturit\u00e9, a 120Km de Fortaleza. Possui clima ameno, com temperatura m\u00e9dia de 20\u00ba. Faz parte do Polo Serra de Guaramiranga.<\/p>\n<p>&nbsp;<\/p>\n<p>&nbsp;<\/p>\n<h4><strong>Anivers\u00e1rio e Hino<\/strong><\/h4>\n<ul class=\"ListaEst col4\">\n<li><a href=\"https:\/\/www.youtube.com\/watch?v=uW-thd4Yolo&amp;list=PL4hb7TMNpQ9MqQYWMkd0auEhZm5z-nzJi&amp;index=9&amp;ab_channel=GovernodoCear%C3%A1\" target=\"_blank\" rel=\"noopener\">Mulungu<\/a><\/li>\n<\/ul>\n<h4 class=\"-Title\"><b>Site do Munic\u00edpio <\/b><\/h4>\n<ul class=\"ListaEst col4\">\n<li><a href=\"https:\/\/www.mulungu.ce.gov.br\/\" target=\"_blank\" rel=\"noopener\"> P\u00e1gina<\/a><\/li>\n<\/ul>\n<h4 class=\"-Title\"><b>Geolocaliza\u00e7\u00e3o<\/b><\/h4>\n<ul class=\"ListaEst col4\">\n<li><a href=\"https:\/\/www.google.com\/maps\/d\/u\/0\/viewer?mid=12Lrod9H3S5YCedTW2jHDcdvUAHiQBnw&amp;ll=-4.224286000000018%2C-38.70335500000001&amp;z=11\" target=\"_blank\" rel=\"noopener\">Mapa<\/a><\/li>\n<\/ul>\n<p><strong><a href=\"https:\/\/www.crede08.seduc.ce.gov.br\/wp-content\/uploads\/sites\/109\/2024\/02\/Prancheta-9@4x.png\"><img loading=\"lazy\" decoding=\"async\" class=\"wp-image-10900 alignleft\" src=\"https:\/\/www.crede08.seduc.ce.gov.br\/wp-content\/uploads\/sites\/109\/2024\/02\/Prancheta-9@4x.png\" alt=\"\" width=\"396\" height=\"396\" \/><\/a><\/strong><\/p>\n<p><strong>PREFEITO(A)<br \/>\n<\/strong>LUCAS ARRUDA MARTINS<\/p>\n<p><strong>VICE-PREFEITO(A)<\/strong><br \/>\n&#8230;<\/p>\n<p>&nbsp;<\/p>\n<p>&nbsp;<\/p>\n<p>&nbsp;<\/p>\n<p>&nbsp;<\/p>\n<p>&nbsp;<\/p>\n<p>&nbsp;<\/p>\n<p>&nbsp;<\/p>\n<p>&nbsp;<\/p>\n<p>&nbsp;<\/p>\n<p>&nbsp;<\/p>\n<p>&nbsp;<\/p>\n<p>&nbsp;<\/p>\n<p>&nbsp;<\/p>\n<p>&nbsp;<\/p>\n<h3>INFORMA\u00c7\u00d5ES DA(S) UNIDADE(S) ESCOLAR(ES) DO MUNIC\u00cdPIO:<\/h3>\n<p><span style=\"font-size: 18px;letter-spacing: normal\">INEP<\/span><span style=\"font-size: 18px;letter-spacing: normal\">MUNIC\u00cdPIO<\/span><span style=\"font-size: 18px;letter-spacing: normal\">ESCOLA<\/span><span style=\"font-size: 18px;letter-spacing: normal\">TEL. ESCOLA<\/span><span style=\"font-size: 18px;letter-spacing: normal\">DIRETOR(A)<\/span><span style=\"font-size: 18px;letter-spacing: normal\">E-MAIL INSTITUCIONAL<\/span><\/p>\n<table width=\"920\">\n<tbody>\n<tr>\n<td><span style=\"font-size: 16px;letter-spacing: normal\">23055693<\/span><\/td>\n<td><span style=\"font-size: 16px;letter-spacing: normal\">MULUNGU<\/span><\/td>\n<td><span style=\"font-size: 16px;letter-spacing: normal\">EEM PROF. MILTON FA\u00c7ANHA ABREU<\/span><\/td>\n<td><span style=\"font-size: 16px;letter-spacing: normal\">(85) 3328-1961<\/span><\/td>\n<td><span style=\"font-size: 16px;letter-spacing: normal\">LUIZ DE FRAN\u00c7A LEITAO ARRUDA<\/span><\/td>\n<td><a style=\"font-size: 16px;letter-spacing: normal\">miltonfacanha@escola.ce.gov.br<\/a><\/td>\n<\/tr>\n<\/tbody>\n<\/table>\n","protected":false},"excerpt":{"rendered":"<p>\u00c9 um munic\u00edpio brasileiro do estado do Cear\u00e1. Localiza-se a uma latitude 04\u00ba18&#8217;20&#8221; sul e a uma longitude 38\u00ba59&#8217;47&#8221; oeste, estando a uma altitude de 801 metros. Sua popula\u00e7\u00e3o estimada em 2021 foi de 11.056 habitantes. Possui uma \u00e1rea de 103,86 km\u00b2. &nbsp; Fica localizado no Maci\u00e7o de Baturit\u00e9, a 120Km de Fortaleza. Possui clima [&hellip;]<\/p>\n","protected":false},"author":518,"featured_media":0,"parent":0,"menu_order":0,"comment_status":"closed","ping_status":"closed","template":"","meta":{"_acf_changed":false,"inline_featured_image":false,"footnotes":""},"class_list":["post-5651","page","type-page","status-publish","hentry"],"acf":[],"yoast_head":"<!-- This site is optimized with the Yoast SEO plugin v26.9 - https:\/\/yoast.com\/product\/yoast-seo-wordpress\/ -->\n<title>Mulungu - CREDE08-SEDUC<\/title>\n<meta name=\"robots\" content=\"index, follow, max-snippet:-1, max-image-preview:large, max-video-preview:-1\" \/>\n<link rel=\"canonical\" href=\"https:\/\/ww16.ce.gov.br\/crede08-seduc\/mulungu\/\" \/>\n<meta property=\"og:locale\" content=\"pt_BR\" \/>\n<meta property=\"og:type\" content=\"article\" \/>\n<meta property=\"og:title\" content=\"Mulungu - CREDE08-SEDUC\" \/>\n<meta property=\"og:description\" content=\"\u00c9 um munic\u00edpio brasileiro do estado do Cear\u00e1. Localiza-se a uma latitude 04\u00ba18&#8217;20&#8221; sul e a uma longitude 38\u00ba59&#8217;47&#8221; oeste, estando a uma altitude de 801 metros. Sua popula\u00e7\u00e3o estimada em 2021 foi de 11.056 habitantes. Possui uma \u00e1rea de 103,86 km\u00b2. &nbsp; Fica localizado no Maci\u00e7o de Baturit\u00e9, a 120Km de Fortaleza. Possui clima [&hellip;]\" \/>\n<meta property=\"og:url\" content=\"https:\/\/ww16.ce.gov.br\/crede08-seduc\/mulungu\/\" \/>\n<meta property=\"og:site_name\" content=\"CREDE08-SEDUC\" \/>\n<meta property=\"article:modified_time\" content=\"2025-01-29T14:32:59+00:00\" \/>\n<meta property=\"og:image\" content=\"http:\/\/www.crede08.seduc.ce.gov.br\/wp-content\/uploads\/sites\/109\/2024\/02\/Prancheta-9@4x.png\" \/>\n<meta name=\"twitter:card\" content=\"summary_large_image\" \/>\n<meta name=\"twitter:label1\" content=\"Est. reading time\" \/>\n\t<meta name=\"twitter:data1\" content=\"1 minuto\" \/>\n<script type=\"application\/ld+json\" class=\"yoast-schema-graph\">{\"@context\":\"https:\/\/schema.org\",\"@graph\":[{\"@type\":\"WebPage\",\"@id\":\"https:\/\/ww16.ce.gov.br\/crede08-seduc\/mulungu\/\",\"url\":\"https:\/\/ww16.ce.gov.br\/crede08-seduc\/mulungu\/\",\"name\":\"Mulungu - CREDE08-SEDUC\",\"isPartOf\":{\"@id\":\"https:\/\/ww16.ce.gov.br\/crede08-seduc\/#website\"},\"primaryImageOfPage\":{\"@id\":\"https:\/\/ww16.ce.gov.br\/crede08-seduc\/mulungu\/#primaryimage\"},\"image\":{\"@id\":\"https:\/\/ww16.ce.gov.br\/crede08-seduc\/mulungu\/#primaryimage\"},\"thumbnailUrl\":\"http:\/\/www.crede08.seduc.ce.gov.br\/wp-content\/uploads\/sites\/109\/2024\/02\/Prancheta-9@4x.png\",\"datePublished\":\"2021-10-14T18:11:40+00:00\",\"dateModified\":\"2025-01-29T14:32:59+00:00\",\"breadcrumb\":{\"@id\":\"https:\/\/ww16.ce.gov.br\/crede08-seduc\/mulungu\/#breadcrumb\"},\"inLanguage\":\"pt-BR\",\"potentialAction\":[{\"@type\":\"ReadAction\",\"target\":[\"https:\/\/ww16.ce.gov.br\/crede08-seduc\/mulungu\/\"]}]},{\"@type\":\"ImageObject\",\"inLanguage\":\"pt-BR\",\"@id\":\"https:\/\/ww16.ce.gov.br\/crede08-seduc\/mulungu\/#primaryimage\",\"url\":\"http:\/\/www.crede08.seduc.ce.gov.br\/wp-content\/uploads\/sites\/109\/2024\/02\/Prancheta-9@4x.png\",\"contentUrl\":\"http:\/\/www.crede08.seduc.ce.gov.br\/wp-content\/uploads\/sites\/109\/2024\/02\/Prancheta-9@4x.png\"},{\"@type\":\"BreadcrumbList\",\"@id\":\"https:\/\/ww16.ce.gov.br\/crede08-seduc\/mulungu\/#breadcrumb\",\"itemListElement\":[{\"@type\":\"ListItem\",\"position\":1,\"name\":\"In\u00edcio\",\"item\":\"https:\/\/ww16.ce.gov.br\/crede08-seduc\/\"},{\"@type\":\"ListItem\",\"position\":2,\"name\":\"Mulungu\"}]},{\"@type\":\"WebSite\",\"@id\":\"https:\/\/ww16.ce.gov.br\/crede08-seduc\/#website\",\"url\":\"https:\/\/ww16.ce.gov.br\/crede08-seduc\/\",\"name\":\"CREDE08-SEDUC\",\"description\":\"Portal CREDE08-SEDUC\",\"potentialAction\":[{\"@type\":\"SearchAction\",\"target\":{\"@type\":\"EntryPoint\",\"urlTemplate\":\"https:\/\/ww16.ce.gov.br\/crede08-seduc\/?s={search_term_string}\"},\"query-input\":{\"@type\":\"PropertyValueSpecification\",\"valueRequired\":true,\"valueName\":\"search_term_string\"}}],\"inLanguage\":\"pt-BR\"}]}<\/script>\n<!-- \/ Yoast SEO plugin. -->","yoast_head_json":{"title":"Mulungu - CREDE08-SEDUC","robots":{"index":"index","follow":"follow","max-snippet":"max-snippet:-1","max-image-preview":"max-image-preview:large","max-video-preview":"max-video-preview:-1"},"canonical":"https:\/\/ww16.ce.gov.br\/crede08-seduc\/mulungu\/","og_locale":"pt_BR","og_type":"article","og_title":"Mulungu - CREDE08-SEDUC","og_description":"\u00c9 um munic\u00edpio brasileiro do estado do Cear\u00e1. Localiza-se a uma latitude 04\u00ba18&#8217;20&#8221; sul e a uma longitude 38\u00ba59&#8217;47&#8221; oeste, estando a uma altitude de 801 metros. Sua popula\u00e7\u00e3o estimada em 2021 foi de 11.056 habitantes. Possui uma \u00e1rea de 103,86 km\u00b2. &nbsp; Fica localizado no Maci\u00e7o de Baturit\u00e9, a 120Km de Fortaleza. Possui clima [&hellip;]","og_url":"https:\/\/ww16.ce.gov.br\/crede08-seduc\/mulungu\/","og_site_name":"CREDE08-SEDUC","article_modified_time":"2025-01-29T14:32:59+00:00","og_image":[{"url":"http:\/\/www.crede08.seduc.ce.gov.br\/wp-content\/uploads\/sites\/109\/2024\/02\/Prancheta-9@4x.png","type":"","width":"","height":""}],"twitter_card":"summary_large_image","twitter_misc":{"Est. reading time":"1 minuto"},"schema":{"@context":"https:\/\/schema.org","@graph":[{"@type":"WebPage","@id":"https:\/\/ww16.ce.gov.br\/crede08-seduc\/mulungu\/","url":"https:\/\/ww16.ce.gov.br\/crede08-seduc\/mulungu\/","name":"Mulungu - CREDE08-SEDUC","isPartOf":{"@id":"https:\/\/ww16.ce.gov.br\/crede08-seduc\/#website"},"primaryImageOfPage":{"@id":"https:\/\/ww16.ce.gov.br\/crede08-seduc\/mulungu\/#primaryimage"},"image":{"@id":"https:\/\/ww16.ce.gov.br\/crede08-seduc\/mulungu\/#primaryimage"},"thumbnailUrl":"http:\/\/www.crede08.seduc.ce.gov.br\/wp-content\/uploads\/sites\/109\/2024\/02\/Prancheta-9@4x.png","datePublished":"2021-10-14T18:11:40+00:00","dateModified":"2025-01-29T14:32:59+00:00","breadcrumb":{"@id":"https:\/\/ww16.ce.gov.br\/crede08-seduc\/mulungu\/#breadcrumb"},"inLanguage":"pt-BR","potentialAction":[{"@type":"ReadAction","target":["https:\/\/ww16.ce.gov.br\/crede08-seduc\/mulungu\/"]}]},{"@type":"ImageObject","inLanguage":"pt-BR","@id":"https:\/\/ww16.ce.gov.br\/crede08-seduc\/mulungu\/#primaryimage","url":"http:\/\/www.crede08.seduc.ce.gov.br\/wp-content\/uploads\/sites\/109\/2024\/02\/Prancheta-9@4x.png","contentUrl":"http:\/\/www.crede08.seduc.ce.gov.br\/wp-content\/uploads\/sites\/109\/2024\/02\/Prancheta-9@4x.png"},{"@type":"BreadcrumbList","@id":"https:\/\/ww16.ce.gov.br\/crede08-seduc\/mulungu\/#breadcrumb","itemListElement":[{"@type":"ListItem","position":1,"name":"In\u00edcio","item":"https:\/\/ww16.ce.gov.br\/crede08-seduc\/"},{"@type":"ListItem","position":2,"name":"Mulungu"}]},{"@type":"WebSite","@id":"https:\/\/ww16.ce.gov.br\/crede08-seduc\/#website","url":"https:\/\/ww16.ce.gov.br\/crede08-seduc\/","name":"CREDE08-SEDUC","description":"Portal CREDE08-SEDUC","potentialAction":[{"@type":"SearchAction","target":{"@type":"EntryPoint","urlTemplate":"https:\/\/ww16.ce.gov.br\/crede08-seduc\/?s={search_term_string}"},"query-input":{"@type":"PropertyValueSpecification","valueRequired":true,"valueName":"search_term_string"}}],"inLanguage":"pt-BR"}]}},"_links":{"self":[{"href":"https:\/\/ww16.ce.gov.br\/crede08-seduc\/wp-json\/wp\/v2\/pages\/5651","targetHints":{"allow":["GET"]}}],"collection":[{"href":"https:\/\/ww16.ce.gov.br\/crede08-seduc\/wp-json\/wp\/v2\/pages"}],"about":[{"href":"https:\/\/ww16.ce.gov.br\/crede08-seduc\/wp-json\/wp\/v2\/types\/page"}],"author":[{"embeddable":true,"href":"https:\/\/ww16.ce.gov.br\/crede08-seduc\/wp-json\/wp\/v2\/users\/518"}],"replies":[{"embeddable":true,"href":"https:\/\/ww16.ce.gov.br\/crede08-seduc\/wp-json\/wp\/v2\/comments?post=5651"}],"version-history":[{"count":31,"href":"https:\/\/ww16.ce.gov.br\/crede08-seduc\/wp-json\/wp\/v2\/pages\/5651\/revisions"}],"predecessor-version":[{"id":13198,"href":"https:\/\/ww16.ce.gov.br\/crede08-seduc\/wp-json\/wp\/v2\/pages\/5651\/revisions\/13198"}],"wp:attachment":[{"href":"https:\/\/ww16.ce.gov.br\/crede08-seduc\/wp-json\/wp\/v2\/media?parent=5651"}],"curies":[{"name":"wp","href":"https:\/\/api.w.org\/{rel}","templated":true}]}}