{"id":5648,"date":"2021-10-14T15:10:45","date_gmt":"2021-10-14T18:10:45","guid":{"rendered":"http:\/\/www.crede08.seduc.ce.gov.br\/?page_id=5648"},"modified":"2025-01-29T11:30:41","modified_gmt":"2025-01-29T14:30:41","slug":"itapiuna","status":"publish","type":"page","link":"https:\/\/ww16.ce.gov.br\/crede08-seduc\/itapiuna\/","title":{"rendered":"Itapi\u00fana"},"content":{"rendered":"<p>\u00c9 um munic\u00edpio brasileiro do estado do Cear\u00e1.<br \/>\nItapi\u00fana, palavra de origem tupi, t\u00eam recebido muitos e confusos significados. O Dicion\u00e1rio Aur\u00e9lio &#8211; S\u00e9culo XXI (software vers\u00e3o 3.0, 1999) define Itapi\u00fana como &#8220;\u00e1rvore da fam\u00edlia das voquisi\u00e1ceas (Callisthene major), comum nos cerrados e matas secas do Brasil&#8221; [Do tupi; s.f.Bras.Bot.].<\/p>\n<p>Todavia, o nome que batiza a cidade deriva de ita\u00fana, seu nome at\u00e9 1958, alterado ap\u00f3s a emancipa\u00e7\u00e3o do munic\u00edpio. Segundo o Aur\u00e9lio, ita\u00fana \u00e9 &#8220;designa\u00e7\u00e3o comum a v\u00e1rias rochas negras, como o basalto, o diab\u00e1sio, o diorito, etc&#8221;. Para Silveira Bueno (s\/f), ita\u00fana significa a pedra negra, o lajeado preto.<\/p>\n<p>Nos anos 80, o advogado Apr\u00edgio Silva &#8211; morador da cidade &#8211; traduziu itapi\u00fana como &#8220;pedra pequena preta&#8221; (ita = pedra, pi = pequena, \u00fana = petra). A tradu\u00e7\u00e3o chegou a ser questionada, mas a confiar no Mini-Dicion\u00e1rio Tupi-Guarani (reproduzido no blog Povo de Aruanda) &#8216;pi&#8217; apresenta dois significados : mi\u00fado e caminho. Nesse sentido, poder\u00edamos traduzir o nome Itapi\u00fana como &#8220;pedra pequena preta&#8221; ou &#8220;caminho da pedra preta&#8221;.<\/p>\n<p>&nbsp;<\/p>\n<h4><strong>Anivers\u00e1rio e Hino<\/strong><\/h4>\n<ul class=\"ListaEst col4\">\n<li><a href=\"https:\/\/www.youtube.com\/watch?v=RJnBo7ORqwI&amp;list=PL4hb7TMNpQ9MqQYWMkd0auEhZm5z-nzJi&amp;index=8&amp;ab_channel=GovernodoCear%C3%A1\" target=\"_blank\" rel=\"noopener\">Itapi\u00fana<\/a><\/li>\n<\/ul>\n<h4 class=\"-Title\"><b>Site do Munic\u00edpio <\/b><\/h4>\n<ul class=\"ListaEst col4\">\n<li><a href=\"https:\/\/www.itapiuna.ce.gov.br\/\" target=\"_blank\" rel=\"noopener\"> P\u00e1gina<\/a><\/li>\n<\/ul>\n<h4 class=\"-Title\"><b>Geolocaliza\u00e7\u00e3o<\/b><\/h4>\n<ul class=\"ListaEst col4\">\n<li><a href=\"https:\/\/www.google.com\/maps\/d\/u\/0\/viewer?mid=12Lrod9H3S5YCedTW2jHDcdvUAHiQBnw&amp;ll=-4.224286000000018%2C-38.70335500000001&amp;z=11\" target=\"_blank\" rel=\"noopener\">Mapa<\/a><\/li>\n<\/ul>\n<p><a href=\"https:\/\/www.crede08.seduc.ce.gov.br\/wp-content\/uploads\/sites\/109\/2025\/01\/Ita.png\"><img loading=\"lazy\" decoding=\"async\" class=\"wp-image-13194 alignleft\" src=\"https:\/\/www.crede08.seduc.ce.gov.br\/wp-content\/uploads\/sites\/109\/2025\/01\/Ita-600x600.png\" alt=\"\" width=\"380\" height=\"380\" srcset=\"https:\/\/ww16.ce.gov.br\/crede08-seduc\/wp-content\/uploads\/sites\/109\/2025\/01\/Ita-600x600.png 600w, https:\/\/ww16.ce.gov.br\/crede08-seduc\/wp-content\/uploads\/sites\/109\/2025\/01\/Ita-1200x1200.png 1200w, https:\/\/ww16.ce.gov.br\/crede08-seduc\/wp-content\/uploads\/sites\/109\/2025\/01\/Ita-768x768.png 768w, https:\/\/ww16.ce.gov.br\/crede08-seduc\/wp-content\/uploads\/sites\/109\/2025\/01\/Ita-1536x1536.png 1536w, https:\/\/ww16.ce.gov.br\/crede08-seduc\/wp-content\/uploads\/sites\/109\/2025\/01\/Ita-2048x2048.png 2048w\" sizes=\"auto, (max-width: 380px) 100vw, 380px\" \/><\/a><\/p>\n<p>&nbsp;<\/p>\n<p><strong>PREFEITO(A)<\/strong><br \/>\nRAIMUNDO LOPES JUNIOR<\/p>\n<p><strong>VICE-PREFEITO(A)<\/strong><br \/>\n&#8230;..<\/p>\n<p>&nbsp;<\/p>\n<h3><\/h3>\n<h3><\/h3>\n<h3><\/h3>\n<h3><\/h3>\n<h3><\/h3>\n<h3><\/h3>\n<h3><\/h3>\n<h3><\/h3>\n<h3><\/h3>\n<h3>INFORMA\u00c7\u00d5ES DA(S) UNIDADE(S) ESCOLAR(ES) DO MUNIC\u00cdPIO:<\/h3>\n<table width=\"934\">\n<tbody>\n<tr>\n<th><span style=\"font-size: 16px;letter-spacing: normal\">INEP<\/span><\/th>\n<th><span style=\"font-size: 16px;letter-spacing: normal\">MUNIC\u00cdPIO<\/span><\/th>\n<th><span style=\"font-size: 16px;letter-spacing: normal\">ESCOLA<\/span><\/th>\n<th><span style=\"font-size: 16px;letter-spacing: normal\">TEL ESCOLA<\/span><\/th>\n<th><span style=\"font-size: 16px;letter-spacing: normal\">DIRETOR<\/span><\/th>\n<th><span style=\"font-size: 16px;letter-spacing: normal\">E-MAIL INSTITUCIONAL<\/span><\/th>\n<\/tr>\n<tr>\n<td><span style=\"font-size: 16px;letter-spacing: normal\">23246642<\/span><\/td>\n<td rowspan=\"2\"><span style=\"font-size: 16px;letter-spacing: normal;text-align: center\">ITAPI\u00daNA<\/span><\/td>\n<td><span style=\"font-size: 16px;letter-spacing: normal\">EEM VER. EDIMAR MARTINS DA CUNHA<\/span><\/td>\n<td width=\"143\"><span style=\"font-size: 16px;letter-spacing: normal\">(88) 3431-2023<\/span><\/td>\n<td width=\"153\"><span style=\"font-size: 16px;letter-spacing: normal\">SIDCLEI GONDIM DOS SANTOS<\/span><\/td>\n<td><a style=\"font-size: 16px;letter-spacing: normal\">emartins@escola.ce.gov.br<\/a><\/td>\n<\/tr>\n<tr>\n<td><span style=\"font-size: 16px;letter-spacing: normal\">23054808<\/span><\/td>\n<td><span style=\"font-size: 16px;letter-spacing: normal\">EEM FRANKLIN T\u00c1VORA<\/span><\/td>\n<td width=\"143\"><span style=\"font-size: 16px;letter-spacing: normal\">(88) 3431-1022<\/span><\/td>\n<td width=\"153\"><span style=\"font-size: 16px;letter-spacing: normal\">JOS\u00c9 IVANILDO COSTA<\/span><\/td>\n<td><a style=\"font-size: 16px;letter-spacing: normal\">franklintavora@escola.ce.gov.br<\/a><\/td>\n<\/tr>\n<\/tbody>\n<\/table>\n","protected":false},"excerpt":{"rendered":"<p>\u00c9 um munic\u00edpio brasileiro do estado do Cear\u00e1. Itapi\u00fana, palavra de origem tupi, t\u00eam recebido muitos e confusos significados. O Dicion\u00e1rio Aur\u00e9lio &#8211; S\u00e9culo XXI (software vers\u00e3o 3.0, 1999) define Itapi\u00fana como &#8220;\u00e1rvore da fam\u00edlia das voquisi\u00e1ceas (Callisthene major), comum nos cerrados e matas secas do Brasil&#8221; [Do tupi; s.f.Bras.Bot.]. Todavia, o nome que batiza [&hellip;]<\/p>\n","protected":false},"author":518,"featured_media":0,"parent":0,"menu_order":0,"comment_status":"closed","ping_status":"closed","template":"","meta":{"_acf_changed":false,"inline_featured_image":false,"footnotes":""},"class_list":["post-5648","page","type-page","status-publish","hentry"],"acf":[],"yoast_head":"<!-- This site is optimized with the Yoast SEO plugin v26.9 - https:\/\/yoast.com\/product\/yoast-seo-wordpress\/ -->\n<title>Itapi\u00fana - CREDE08-SEDUC<\/title>\n<meta name=\"robots\" content=\"index, follow, max-snippet:-1, max-image-preview:large, max-video-preview:-1\" \/>\n<link rel=\"canonical\" href=\"https:\/\/ww16.ce.gov.br\/crede08-seduc\/itapiuna\/\" \/>\n<meta property=\"og:locale\" content=\"pt_BR\" \/>\n<meta property=\"og:type\" content=\"article\" \/>\n<meta property=\"og:title\" content=\"Itapi\u00fana - CREDE08-SEDUC\" \/>\n<meta property=\"og:description\" content=\"\u00c9 um munic\u00edpio brasileiro do estado do Cear\u00e1. Itapi\u00fana, palavra de origem tupi, t\u00eam recebido muitos e confusos significados. O Dicion\u00e1rio Aur\u00e9lio &#8211; S\u00e9culo XXI (software vers\u00e3o 3.0, 1999) define Itapi\u00fana como &#8220;\u00e1rvore da fam\u00edlia das voquisi\u00e1ceas (Callisthene major), comum nos cerrados e matas secas do Brasil&#8221; [Do tupi; s.f.Bras.Bot.]. Todavia, o nome que batiza [&hellip;]\" \/>\n<meta property=\"og:url\" content=\"https:\/\/ww16.ce.gov.br\/crede08-seduc\/itapiuna\/\" \/>\n<meta property=\"og:site_name\" content=\"CREDE08-SEDUC\" \/>\n<meta property=\"article:modified_time\" content=\"2025-01-29T14:30:41+00:00\" \/>\n<meta property=\"og:image\" content=\"http:\/\/www.crede08.seduc.ce.gov.br\/wp-content\/uploads\/sites\/109\/2025\/01\/Ita-600x600.png\" \/>\n<meta name=\"twitter:card\" content=\"summary_large_image\" \/>\n<meta name=\"twitter:label1\" content=\"Est. reading time\" \/>\n\t<meta name=\"twitter:data1\" content=\"2 minutos\" \/>\n<script type=\"application\/ld+json\" class=\"yoast-schema-graph\">{\"@context\":\"https:\/\/schema.org\",\"@graph\":[{\"@type\":\"WebPage\",\"@id\":\"https:\/\/ww16.ce.gov.br\/crede08-seduc\/itapiuna\/\",\"url\":\"https:\/\/ww16.ce.gov.br\/crede08-seduc\/itapiuna\/\",\"name\":\"Itapi\u00fana - CREDE08-SEDUC\",\"isPartOf\":{\"@id\":\"https:\/\/ww16.ce.gov.br\/crede08-seduc\/#website\"},\"primaryImageOfPage\":{\"@id\":\"https:\/\/ww16.ce.gov.br\/crede08-seduc\/itapiuna\/#primaryimage\"},\"image\":{\"@id\":\"https:\/\/ww16.ce.gov.br\/crede08-seduc\/itapiuna\/#primaryimage\"},\"thumbnailUrl\":\"http:\/\/www.crede08.seduc.ce.gov.br\/wp-content\/uploads\/sites\/109\/2025\/01\/Ita-600x600.png\",\"datePublished\":\"2021-10-14T18:10:45+00:00\",\"dateModified\":\"2025-01-29T14:30:41+00:00\",\"breadcrumb\":{\"@id\":\"https:\/\/ww16.ce.gov.br\/crede08-seduc\/itapiuna\/#breadcrumb\"},\"inLanguage\":\"pt-BR\",\"potentialAction\":[{\"@type\":\"ReadAction\",\"target\":[\"https:\/\/ww16.ce.gov.br\/crede08-seduc\/itapiuna\/\"]}]},{\"@type\":\"ImageObject\",\"inLanguage\":\"pt-BR\",\"@id\":\"https:\/\/ww16.ce.gov.br\/crede08-seduc\/itapiuna\/#primaryimage\",\"url\":\"http:\/\/www.crede08.seduc.ce.gov.br\/wp-content\/uploads\/sites\/109\/2025\/01\/Ita-600x600.png\",\"contentUrl\":\"http:\/\/www.crede08.seduc.ce.gov.br\/wp-content\/uploads\/sites\/109\/2025\/01\/Ita-600x600.png\"},{\"@type\":\"BreadcrumbList\",\"@id\":\"https:\/\/ww16.ce.gov.br\/crede08-seduc\/itapiuna\/#breadcrumb\",\"itemListElement\":[{\"@type\":\"ListItem\",\"position\":1,\"name\":\"In\u00edcio\",\"item\":\"https:\/\/ww16.ce.gov.br\/crede08-seduc\/\"},{\"@type\":\"ListItem\",\"position\":2,\"name\":\"Itapi\u00fana\"}]},{\"@type\":\"WebSite\",\"@id\":\"https:\/\/ww16.ce.gov.br\/crede08-seduc\/#website\",\"url\":\"https:\/\/ww16.ce.gov.br\/crede08-seduc\/\",\"name\":\"CREDE08-SEDUC\",\"description\":\"Portal CREDE08-SEDUC\",\"potentialAction\":[{\"@type\":\"SearchAction\",\"target\":{\"@type\":\"EntryPoint\",\"urlTemplate\":\"https:\/\/ww16.ce.gov.br\/crede08-seduc\/?s={search_term_string}\"},\"query-input\":{\"@type\":\"PropertyValueSpecification\",\"valueRequired\":true,\"valueName\":\"search_term_string\"}}],\"inLanguage\":\"pt-BR\"}]}<\/script>\n<!-- \/ Yoast SEO plugin. -->","yoast_head_json":{"title":"Itapi\u00fana - CREDE08-SEDUC","robots":{"index":"index","follow":"follow","max-snippet":"max-snippet:-1","max-image-preview":"max-image-preview:large","max-video-preview":"max-video-preview:-1"},"canonical":"https:\/\/ww16.ce.gov.br\/crede08-seduc\/itapiuna\/","og_locale":"pt_BR","og_type":"article","og_title":"Itapi\u00fana - CREDE08-SEDUC","og_description":"\u00c9 um munic\u00edpio brasileiro do estado do Cear\u00e1. Itapi\u00fana, palavra de origem tupi, t\u00eam recebido muitos e confusos significados. O Dicion\u00e1rio Aur\u00e9lio &#8211; S\u00e9culo XXI (software vers\u00e3o 3.0, 1999) define Itapi\u00fana como &#8220;\u00e1rvore da fam\u00edlia das voquisi\u00e1ceas (Callisthene major), comum nos cerrados e matas secas do Brasil&#8221; [Do tupi; s.f.Bras.Bot.]. Todavia, o nome que batiza [&hellip;]","og_url":"https:\/\/ww16.ce.gov.br\/crede08-seduc\/itapiuna\/","og_site_name":"CREDE08-SEDUC","article_modified_time":"2025-01-29T14:30:41+00:00","og_image":[{"url":"http:\/\/www.crede08.seduc.ce.gov.br\/wp-content\/uploads\/sites\/109\/2025\/01\/Ita-600x600.png","type":"","width":"","height":""}],"twitter_card":"summary_large_image","twitter_misc":{"Est. reading time":"2 minutos"},"schema":{"@context":"https:\/\/schema.org","@graph":[{"@type":"WebPage","@id":"https:\/\/ww16.ce.gov.br\/crede08-seduc\/itapiuna\/","url":"https:\/\/ww16.ce.gov.br\/crede08-seduc\/itapiuna\/","name":"Itapi\u00fana - CREDE08-SEDUC","isPartOf":{"@id":"https:\/\/ww16.ce.gov.br\/crede08-seduc\/#website"},"primaryImageOfPage":{"@id":"https:\/\/ww16.ce.gov.br\/crede08-seduc\/itapiuna\/#primaryimage"},"image":{"@id":"https:\/\/ww16.ce.gov.br\/crede08-seduc\/itapiuna\/#primaryimage"},"thumbnailUrl":"http:\/\/www.crede08.seduc.ce.gov.br\/wp-content\/uploads\/sites\/109\/2025\/01\/Ita-600x600.png","datePublished":"2021-10-14T18:10:45+00:00","dateModified":"2025-01-29T14:30:41+00:00","breadcrumb":{"@id":"https:\/\/ww16.ce.gov.br\/crede08-seduc\/itapiuna\/#breadcrumb"},"inLanguage":"pt-BR","potentialAction":[{"@type":"ReadAction","target":["https:\/\/ww16.ce.gov.br\/crede08-seduc\/itapiuna\/"]}]},{"@type":"ImageObject","inLanguage":"pt-BR","@id":"https:\/\/ww16.ce.gov.br\/crede08-seduc\/itapiuna\/#primaryimage","url":"http:\/\/www.crede08.seduc.ce.gov.br\/wp-content\/uploads\/sites\/109\/2025\/01\/Ita-600x600.png","contentUrl":"http:\/\/www.crede08.seduc.ce.gov.br\/wp-content\/uploads\/sites\/109\/2025\/01\/Ita-600x600.png"},{"@type":"BreadcrumbList","@id":"https:\/\/ww16.ce.gov.br\/crede08-seduc\/itapiuna\/#breadcrumb","itemListElement":[{"@type":"ListItem","position":1,"name":"In\u00edcio","item":"https:\/\/ww16.ce.gov.br\/crede08-seduc\/"},{"@type":"ListItem","position":2,"name":"Itapi\u00fana"}]},{"@type":"WebSite","@id":"https:\/\/ww16.ce.gov.br\/crede08-seduc\/#website","url":"https:\/\/ww16.ce.gov.br\/crede08-seduc\/","name":"CREDE08-SEDUC","description":"Portal CREDE08-SEDUC","potentialAction":[{"@type":"SearchAction","target":{"@type":"EntryPoint","urlTemplate":"https:\/\/ww16.ce.gov.br\/crede08-seduc\/?s={search_term_string}"},"query-input":{"@type":"PropertyValueSpecification","valueRequired":true,"valueName":"search_term_string"}}],"inLanguage":"pt-BR"}]}},"_links":{"self":[{"href":"https:\/\/ww16.ce.gov.br\/crede08-seduc\/wp-json\/wp\/v2\/pages\/5648","targetHints":{"allow":["GET"]}}],"collection":[{"href":"https:\/\/ww16.ce.gov.br\/crede08-seduc\/wp-json\/wp\/v2\/pages"}],"about":[{"href":"https:\/\/ww16.ce.gov.br\/crede08-seduc\/wp-json\/wp\/v2\/types\/page"}],"author":[{"embeddable":true,"href":"https:\/\/ww16.ce.gov.br\/crede08-seduc\/wp-json\/wp\/v2\/users\/518"}],"replies":[{"embeddable":true,"href":"https:\/\/ww16.ce.gov.br\/crede08-seduc\/wp-json\/wp\/v2\/comments?post=5648"}],"version-history":[{"count":17,"href":"https:\/\/ww16.ce.gov.br\/crede08-seduc\/wp-json\/wp\/v2\/pages\/5648\/revisions"}],"predecessor-version":[{"id":13196,"href":"https:\/\/ww16.ce.gov.br\/crede08-seduc\/wp-json\/wp\/v2\/pages\/5648\/revisions\/13196"}],"wp:attachment":[{"href":"https:\/\/ww16.ce.gov.br\/crede08-seduc\/wp-json\/wp\/v2\/media?parent=5648"}],"curies":[{"name":"wp","href":"https:\/\/api.w.org\/{rel}","templated":true}]}}