{"id":5637,"date":"2021-10-14T15:07:32","date_gmt":"2021-10-14T18:07:32","guid":{"rendered":"http:\/\/www.crede08.seduc.ce.gov.br\/?page_id=5637"},"modified":"2025-01-29T11:21:14","modified_gmt":"2025-01-29T14:21:14","slug":"capistrano","status":"publish","type":"page","link":"https:\/\/ww16.ce.gov.br\/crede08-seduc\/capistrano\/","title":{"rendered":"Capistrano"},"content":{"rendered":"<p>\u00c9 um munic\u00edpio brasileiro localizado no Maci\u00e7o de Baturit\u00e9 no estado do Cear\u00e1. Cidade que leva o nome de um importante historiador Cearense, Capistrano de Abreu. Cresceu a partir da estrada de Ferro, prosperou na Agricultura e se fortaleceu na religiosidade do povo. \u00c9 Motivo de inspira\u00e7\u00e3o, pois possui desde os \u00faltimos 12 anos um grande desenvolvimento. Sua popula\u00e7\u00e3o estimada em 2004 era de 16.301 habitantes.<\/p>\n<h4><strong>Anivers\u00e1rio e Hino<\/strong><\/h4>\n<ul class=\"ListaEst col4\">\n<li><a href=\"https:\/\/www.youtube.com\/watch?v=fv1dKOl6xKc&amp;list=PL4hb7TMNpQ9MqQYWMkd0auEhZm5z-nzJi&amp;index=6&amp;ab_channel=GovernodoCear%C3%A1\" target=\"_blank\" rel=\"noopener\">Capistrano<\/a><\/li>\n<\/ul>\n<h4 class=\"-Title\"><b>Site do Munic\u00edpio <\/b><\/h4>\n<ul class=\"ListaEst col4\">\n<li><a href=\"https:\/\/www.capistrano.ce.gov.br\/\" target=\"_blank\" rel=\"noopener\">P\u00e1gina<\/a><\/li>\n<\/ul>\n<h4 class=\"-Title\"><b>Geolocaliza\u00e7\u00e3o<\/b><\/h4>\n<ul class=\"ListaEst col4\">\n<li><a href=\"https:\/\/www.google.com\/maps\/d\/u\/0\/viewer?mid=12Lrod9H3S5YCedTW2jHDcdvUAHiQBnw&amp;ll=-4.224286000000018%2C-38.70335500000001&amp;z=11\" target=\"_blank\" rel=\"noopener\">Mapa<\/a><\/li>\n<\/ul>\n<p><a href=\"https:\/\/www.crede08.seduc.ce.gov.br\/wp-content\/uploads\/sites\/109\/2024\/01\/Prancheta-6@4x.png\"><img loading=\"lazy\" decoding=\"async\" class=\"wp-image-10918 alignleft\" src=\"https:\/\/www.crede08.seduc.ce.gov.br\/wp-content\/uploads\/sites\/109\/2024\/01\/Prancheta-6@4x-600x600.png\" alt=\"\" width=\"399\" height=\"399\" srcset=\"https:\/\/ww16.ce.gov.br\/crede08-seduc\/wp-content\/uploads\/sites\/109\/2024\/01\/Prancheta-6@4x-600x600.png 600w, https:\/\/ww16.ce.gov.br\/crede08-seduc\/wp-content\/uploads\/sites\/109\/2024\/01\/Prancheta-6@4x-1200x1200.png 1200w, https:\/\/ww16.ce.gov.br\/crede08-seduc\/wp-content\/uploads\/sites\/109\/2024\/01\/Prancheta-6@4x-768x768.png 768w, https:\/\/ww16.ce.gov.br\/crede08-seduc\/wp-content\/uploads\/sites\/109\/2024\/01\/Prancheta-6@4x-1536x1536.png 1536w, https:\/\/ww16.ce.gov.br\/crede08-seduc\/wp-content\/uploads\/sites\/109\/2024\/01\/Prancheta-6@4x-2048x2048.png 2048w\" sizes=\"auto, (max-width: 399px) 100vw, 399px\" \/><\/a><\/p>\n<p><strong>PREFEITO(A)<\/strong><br \/>\nCLAUDIO BEZERRA SARAIVA<\/p>\n<p><strong>VICE-PREFEITO(A)<\/strong><br \/>\n&#8230;<\/p>\n<p>&nbsp;<\/p>\n<h2><\/h2>\n<h2><\/h2>\n<h2><\/h2>\n<h2><\/h2>\n<p>&nbsp;<\/p>\n<h2><\/h2>\n<h2><\/h2>\n<h2>Escolas Estaduais<\/h2>\n<div id=\"tablepress-7_wrapper\" class=\"dataTables_wrapper no-footer\">\n<table id=\"tablepress-7\" class=\"tablepress tablepress-id-7 dataTable no-footer\" role=\"grid\" width=\"805\" aria-describedby=\"tablepress-7_info\">\n<thead>\n<tr class=\"row-1 odd\" role=\"row\">\n<th class=\"column-1 sorting\" colspan=\"1\" rowspan=\"1\" aria-controls=\"tablepress-7\" aria-label=\"Escola: Ordenar colunas de forma ascendente\">Escola<\/th>\n<th class=\"column-2 sorting\" colspan=\"1\" rowspan=\"1\" aria-controls=\"tablepress-7\" aria-label=\"INEP: Ordenar colunas de forma ascendente\">INEP<\/th>\n<th class=\"column-3 sorting\" colspan=\"1\" rowspan=\"1\" aria-controls=\"tablepress-7\" aria-label=\"Endere\u00e7o: Ordenar colunas de forma ascendente\">Endere\u00e7o<\/th>\n<\/tr>\n<\/thead>\n<tbody class=\"row-hover\">\n<tr class=\"row-2 even\" role=\"row\">\n<td class=\"column-1\"><a href=\"https:\/\/ww16.ce.gov.br\/crede08-seduc\/eemtis\/\">EEMTI Deputado Ubiratan Diniz Aguiar<\/a><\/td>\n<td class=\"column-2\"><a href=\"https:\/\/ww16.ce.gov.br\/crede08-seduc\/eemtis\/\"><span data-sheets-formula-bar-text-style=\"font-size:13px;color:#000000;font-weight:normal;text-decoration:none;font-family:'Arial';font-style:normal;text-decoration-skip-ink:none;\">23054409<\/span><\/a><\/td>\n<td class=\"column-3\"><a href=\"https:\/\/ww16.ce.gov.br\/crede08-seduc\/eemtis\/\">Rua Jos\u00e9 Saraiva Sobrinho, S\/N\u00a0 &#8211; Centro<\/a><\/td>\n<\/tr>\n<\/tbody>\n<\/table>\n<\/div>\n","protected":false},"excerpt":{"rendered":"<p>\u00c9 um munic\u00edpio brasileiro localizado no Maci\u00e7o de Baturit\u00e9 no estado do Cear\u00e1. Cidade que leva o nome de um importante historiador Cearense, Capistrano de Abreu. Cresceu a partir da estrada de Ferro, prosperou na Agricultura e se fortaleceu na religiosidade do povo. \u00c9 Motivo de inspira\u00e7\u00e3o, pois possui desde os \u00faltimos 12 anos um [&hellip;]<\/p>\n","protected":false},"author":518,"featured_media":0,"parent":0,"menu_order":0,"comment_status":"closed","ping_status":"closed","template":"","meta":{"_acf_changed":false,"inline_featured_image":false,"footnotes":""},"class_list":["post-5637","page","type-page","status-publish","hentry"],"acf":[],"yoast_head":"<!-- This site is optimized with the Yoast SEO plugin v26.9 - https:\/\/yoast.com\/product\/yoast-seo-wordpress\/ -->\n<title>Capistrano - CREDE08-SEDUC<\/title>\n<meta name=\"robots\" content=\"index, follow, max-snippet:-1, max-image-preview:large, max-video-preview:-1\" \/>\n<link rel=\"canonical\" href=\"https:\/\/ww16.ce.gov.br\/crede08-seduc\/capistrano\/\" \/>\n<meta property=\"og:locale\" content=\"pt_BR\" \/>\n<meta property=\"og:type\" content=\"article\" \/>\n<meta property=\"og:title\" content=\"Capistrano - CREDE08-SEDUC\" \/>\n<meta property=\"og:description\" content=\"\u00c9 um munic\u00edpio brasileiro localizado no Maci\u00e7o de Baturit\u00e9 no estado do Cear\u00e1. Cidade que leva o nome de um importante historiador Cearense, Capistrano de Abreu. Cresceu a partir da estrada de Ferro, prosperou na Agricultura e se fortaleceu na religiosidade do povo. \u00c9 Motivo de inspira\u00e7\u00e3o, pois possui desde os \u00faltimos 12 anos um [&hellip;]\" \/>\n<meta property=\"og:url\" content=\"https:\/\/ww16.ce.gov.br\/crede08-seduc\/capistrano\/\" \/>\n<meta property=\"og:site_name\" content=\"CREDE08-SEDUC\" \/>\n<meta property=\"article:modified_time\" content=\"2025-01-29T14:21:14+00:00\" \/>\n<meta property=\"og:image\" content=\"http:\/\/www.crede08.seduc.ce.gov.br\/wp-content\/uploads\/sites\/109\/2024\/01\/Prancheta-6@4x-600x600.png\" \/>\n<meta name=\"twitter:card\" content=\"summary_large_image\" \/>\n<meta name=\"twitter:label1\" content=\"Est. reading time\" \/>\n\t<meta name=\"twitter:data1\" content=\"1 minuto\" \/>\n<script type=\"application\/ld+json\" class=\"yoast-schema-graph\">{\"@context\":\"https:\/\/schema.org\",\"@graph\":[{\"@type\":\"WebPage\",\"@id\":\"https:\/\/ww16.ce.gov.br\/crede08-seduc\/capistrano\/\",\"url\":\"https:\/\/ww16.ce.gov.br\/crede08-seduc\/capistrano\/\",\"name\":\"Capistrano - CREDE08-SEDUC\",\"isPartOf\":{\"@id\":\"https:\/\/ww16.ce.gov.br\/crede08-seduc\/#website\"},\"primaryImageOfPage\":{\"@id\":\"https:\/\/ww16.ce.gov.br\/crede08-seduc\/capistrano\/#primaryimage\"},\"image\":{\"@id\":\"https:\/\/ww16.ce.gov.br\/crede08-seduc\/capistrano\/#primaryimage\"},\"thumbnailUrl\":\"http:\/\/www.crede08.seduc.ce.gov.br\/wp-content\/uploads\/sites\/109\/2024\/01\/Prancheta-6@4x-600x600.png\",\"datePublished\":\"2021-10-14T18:07:32+00:00\",\"dateModified\":\"2025-01-29T14:21:14+00:00\",\"breadcrumb\":{\"@id\":\"https:\/\/ww16.ce.gov.br\/crede08-seduc\/capistrano\/#breadcrumb\"},\"inLanguage\":\"pt-BR\",\"potentialAction\":[{\"@type\":\"ReadAction\",\"target\":[\"https:\/\/ww16.ce.gov.br\/crede08-seduc\/capistrano\/\"]}]},{\"@type\":\"ImageObject\",\"inLanguage\":\"pt-BR\",\"@id\":\"https:\/\/ww16.ce.gov.br\/crede08-seduc\/capistrano\/#primaryimage\",\"url\":\"http:\/\/www.crede08.seduc.ce.gov.br\/wp-content\/uploads\/sites\/109\/2024\/01\/Prancheta-6@4x-600x600.png\",\"contentUrl\":\"http:\/\/www.crede08.seduc.ce.gov.br\/wp-content\/uploads\/sites\/109\/2024\/01\/Prancheta-6@4x-600x600.png\"},{\"@type\":\"BreadcrumbList\",\"@id\":\"https:\/\/ww16.ce.gov.br\/crede08-seduc\/capistrano\/#breadcrumb\",\"itemListElement\":[{\"@type\":\"ListItem\",\"position\":1,\"name\":\"In\u00edcio\",\"item\":\"https:\/\/ww16.ce.gov.br\/crede08-seduc\/\"},{\"@type\":\"ListItem\",\"position\":2,\"name\":\"Capistrano\"}]},{\"@type\":\"WebSite\",\"@id\":\"https:\/\/ww16.ce.gov.br\/crede08-seduc\/#website\",\"url\":\"https:\/\/ww16.ce.gov.br\/crede08-seduc\/\",\"name\":\"CREDE08-SEDUC\",\"description\":\"Portal CREDE08-SEDUC\",\"potentialAction\":[{\"@type\":\"SearchAction\",\"target\":{\"@type\":\"EntryPoint\",\"urlTemplate\":\"https:\/\/ww16.ce.gov.br\/crede08-seduc\/?s={search_term_string}\"},\"query-input\":{\"@type\":\"PropertyValueSpecification\",\"valueRequired\":true,\"valueName\":\"search_term_string\"}}],\"inLanguage\":\"pt-BR\"}]}<\/script>\n<!-- \/ Yoast SEO plugin. -->","yoast_head_json":{"title":"Capistrano - CREDE08-SEDUC","robots":{"index":"index","follow":"follow","max-snippet":"max-snippet:-1","max-image-preview":"max-image-preview:large","max-video-preview":"max-video-preview:-1"},"canonical":"https:\/\/ww16.ce.gov.br\/crede08-seduc\/capistrano\/","og_locale":"pt_BR","og_type":"article","og_title":"Capistrano - CREDE08-SEDUC","og_description":"\u00c9 um munic\u00edpio brasileiro localizado no Maci\u00e7o de Baturit\u00e9 no estado do Cear\u00e1. Cidade que leva o nome de um importante historiador Cearense, Capistrano de Abreu. Cresceu a partir da estrada de Ferro, prosperou na Agricultura e se fortaleceu na religiosidade do povo. \u00c9 Motivo de inspira\u00e7\u00e3o, pois possui desde os \u00faltimos 12 anos um [&hellip;]","og_url":"https:\/\/ww16.ce.gov.br\/crede08-seduc\/capistrano\/","og_site_name":"CREDE08-SEDUC","article_modified_time":"2025-01-29T14:21:14+00:00","og_image":[{"url":"http:\/\/www.crede08.seduc.ce.gov.br\/wp-content\/uploads\/sites\/109\/2024\/01\/Prancheta-6@4x-600x600.png","type":"","width":"","height":""}],"twitter_card":"summary_large_image","twitter_misc":{"Est. reading time":"1 minuto"},"schema":{"@context":"https:\/\/schema.org","@graph":[{"@type":"WebPage","@id":"https:\/\/ww16.ce.gov.br\/crede08-seduc\/capistrano\/","url":"https:\/\/ww16.ce.gov.br\/crede08-seduc\/capistrano\/","name":"Capistrano - CREDE08-SEDUC","isPartOf":{"@id":"https:\/\/ww16.ce.gov.br\/crede08-seduc\/#website"},"primaryImageOfPage":{"@id":"https:\/\/ww16.ce.gov.br\/crede08-seduc\/capistrano\/#primaryimage"},"image":{"@id":"https:\/\/ww16.ce.gov.br\/crede08-seduc\/capistrano\/#primaryimage"},"thumbnailUrl":"http:\/\/www.crede08.seduc.ce.gov.br\/wp-content\/uploads\/sites\/109\/2024\/01\/Prancheta-6@4x-600x600.png","datePublished":"2021-10-14T18:07:32+00:00","dateModified":"2025-01-29T14:21:14+00:00","breadcrumb":{"@id":"https:\/\/ww16.ce.gov.br\/crede08-seduc\/capistrano\/#breadcrumb"},"inLanguage":"pt-BR","potentialAction":[{"@type":"ReadAction","target":["https:\/\/ww16.ce.gov.br\/crede08-seduc\/capistrano\/"]}]},{"@type":"ImageObject","inLanguage":"pt-BR","@id":"https:\/\/ww16.ce.gov.br\/crede08-seduc\/capistrano\/#primaryimage","url":"http:\/\/www.crede08.seduc.ce.gov.br\/wp-content\/uploads\/sites\/109\/2024\/01\/Prancheta-6@4x-600x600.png","contentUrl":"http:\/\/www.crede08.seduc.ce.gov.br\/wp-content\/uploads\/sites\/109\/2024\/01\/Prancheta-6@4x-600x600.png"},{"@type":"BreadcrumbList","@id":"https:\/\/ww16.ce.gov.br\/crede08-seduc\/capistrano\/#breadcrumb","itemListElement":[{"@type":"ListItem","position":1,"name":"In\u00edcio","item":"https:\/\/ww16.ce.gov.br\/crede08-seduc\/"},{"@type":"ListItem","position":2,"name":"Capistrano"}]},{"@type":"WebSite","@id":"https:\/\/ww16.ce.gov.br\/crede08-seduc\/#website","url":"https:\/\/ww16.ce.gov.br\/crede08-seduc\/","name":"CREDE08-SEDUC","description":"Portal CREDE08-SEDUC","potentialAction":[{"@type":"SearchAction","target":{"@type":"EntryPoint","urlTemplate":"https:\/\/ww16.ce.gov.br\/crede08-seduc\/?s={search_term_string}"},"query-input":{"@type":"PropertyValueSpecification","valueRequired":true,"valueName":"search_term_string"}}],"inLanguage":"pt-BR"}]}},"_links":{"self":[{"href":"https:\/\/ww16.ce.gov.br\/crede08-seduc\/wp-json\/wp\/v2\/pages\/5637","targetHints":{"allow":["GET"]}}],"collection":[{"href":"https:\/\/ww16.ce.gov.br\/crede08-seduc\/wp-json\/wp\/v2\/pages"}],"about":[{"href":"https:\/\/ww16.ce.gov.br\/crede08-seduc\/wp-json\/wp\/v2\/types\/page"}],"author":[{"embeddable":true,"href":"https:\/\/ww16.ce.gov.br\/crede08-seduc\/wp-json\/wp\/v2\/users\/518"}],"replies":[{"embeddable":true,"href":"https:\/\/ww16.ce.gov.br\/crede08-seduc\/wp-json\/wp\/v2\/comments?post=5637"}],"version-history":[{"count":16,"href":"https:\/\/ww16.ce.gov.br\/crede08-seduc\/wp-json\/wp\/v2\/pages\/5637\/revisions"}],"predecessor-version":[{"id":13184,"href":"https:\/\/ww16.ce.gov.br\/crede08-seduc\/wp-json\/wp\/v2\/pages\/5637\/revisions\/13184"}],"wp:attachment":[{"href":"https:\/\/ww16.ce.gov.br\/crede08-seduc\/wp-json\/wp\/v2\/media?parent=5637"}],"curies":[{"name":"wp","href":"https:\/\/api.w.org\/{rel}","templated":true}]}}