{"id":5635,"date":"2021-10-14T15:01:52","date_gmt":"2021-10-14T18:01:52","guid":{"rendered":"http:\/\/www.crede08.seduc.ce.gov.br\/?page_id=5635"},"modified":"2024-09-18T14:54:48","modified_gmt":"2024-09-18T17:54:48","slug":"baturite","status":"publish","type":"page","link":"https:\/\/ww16.ce.gov.br\/crede08-seduc\/baturite\/","title":{"rendered":"Baturit\u00e9"},"content":{"rendered":"<p style=\"text-align: justify\">Baturit\u00e9 \u00e9 um munic\u00edpio brasileiro do estado do Cear\u00e1. Localiza-se na microrregi\u00e3o de Baturit\u00e9, mesorregi\u00e3o do Norte Cearense. Sua popula\u00e7\u00e3o estimada no \u00faltimo censo \u00e9 de 33.326 habitantes que representa cerca de 0,38% da popula\u00e7\u00e3o do estado de Cear\u00e1. Baturit\u00e9 \u00e9 a terra natal de Franklin T\u00e1vora, escritor do romantismo, autor de O Cabeleira; de Luiz Severiano Ribeiro, o fundador do Grupo Severiano Ribeiro e do Major Ant\u00f4nio Couto Pereira, um dos maiores presidentes do clube de futebol Coritiba, respons\u00e1vel pela constru\u00e7\u00e3o do antigo est\u00e1dio Belfort Duarte, atual Est\u00e1dio Major Ant\u00f4nio Couto Pereira. A cidade de Baturit\u00e9 \u00e9 muito conhecida por diversos pontos tur\u00edsticos (Mosteiro dos jesu\u00edtas, etc.) que favorece muito o comercio, principal fonte de receitas para o munic\u00edpio.<\/p>\n<h4><strong>Anivers\u00e1rio e Hino<\/strong><\/h4>\n<ul class=\"ListaEst col4\">\n<li><a href=\"https:\/\/www.youtube.com\/watch?v=MXQvWLgRAQo&amp;list=PL4hb7TMNpQ9MqQYWMkd0auEhZm5z-nzJi&amp;index=5&amp;ab_channel=GovernodoCear%C3%A1\">Baturit\u00e9<\/a><\/li>\n<\/ul>\n<h4 class=\"-Title\"><b>Site do Munic\u00edpio <\/b><\/h4>\n<ul class=\"ListaEst col4\">\n<li><a href=\"https:\/\/www.baturite.ce.gov.br\/\">P\u00e1gina<\/a><\/li>\n<\/ul>\n<h4 class=\"-Title\"><b>Geolocaliza\u00e7\u00e3o<\/b><\/h4>\n<ul class=\"ListaEst col4\">\n<li><a href=\"https:\/\/www.google.com\/maps\/d\/u\/0\/viewer?mid=12Lrod9H3S5YCedTW2jHDcdvUAHiQBnw&amp;ll=-4.224286000000018%2C-38.70335500000001&amp;z=11\"> Mapa<\/a><\/li>\n<\/ul>\n<p><a href=\"https:\/\/www.crede08.seduc.ce.gov.br\/wp-content\/uploads\/sites\/109\/2024\/01\/Prancheta-4@4x.png\"><img loading=\"lazy\" decoding=\"async\" class=\" wp-image-10888 alignleft\" src=\"https:\/\/www.crede08.seduc.ce.gov.br\/wp-content\/uploads\/sites\/109\/2024\/01\/Prancheta-4@4x-600x600.png\" alt=\"\" width=\"389\" height=\"389\" srcset=\"https:\/\/ww16.ce.gov.br\/crede08-seduc\/wp-content\/uploads\/sites\/109\/2024\/01\/Prancheta-4@4x-600x600.png 600w, https:\/\/ww16.ce.gov.br\/crede08-seduc\/wp-content\/uploads\/sites\/109\/2024\/01\/Prancheta-4@4x-1200x1200.png 1200w, https:\/\/ww16.ce.gov.br\/crede08-seduc\/wp-content\/uploads\/sites\/109\/2024\/01\/Prancheta-4@4x-768x768.png 768w, https:\/\/ww16.ce.gov.br\/crede08-seduc\/wp-content\/uploads\/sites\/109\/2024\/01\/Prancheta-4@4x-1536x1536.png 1536w, https:\/\/ww16.ce.gov.br\/crede08-seduc\/wp-content\/uploads\/sites\/109\/2024\/01\/Prancheta-4@4x-2048x2048.png 2048w\" sizes=\"auto, (max-width: 389px) 100vw, 389px\" \/><\/a><\/p>\n<p><strong>PREFEITO(A)<\/strong><br \/>\nHERBERLH FREITAS REIS CAVALCANTE MOTA<\/p>\n<p><strong>VICE-PREFEITO(A)<\/strong><br \/>\nFRANCISCO CARLOS LOUREN\u00c7O FREITAS<\/p>\n<p>&nbsp;<\/p>\n<h3><\/h3>\n<p>&nbsp;<\/p>\n<p>&nbsp;<\/p>\n<p>&nbsp;<\/p>\n<p>&nbsp;<\/p>\n<p>&nbsp;<\/p>\n<p>&nbsp;<\/p>\n<p>&nbsp;<\/p>\n<p>&nbsp;<\/p>\n<p>&nbsp;<\/p>\n<h2>Escolas Estaduais<\/h2>\n<div id=\"tablepress-7_wrapper\" class=\"dataTables_wrapper no-footer\">\n<div id=\"tablepress-7_filter\" class=\"dataTables_filter\"><label>\u00a0<\/label><\/div>\n<table id=\"tablepress-7\" class=\"tablepress tablepress-id-7 dataTable no-footer\" style=\"height: 124px\" role=\"grid\" width=\"805\" aria-describedby=\"tablepress-7_info\">\n<thead>\n<tr class=\"row-1 odd\" role=\"row\">\n<th class=\"column-1 sorting\" colspan=\"1\" rowspan=\"1\" aria-controls=\"tablepress-7\" aria-label=\"Escola: Ordenar colunas de forma ascendente\">Escola<\/th>\n<th class=\"column-2 sorting\" colspan=\"1\" rowspan=\"1\" aria-controls=\"tablepress-7\" aria-label=\"INEP: Ordenar colunas de forma ascendente\">INEP<\/th>\n<th class=\"column-3 sorting\" colspan=\"1\" rowspan=\"1\" aria-controls=\"tablepress-7\" aria-label=\"Endere\u00e7o: Ordenar colunas de forma ascendente\">Endere\u00e7o<\/th>\n<\/tr>\n<\/thead>\n<tbody class=\"row-hover\">\n<tr class=\"row-2 even\" role=\"row\">\n<td class=\"column-1\"><a href=\"https:\/\/ww16.ce.gov.br\/crede08-seduc\/ceja-2\/\">CEJA Donaninha Arruda<\/a><\/td>\n<td class=\"column-2\"><a href=\"https:\/\/ww16.ce.gov.br\/crede08-seduc\/ceja-2\/\">23053364<\/a><\/td>\n<td class=\"column-3\"><a href=\"https:\/\/ww16.ce.gov.br\/crede08-seduc\/ceja-2\/\">Pra\u00e7a Duque De Caxias S\/N &#8211; Puti\u00fa<\/a><\/td>\n<\/tr>\n<\/tbody>\n<tbody class=\"row-hover\">\n<tr class=\"row-2 even\" role=\"row\">\n<td class=\"column-1\"><a href=\"https:\/\/ww16.ce.gov.br\/crede08-seduc\/cci\/\">CCI de Batuirt\u00e9<\/a><\/td>\n<td class=\"column-2\"><a href=\"https:\/\/ww16.ce.gov.br\/crede08-seduc\/cci\/\">23000268<\/a><\/td>\n<td class=\"column-3\"><a href=\"https:\/\/ww16.ce.gov.br\/crede08-seduc\/cci\/\">Pra\u00e7a da Matriz &#8211; Centro<\/a><\/td>\n<\/tr>\n<\/tbody>\n<tbody class=\"row-hover\">\n<tr class=\"row-2 even\" role=\"row\">\n<td class=\"column-1\"><a href=\"https:\/\/ww16.ce.gov.br\/crede08-seduc\/eeeps\/\"><span data-sheets-formula-bar-text-style=\"font-size:13px;color:#f46524;font-weight:normal;text-decoration:none;font-family:'Arial';font-style:normal;text-decoration-skip-ink:none;\">EEEP Clemente Olintho T\u00e1vora Arruda<\/span><\/a><\/td>\n<td class=\"column-2\"><a href=\"https:\/\/ww16.ce.gov.br\/crede08-seduc\/eeeps\/\">23272260<\/a><\/td>\n<td class=\"column-3\"><a href=\"https:\/\/ww16.ce.gov.br\/crede08-seduc\/eeeps\/\">CE 356, Sanhar\u00e3o<\/a><\/td>\n<\/tr>\n<\/tbody>\n<tbody class=\"row-hover\">\n<tr class=\"row-2 even\" role=\"row\">\n<td class=\"column-1\"><a href=\"https:\/\/ww16.ce.gov.br\/crede08-seduc\/regular\/\">LICEU de Baturit\u00e9 Domingos S\u00e1vio<\/a><\/td>\n<td class=\"column-2\"><a href=\"https:\/\/ww16.ce.gov.br\/crede08-seduc\/regular\/\">23053356<\/a><\/td>\n<td class=\"column-3\"><a href=\"https:\/\/ww16.ce.gov.br\/crede08-seduc\/regular\/\">Avenida Ouvidor Mor Vitorino Soares Barbosa &#8211; Sanhar\u00e3<\/a><\/td>\n<\/tr>\n<\/tbody>\n<\/table>\n<\/div>\n","protected":false},"excerpt":{"rendered":"<p>Baturit\u00e9 \u00e9 um munic\u00edpio brasileiro do estado do Cear\u00e1. Localiza-se na microrregi\u00e3o de Baturit\u00e9, mesorregi\u00e3o do Norte Cearense. Sua popula\u00e7\u00e3o estimada no \u00faltimo censo \u00e9 de 33.326 habitantes que representa cerca de 0,38% da popula\u00e7\u00e3o do estado de Cear\u00e1. Baturit\u00e9 \u00e9 a terra natal de Franklin T\u00e1vora, escritor do romantismo, autor de O Cabeleira; de [&hellip;]<\/p>\n","protected":false},"author":518,"featured_media":0,"parent":0,"menu_order":0,"comment_status":"closed","ping_status":"closed","template":"","meta":{"_acf_changed":false,"inline_featured_image":false,"footnotes":""},"class_list":["post-5635","page","type-page","status-publish","hentry"],"acf":[],"yoast_head":"<!-- This site is optimized with the Yoast SEO plugin v26.9 - https:\/\/yoast.com\/product\/yoast-seo-wordpress\/ -->\n<title>Baturit\u00e9 - CREDE08-SEDUC<\/title>\n<meta name=\"robots\" content=\"index, follow, max-snippet:-1, max-image-preview:large, max-video-preview:-1\" \/>\n<link rel=\"canonical\" href=\"https:\/\/ww16.ce.gov.br\/crede08-seduc\/baturite\/\" \/>\n<meta property=\"og:locale\" content=\"pt_BR\" \/>\n<meta property=\"og:type\" content=\"article\" \/>\n<meta property=\"og:title\" content=\"Baturit\u00e9 - CREDE08-SEDUC\" \/>\n<meta property=\"og:description\" content=\"Baturit\u00e9 \u00e9 um munic\u00edpio brasileiro do estado do Cear\u00e1. Localiza-se na microrregi\u00e3o de Baturit\u00e9, mesorregi\u00e3o do Norte Cearense. Sua popula\u00e7\u00e3o estimada no \u00faltimo censo \u00e9 de 33.326 habitantes que representa cerca de 0,38% da popula\u00e7\u00e3o do estado de Cear\u00e1. Baturit\u00e9 \u00e9 a terra natal de Franklin T\u00e1vora, escritor do romantismo, autor de O Cabeleira; de [&hellip;]\" \/>\n<meta property=\"og:url\" content=\"https:\/\/ww16.ce.gov.br\/crede08-seduc\/baturite\/\" \/>\n<meta property=\"og:site_name\" content=\"CREDE08-SEDUC\" \/>\n<meta property=\"article:modified_time\" content=\"2024-09-18T17:54:48+00:00\" \/>\n<meta property=\"og:image\" content=\"http:\/\/www.crede08.seduc.ce.gov.br\/wp-content\/uploads\/sites\/109\/2024\/01\/Prancheta-4@4x-600x600.png\" \/>\n<meta name=\"twitter:card\" content=\"summary_large_image\" \/>\n<meta name=\"twitter:label1\" content=\"Est. reading time\" \/>\n\t<meta name=\"twitter:data1\" content=\"2 minutos\" \/>\n<script type=\"application\/ld+json\" class=\"yoast-schema-graph\">{\"@context\":\"https:\/\/schema.org\",\"@graph\":[{\"@type\":\"WebPage\",\"@id\":\"https:\/\/ww16.ce.gov.br\/crede08-seduc\/baturite\/\",\"url\":\"https:\/\/ww16.ce.gov.br\/crede08-seduc\/baturite\/\",\"name\":\"Baturit\u00e9 - CREDE08-SEDUC\",\"isPartOf\":{\"@id\":\"https:\/\/ww16.ce.gov.br\/crede08-seduc\/#website\"},\"primaryImageOfPage\":{\"@id\":\"https:\/\/ww16.ce.gov.br\/crede08-seduc\/baturite\/#primaryimage\"},\"image\":{\"@id\":\"https:\/\/ww16.ce.gov.br\/crede08-seduc\/baturite\/#primaryimage\"},\"thumbnailUrl\":\"http:\/\/www.crede08.seduc.ce.gov.br\/wp-content\/uploads\/sites\/109\/2024\/01\/Prancheta-4@4x-600x600.png\",\"datePublished\":\"2021-10-14T18:01:52+00:00\",\"dateModified\":\"2024-09-18T17:54:48+00:00\",\"breadcrumb\":{\"@id\":\"https:\/\/ww16.ce.gov.br\/crede08-seduc\/baturite\/#breadcrumb\"},\"inLanguage\":\"pt-BR\",\"potentialAction\":[{\"@type\":\"ReadAction\",\"target\":[\"https:\/\/ww16.ce.gov.br\/crede08-seduc\/baturite\/\"]}]},{\"@type\":\"ImageObject\",\"inLanguage\":\"pt-BR\",\"@id\":\"https:\/\/ww16.ce.gov.br\/crede08-seduc\/baturite\/#primaryimage\",\"url\":\"http:\/\/www.crede08.seduc.ce.gov.br\/wp-content\/uploads\/sites\/109\/2024\/01\/Prancheta-4@4x-600x600.png\",\"contentUrl\":\"http:\/\/www.crede08.seduc.ce.gov.br\/wp-content\/uploads\/sites\/109\/2024\/01\/Prancheta-4@4x-600x600.png\"},{\"@type\":\"BreadcrumbList\",\"@id\":\"https:\/\/ww16.ce.gov.br\/crede08-seduc\/baturite\/#breadcrumb\",\"itemListElement\":[{\"@type\":\"ListItem\",\"position\":1,\"name\":\"In\u00edcio\",\"item\":\"https:\/\/ww16.ce.gov.br\/crede08-seduc\/\"},{\"@type\":\"ListItem\",\"position\":2,\"name\":\"Baturit\u00e9\"}]},{\"@type\":\"WebSite\",\"@id\":\"https:\/\/ww16.ce.gov.br\/crede08-seduc\/#website\",\"url\":\"https:\/\/ww16.ce.gov.br\/crede08-seduc\/\",\"name\":\"CREDE08-SEDUC\",\"description\":\"Portal CREDE08-SEDUC\",\"potentialAction\":[{\"@type\":\"SearchAction\",\"target\":{\"@type\":\"EntryPoint\",\"urlTemplate\":\"https:\/\/ww16.ce.gov.br\/crede08-seduc\/?s={search_term_string}\"},\"query-input\":{\"@type\":\"PropertyValueSpecification\",\"valueRequired\":true,\"valueName\":\"search_term_string\"}}],\"inLanguage\":\"pt-BR\"}]}<\/script>\n<!-- \/ Yoast SEO plugin. -->","yoast_head_json":{"title":"Baturit\u00e9 - CREDE08-SEDUC","robots":{"index":"index","follow":"follow","max-snippet":"max-snippet:-1","max-image-preview":"max-image-preview:large","max-video-preview":"max-video-preview:-1"},"canonical":"https:\/\/ww16.ce.gov.br\/crede08-seduc\/baturite\/","og_locale":"pt_BR","og_type":"article","og_title":"Baturit\u00e9 - CREDE08-SEDUC","og_description":"Baturit\u00e9 \u00e9 um munic\u00edpio brasileiro do estado do Cear\u00e1. Localiza-se na microrregi\u00e3o de Baturit\u00e9, mesorregi\u00e3o do Norte Cearense. Sua popula\u00e7\u00e3o estimada no \u00faltimo censo \u00e9 de 33.326 habitantes que representa cerca de 0,38% da popula\u00e7\u00e3o do estado de Cear\u00e1. Baturit\u00e9 \u00e9 a terra natal de Franklin T\u00e1vora, escritor do romantismo, autor de O Cabeleira; de [&hellip;]","og_url":"https:\/\/ww16.ce.gov.br\/crede08-seduc\/baturite\/","og_site_name":"CREDE08-SEDUC","article_modified_time":"2024-09-18T17:54:48+00:00","og_image":[{"url":"http:\/\/www.crede08.seduc.ce.gov.br\/wp-content\/uploads\/sites\/109\/2024\/01\/Prancheta-4@4x-600x600.png","type":"","width":"","height":""}],"twitter_card":"summary_large_image","twitter_misc":{"Est. reading time":"2 minutos"},"schema":{"@context":"https:\/\/schema.org","@graph":[{"@type":"WebPage","@id":"https:\/\/ww16.ce.gov.br\/crede08-seduc\/baturite\/","url":"https:\/\/ww16.ce.gov.br\/crede08-seduc\/baturite\/","name":"Baturit\u00e9 - CREDE08-SEDUC","isPartOf":{"@id":"https:\/\/ww16.ce.gov.br\/crede08-seduc\/#website"},"primaryImageOfPage":{"@id":"https:\/\/ww16.ce.gov.br\/crede08-seduc\/baturite\/#primaryimage"},"image":{"@id":"https:\/\/ww16.ce.gov.br\/crede08-seduc\/baturite\/#primaryimage"},"thumbnailUrl":"http:\/\/www.crede08.seduc.ce.gov.br\/wp-content\/uploads\/sites\/109\/2024\/01\/Prancheta-4@4x-600x600.png","datePublished":"2021-10-14T18:01:52+00:00","dateModified":"2024-09-18T17:54:48+00:00","breadcrumb":{"@id":"https:\/\/ww16.ce.gov.br\/crede08-seduc\/baturite\/#breadcrumb"},"inLanguage":"pt-BR","potentialAction":[{"@type":"ReadAction","target":["https:\/\/ww16.ce.gov.br\/crede08-seduc\/baturite\/"]}]},{"@type":"ImageObject","inLanguage":"pt-BR","@id":"https:\/\/ww16.ce.gov.br\/crede08-seduc\/baturite\/#primaryimage","url":"http:\/\/www.crede08.seduc.ce.gov.br\/wp-content\/uploads\/sites\/109\/2024\/01\/Prancheta-4@4x-600x600.png","contentUrl":"http:\/\/www.crede08.seduc.ce.gov.br\/wp-content\/uploads\/sites\/109\/2024\/01\/Prancheta-4@4x-600x600.png"},{"@type":"BreadcrumbList","@id":"https:\/\/ww16.ce.gov.br\/crede08-seduc\/baturite\/#breadcrumb","itemListElement":[{"@type":"ListItem","position":1,"name":"In\u00edcio","item":"https:\/\/ww16.ce.gov.br\/crede08-seduc\/"},{"@type":"ListItem","position":2,"name":"Baturit\u00e9"}]},{"@type":"WebSite","@id":"https:\/\/ww16.ce.gov.br\/crede08-seduc\/#website","url":"https:\/\/ww16.ce.gov.br\/crede08-seduc\/","name":"CREDE08-SEDUC","description":"Portal CREDE08-SEDUC","potentialAction":[{"@type":"SearchAction","target":{"@type":"EntryPoint","urlTemplate":"https:\/\/ww16.ce.gov.br\/crede08-seduc\/?s={search_term_string}"},"query-input":{"@type":"PropertyValueSpecification","valueRequired":true,"valueName":"search_term_string"}}],"inLanguage":"pt-BR"}]}},"_links":{"self":[{"href":"https:\/\/ww16.ce.gov.br\/crede08-seduc\/wp-json\/wp\/v2\/pages\/5635","targetHints":{"allow":["GET"]}}],"collection":[{"href":"https:\/\/ww16.ce.gov.br\/crede08-seduc\/wp-json\/wp\/v2\/pages"}],"about":[{"href":"https:\/\/ww16.ce.gov.br\/crede08-seduc\/wp-json\/wp\/v2\/types\/page"}],"author":[{"embeddable":true,"href":"https:\/\/ww16.ce.gov.br\/crede08-seduc\/wp-json\/wp\/v2\/users\/518"}],"replies":[{"embeddable":true,"href":"https:\/\/ww16.ce.gov.br\/crede08-seduc\/wp-json\/wp\/v2\/comments?post=5635"}],"version-history":[{"count":19,"href":"https:\/\/ww16.ce.gov.br\/crede08-seduc\/wp-json\/wp\/v2\/pages\/5635\/revisions"}],"predecessor-version":[{"id":12782,"href":"https:\/\/ww16.ce.gov.br\/crede08-seduc\/wp-json\/wp\/v2\/pages\/5635\/revisions\/12782"}],"wp:attachment":[{"href":"https:\/\/ww16.ce.gov.br\/crede08-seduc\/wp-json\/wp\/v2\/media?parent=5635"}],"curies":[{"name":"wp","href":"https:\/\/api.w.org\/{rel}","templated":true}]}}