{"id":5633,"date":"2021-10-14T15:00:26","date_gmt":"2021-10-14T18:00:26","guid":{"rendered":"http:\/\/www.crede08.seduc.ce.gov.br\/?page_id=5633"},"modified":"2025-01-29T11:19:58","modified_gmt":"2025-01-29T14:19:58","slug":"barreira","status":"publish","type":"page","link":"https:\/\/ww16.ce.gov.br\/crede08-seduc\/barreira\/","title":{"rendered":"Barreira"},"content":{"rendered":"<p style=\"text-align: justify\">\u00c9 um munic\u00edpio brasileiro do estado do Cear\u00e1, localizado na macrorregi\u00e3o do Maci\u00e7o de Baturit\u00e9, mesorregi\u00e3o do Norte Cearense. Sua popula\u00e7\u00e3o estimada em 2009 era de 19.469 habitantes. O top\u00f4nimo Barreira faz alus\u00e3o o solo da regi\u00e3o. Sua denomina\u00e7\u00e3o original era &#8216;Barreira Vermelha&#8217; e, desde 1938, Barreira.<\/p>\n<p style=\"text-align: justify\">A regi\u00e3o entre os rios Acarape\/Pacoti e Chor\u00f3 e a Serra do Cantagalo,era habitada por \u00edndios como os Jenipapo, Kanynd\u00e9,Chor\u00f3 e Quesito. Com a catequiza\u00e7\u00e3o realizadas pelos Jesu\u00edtas, junto aos \u00edndios da regi\u00e3o, e a introdu\u00e7\u00e3o da pecu\u00e1ria na \u00e9poca da carne seca e charque; e depois a implanta\u00e7\u00e3o do caf\u00e9 e algod\u00e3o, surgiram fazendas e n\u00facleos urbanos, Barreira \u00e9 um destes.<\/p>\n<p>&nbsp;<\/p>\n<h4><strong>Anivers\u00e1rio e Hino<\/strong><\/h4>\n<ul class=\"ListaEst col4\">\n<li><a href=\"https:\/\/www.youtube.com\/watch?v=vQ7ILrF30mk&amp;list=PL4hb7TMNpQ9MqQYWMkd0auEhZm5z-nzJi&amp;index=4&amp;ab_channel=GovernodoCear%C3%A1\">Barreira<\/a><\/li>\n<\/ul>\n<h4 class=\"-Title\"><b>Site do Munic\u00edpio <\/b><\/h4>\n<ul class=\"ListaEst col4\">\n<li><a href=\"https:\/\/barreira.ce.gov.br\/\">P\u00e1gina<\/a><\/li>\n<\/ul>\n<h4 class=\"-Title\"><b>Geolocaliza\u00e7\u00e3o<\/b><\/h4>\n<ul class=\"ListaEst col4\">\n<li><a href=\"https:\/\/www.google.com\/maps\/d\/u\/0\/viewer?mid=12Lrod9H3S5YCedTW2jHDcdvUAHiQBnw&amp;ll=-4.224286000000018%2C-38.70335500000001&amp;z=11\"> Mapa<\/a><\/li>\n<\/ul>\n<p><a href=\"https:\/\/www.crede08.seduc.ce.gov.br\/wp-content\/uploads\/sites\/109\/2024\/01\/Prancheta-5@4x.png\"><img loading=\"lazy\" decoding=\"async\" class=\"wp-image-10907 alignleft\" src=\"https:\/\/www.crede08.seduc.ce.gov.br\/wp-content\/uploads\/sites\/109\/2024\/01\/Prancheta-5@4x-600x600.png\" alt=\"\" width=\"387\" height=\"387\" srcset=\"https:\/\/ww16.ce.gov.br\/crede08-seduc\/wp-content\/uploads\/sites\/109\/2024\/01\/Prancheta-5@4x-600x600.png 600w, https:\/\/ww16.ce.gov.br\/crede08-seduc\/wp-content\/uploads\/sites\/109\/2024\/01\/Prancheta-5@4x-1200x1200.png 1200w, https:\/\/ww16.ce.gov.br\/crede08-seduc\/wp-content\/uploads\/sites\/109\/2024\/01\/Prancheta-5@4x-768x768.png 768w, https:\/\/ww16.ce.gov.br\/crede08-seduc\/wp-content\/uploads\/sites\/109\/2024\/01\/Prancheta-5@4x-1536x1536.png 1536w, https:\/\/ww16.ce.gov.br\/crede08-seduc\/wp-content\/uploads\/sites\/109\/2024\/01\/Prancheta-5@4x-2048x2048.png 2048w\" sizes=\"auto, (max-width: 387px) 100vw, 387px\" \/><\/a><\/p>\n<p><strong>PREFEITO(A)<\/strong><br \/>\nMARCIO GLEY NASCIMENTO SILVA<\/p>\n<p><strong>VICE-PREFEITO(A)<\/strong><br \/>\n&#8230;.<\/p>\n<p>&nbsp;<\/p>\n<p>&nbsp;<\/p>\n<p>&nbsp;<\/p>\n<p>&nbsp;<\/p>\n<p>&nbsp;<\/p>\n<p>&nbsp;<\/p>\n<p>&nbsp;<\/p>\n<p>&nbsp;<\/p>\n<p>&nbsp;<\/p>\n<p>&nbsp;<\/p>\n<h2><\/h2>\n<h2>Escolas Estaduais<\/h2>\n<div id=\"tablepress-7_wrapper\" class=\"dataTables_wrapper no-footer\">\n<div id=\"tablepress-7_filter\" class=\"dataTables_filter\"><label>\u00a0<\/label><\/div>\n<table id=\"tablepress-7\" class=\"tablepress tablepress-id-7 dataTable no-footer\" role=\"grid\" width=\"956\" aria-describedby=\"tablepress-7_info\">\n<thead>\n<tr class=\"row-1 odd\" role=\"row\">\n<th class=\"column-1 sorting\" colspan=\"1\" rowspan=\"1\" aria-controls=\"tablepress-7\" aria-label=\"Escola: Ordenar colunas de forma ascendente\">Escola<\/th>\n<th class=\"column-2 sorting\" colspan=\"1\" rowspan=\"1\" aria-controls=\"tablepress-7\" aria-label=\"INEP: Ordenar colunas de forma ascendente\">INEP<\/th>\n<th class=\"column-3 sorting\" colspan=\"1\" rowspan=\"1\" aria-controls=\"tablepress-7\" aria-label=\"Endere\u00e7o: Ordenar colunas de forma ascendente\">Endere\u00e7o<\/th>\n<\/tr>\n<\/thead>\n<tbody class=\"row-hover\">\n<tr class=\"row-2 even\" role=\"row\">\n<td class=\"column-1\"><span data-sheets-formula-bar-text-style=\"font-size:13px;color:#f46524;font-weight:normal;text-decoration:none;font-family:'Arial';font-style:normal;text-decoration-skip-ink:none;\">EEM Danisio Dalton Da Rocha Correa<\/span><\/td>\n<td class=\"column-2\"><span data-sheets-formula-bar-text-style=\"font-size:13px;color:#000000;font-weight:normal;text-decoration:none;font-family:'Arial';font-style:normal;text-decoration-skip-ink:none;\">23057190<\/span><\/td>\n<td class=\"column-3\">Av. Francisco Torres Da Gama 161 &#8211; Centro<\/td>\n<\/tr>\n<\/tbody>\n<\/table>\n<\/div>\n","protected":false},"excerpt":{"rendered":"<p>\u00c9 um munic\u00edpio brasileiro do estado do Cear\u00e1, localizado na macrorregi\u00e3o do Maci\u00e7o de Baturit\u00e9, mesorregi\u00e3o do Norte Cearense. Sua popula\u00e7\u00e3o estimada em 2009 era de 19.469 habitantes. O top\u00f4nimo Barreira faz alus\u00e3o o solo da regi\u00e3o. Sua denomina\u00e7\u00e3o original era &#8216;Barreira Vermelha&#8217; e, desde 1938, Barreira. A regi\u00e3o entre os rios Acarape\/Pacoti e Chor\u00f3 [&hellip;]<\/p>\n","protected":false},"author":518,"featured_media":0,"parent":0,"menu_order":0,"comment_status":"closed","ping_status":"closed","template":"","meta":{"_acf_changed":false,"inline_featured_image":false,"footnotes":""},"class_list":["post-5633","page","type-page","status-publish","hentry"],"acf":[],"yoast_head":"<!-- This site is optimized with the Yoast SEO plugin v26.9 - https:\/\/yoast.com\/product\/yoast-seo-wordpress\/ -->\n<title>Barreira - CREDE08-SEDUC<\/title>\n<meta name=\"robots\" content=\"index, follow, max-snippet:-1, max-image-preview:large, max-video-preview:-1\" \/>\n<link rel=\"canonical\" href=\"https:\/\/ww16.ce.gov.br\/crede08-seduc\/barreira\/\" \/>\n<meta property=\"og:locale\" content=\"pt_BR\" \/>\n<meta property=\"og:type\" content=\"article\" \/>\n<meta property=\"og:title\" content=\"Barreira - CREDE08-SEDUC\" \/>\n<meta property=\"og:description\" content=\"\u00c9 um munic\u00edpio brasileiro do estado do Cear\u00e1, localizado na macrorregi\u00e3o do Maci\u00e7o de Baturit\u00e9, mesorregi\u00e3o do Norte Cearense. Sua popula\u00e7\u00e3o estimada em 2009 era de 19.469 habitantes. O top\u00f4nimo Barreira faz alus\u00e3o o solo da regi\u00e3o. Sua denomina\u00e7\u00e3o original era &#8216;Barreira Vermelha&#8217; e, desde 1938, Barreira. A regi\u00e3o entre os rios Acarape\/Pacoti e Chor\u00f3 [&hellip;]\" \/>\n<meta property=\"og:url\" content=\"https:\/\/ww16.ce.gov.br\/crede08-seduc\/barreira\/\" \/>\n<meta property=\"og:site_name\" content=\"CREDE08-SEDUC\" \/>\n<meta property=\"article:modified_time\" content=\"2025-01-29T14:19:58+00:00\" \/>\n<meta property=\"og:image\" content=\"http:\/\/www.crede08.seduc.ce.gov.br\/wp-content\/uploads\/sites\/109\/2024\/01\/Prancheta-5@4x-600x600.png\" \/>\n<meta name=\"twitter:card\" content=\"summary_large_image\" \/>\n<meta name=\"twitter:label1\" content=\"Est. reading time\" \/>\n\t<meta name=\"twitter:data1\" content=\"1 minuto\" \/>\n<script type=\"application\/ld+json\" class=\"yoast-schema-graph\">{\"@context\":\"https:\/\/schema.org\",\"@graph\":[{\"@type\":\"WebPage\",\"@id\":\"https:\/\/ww16.ce.gov.br\/crede08-seduc\/barreira\/\",\"url\":\"https:\/\/ww16.ce.gov.br\/crede08-seduc\/barreira\/\",\"name\":\"Barreira - CREDE08-SEDUC\",\"isPartOf\":{\"@id\":\"https:\/\/ww16.ce.gov.br\/crede08-seduc\/#website\"},\"primaryImageOfPage\":{\"@id\":\"https:\/\/ww16.ce.gov.br\/crede08-seduc\/barreira\/#primaryimage\"},\"image\":{\"@id\":\"https:\/\/ww16.ce.gov.br\/crede08-seduc\/barreira\/#primaryimage\"},\"thumbnailUrl\":\"http:\/\/www.crede08.seduc.ce.gov.br\/wp-content\/uploads\/sites\/109\/2024\/01\/Prancheta-5@4x-600x600.png\",\"datePublished\":\"2021-10-14T18:00:26+00:00\",\"dateModified\":\"2025-01-29T14:19:58+00:00\",\"breadcrumb\":{\"@id\":\"https:\/\/ww16.ce.gov.br\/crede08-seduc\/barreira\/#breadcrumb\"},\"inLanguage\":\"pt-BR\",\"potentialAction\":[{\"@type\":\"ReadAction\",\"target\":[\"https:\/\/ww16.ce.gov.br\/crede08-seduc\/barreira\/\"]}]},{\"@type\":\"ImageObject\",\"inLanguage\":\"pt-BR\",\"@id\":\"https:\/\/ww16.ce.gov.br\/crede08-seduc\/barreira\/#primaryimage\",\"url\":\"http:\/\/www.crede08.seduc.ce.gov.br\/wp-content\/uploads\/sites\/109\/2024\/01\/Prancheta-5@4x-600x600.png\",\"contentUrl\":\"http:\/\/www.crede08.seduc.ce.gov.br\/wp-content\/uploads\/sites\/109\/2024\/01\/Prancheta-5@4x-600x600.png\"},{\"@type\":\"BreadcrumbList\",\"@id\":\"https:\/\/ww16.ce.gov.br\/crede08-seduc\/barreira\/#breadcrumb\",\"itemListElement\":[{\"@type\":\"ListItem\",\"position\":1,\"name\":\"In\u00edcio\",\"item\":\"https:\/\/ww16.ce.gov.br\/crede08-seduc\/\"},{\"@type\":\"ListItem\",\"position\":2,\"name\":\"Barreira\"}]},{\"@type\":\"WebSite\",\"@id\":\"https:\/\/ww16.ce.gov.br\/crede08-seduc\/#website\",\"url\":\"https:\/\/ww16.ce.gov.br\/crede08-seduc\/\",\"name\":\"CREDE08-SEDUC\",\"description\":\"Portal CREDE08-SEDUC\",\"potentialAction\":[{\"@type\":\"SearchAction\",\"target\":{\"@type\":\"EntryPoint\",\"urlTemplate\":\"https:\/\/ww16.ce.gov.br\/crede08-seduc\/?s={search_term_string}\"},\"query-input\":{\"@type\":\"PropertyValueSpecification\",\"valueRequired\":true,\"valueName\":\"search_term_string\"}}],\"inLanguage\":\"pt-BR\"}]}<\/script>\n<!-- \/ Yoast SEO plugin. -->","yoast_head_json":{"title":"Barreira - CREDE08-SEDUC","robots":{"index":"index","follow":"follow","max-snippet":"max-snippet:-1","max-image-preview":"max-image-preview:large","max-video-preview":"max-video-preview:-1"},"canonical":"https:\/\/ww16.ce.gov.br\/crede08-seduc\/barreira\/","og_locale":"pt_BR","og_type":"article","og_title":"Barreira - CREDE08-SEDUC","og_description":"\u00c9 um munic\u00edpio brasileiro do estado do Cear\u00e1, localizado na macrorregi\u00e3o do Maci\u00e7o de Baturit\u00e9, mesorregi\u00e3o do Norte Cearense. Sua popula\u00e7\u00e3o estimada em 2009 era de 19.469 habitantes. O top\u00f4nimo Barreira faz alus\u00e3o o solo da regi\u00e3o. Sua denomina\u00e7\u00e3o original era &#8216;Barreira Vermelha&#8217; e, desde 1938, Barreira. A regi\u00e3o entre os rios Acarape\/Pacoti e Chor\u00f3 [&hellip;]","og_url":"https:\/\/ww16.ce.gov.br\/crede08-seduc\/barreira\/","og_site_name":"CREDE08-SEDUC","article_modified_time":"2025-01-29T14:19:58+00:00","og_image":[{"url":"http:\/\/www.crede08.seduc.ce.gov.br\/wp-content\/uploads\/sites\/109\/2024\/01\/Prancheta-5@4x-600x600.png","type":"","width":"","height":""}],"twitter_card":"summary_large_image","twitter_misc":{"Est. reading time":"1 minuto"},"schema":{"@context":"https:\/\/schema.org","@graph":[{"@type":"WebPage","@id":"https:\/\/ww16.ce.gov.br\/crede08-seduc\/barreira\/","url":"https:\/\/ww16.ce.gov.br\/crede08-seduc\/barreira\/","name":"Barreira - CREDE08-SEDUC","isPartOf":{"@id":"https:\/\/ww16.ce.gov.br\/crede08-seduc\/#website"},"primaryImageOfPage":{"@id":"https:\/\/ww16.ce.gov.br\/crede08-seduc\/barreira\/#primaryimage"},"image":{"@id":"https:\/\/ww16.ce.gov.br\/crede08-seduc\/barreira\/#primaryimage"},"thumbnailUrl":"http:\/\/www.crede08.seduc.ce.gov.br\/wp-content\/uploads\/sites\/109\/2024\/01\/Prancheta-5@4x-600x600.png","datePublished":"2021-10-14T18:00:26+00:00","dateModified":"2025-01-29T14:19:58+00:00","breadcrumb":{"@id":"https:\/\/ww16.ce.gov.br\/crede08-seduc\/barreira\/#breadcrumb"},"inLanguage":"pt-BR","potentialAction":[{"@type":"ReadAction","target":["https:\/\/ww16.ce.gov.br\/crede08-seduc\/barreira\/"]}]},{"@type":"ImageObject","inLanguage":"pt-BR","@id":"https:\/\/ww16.ce.gov.br\/crede08-seduc\/barreira\/#primaryimage","url":"http:\/\/www.crede08.seduc.ce.gov.br\/wp-content\/uploads\/sites\/109\/2024\/01\/Prancheta-5@4x-600x600.png","contentUrl":"http:\/\/www.crede08.seduc.ce.gov.br\/wp-content\/uploads\/sites\/109\/2024\/01\/Prancheta-5@4x-600x600.png"},{"@type":"BreadcrumbList","@id":"https:\/\/ww16.ce.gov.br\/crede08-seduc\/barreira\/#breadcrumb","itemListElement":[{"@type":"ListItem","position":1,"name":"In\u00edcio","item":"https:\/\/ww16.ce.gov.br\/crede08-seduc\/"},{"@type":"ListItem","position":2,"name":"Barreira"}]},{"@type":"WebSite","@id":"https:\/\/ww16.ce.gov.br\/crede08-seduc\/#website","url":"https:\/\/ww16.ce.gov.br\/crede08-seduc\/","name":"CREDE08-SEDUC","description":"Portal CREDE08-SEDUC","potentialAction":[{"@type":"SearchAction","target":{"@type":"EntryPoint","urlTemplate":"https:\/\/ww16.ce.gov.br\/crede08-seduc\/?s={search_term_string}"},"query-input":{"@type":"PropertyValueSpecification","valueRequired":true,"valueName":"search_term_string"}}],"inLanguage":"pt-BR"}]}},"_links":{"self":[{"href":"https:\/\/ww16.ce.gov.br\/crede08-seduc\/wp-json\/wp\/v2\/pages\/5633","targetHints":{"allow":["GET"]}}],"collection":[{"href":"https:\/\/ww16.ce.gov.br\/crede08-seduc\/wp-json\/wp\/v2\/pages"}],"about":[{"href":"https:\/\/ww16.ce.gov.br\/crede08-seduc\/wp-json\/wp\/v2\/types\/page"}],"author":[{"embeddable":true,"href":"https:\/\/ww16.ce.gov.br\/crede08-seduc\/wp-json\/wp\/v2\/users\/518"}],"replies":[{"embeddable":true,"href":"https:\/\/ww16.ce.gov.br\/crede08-seduc\/wp-json\/wp\/v2\/comments?post=5633"}],"version-history":[{"count":12,"href":"https:\/\/ww16.ce.gov.br\/crede08-seduc\/wp-json\/wp\/v2\/pages\/5633\/revisions"}],"predecessor-version":[{"id":13183,"href":"https:\/\/ww16.ce.gov.br\/crede08-seduc\/wp-json\/wp\/v2\/pages\/5633\/revisions\/13183"}],"wp:attachment":[{"href":"https:\/\/ww16.ce.gov.br\/crede08-seduc\/wp-json\/wp\/v2\/media?parent=5633"}],"curies":[{"name":"wp","href":"https:\/\/api.w.org\/{rel}","templated":true}]}}