{"id":5629,"date":"2021-10-14T14:59:29","date_gmt":"2021-10-14T17:59:29","guid":{"rendered":"http:\/\/www.crede08.seduc.ce.gov.br\/?page_id=5629"},"modified":"2024-01-25T13:50:00","modified_gmt":"2024-01-25T16:50:00","slug":"acarape","status":"publish","type":"page","link":"https:\/\/ww16.ce.gov.br\/crede08-seduc\/acarape\/","title":{"rendered":"Acarape"},"content":{"rendered":"<p style=\"text-align: justify\">Acarape \u00e9 um munic\u00edpio brasileiro do estado do Cear\u00e1. Localiza-se na Regi\u00e3o Imediata de Reden\u00e7\u00e3o-Acarape, Regi\u00e3o Intermedi\u00e1ria de Fortaleza. Faz parte do Maci\u00e7o de Baturit\u00e9. Est\u00e1 distante 61,8km de capital, Fortaleza com acesso principal pela rodovia CE-060. O top\u00f4nimo Acarape vem do tupi acar\u00e1s e significa: de acara p\u00e9 (caminho dos acar\u00e1s, canal do peixe ou caminho das gar\u00e7as).Sua denomina\u00e7\u00e3o original era Calaboca e, desde 1926, Acarape.<\/p>\n<p>&nbsp;<\/p>\n<h4><strong>Anivers\u00e1rio e Hino\u00a0 <\/strong><\/h4>\n<ul class=\"ListaEst col4\">\n<li><a href=\"https:\/\/www.youtube.com\/watch?v=vQYAGJqb0jQ&amp;list=PL4hb7TMNpQ9MqQYWMkd0auEhZm5z-nzJi&amp;index=1&amp;ab_channel=GovernodoCear%C3%A1\">Acarape<\/a><\/li>\n<\/ul>\n<h4 class=\"-Title\"><b> Site do Munic\u00edpio <\/b><\/h4>\n<ul class=\"ListaEst col4\">\n<li><a href=\"https:\/\/acarape.ce.gov.br\/\"> P\u00e1gina<\/a><\/li>\n<\/ul>\n<h4 class=\"-Title\"><b>Geolocaliza\u00e7\u00e3o<\/b><\/h4>\n<ul class=\"ListaEst col4\">\n<li><a href=\"https:\/\/www.google.com\/maps\/d\/u\/0\/viewer?mid=12Lrod9H3S5YCedTW2jHDcdvUAHiQBnw&amp;ll=-4.224286000000018%2C-38.70335500000001&amp;z=11\"> Mapa<\/a><\/li>\n<\/ul>\n<p><strong><a href=\"https:\/\/www.crede08.seduc.ce.gov.br\/wp-content\/uploads\/sites\/109\/2024\/01\/Prancheta-1@4x.png\"><img loading=\"lazy\" decoding=\"async\" class=\" wp-image-10877 alignleft\" src=\"https:\/\/www.crede08.seduc.ce.gov.br\/wp-content\/uploads\/sites\/109\/2024\/01\/Prancheta-1@4x-600x600.png\" alt=\"\" width=\"438\" height=\"438\" srcset=\"https:\/\/ww16.ce.gov.br\/crede08-seduc\/wp-content\/uploads\/sites\/109\/2024\/01\/Prancheta-1@4x-600x600.png 600w, https:\/\/ww16.ce.gov.br\/crede08-seduc\/wp-content\/uploads\/sites\/109\/2024\/01\/Prancheta-1@4x-1200x1200.png 1200w, https:\/\/ww16.ce.gov.br\/crede08-seduc\/wp-content\/uploads\/sites\/109\/2024\/01\/Prancheta-1@4x-768x768.png 768w, https:\/\/ww16.ce.gov.br\/crede08-seduc\/wp-content\/uploads\/sites\/109\/2024\/01\/Prancheta-1@4x-1536x1536.png 1536w, https:\/\/ww16.ce.gov.br\/crede08-seduc\/wp-content\/uploads\/sites\/109\/2024\/01\/Prancheta-1@4x-2048x2048.png 2048w\" sizes=\"auto, (max-width: 438px) 100vw, 438px\" \/><\/a><\/strong><strong>PREFEITO(A)<\/strong><br \/>\nFRANCISCO EDILBERTO BESERRA BARROSO<\/p>\n<p><strong>VICE-PREFEITO(A)<\/strong><br \/>\nVIVIAN TORRES RAMOS DE FREITAS<\/p>\n<p>&nbsp;<\/p>\n<h3><\/h3>\n<p>&nbsp;<\/p>\n<p>&nbsp;<\/p>\n<p>&nbsp;<\/p>\n<p>&nbsp;<\/p>\n<h3><\/h3>\n<p>&nbsp;<\/p>\n<p>&nbsp;<\/p>\n<p>&nbsp;<\/p>\n<p>&nbsp;<\/p>\n<p>&nbsp;<\/p>\n<p>&nbsp;<\/p>\n<h2>Escolas Estaduais<\/h2>\n<div id=\"tablepress-7_wrapper\" class=\"dataTables_wrapper no-footer\">\n<div id=\"tablepress-7_filter\" class=\"dataTables_filter\"><label>\u00a0<\/label><\/div>\n<table id=\"tablepress-7\" class=\"tablepress tablepress-id-7 dataTable no-footer\" style=\"height: 38px\" role=\"grid\" width=\"956\" aria-describedby=\"tablepress-7_info\">\n<thead>\n<tr class=\"row-1 odd\" role=\"row\">\n<th class=\"column-1 sorting\" colspan=\"1\" rowspan=\"1\" aria-controls=\"tablepress-7\" aria-label=\"Escola: Ordenar colunas de forma ascendente\">Escola<\/th>\n<th class=\"column-2 sorting\" colspan=\"1\" rowspan=\"1\" aria-controls=\"tablepress-7\" aria-label=\"INEP: Ordenar colunas de forma ascendente\">INEP<\/th>\n<th class=\"column-3 sorting\" colspan=\"1\" rowspan=\"1\" aria-controls=\"tablepress-7\" aria-label=\"Endere\u00e7o: Ordenar colunas de forma ascendente\">Endere\u00e7o<\/th>\n<\/tr>\n<\/thead>\n<tbody class=\"row-hover\">\n<tr class=\"row-2 even\" role=\"row\">\n<td class=\"column-1\" style=\"text-align: left\">EEMTI Maria do Carmo Bezerra<\/td>\n<td class=\"column-2\" style=\"text-align: left\"><span data-sheets-formula-bar-text-style=\"font-size:13px;color:#000000;font-weight:normal;text-decoration:none;font-family:'Arial';font-style:normal;text-decoration-skip-ink:none;\">23051850<\/span><\/td>\n<td class=\"column-3\" style=\"text-align: left\">Rua Sebasti\u00e3o Bezerra, S\/N &#8211; Centro<\/td>\n<\/tr>\n<\/tbody>\n<\/table>\n<\/div>\n","protected":false},"excerpt":{"rendered":"<p>Acarape \u00e9 um munic\u00edpio brasileiro do estado do Cear\u00e1. Localiza-se na Regi\u00e3o Imediata de Reden\u00e7\u00e3o-Acarape, Regi\u00e3o Intermedi\u00e1ria de Fortaleza. Faz parte do Maci\u00e7o de Baturit\u00e9. Est\u00e1 distante 61,8km de capital, Fortaleza com acesso principal pela rodovia CE-060. O top\u00f4nimo Acarape vem do tupi acar\u00e1s e significa: de acara p\u00e9 (caminho dos acar\u00e1s, canal do peixe [&hellip;]<\/p>\n","protected":false},"author":518,"featured_media":0,"parent":0,"menu_order":0,"comment_status":"closed","ping_status":"closed","template":"","meta":{"_acf_changed":false,"inline_featured_image":false,"footnotes":""},"class_list":["post-5629","page","type-page","status-publish","hentry"],"acf":[],"yoast_head":"<!-- This site is optimized with the Yoast SEO plugin v26.9 - https:\/\/yoast.com\/product\/yoast-seo-wordpress\/ -->\n<title>Acarape - CREDE08-SEDUC<\/title>\n<meta name=\"robots\" content=\"index, follow, max-snippet:-1, max-image-preview:large, max-video-preview:-1\" \/>\n<link rel=\"canonical\" href=\"https:\/\/ww16.ce.gov.br\/crede08-seduc\/acarape\/\" \/>\n<meta property=\"og:locale\" content=\"pt_BR\" \/>\n<meta property=\"og:type\" content=\"article\" \/>\n<meta property=\"og:title\" content=\"Acarape - CREDE08-SEDUC\" \/>\n<meta property=\"og:description\" content=\"Acarape \u00e9 um munic\u00edpio brasileiro do estado do Cear\u00e1. Localiza-se na Regi\u00e3o Imediata de Reden\u00e7\u00e3o-Acarape, Regi\u00e3o Intermedi\u00e1ria de Fortaleza. Faz parte do Maci\u00e7o de Baturit\u00e9. Est\u00e1 distante 61,8km de capital, Fortaleza com acesso principal pela rodovia CE-060. O top\u00f4nimo Acarape vem do tupi acar\u00e1s e significa: de acara p\u00e9 (caminho dos acar\u00e1s, canal do peixe [&hellip;]\" \/>\n<meta property=\"og:url\" content=\"https:\/\/ww16.ce.gov.br\/crede08-seduc\/acarape\/\" \/>\n<meta property=\"og:site_name\" content=\"CREDE08-SEDUC\" \/>\n<meta property=\"article:modified_time\" content=\"2024-01-25T16:50:00+00:00\" \/>\n<meta property=\"og:image\" content=\"http:\/\/www.crede08.seduc.ce.gov.br\/wp-content\/uploads\/sites\/109\/2024\/01\/Prancheta-1@4x-600x600.png\" \/>\n<meta name=\"twitter:card\" content=\"summary_large_image\" \/>\n<meta name=\"twitter:label1\" content=\"Est. reading time\" \/>\n\t<meta name=\"twitter:data1\" content=\"1 minuto\" \/>\n<script type=\"application\/ld+json\" class=\"yoast-schema-graph\">{\"@context\":\"https:\/\/schema.org\",\"@graph\":[{\"@type\":\"WebPage\",\"@id\":\"https:\/\/ww16.ce.gov.br\/crede08-seduc\/acarape\/\",\"url\":\"https:\/\/ww16.ce.gov.br\/crede08-seduc\/acarape\/\",\"name\":\"Acarape - CREDE08-SEDUC\",\"isPartOf\":{\"@id\":\"https:\/\/ww16.ce.gov.br\/crede08-seduc\/#website\"},\"primaryImageOfPage\":{\"@id\":\"https:\/\/ww16.ce.gov.br\/crede08-seduc\/acarape\/#primaryimage\"},\"image\":{\"@id\":\"https:\/\/ww16.ce.gov.br\/crede08-seduc\/acarape\/#primaryimage\"},\"thumbnailUrl\":\"http:\/\/www.crede08.seduc.ce.gov.br\/wp-content\/uploads\/sites\/109\/2024\/01\/Prancheta-1@4x-600x600.png\",\"datePublished\":\"2021-10-14T17:59:29+00:00\",\"dateModified\":\"2024-01-25T16:50:00+00:00\",\"breadcrumb\":{\"@id\":\"https:\/\/ww16.ce.gov.br\/crede08-seduc\/acarape\/#breadcrumb\"},\"inLanguage\":\"pt-BR\",\"potentialAction\":[{\"@type\":\"ReadAction\",\"target\":[\"https:\/\/ww16.ce.gov.br\/crede08-seduc\/acarape\/\"]}]},{\"@type\":\"ImageObject\",\"inLanguage\":\"pt-BR\",\"@id\":\"https:\/\/ww16.ce.gov.br\/crede08-seduc\/acarape\/#primaryimage\",\"url\":\"http:\/\/www.crede08.seduc.ce.gov.br\/wp-content\/uploads\/sites\/109\/2024\/01\/Prancheta-1@4x-600x600.png\",\"contentUrl\":\"http:\/\/www.crede08.seduc.ce.gov.br\/wp-content\/uploads\/sites\/109\/2024\/01\/Prancheta-1@4x-600x600.png\"},{\"@type\":\"BreadcrumbList\",\"@id\":\"https:\/\/ww16.ce.gov.br\/crede08-seduc\/acarape\/#breadcrumb\",\"itemListElement\":[{\"@type\":\"ListItem\",\"position\":1,\"name\":\"In\u00edcio\",\"item\":\"https:\/\/ww16.ce.gov.br\/crede08-seduc\/\"},{\"@type\":\"ListItem\",\"position\":2,\"name\":\"Acarape\"}]},{\"@type\":\"WebSite\",\"@id\":\"https:\/\/ww16.ce.gov.br\/crede08-seduc\/#website\",\"url\":\"https:\/\/ww16.ce.gov.br\/crede08-seduc\/\",\"name\":\"CREDE08-SEDUC\",\"description\":\"Portal CREDE08-SEDUC\",\"potentialAction\":[{\"@type\":\"SearchAction\",\"target\":{\"@type\":\"EntryPoint\",\"urlTemplate\":\"https:\/\/ww16.ce.gov.br\/crede08-seduc\/?s={search_term_string}\"},\"query-input\":{\"@type\":\"PropertyValueSpecification\",\"valueRequired\":true,\"valueName\":\"search_term_string\"}}],\"inLanguage\":\"pt-BR\"}]}<\/script>\n<!-- \/ Yoast SEO plugin. -->","yoast_head_json":{"title":"Acarape - CREDE08-SEDUC","robots":{"index":"index","follow":"follow","max-snippet":"max-snippet:-1","max-image-preview":"max-image-preview:large","max-video-preview":"max-video-preview:-1"},"canonical":"https:\/\/ww16.ce.gov.br\/crede08-seduc\/acarape\/","og_locale":"pt_BR","og_type":"article","og_title":"Acarape - CREDE08-SEDUC","og_description":"Acarape \u00e9 um munic\u00edpio brasileiro do estado do Cear\u00e1. Localiza-se na Regi\u00e3o Imediata de Reden\u00e7\u00e3o-Acarape, Regi\u00e3o Intermedi\u00e1ria de Fortaleza. Faz parte do Maci\u00e7o de Baturit\u00e9. Est\u00e1 distante 61,8km de capital, Fortaleza com acesso principal pela rodovia CE-060. O top\u00f4nimo Acarape vem do tupi acar\u00e1s e significa: de acara p\u00e9 (caminho dos acar\u00e1s, canal do peixe [&hellip;]","og_url":"https:\/\/ww16.ce.gov.br\/crede08-seduc\/acarape\/","og_site_name":"CREDE08-SEDUC","article_modified_time":"2024-01-25T16:50:00+00:00","og_image":[{"url":"http:\/\/www.crede08.seduc.ce.gov.br\/wp-content\/uploads\/sites\/109\/2024\/01\/Prancheta-1@4x-600x600.png","type":"","width":"","height":""}],"twitter_card":"summary_large_image","twitter_misc":{"Est. reading time":"1 minuto"},"schema":{"@context":"https:\/\/schema.org","@graph":[{"@type":"WebPage","@id":"https:\/\/ww16.ce.gov.br\/crede08-seduc\/acarape\/","url":"https:\/\/ww16.ce.gov.br\/crede08-seduc\/acarape\/","name":"Acarape - CREDE08-SEDUC","isPartOf":{"@id":"https:\/\/ww16.ce.gov.br\/crede08-seduc\/#website"},"primaryImageOfPage":{"@id":"https:\/\/ww16.ce.gov.br\/crede08-seduc\/acarape\/#primaryimage"},"image":{"@id":"https:\/\/ww16.ce.gov.br\/crede08-seduc\/acarape\/#primaryimage"},"thumbnailUrl":"http:\/\/www.crede08.seduc.ce.gov.br\/wp-content\/uploads\/sites\/109\/2024\/01\/Prancheta-1@4x-600x600.png","datePublished":"2021-10-14T17:59:29+00:00","dateModified":"2024-01-25T16:50:00+00:00","breadcrumb":{"@id":"https:\/\/ww16.ce.gov.br\/crede08-seduc\/acarape\/#breadcrumb"},"inLanguage":"pt-BR","potentialAction":[{"@type":"ReadAction","target":["https:\/\/ww16.ce.gov.br\/crede08-seduc\/acarape\/"]}]},{"@type":"ImageObject","inLanguage":"pt-BR","@id":"https:\/\/ww16.ce.gov.br\/crede08-seduc\/acarape\/#primaryimage","url":"http:\/\/www.crede08.seduc.ce.gov.br\/wp-content\/uploads\/sites\/109\/2024\/01\/Prancheta-1@4x-600x600.png","contentUrl":"http:\/\/www.crede08.seduc.ce.gov.br\/wp-content\/uploads\/sites\/109\/2024\/01\/Prancheta-1@4x-600x600.png"},{"@type":"BreadcrumbList","@id":"https:\/\/ww16.ce.gov.br\/crede08-seduc\/acarape\/#breadcrumb","itemListElement":[{"@type":"ListItem","position":1,"name":"In\u00edcio","item":"https:\/\/ww16.ce.gov.br\/crede08-seduc\/"},{"@type":"ListItem","position":2,"name":"Acarape"}]},{"@type":"WebSite","@id":"https:\/\/ww16.ce.gov.br\/crede08-seduc\/#website","url":"https:\/\/ww16.ce.gov.br\/crede08-seduc\/","name":"CREDE08-SEDUC","description":"Portal CREDE08-SEDUC","potentialAction":[{"@type":"SearchAction","target":{"@type":"EntryPoint","urlTemplate":"https:\/\/ww16.ce.gov.br\/crede08-seduc\/?s={search_term_string}"},"query-input":{"@type":"PropertyValueSpecification","valueRequired":true,"valueName":"search_term_string"}}],"inLanguage":"pt-BR"}]}},"_links":{"self":[{"href":"https:\/\/ww16.ce.gov.br\/crede08-seduc\/wp-json\/wp\/v2\/pages\/5629","targetHints":{"allow":["GET"]}}],"collection":[{"href":"https:\/\/ww16.ce.gov.br\/crede08-seduc\/wp-json\/wp\/v2\/pages"}],"about":[{"href":"https:\/\/ww16.ce.gov.br\/crede08-seduc\/wp-json\/wp\/v2\/types\/page"}],"author":[{"embeddable":true,"href":"https:\/\/ww16.ce.gov.br\/crede08-seduc\/wp-json\/wp\/v2\/users\/518"}],"replies":[{"embeddable":true,"href":"https:\/\/ww16.ce.gov.br\/crede08-seduc\/wp-json\/wp\/v2\/comments?post=5629"}],"version-history":[{"count":77,"href":"https:\/\/ww16.ce.gov.br\/crede08-seduc\/wp-json\/wp\/v2\/pages\/5629\/revisions"}],"predecessor-version":[{"id":10977,"href":"https:\/\/ww16.ce.gov.br\/crede08-seduc\/wp-json\/wp\/v2\/pages\/5629\/revisions\/10977"}],"wp:attachment":[{"href":"https:\/\/ww16.ce.gov.br\/crede08-seduc\/wp-json\/wp\/v2\/media?parent=5629"}],"curies":[{"name":"wp","href":"https:\/\/api.w.org\/{rel}","templated":true}]}}