{"id":5620,"date":"2021-10-14T14:32:17","date_gmt":"2021-10-14T17:32:17","guid":{"rendered":"http:\/\/www.crede08.seduc.ce.gov.br\/?page_id=5620"},"modified":"2025-01-29T11:18:41","modified_gmt":"2025-01-29T14:18:41","slug":"aracoiaba","status":"publish","type":"page","link":"https:\/\/ww16.ce.gov.br\/crede08-seduc\/aracoiaba\/","title":{"rendered":"Aracoiaba"},"content":{"rendered":"<p>Aracoiaba\u00a0\u00e9 um\u00a0munic\u00edpio brasileiro\u00a0do\u00a0estado\u00a0do\u00a0Cear\u00e1, localizado na\u00a0Microrregi\u00e3o de Baturit\u00e9, mesorregi\u00e3o do\u00a0Norte Cearense. Sua popula\u00e7\u00e3o estimada em\u00a02004\u00a0era de 24.862 habitantes. Faz parte do Polo Serra do Baturit\u00e9.<\/p>\n<p>O nome\u00a0Aracoiaba\u00a0vem do nome de um\u00a0rio\u00a0que atravessa o munic\u00edpio e tem duas origens:\u00a0aracoiaba\u00a0ou\u00a0aracoaguaba. O\u00a0top\u00f4nimo\u00a0aracoiaba\u00a0vem do\u00a0tupi-guarani\u00a0ara\u00a0(ave),\u00a0c\u00f3i\u00a0(falar) e\u00a0aba\u00a0(lugar), e significa\u00a0lugar do canto das aves. J\u00e1 o top\u00f4nimio\u00a0aracoaguaba\u00a0tamb\u00e9m vem do tupi-guarani\u00a0ar\u00e1\u00a0(ave),\u00a0c\u00f3i\u00a0(falar) e\u00a0aba\u00a0(lugar), e significa\u00a0lugar onde as aves gorjeiam. Sua denomina\u00e7\u00e3o original era\u00a0Comum, depois\u00a0Aldeia Canoa\u00a0e, desde\u00a01871, Aracoiaba.<\/p>\n<p>&nbsp;<\/p>\n<h4><strong>Anivers\u00e1rio e Hino<\/strong><\/h4>\n<ul class=\"ListaEst col4\">\n<li><a href=\"https:\/\/www.youtube.com\/watch?v=tIj5W8A9FJ4&amp;list=PL4hb7TMNpQ9MqQYWMkd0auEhZm5z-nzJi&amp;index=2&amp;ab_channel=GovernodoCear%C3%A1\">Aracoiaba<\/a><\/li>\n<\/ul>\n<h4 class=\"-Title\"><b>Site do Munic\u00edpio <\/b><\/h4>\n<ul class=\"ListaEst col4\">\n<li><a href=\"https:\/\/aracoiaba.ce.gov.br\/\">P\u00e1gina<\/a><\/li>\n<\/ul>\n<h4 class=\"-Title\"><b>Geolocaliza\u00e7\u00e3o<\/b><\/h4>\n<ul class=\"ListaEst col4\">\n<li><a href=\"https:\/\/www.google.com\/maps\/d\/u\/0\/viewer?mid=12Lrod9H3S5YCedTW2jHDcdvUAHiQBnw&amp;ll=-4.224286000000018%2C-38.70335500000001&amp;z=11\"> Mapa<\/a><\/li>\n<\/ul>\n<p><strong><a href=\"https:\/\/www.crede08.seduc.ce.gov.br\/wp-content\/uploads\/sites\/109\/2024\/01\/Prancheta-2@4x.png\"><img loading=\"lazy\" decoding=\"async\" class=\"wp-image-10900 alignleft\" src=\"https:\/\/www.crede08.seduc.ce.gov.br\/wp-content\/uploads\/sites\/109\/2024\/01\/Prancheta-2@4x-600x600.png\" alt=\"\" width=\"380\" height=\"380\" srcset=\"https:\/\/ww16.ce.gov.br\/crede08-seduc\/wp-content\/uploads\/sites\/109\/2024\/01\/Prancheta-2@4x-600x600.png 600w, https:\/\/ww16.ce.gov.br\/crede08-seduc\/wp-content\/uploads\/sites\/109\/2024\/01\/Prancheta-2@4x-1200x1200.png 1200w, https:\/\/ww16.ce.gov.br\/crede08-seduc\/wp-content\/uploads\/sites\/109\/2024\/01\/Prancheta-2@4x-768x768.png 768w, https:\/\/ww16.ce.gov.br\/crede08-seduc\/wp-content\/uploads\/sites\/109\/2024\/01\/Prancheta-2@4x-1536x1536.png 1536w, https:\/\/ww16.ce.gov.br\/crede08-seduc\/wp-content\/uploads\/sites\/109\/2024\/01\/Prancheta-2@4x-2048x2048.png 2048w\" sizes=\"auto, (max-width: 380px) 100vw, 380px\" \/><\/a>PREFEITO(A)<br \/>\n<\/strong>WELLINGTON SILVA DE OLIVEIRA<\/p>\n<p><strong>VICE-PREFEITO(A)<\/strong><br \/>\n&#8230;<\/p>\n<p>&nbsp;<\/p>\n<p>&nbsp;<\/p>\n<p>&nbsp;<\/p>\n<p>&nbsp;<\/p>\n<p>&nbsp;<\/p>\n<p>&nbsp;<\/p>\n<p>&nbsp;<\/p>\n<p>&nbsp;<\/p>\n<p>&nbsp;<\/p>\n<p>&nbsp;<\/p>\n<p>&nbsp;<\/p>\n<h3><\/h3>\n<h2>Escolas Estaduais<\/h2>\n<div id=\"tablepress-7_wrapper\" class=\"dataTables_wrapper no-footer\">\n<div id=\"tablepress-7_filter\" class=\"dataTables_filter\"><label>\u00a0<\/label><\/div>\n<table id=\"tablepress-7\" class=\"tablepress tablepress-id-7 dataTable no-footer\" role=\"grid\" width=\"956\" aria-describedby=\"tablepress-7_info\">\n<thead>\n<tr class=\"row-1 odd\" role=\"row\">\n<th class=\"column-1 sorting\" colspan=\"1\" rowspan=\"1\" aria-controls=\"tablepress-7\" aria-label=\"Escola: Ordenar colunas de forma ascendente\">Escola<\/th>\n<th class=\"column-2 sorting\" colspan=\"1\" rowspan=\"1\" aria-controls=\"tablepress-7\" aria-label=\"INEP: Ordenar colunas de forma ascendente\">INEP<\/th>\n<th class=\"column-3 sorting\" colspan=\"1\" rowspan=\"1\" aria-controls=\"tablepress-7\" aria-label=\"Endere\u00e7o: Ordenar colunas de forma ascendente\">Endere\u00e7o<\/th>\n<\/tr>\n<\/thead>\n<tbody class=\"row-hover\">\n<tr class=\"row-2 even\" role=\"row\">\n<td class=\"column-1\"><span data-sheets-formula-bar-text-style=\"font-size:13px;color:#ff6d01;font-weight:normal;text-decoration:none;font-family:'Arial';font-style:normal;text-decoration-skip-ink:none;\">EEM Almir Pinto<\/span><\/td>\n<td class=\"column-2\"><span data-sheets-formula-bar-text-style=\"font-size:13px;color:#000000;font-weight:normal;text-decoration:none;font-family:'Arial';font-style:normal;text-decoration-skip-ink:none;\">23051930<\/span><\/td>\n<td class=\"column-3\">Rua Santos Dumont, 363 &#8211; Centro<\/td>\n<\/tr>\n<\/tbody>\n<tbody class=\"row-hover\">\n<tr class=\"row-2 even\" role=\"row\">\n<td class=\"column-1\"><span data-sheets-formula-bar-text-style=\"font-size:13px;color:#f46524;font-weight:normal;text-decoration:none;font-family:'Arial';font-style:normal;text-decoration-skip-ink:none;\">EEEP Salom\u00e3o Alves de Moura<\/span><\/td>\n<td class=\"column-2\"><span data-sheets-formula-bar-text-style=\"font-size:13px;color:#000000;font-weight:normal;text-decoration:none;font-family:'Arial';font-style:normal;text-decoration-skip-ink:none;\">23252375<\/span><\/td>\n<td class=\"column-3\">Avenida Manoel Batista da Silva, s\/n, Bairro Conjunto Solon Lima Verde<\/td>\n<\/tr>\n<\/tbody>\n<tbody class=\"row-hover\">\n<tr class=\"row-2 even\" role=\"row\">\n<td class=\"column-1\"><span data-sheets-formula-bar-text-style=\"font-size:13px;color:#f46524;font-weight:normal;text-decoration:none;font-family:'Arial';font-style:normal;text-decoration-skip-ink:none;\">EEMTI Jo\u00e3o Alves Moreira<\/span><\/td>\n<td class=\"column-2\"><span data-sheets-formula-bar-text-style=\"font-size:13px;color:#000000;font-weight:normal;text-decoration:none;font-family:'Arial';font-style:normal;text-decoration-skip-ink:none;\">23052643<\/span><\/td>\n<td class=\"column-3\">Pra\u00e7a Conego Demetrioelizeu de Lima s\/n &#8211; Vazantes<\/td>\n<\/tr>\n<\/tbody>\n<\/table>\n<\/div>\n","protected":false},"excerpt":{"rendered":"<p>Aracoiaba\u00a0\u00e9 um\u00a0munic\u00edpio brasileiro\u00a0do\u00a0estado\u00a0do\u00a0Cear\u00e1, localizado na\u00a0Microrregi\u00e3o de Baturit\u00e9, mesorregi\u00e3o do\u00a0Norte Cearense. Sua popula\u00e7\u00e3o estimada em\u00a02004\u00a0era de 24.862 habitantes. Faz parte do Polo Serra do Baturit\u00e9. O nome\u00a0Aracoiaba\u00a0vem do nome de um\u00a0rio\u00a0que atravessa o munic\u00edpio e tem duas origens:\u00a0aracoiaba\u00a0ou\u00a0aracoaguaba. O\u00a0top\u00f4nimo\u00a0aracoiaba\u00a0vem do\u00a0tupi-guarani\u00a0ara\u00a0(ave),\u00a0c\u00f3i\u00a0(falar) e\u00a0aba\u00a0(lugar), e significa\u00a0lugar do canto das aves. J\u00e1 o top\u00f4nimio\u00a0aracoaguaba\u00a0tamb\u00e9m vem do tupi-guarani\u00a0ar\u00e1\u00a0(ave),\u00a0c\u00f3i\u00a0(falar) e\u00a0aba\u00a0(lugar), e significa\u00a0lugar [&hellip;]<\/p>\n","protected":false},"author":518,"featured_media":0,"parent":0,"menu_order":0,"comment_status":"closed","ping_status":"closed","template":"","meta":{"_acf_changed":false,"inline_featured_image":false,"footnotes":""},"class_list":["post-5620","page","type-page","status-publish","hentry"],"acf":[],"yoast_head":"<!-- This site is optimized with the Yoast SEO plugin v26.9 - https:\/\/yoast.com\/product\/yoast-seo-wordpress\/ -->\n<title>Aracoiaba - CREDE08-SEDUC<\/title>\n<meta name=\"robots\" content=\"index, follow, max-snippet:-1, max-image-preview:large, max-video-preview:-1\" \/>\n<link rel=\"canonical\" href=\"https:\/\/ww16.ce.gov.br\/crede08-seduc\/aracoiaba\/\" \/>\n<meta property=\"og:locale\" content=\"pt_BR\" \/>\n<meta property=\"og:type\" content=\"article\" \/>\n<meta property=\"og:title\" content=\"Aracoiaba - CREDE08-SEDUC\" \/>\n<meta property=\"og:description\" content=\"Aracoiaba\u00a0\u00e9 um\u00a0munic\u00edpio brasileiro\u00a0do\u00a0estado\u00a0do\u00a0Cear\u00e1, localizado na\u00a0Microrregi\u00e3o de Baturit\u00e9, mesorregi\u00e3o do\u00a0Norte Cearense. Sua popula\u00e7\u00e3o estimada em\u00a02004\u00a0era de 24.862 habitantes. Faz parte do Polo Serra do Baturit\u00e9. O nome\u00a0Aracoiaba\u00a0vem do nome de um\u00a0rio\u00a0que atravessa o munic\u00edpio e tem duas origens:\u00a0aracoiaba\u00a0ou\u00a0aracoaguaba. O\u00a0top\u00f4nimo\u00a0aracoiaba\u00a0vem do\u00a0tupi-guarani\u00a0ara\u00a0(ave),\u00a0c\u00f3i\u00a0(falar) e\u00a0aba\u00a0(lugar), e significa\u00a0lugar do canto das aves. J\u00e1 o top\u00f4nimio\u00a0aracoaguaba\u00a0tamb\u00e9m vem do tupi-guarani\u00a0ar\u00e1\u00a0(ave),\u00a0c\u00f3i\u00a0(falar) e\u00a0aba\u00a0(lugar), e significa\u00a0lugar [&hellip;]\" \/>\n<meta property=\"og:url\" content=\"https:\/\/ww16.ce.gov.br\/crede08-seduc\/aracoiaba\/\" \/>\n<meta property=\"og:site_name\" content=\"CREDE08-SEDUC\" \/>\n<meta property=\"article:modified_time\" content=\"2025-01-29T14:18:41+00:00\" \/>\n<meta property=\"og:image\" content=\"http:\/\/www.crede08.seduc.ce.gov.br\/wp-content\/uploads\/sites\/109\/2024\/01\/Prancheta-2@4x-600x600.png\" \/>\n<meta name=\"twitter:card\" content=\"summary_large_image\" \/>\n<meta name=\"twitter:label1\" content=\"Est. reading time\" \/>\n\t<meta name=\"twitter:data1\" content=\"2 minutos\" \/>\n<script type=\"application\/ld+json\" class=\"yoast-schema-graph\">{\"@context\":\"https:\/\/schema.org\",\"@graph\":[{\"@type\":\"WebPage\",\"@id\":\"https:\/\/ww16.ce.gov.br\/crede08-seduc\/aracoiaba\/\",\"url\":\"https:\/\/ww16.ce.gov.br\/crede08-seduc\/aracoiaba\/\",\"name\":\"Aracoiaba - CREDE08-SEDUC\",\"isPartOf\":{\"@id\":\"https:\/\/ww16.ce.gov.br\/crede08-seduc\/#website\"},\"primaryImageOfPage\":{\"@id\":\"https:\/\/ww16.ce.gov.br\/crede08-seduc\/aracoiaba\/#primaryimage\"},\"image\":{\"@id\":\"https:\/\/ww16.ce.gov.br\/crede08-seduc\/aracoiaba\/#primaryimage\"},\"thumbnailUrl\":\"http:\/\/www.crede08.seduc.ce.gov.br\/wp-content\/uploads\/sites\/109\/2024\/01\/Prancheta-2@4x-600x600.png\",\"datePublished\":\"2021-10-14T17:32:17+00:00\",\"dateModified\":\"2025-01-29T14:18:41+00:00\",\"breadcrumb\":{\"@id\":\"https:\/\/ww16.ce.gov.br\/crede08-seduc\/aracoiaba\/#breadcrumb\"},\"inLanguage\":\"pt-BR\",\"potentialAction\":[{\"@type\":\"ReadAction\",\"target\":[\"https:\/\/ww16.ce.gov.br\/crede08-seduc\/aracoiaba\/\"]}]},{\"@type\":\"ImageObject\",\"inLanguage\":\"pt-BR\",\"@id\":\"https:\/\/ww16.ce.gov.br\/crede08-seduc\/aracoiaba\/#primaryimage\",\"url\":\"http:\/\/www.crede08.seduc.ce.gov.br\/wp-content\/uploads\/sites\/109\/2024\/01\/Prancheta-2@4x-600x600.png\",\"contentUrl\":\"http:\/\/www.crede08.seduc.ce.gov.br\/wp-content\/uploads\/sites\/109\/2024\/01\/Prancheta-2@4x-600x600.png\"},{\"@type\":\"BreadcrumbList\",\"@id\":\"https:\/\/ww16.ce.gov.br\/crede08-seduc\/aracoiaba\/#breadcrumb\",\"itemListElement\":[{\"@type\":\"ListItem\",\"position\":1,\"name\":\"In\u00edcio\",\"item\":\"https:\/\/ww16.ce.gov.br\/crede08-seduc\/\"},{\"@type\":\"ListItem\",\"position\":2,\"name\":\"Aracoiaba\"}]},{\"@type\":\"WebSite\",\"@id\":\"https:\/\/ww16.ce.gov.br\/crede08-seduc\/#website\",\"url\":\"https:\/\/ww16.ce.gov.br\/crede08-seduc\/\",\"name\":\"CREDE08-SEDUC\",\"description\":\"Portal CREDE08-SEDUC\",\"potentialAction\":[{\"@type\":\"SearchAction\",\"target\":{\"@type\":\"EntryPoint\",\"urlTemplate\":\"https:\/\/ww16.ce.gov.br\/crede08-seduc\/?s={search_term_string}\"},\"query-input\":{\"@type\":\"PropertyValueSpecification\",\"valueRequired\":true,\"valueName\":\"search_term_string\"}}],\"inLanguage\":\"pt-BR\"}]}<\/script>\n<!-- \/ Yoast SEO plugin. -->","yoast_head_json":{"title":"Aracoiaba - CREDE08-SEDUC","robots":{"index":"index","follow":"follow","max-snippet":"max-snippet:-1","max-image-preview":"max-image-preview:large","max-video-preview":"max-video-preview:-1"},"canonical":"https:\/\/ww16.ce.gov.br\/crede08-seduc\/aracoiaba\/","og_locale":"pt_BR","og_type":"article","og_title":"Aracoiaba - CREDE08-SEDUC","og_description":"Aracoiaba\u00a0\u00e9 um\u00a0munic\u00edpio brasileiro\u00a0do\u00a0estado\u00a0do\u00a0Cear\u00e1, localizado na\u00a0Microrregi\u00e3o de Baturit\u00e9, mesorregi\u00e3o do\u00a0Norte Cearense. Sua popula\u00e7\u00e3o estimada em\u00a02004\u00a0era de 24.862 habitantes. Faz parte do Polo Serra do Baturit\u00e9. O nome\u00a0Aracoiaba\u00a0vem do nome de um\u00a0rio\u00a0que atravessa o munic\u00edpio e tem duas origens:\u00a0aracoiaba\u00a0ou\u00a0aracoaguaba. O\u00a0top\u00f4nimo\u00a0aracoiaba\u00a0vem do\u00a0tupi-guarani\u00a0ara\u00a0(ave),\u00a0c\u00f3i\u00a0(falar) e\u00a0aba\u00a0(lugar), e significa\u00a0lugar do canto das aves. J\u00e1 o top\u00f4nimio\u00a0aracoaguaba\u00a0tamb\u00e9m vem do tupi-guarani\u00a0ar\u00e1\u00a0(ave),\u00a0c\u00f3i\u00a0(falar) e\u00a0aba\u00a0(lugar), e significa\u00a0lugar [&hellip;]","og_url":"https:\/\/ww16.ce.gov.br\/crede08-seduc\/aracoiaba\/","og_site_name":"CREDE08-SEDUC","article_modified_time":"2025-01-29T14:18:41+00:00","og_image":[{"url":"http:\/\/www.crede08.seduc.ce.gov.br\/wp-content\/uploads\/sites\/109\/2024\/01\/Prancheta-2@4x-600x600.png","type":"","width":"","height":""}],"twitter_card":"summary_large_image","twitter_misc":{"Est. reading time":"2 minutos"},"schema":{"@context":"https:\/\/schema.org","@graph":[{"@type":"WebPage","@id":"https:\/\/ww16.ce.gov.br\/crede08-seduc\/aracoiaba\/","url":"https:\/\/ww16.ce.gov.br\/crede08-seduc\/aracoiaba\/","name":"Aracoiaba - CREDE08-SEDUC","isPartOf":{"@id":"https:\/\/ww16.ce.gov.br\/crede08-seduc\/#website"},"primaryImageOfPage":{"@id":"https:\/\/ww16.ce.gov.br\/crede08-seduc\/aracoiaba\/#primaryimage"},"image":{"@id":"https:\/\/ww16.ce.gov.br\/crede08-seduc\/aracoiaba\/#primaryimage"},"thumbnailUrl":"http:\/\/www.crede08.seduc.ce.gov.br\/wp-content\/uploads\/sites\/109\/2024\/01\/Prancheta-2@4x-600x600.png","datePublished":"2021-10-14T17:32:17+00:00","dateModified":"2025-01-29T14:18:41+00:00","breadcrumb":{"@id":"https:\/\/ww16.ce.gov.br\/crede08-seduc\/aracoiaba\/#breadcrumb"},"inLanguage":"pt-BR","potentialAction":[{"@type":"ReadAction","target":["https:\/\/ww16.ce.gov.br\/crede08-seduc\/aracoiaba\/"]}]},{"@type":"ImageObject","inLanguage":"pt-BR","@id":"https:\/\/ww16.ce.gov.br\/crede08-seduc\/aracoiaba\/#primaryimage","url":"http:\/\/www.crede08.seduc.ce.gov.br\/wp-content\/uploads\/sites\/109\/2024\/01\/Prancheta-2@4x-600x600.png","contentUrl":"http:\/\/www.crede08.seduc.ce.gov.br\/wp-content\/uploads\/sites\/109\/2024\/01\/Prancheta-2@4x-600x600.png"},{"@type":"BreadcrumbList","@id":"https:\/\/ww16.ce.gov.br\/crede08-seduc\/aracoiaba\/#breadcrumb","itemListElement":[{"@type":"ListItem","position":1,"name":"In\u00edcio","item":"https:\/\/ww16.ce.gov.br\/crede08-seduc\/"},{"@type":"ListItem","position":2,"name":"Aracoiaba"}]},{"@type":"WebSite","@id":"https:\/\/ww16.ce.gov.br\/crede08-seduc\/#website","url":"https:\/\/ww16.ce.gov.br\/crede08-seduc\/","name":"CREDE08-SEDUC","description":"Portal CREDE08-SEDUC","potentialAction":[{"@type":"SearchAction","target":{"@type":"EntryPoint","urlTemplate":"https:\/\/ww16.ce.gov.br\/crede08-seduc\/?s={search_term_string}"},"query-input":{"@type":"PropertyValueSpecification","valueRequired":true,"valueName":"search_term_string"}}],"inLanguage":"pt-BR"}]}},"_links":{"self":[{"href":"https:\/\/ww16.ce.gov.br\/crede08-seduc\/wp-json\/wp\/v2\/pages\/5620","targetHints":{"allow":["GET"]}}],"collection":[{"href":"https:\/\/ww16.ce.gov.br\/crede08-seduc\/wp-json\/wp\/v2\/pages"}],"about":[{"href":"https:\/\/ww16.ce.gov.br\/crede08-seduc\/wp-json\/wp\/v2\/types\/page"}],"author":[{"embeddable":true,"href":"https:\/\/ww16.ce.gov.br\/crede08-seduc\/wp-json\/wp\/v2\/users\/518"}],"replies":[{"embeddable":true,"href":"https:\/\/ww16.ce.gov.br\/crede08-seduc\/wp-json\/wp\/v2\/comments?post=5620"}],"version-history":[{"count":18,"href":"https:\/\/ww16.ce.gov.br\/crede08-seduc\/wp-json\/wp\/v2\/pages\/5620\/revisions"}],"predecessor-version":[{"id":13182,"href":"https:\/\/ww16.ce.gov.br\/crede08-seduc\/wp-json\/wp\/v2\/pages\/5620\/revisions\/13182"}],"wp:attachment":[{"href":"https:\/\/ww16.ce.gov.br\/crede08-seduc\/wp-json\/wp\/v2\/media?parent=5620"}],"curies":[{"name":"wp","href":"https:\/\/api.w.org\/{rel}","templated":true}]}}