{"id":28,"date":"2017-11-20T12:57:39","date_gmt":"2017-11-20T14:57:39","guid":{"rendered":"http:\/\/www.ceara.gov.br\/crede08\/?page_id=28"},"modified":"2022-01-05T21:45:07","modified_gmt":"2022-01-06T00:45:07","slug":"ultimas-noticias","status":"publish","type":"page","link":"https:\/\/ww16.ce.gov.br\/crede08-seduc\/imprensa\/ultimas-noticias\/","title":{"rendered":"\u00daltimas Not\u00edcias"},"content":{"rendered":"\n<div class=\"ListagemManchetes row \">\n\n\n    <div class=\"  dt-8  \">\n\n        <div class=\"separador\">\n\n            \n        <\/div>\n\n            \n                    <div class=\"UltimasNoticias\">\n\n                                                    <h2 class=\"-SmallTitle\"> \u00daltimas Not\u00edcias <\/h2>\n                        \n                        <div class=\"SliderManchetes\">\n                            \n                                <figure class=\"frame\">\n                                    <img decoding=\"async\" src=\"https:\/\/ww16.ce.gov.br\/crede08-seduc\/wp-content\/uploads\/sites\/109\/2025\/12\/WhatsApp-Image-2025-11-28-at-16.29.14.jpeg\" class=\"attachment-medio size-medio\" alt=\"Governo do Cear\u00e1 abre inscri\u00e7\u00f5es para ingresso na 1\u00aa s\u00e9rie das EEEPs no interior\" srcset=\"https:\/\/ww16.ce.gov.br\/crede08-seduc\/wp-content\/uploads\/sites\/109\/2025\/12\/WhatsApp-Image-2025-11-28-at-16.29.14.jpeg 1456w, https:\/\/ww16.ce.gov.br\/crede08-seduc\/wp-content\/uploads\/sites\/109\/2025\/12\/WhatsApp-Image-2025-11-28-at-16.29.14-600x390.jpeg 600w, https:\/\/ww16.ce.gov.br\/crede08-seduc\/wp-content\/uploads\/sites\/109\/2025\/12\/WhatsApp-Image-2025-11-28-at-16.29.14-1200x780.jpeg 1200w, https:\/\/ww16.ce.gov.br\/crede08-seduc\/wp-content\/uploads\/sites\/109\/2025\/12\/WhatsApp-Image-2025-11-28-at-16.29.14-768x499.jpeg 768w\" sizes=\"(max-width: 1456px) 100vw, 1456px\" \/>                                    <figcaption>\n                                                                                <a href=\"https:\/\/www.seduc.ce.gov.br\/2025\/11\/28\/governo-do-ceara-abre-inscricoes-para-ingresso-na-1a-serie-das-eeeps-no-interior\/\">\n                                            <h3 class=\"-bold\">Governo do Cear\u00e1 abre inscri\u00e7\u00f5es para ingresso na 1\u00aa s\u00e9rie das EEEPs no interior<\/h3>\n                                        <\/a>\n\n                                        <div class=\"actions\">\n                                                                                                                                <\/div>\n                                    <\/figcaption>\n                                <\/figure>\n\n                            \n                                <figure class=\"frame\">\n                                    <img decoding=\"async\" src=\"https:\/\/ww16.ce.gov.br\/crede08-seduc\/wp-content\/uploads\/sites\/109\/2025\/12\/WhatsApp-Image-2025-11-21-at-13.46.14.jpeg\" class=\"attachment-medio size-medio\" alt=\"Divulgada portaria de matr\u00edcula para o ano letivo de 2026\" srcset=\"https:\/\/ww16.ce.gov.br\/crede08-seduc\/wp-content\/uploads\/sites\/109\/2025\/12\/WhatsApp-Image-2025-11-21-at-13.46.14.jpeg 1456w, https:\/\/ww16.ce.gov.br\/crede08-seduc\/wp-content\/uploads\/sites\/109\/2025\/12\/WhatsApp-Image-2025-11-21-at-13.46.14-600x390.jpeg 600w, https:\/\/ww16.ce.gov.br\/crede08-seduc\/wp-content\/uploads\/sites\/109\/2025\/12\/WhatsApp-Image-2025-11-21-at-13.46.14-1200x780.jpeg 1200w, https:\/\/ww16.ce.gov.br\/crede08-seduc\/wp-content\/uploads\/sites\/109\/2025\/12\/WhatsApp-Image-2025-11-21-at-13.46.14-768x499.jpeg 768w\" sizes=\"(max-width: 1456px) 100vw, 1456px\" \/>                                    <figcaption>\n                                                                                <a href=\"https:\/\/www.seduc.ce.gov.br\/2025\/11\/21\/divulgada-portaria-de-matricula-para-o-ano-letivo-de-2026\/\">\n                                            <h3 class=\"-bold\">Divulgada portaria de matr\u00edcula para o ano letivo de 2026<\/h3>\n                                        <\/a>\n\n                                        <div class=\"actions\">\n                                                                                                                                <\/div>\n                                    <\/figcaption>\n                                <\/figure>\n\n                            \n                                <figure class=\"frame\">\n                                    <img decoding=\"async\" src=\"https:\/\/ww16.ce.gov.br\/crede08-seduc\/wp-content\/uploads\/sites\/109\/2025\/10\/delegacao-cearense.jpeg\" class=\"attachment-medio size-medio\" alt=\"Estudantes cearenses participam da 5\u00aa Semana da Educa\u00e7\u00e3o Profissional, em Bras\u00edlia\" srcset=\"https:\/\/ww16.ce.gov.br\/crede08-seduc\/wp-content\/uploads\/sites\/109\/2025\/10\/delegacao-cearense.jpeg 985w, https:\/\/ww16.ce.gov.br\/crede08-seduc\/wp-content\/uploads\/sites\/109\/2025\/10\/delegacao-cearense-600x400.jpeg 600w, https:\/\/ww16.ce.gov.br\/crede08-seduc\/wp-content\/uploads\/sites\/109\/2025\/10\/delegacao-cearense-768x512.jpeg 768w\" sizes=\"(max-width: 985px) 100vw, 985px\" \/>                                    <figcaption>\n                                                                                <a href=\"https:\/\/www.seduc.ce.gov.br\/2025\/10\/09\/estudantes-cearenses-participam-da-5a-semana-da-educacao-profissional-em-brasilia\/\">\n                                            <h3 class=\"-bold\">Estudantes cearenses participam da 5\u00aa Semana da Educa\u00e7\u00e3o Profissional, em Bras\u00edlia<\/h3>\n                                        <\/a>\n\n                                        <div class=\"actions\">\n                                                                                                                                <\/div>\n                                    <\/figcaption>\n                                <\/figure>\n\n                            \n                                <figure class=\"frame\">\n                                    <img decoding=\"async\" src=\"https:\/\/ww16.ce.gov.br\/crede08-seduc\/wp-content\/uploads\/sites\/109\/2025\/09\/Screenshot_10.png\" class=\"attachment-medio size-medio\" alt=\"CCI de Baturit\u00e9 conecta estudantes do Cear\u00e1 e da Finl\u00e2ndia com o projeto Global Classroom\" srcset=\"https:\/\/ww16.ce.gov.br\/crede08-seduc\/wp-content\/uploads\/sites\/109\/2025\/09\/Screenshot_10.png 1117w, https:\/\/ww16.ce.gov.br\/crede08-seduc\/wp-content\/uploads\/sites\/109\/2025\/09\/Screenshot_10-600x332.png 600w, https:\/\/ww16.ce.gov.br\/crede08-seduc\/wp-content\/uploads\/sites\/109\/2025\/09\/Screenshot_10-768x426.png 768w\" sizes=\"(max-width: 1117px) 100vw, 1117px\" \/>                                    <figcaption>\n                                                                                <a href=\"https:\/\/ww16.ce.gov.br\/crede08-seduc\/2025\/09\/30\/cci-baturite-conecta-estudantes-do-ceara-e-da-finlandia-com-o-projeto-global-classroom\/\">\n                                            <h3 class=\"-bold\">CCI de Baturit\u00e9 conecta estudantes do Cear\u00e1 e da Finl\u00e2ndia com o projeto Global Classroom<\/h3>\n                                        <\/a>\n\n                                        <div class=\"actions\">\n                                                                                                                                <\/div>\n                                    <\/figcaption>\n                                <\/figure>\n\n                            \n                                <figure class=\"frame\">\n                                    <img decoding=\"async\" src=\"https:\/\/ww16.ce.gov.br\/crede08-seduc\/wp-content\/uploads\/sites\/109\/2025\/09\/WhatsApp-Image-2025-09-05-at-10.06.53.jpeg\" class=\"attachment-medio size-medio\" alt=\"II Campanha de Autodeclara\u00e7\u00e3o fortalece a identidade \u00e9tnico-racial dos estudantes\" srcset=\"https:\/\/ww16.ce.gov.br\/crede08-seduc\/wp-content\/uploads\/sites\/109\/2025\/09\/WhatsApp-Image-2025-09-05-at-10.06.53.jpeg 1456w, https:\/\/ww16.ce.gov.br\/crede08-seduc\/wp-content\/uploads\/sites\/109\/2025\/09\/WhatsApp-Image-2025-09-05-at-10.06.53-600x390.jpeg 600w, https:\/\/ww16.ce.gov.br\/crede08-seduc\/wp-content\/uploads\/sites\/109\/2025\/09\/WhatsApp-Image-2025-09-05-at-10.06.53-1200x780.jpeg 1200w, https:\/\/ww16.ce.gov.br\/crede08-seduc\/wp-content\/uploads\/sites\/109\/2025\/09\/WhatsApp-Image-2025-09-05-at-10.06.53-768x499.jpeg 768w\" sizes=\"(max-width: 1456px) 100vw, 1456px\" \/>                                    <figcaption>\n                                                                                <a href=\"https:\/\/www.seduc.ce.gov.br\/2025\/09\/05\/ii-campanha-de-autodeclaracao-fortalece-a-identidade-etnico-racial-dos-estudantes\/\">\n                                            <h3 class=\"-bold\">II Campanha de Autodeclara\u00e7\u00e3o fortalece a identidade \u00e9tnico-racial dos estudantes<\/h3>\n                                        <\/a>\n\n                                        <div class=\"actions\">\n                                                                                                                                <\/div>\n                                    <\/figcaption>\n                                <\/figure>\n\n                                                    <\/div>\n\n                    <\/div>\n\n            \n\n\n    <\/div>\n\n    <div class=\"Side dt-4\">\n                    <a href=\"https:\/\/www.crede08.seduc.ce.gov.br\/category\/editais_e_chamadas_publicas\/\" style=\"display: block; margin-bottom: 0.9375rem;\">\n                <img decoding=\"async\" src=\"https:\/\/www.crede08.seduc.ce.gov.br\/wp-content\/uploads\/sites\/109\/2021\/10\/banne_editais_chamadas.png\" style=\"margin: 0; width: 100%;\">\n            <\/a>\n                                \n\n        <div class=\"destacado\">\n                    <a class=\"categoria\" href=\"https:\/\/ww16.ce.gov.br\/crede08-seduc\/categoria\/editais_e_chamadas_publicas\/\">Editais e Chamadas P\u00fablicas<\/a>\n                <a href=\"https:\/\/ww16.ce.gov.br\/crede08-seduc\/2026\/03\/09\/para-composicao-de-banco-de-formador-regional-de-ciencias-humanas-anos-finais-no-ambito-do-programa-mais-paic-alinhado-ao-programa-paic-integral\/\">\n                        <h2 class=\"-bold\">Crede 8 divulga o resultado preliminar da 2\u00aa etapa da Chamada P\u00fablica N\u00ba 003\/2026 Programa de Aprendizagem na Idade Certa \u2013 Paic Integral Sele\u00e7\u00e3opara Composi\u00e7\u00e3o de Banco de Formador Regional de Ci\u00eancias Humanas, anos finais no \u00e2mbito do Programa MAIS PAIC alinhado ao Programa Paic Integral.<\/h2>\n                    <\/a>\n    <\/div><hr \/>\n    \n\n        <div class=\"destacado\">\n                    <a class=\"categoria\" href=\"https:\/\/ww16.ce.gov.br\/crede08-seduc\/categoria\/editais_e_chamadas_publicas\/\">Editais e Chamadas P\u00fablicas<\/a>\n                <a href=\"https:\/\/ww16.ce.gov.br\/crede08-seduc\/2026\/03\/09\/chamada-publica-no-04-2026-selecao-para-composicao-de-banco-de-bolsistas-do-programa-aprendizagem-na-idade-certa-paic-integral\/\">\n                            <h3>Crede8 divulga o cronograma de entrevistas da Chamada P\u00fablica N\u00ba 04\/2026 Sele\u00e7\u00e3o para Composi\u00e7\u00e3o de Banco de Bolsistas do Programa Aprendizagem na Idade Certa \u2013 Paic Integral<\/h3>\n                    <\/a>\n    <\/div><hr \/>\n    \n\n        <div class=\"destacado\">\n                    <a class=\"categoria\" href=\"https:\/\/ww16.ce.gov.br\/crede08-seduc\/categoria\/editais_e_chamadas_publicas\/\">Editais e Chamadas P\u00fablicas<\/a>\n                <a href=\"https:\/\/ww16.ce.gov.br\/crede08-seduc\/2026\/03\/09\/chamada-publica-no-02-2026-programa-de-aprendizagem-na-idade-certa-paic-integral-selecao-para-composicao-de-banco-de-formadores-regionais-indigenas-no-ambito-do-programa-mais-paic\/\">\n                            <h3>Crede 8 divulga resultado preliminar da 2\u00aa etapa da Chamada P\u00fablica N\u00ba 02\/2026 Programa de Aprendizagem na Idade Certa \u2013 Paic Integral Sele\u00e7\u00e3o Para Composi\u00e7\u00e3o de Banco de Formadores Regionais Ind\u00edgenas no \u00c2mbito do Programa Mais Paic<\/h3>\n                    <\/a>\n    <\/div><hr \/>\n    \n        \n    <\/div>\n\n<\/div>\n\n<span id=\"destaques\" class=\"ancora-vazia\"><\/span>\n<p>&nbsp;<\/p>\n","protected":false},"excerpt":{"rendered":"<p>&nbsp;<\/p>\n","protected":false},"author":38,"featured_media":0,"parent":121,"menu_order":0,"comment_status":"closed","ping_status":"closed","template":"","meta":{"_acf_changed":false,"inline_featured_image":false,"footnotes":""},"class_list":["post-28","page","type-page","status-publish","hentry"],"acf":[],"yoast_head":"<!-- This site is optimized with the Yoast SEO plugin v26.9 - https:\/\/yoast.com\/product\/yoast-seo-wordpress\/ -->\n<title>\u00daltimas Not\u00edcias - CREDE08-SEDUC<\/title>\n<meta name=\"robots\" content=\"index, follow, max-snippet:-1, max-image-preview:large, max-video-preview:-1\" \/>\n<link rel=\"canonical\" href=\"https:\/\/ww16.ce.gov.br\/crede08-seduc\/imprensa\/ultimas-noticias\/\" \/>\n<meta property=\"og:locale\" content=\"pt_BR\" \/>\n<meta property=\"og:type\" content=\"article\" \/>\n<meta property=\"og:title\" content=\"\u00daltimas Not\u00edcias - CREDE08-SEDUC\" \/>\n<meta property=\"og:description\" content=\"&nbsp;\" \/>\n<meta property=\"og:url\" content=\"https:\/\/ww16.ce.gov.br\/crede08-seduc\/imprensa\/ultimas-noticias\/\" \/>\n<meta property=\"og:site_name\" content=\"CREDE08-SEDUC\" \/>\n<meta property=\"article:modified_time\" content=\"2022-01-06T00:45:07+00:00\" \/>\n<meta name=\"twitter:card\" content=\"summary_large_image\" \/>\n<script type=\"application\/ld+json\" class=\"yoast-schema-graph\">{\"@context\":\"https:\/\/schema.org\",\"@graph\":[{\"@type\":\"WebPage\",\"@id\":\"https:\/\/ww16.ce.gov.br\/crede08-seduc\/imprensa\/ultimas-noticias\/\",\"url\":\"https:\/\/ww16.ce.gov.br\/crede08-seduc\/imprensa\/ultimas-noticias\/\",\"name\":\"\u00daltimas Not\u00edcias - CREDE08-SEDUC\",\"isPartOf\":{\"@id\":\"https:\/\/ww16.ce.gov.br\/crede08-seduc\/#website\"},\"datePublished\":\"2017-11-20T14:57:39+00:00\",\"dateModified\":\"2022-01-06T00:45:07+00:00\",\"breadcrumb\":{\"@id\":\"https:\/\/ww16.ce.gov.br\/crede08-seduc\/imprensa\/ultimas-noticias\/#breadcrumb\"},\"inLanguage\":\"pt-BR\",\"potentialAction\":[{\"@type\":\"ReadAction\",\"target\":[\"https:\/\/ww16.ce.gov.br\/crede08-seduc\/imprensa\/ultimas-noticias\/\"]}]},{\"@type\":\"BreadcrumbList\",\"@id\":\"https:\/\/ww16.ce.gov.br\/crede08-seduc\/imprensa\/ultimas-noticias\/#breadcrumb\",\"itemListElement\":[{\"@type\":\"ListItem\",\"position\":1,\"name\":\"In\u00edcio\",\"item\":\"https:\/\/ww16.ce.gov.br\/crede08-seduc\/\"},{\"@type\":\"ListItem\",\"position\":2,\"name\":\"Pagina Inicial\",\"item\":\"https:\/\/ww16.ce.gov.br\/crede08-seduc\/\"},{\"@type\":\"ListItem\",\"position\":3,\"name\":\"\u00daltimas Not\u00edcias\"}]},{\"@type\":\"WebSite\",\"@id\":\"https:\/\/ww16.ce.gov.br\/crede08-seduc\/#website\",\"url\":\"https:\/\/ww16.ce.gov.br\/crede08-seduc\/\",\"name\":\"CREDE08-SEDUC\",\"description\":\"Portal CREDE08-SEDUC\",\"potentialAction\":[{\"@type\":\"SearchAction\",\"target\":{\"@type\":\"EntryPoint\",\"urlTemplate\":\"https:\/\/ww16.ce.gov.br\/crede08-seduc\/?s={search_term_string}\"},\"query-input\":{\"@type\":\"PropertyValueSpecification\",\"valueRequired\":true,\"valueName\":\"search_term_string\"}}],\"inLanguage\":\"pt-BR\"}]}<\/script>\n<!-- \/ Yoast SEO plugin. -->","yoast_head_json":{"title":"\u00daltimas Not\u00edcias - CREDE08-SEDUC","robots":{"index":"index","follow":"follow","max-snippet":"max-snippet:-1","max-image-preview":"max-image-preview:large","max-video-preview":"max-video-preview:-1"},"canonical":"https:\/\/ww16.ce.gov.br\/crede08-seduc\/imprensa\/ultimas-noticias\/","og_locale":"pt_BR","og_type":"article","og_title":"\u00daltimas Not\u00edcias - CREDE08-SEDUC","og_description":"&nbsp;","og_url":"https:\/\/ww16.ce.gov.br\/crede08-seduc\/imprensa\/ultimas-noticias\/","og_site_name":"CREDE08-SEDUC","article_modified_time":"2022-01-06T00:45:07+00:00","twitter_card":"summary_large_image","schema":{"@context":"https:\/\/schema.org","@graph":[{"@type":"WebPage","@id":"https:\/\/ww16.ce.gov.br\/crede08-seduc\/imprensa\/ultimas-noticias\/","url":"https:\/\/ww16.ce.gov.br\/crede08-seduc\/imprensa\/ultimas-noticias\/","name":"\u00daltimas Not\u00edcias - CREDE08-SEDUC","isPartOf":{"@id":"https:\/\/ww16.ce.gov.br\/crede08-seduc\/#website"},"datePublished":"2017-11-20T14:57:39+00:00","dateModified":"2022-01-06T00:45:07+00:00","breadcrumb":{"@id":"https:\/\/ww16.ce.gov.br\/crede08-seduc\/imprensa\/ultimas-noticias\/#breadcrumb"},"inLanguage":"pt-BR","potentialAction":[{"@type":"ReadAction","target":["https:\/\/ww16.ce.gov.br\/crede08-seduc\/imprensa\/ultimas-noticias\/"]}]},{"@type":"BreadcrumbList","@id":"https:\/\/ww16.ce.gov.br\/crede08-seduc\/imprensa\/ultimas-noticias\/#breadcrumb","itemListElement":[{"@type":"ListItem","position":1,"name":"In\u00edcio","item":"https:\/\/ww16.ce.gov.br\/crede08-seduc\/"},{"@type":"ListItem","position":2,"name":"Pagina Inicial","item":"https:\/\/ww16.ce.gov.br\/crede08-seduc\/"},{"@type":"ListItem","position":3,"name":"\u00daltimas Not\u00edcias"}]},{"@type":"WebSite","@id":"https:\/\/ww16.ce.gov.br\/crede08-seduc\/#website","url":"https:\/\/ww16.ce.gov.br\/crede08-seduc\/","name":"CREDE08-SEDUC","description":"Portal CREDE08-SEDUC","potentialAction":[{"@type":"SearchAction","target":{"@type":"EntryPoint","urlTemplate":"https:\/\/ww16.ce.gov.br\/crede08-seduc\/?s={search_term_string}"},"query-input":{"@type":"PropertyValueSpecification","valueRequired":true,"valueName":"search_term_string"}}],"inLanguage":"pt-BR"}]}},"_links":{"self":[{"href":"https:\/\/ww16.ce.gov.br\/crede08-seduc\/wp-json\/wp\/v2\/pages\/28","targetHints":{"allow":["GET"]}}],"collection":[{"href":"https:\/\/ww16.ce.gov.br\/crede08-seduc\/wp-json\/wp\/v2\/pages"}],"about":[{"href":"https:\/\/ww16.ce.gov.br\/crede08-seduc\/wp-json\/wp\/v2\/types\/page"}],"author":[{"embeddable":true,"href":"https:\/\/ww16.ce.gov.br\/crede08-seduc\/wp-json\/wp\/v2\/users\/38"}],"replies":[{"embeddable":true,"href":"https:\/\/ww16.ce.gov.br\/crede08-seduc\/wp-json\/wp\/v2\/comments?post=28"}],"version-history":[{"count":16,"href":"https:\/\/ww16.ce.gov.br\/crede08-seduc\/wp-json\/wp\/v2\/pages\/28\/revisions"}],"predecessor-version":[{"id":6264,"href":"https:\/\/ww16.ce.gov.br\/crede08-seduc\/wp-json\/wp\/v2\/pages\/28\/revisions\/6264"}],"up":[{"embeddable":true,"href":"https:\/\/ww16.ce.gov.br\/crede08-seduc\/wp-json\/wp\/v2\/pages\/121"}],"wp:attachment":[{"href":"https:\/\/ww16.ce.gov.br\/crede08-seduc\/wp-json\/wp\/v2\/media?parent=28"}],"curies":[{"name":"wp","href":"https:\/\/api.w.org\/{rel}","templated":true}]}}