{"id":136,"date":"2017-11-21T16:36:42","date_gmt":"2017-11-21T18:36:42","guid":{"rendered":"http:\/\/www.ceara.gov.br\/crede08\/?page_id=136"},"modified":"2026-03-04T09:04:43","modified_gmt":"2026-03-04T12:04:43","slug":"destaques","status":"publish","type":"page","link":"https:\/\/ww16.ce.gov.br\/crede08-seduc\/imprensa\/destaques\/","title":{"rendered":"Destaques"},"content":{"rendered":"<section class=\"BgCinza\">\n<div class=\"wrapper container Servi\u00e7os\">\n<div class=\"\">\n<h2 class=\"titulo \">Servi\u00e7os<\/h2>\n<div class=\"dt-12\">\n<p>&nbsp;<\/p>\n<ul class=\"ListaEst col2\">\n<li><a title=\"Conex\u00e3o Seduc\" href=\"https:\/\/www.ced.seduc.ce.gov.br\/conexao_seduc\/\" target=\"_blank\" rel=\"noopener\">Conex\u00e3o Seduc<\/a><\/li>\n<li><a title=\"Forma\u00e7\u00e3o Docente\" href=\"https:\/\/www.ced.seduc.ce.gov.br\/\" target=\"_blank\" rel=\"noopener\">Forma\u00e7\u00e3o Docente e EAD<\/a><\/li>\n<li><a title=\"Gest\u00e3o de Pessoas\" href=\"https:\/\/www.seduc.ce.gov.br\/coordenadoria-de-gestao-de-pessoas-cogep\/\" target=\"_self\" rel=\"noopener\">Gest\u00e3o de Pessoas<\/a><\/li>\n<li><a title=\"Documenta\u00e7\u00e3o Escolar\" href=\"https:\/\/www.seduc.ce.gov.br\/2015\/03\/23\/documentacao-escolar\/\" target=\"_self\" rel=\"noopener\">Documenta\u00e7\u00e3o Escolar<\/a><\/li>\n<li><a title=\"Sistema \u00danico Integrado de Tramita\u00e7\u00e3o Eletr\u00f4nica\" href=\"https:\/\/suite.ce.gov.br\/\" target=\"_blank\" rel=\"noopener\">Suite | Sistema \u00danico Integrado de Tramita\u00e7\u00e3o Eletr\u00f4nica<\/a><\/li>\n<li><a title=\"Sistema \u00danico Integrado de Tramita\u00e7\u00e3o Eletr\u00f4nica\" href=\"https:\/\/open.spotify.com\/show\/5ZXkRVVdhmX5osUzTmXseg?si=e0b2f3555df84147\" target=\"_blank\" rel=\"noopener\">Podfalar, Educa\u00e7\u00e3o<\/a><\/li>\n<\/ul>\n<\/div>\n<\/div>\n<\/div>\n<\/section>\n<section class=\"BgCinza2\">\n<div class=\"wrapper container \">\n<div class=\"\">\n<div class=\"wrapper container Destaques\">\n<div class=\"\"><\/div>\n<\/div>\n<div class=\"wrapper container Destaques\">\n<div class=\"row\" style=\"text-align: center\">\n<p><!-- Bloco01 --><\/p>\n<div class=\"mp-6 ml-6 tp-4 tl-2 dt-2\">\n<p><a href=\"https:\/\/www.seduc.ce.gov.br\/ano-letivo-2026\/\" target=\"_self\" rel=\"noopener noreferrer\"><img loading=\"lazy\" decoding=\"async\" style=\"border-bottom: 5px solid #ffbd00;margin: auto\" src=\"https:\/\/www.seduc.ce.gov.br\/wp-content\/uploads\/sites\/37\/2026\/02\/ano_letivo_2026-1.png\" alt=\"\" width=\"172\" height=\"232\" \/><br \/>\n<\/a><\/p>\n<h4><span style=\"color: #094627\">Ano Letivo 2026<\/span><\/h4>\n<\/div>\n<p><!-- Bloco02 --><\/p>\n<div class=\"mp-6 ml-6 tp-4 tl-2 dt-2\">\n<p><a href=\"https:\/\/www.seduc.ce.gov.br\/matriculas-2026\/\" target=\"_self\" rel=\"noopener noreferrer\"><img loading=\"lazy\" decoding=\"async\" style=\"border-bottom: 5px solid #ffbd00;margin: auto\" src=\"https:\/\/www.seduc.ce.gov.br\/wp-content\/uploads\/sites\/37\/2025\/12\/matricula_2026.png\" alt=\"\" width=\"172\" height=\"232\" \/><br \/>\n<\/a><\/p>\n<h4><span style=\"color: #094627\">Matr\u00edcula 2026<\/span><\/h4>\n<\/div>\n<p><!-- Bloco03 --><\/p>\n<div class=\"mp-6 ml-6 tp-4 tl-2 dt-2\">\n<p><a href=\"https:\/\/www.seduc.ce.gov.br\/2025\/07\/08\/seduc-divulga-2o-relatorio-de-monitoramento-do-plano-estadual-de-educacao-2022-2023\/\" target=\"_self\" rel=\"noopener noreferrer\"><img loading=\"lazy\" decoding=\"async\" style=\"border-bottom: 5px solid #ffbd00;margin: auto\" src=\"https:\/\/www.seduc.ce.gov.br\/wp-content\/uploads\/sites\/37\/2025\/07\/plano_estadual_de_educacao_2025.png\" alt=\"\" width=\"172\" height=\"232\" \/><br \/>\n<\/a><\/p>\n<h4><span style=\"color: #094627\">Plano Estadual de Educa\u00e7\u00e3o<\/span><\/h4>\n<\/div>\n<p><!-- Bloco04 --><\/p>\n<div class=\"mp-6 ml-6 tp-4 tl-2 dt-2\">\n<p><a href=\"https:\/\/www.ced.seduc.ce.gov.br\/foco-na-aprendizagem-2\/\" target=\"_blank\" rel=\"noopener noreferrer\"><img loading=\"lazy\" decoding=\"async\" style=\"border-bottom: 5px solid #ffbd00;margin: auto\" src=\"https:\/\/www.seduc.ce.gov.br\/wp-content\/uploads\/sites\/37\/2025\/03\/foconaaprendizagem.png\" alt=\"\" width=\"172\" height=\"232\" \/><br \/>\n<\/a><\/p>\n<h4><span style=\"color: #094627\">Foco na Aprendizagem<\/span><\/h4>\n<\/div>\n<p><!-- Bloco05 --><\/p>\n<div class=\"mp-6 ml-6 tp-4 tl-2 dt-2\">\n<p><a href=\"https:\/\/www.seduc.ce.gov.br\/ceara-educa-mais\/\" target=\"_self\" rel=\"noopener noreferrer\"><img loading=\"lazy\" decoding=\"async\" style=\"border-bottom: 5px solid #ffbd00;margin: auto\" src=\"https:\/\/www.seduc.ce.gov.br\/wp-content\/uploads\/sites\/37\/2022\/05\/ceara_educa_172x232.jpg\" alt=\"\" width=\"172\" height=\"232\" \/><br \/>\n<\/a><\/p>\n<h4><span style=\"color: #094627\">Cear\u00e1 Educa Mais<\/span><\/h4>\n<\/div>\n<p><!-- Bloco06 --><\/p>\n<div class=\"mp-6 ml-6 tp-4 tl-2 dt-2\">\n<p><a href=\"https:\/\/www.seduc.ce.gov.br\/coeti\/\" target=\"_self\" rel=\"noopener noreferrer\"><img loading=\"lazy\" decoding=\"async\" style=\"border-bottom: 5px solid #ffbd00;margin: auto\" src=\"https:\/\/www.seduc.ce.gov.br\/wp-content\/uploads\/sites\/37\/2021\/01\/Juventudeeemti.jpg\" alt=\"\" width=\"172\" height=\"232\" \/><\/a><\/p>\n<h4><span style=\"color: #094627\">Tempo Integral<\/span><\/h4>\n<\/div>\n<\/div>\n<\/div>\n<div class=\"wrapper container\">\n<div class=\"row\" style=\"text-align: center\">\n<p><!-- Bloco07 --><\/p>\n<div class=\"mp-6 ml-6 tp-4 tl-2 dt-2\">\n<p><a href=\"https:\/\/www.seduc.ce.gov.br\/2018\/01\/01\/enem-chego-junto-chego-bem\/\" target=\"_self\" rel=\"noopener noreferrer\"><img decoding=\"async\" style=\"border-bottom: 5px solid #ffbd00;margin: auto\" src=\"https:\/\/www.seduc.ce.gov.br\/wp-content\/uploads\/sites\/37\/2020\/08\/dest_enemchegojuntobem.jpg\" alt=\"Link para a lista dos \u00faltimos avisos de pauta disponibilizados pela assessoria de imprensa do Governo do Cear\u00e1\" \/><br \/>\n<\/a><\/p>\n<h4><span style=\"color: #094627\">Enem Chego Junto Chego Bem<\/span><\/h4>\n<\/div>\n<p><!-- Bloco08 --><\/p>\n<div class=\"mp-6 ml-6 tp-4 tl-2 dt-2\">\n<p><a href=\"https:\/\/www.seduc.ce.gov.br\/precatorios-do-fundef-rede-estadual-do-ceara\/\" rel=\"noopener noreferrer\"><img loading=\"lazy\" decoding=\"async\" class=\"alignnone\" style=\"border-bottom: 5px solid #ffbd00;margin: auto\" src=\"https:\/\/www.seduc.ce.gov.br\/wp-content\/uploads\/sites\/37\/2022\/11\/precatorios_fundef2022.png\" alt=\"\" width=\"172\" height=\"232\" \/><\/a><\/p>\n<h4><span style=\"color: #094627\">Precat\u00f3rios Fundef<\/span><\/h4>\n<\/div>\n<p><!-- Bloco09 --><\/p>\n<div class=\"mp-6 ml-6 tp-4 tl-2 dt-2\">\n<p><a href=\"https:\/\/www.seduc.ce.gov.br\/wp-content\/uploads\/sites\/37\/2023\/07\/orientacoes_atendimento_educacao_especial.pdf\" target=\"_blank\" rel=\"noopener noreferrer\"><img loading=\"lazy\" decoding=\"async\" style=\"border-bottom: 5px solid #ffbd00;margin: auto\" src=\"https:\/\/www.seduc.ce.gov.br\/wp-content\/uploads\/sites\/37\/2023\/07\/orientacoes_ed_especial.png\" alt=\"\" width=\"172\" height=\"232\" \/><br \/>\n<\/a><\/p>\n<h4><span style=\"color: #094627\">Educa\u00e7\u00e3o Especial<\/span><\/h4>\n<\/div>\n<p><!-- Bloco10--><\/p>\n<div class=\"mp-6 ml-6 tp-4 tl-2 dt-2\">\n<p><a href=\"https:\/\/paicintegral.seduc.ce.gov.br\/\" target=\"_blank\" rel=\"noopener noreferrer\"><img loading=\"lazy\" decoding=\"async\" class=\"alignnone\" style=\"border-bottom: 5px solid #ffbd00;margin: auto\" src=\"https:\/\/www.seduc.ce.gov.br\/wp-content\/uploads\/sites\/37\/2020\/08\/dest_maispaic.jpg\" alt=\"Logo da Sala de Imprensa: Todos Pela \u00c1gua, com link externo para o site com as \u00faltimas not\u00edcias e conte\u00fado em imagem, v\u00eddeo, som e texto das pol\u00edticas p\u00fablicas para os Recursos H\u00eddricos\" width=\"171\" height=\"232\" \/><\/a><\/p>\n<h4><span style=\"color: #094627\">Aprendizagem na Idade Certa<\/span><\/h4>\n<\/div>\n<p><!-- Bloco11 --><\/p>\n<div class=\"mp-6 ml-6 tp-4 tl-2 dt-2\">\n<p><a href=\"https:\/\/www.seduc.ce.gov.br\/cacs_fundeb\/\" target=\"_self\" rel=\"noopener noreferrer\"><img loading=\"lazy\" decoding=\"async\" style=\"border-bottom: 5px solid #ffbd00;margin: auto\" src=\"https:\/\/www.seduc.ce.gov.br\/wp-content\/uploads\/sites\/37\/2023\/03\/fundeb_cacs2023.png\" alt=\"\" width=\"172\" height=\"233\" \/><br \/>\n<\/a><\/p>\n<h4><span style=\"color: #094627\">Fundeb-Cacs<\/span><\/h4>\n<\/div>\n<p><!-- Bloco12 --><\/p>\n<div class=\"mp-6 ml-6 tp-4 tl-2 dt-2\">\n<p><a href=\"https:\/\/www.seduc.ce.gov.br\/cogem\" target=\"_self\" rel=\"noopener noreferrer\"><img loading=\"lazy\" decoding=\"async\" style=\"border-bottom: 5px solid #ffbd00;margin: auto\" src=\"https:\/\/www.seduc.ce.gov.br\/wp-content\/uploads\/sites\/37\/2025\/12\/gestao_pedagogica2026.png\" alt=\"\" width=\"172\" height=\"233\" \/><br \/>\n<\/a><\/p>\n<h4><span style=\"color: #094627\">Gest\u00e3o Pedag\u00f3gica<\/span><\/h4>\n<\/div>\n<\/div>\n<ul class=\"ListaDecorada\" style=\"margin-right: 23px;margin-top: 20px\">\n<li><a href=\"https:\/\/www.seduc.ce.gov.br\/mais-destaques\/\">Veja Mais\u2026<\/a><\/li>\n<\/ul>\n<\/div>\n<\/div>\n<\/div>\n<\/section>\n","protected":false},"excerpt":{"rendered":"<p>Servi\u00e7os &nbsp; Conex\u00e3o Seduc Forma\u00e7\u00e3o Docente e EAD Gest\u00e3o de Pessoas Documenta\u00e7\u00e3o Escolar Suite | Sistema \u00danico Integrado de Tramita\u00e7\u00e3o Eletr\u00f4nica Podfalar, Educa\u00e7\u00e3o Ano Letivo 2026 Matr\u00edcula 2026 Plano Estadual de Educa\u00e7\u00e3o Foco na Aprendizagem Cear\u00e1 Educa Mais Tempo Integral Enem Chego Junto Chego Bem Precat\u00f3rios Fundef Educa\u00e7\u00e3o Especial Aprendizagem na Idade Certa Fundeb-Cacs Gest\u00e3o [&hellip;]<\/p>\n","protected":false},"author":38,"featured_media":0,"parent":121,"menu_order":10,"comment_status":"closed","ping_status":"closed","template":"","meta":{"_acf_changed":false,"inline_featured_image":false,"footnotes":""},"class_list":["post-136","page","type-page","status-publish","hentry"],"acf":[],"yoast_head":"<!-- This site is optimized with the Yoast SEO plugin v26.9 - https:\/\/yoast.com\/product\/yoast-seo-wordpress\/ -->\n<title>Destaques - CREDE08-SEDUC<\/title>\n<meta name=\"robots\" content=\"index, follow, max-snippet:-1, max-image-preview:large, max-video-preview:-1\" \/>\n<link rel=\"canonical\" href=\"https:\/\/ww16.ce.gov.br\/crede08-seduc\/imprensa\/destaques\/\" \/>\n<meta property=\"og:locale\" content=\"pt_BR\" \/>\n<meta property=\"og:type\" content=\"article\" \/>\n<meta property=\"og:title\" content=\"Destaques - CREDE08-SEDUC\" \/>\n<meta property=\"og:description\" content=\"Servi\u00e7os &nbsp; Conex\u00e3o Seduc Forma\u00e7\u00e3o Docente e EAD Gest\u00e3o de Pessoas Documenta\u00e7\u00e3o Escolar Suite | Sistema \u00danico Integrado de Tramita\u00e7\u00e3o Eletr\u00f4nica Podfalar, Educa\u00e7\u00e3o Ano Letivo 2026 Matr\u00edcula 2026 Plano Estadual de Educa\u00e7\u00e3o Foco na Aprendizagem Cear\u00e1 Educa Mais Tempo Integral Enem Chego Junto Chego Bem Precat\u00f3rios Fundef Educa\u00e7\u00e3o Especial Aprendizagem na Idade Certa Fundeb-Cacs Gest\u00e3o [&hellip;]\" \/>\n<meta property=\"og:url\" content=\"https:\/\/ww16.ce.gov.br\/crede08-seduc\/imprensa\/destaques\/\" \/>\n<meta property=\"og:site_name\" content=\"CREDE08-SEDUC\" \/>\n<meta property=\"article:modified_time\" content=\"2026-03-04T12:04:43+00:00\" \/>\n<meta property=\"og:image\" content=\"https:\/\/www.seduc.ce.gov.br\/wp-content\/uploads\/sites\/37\/2026\/02\/ano_letivo_2026-1.png\" \/>\n<meta name=\"twitter:card\" content=\"summary_large_image\" \/>\n<meta name=\"twitter:label1\" content=\"Est. reading time\" \/>\n\t<meta name=\"twitter:data1\" content=\"3 minutos\" \/>\n<script type=\"application\/ld+json\" class=\"yoast-schema-graph\">{\"@context\":\"https:\/\/schema.org\",\"@graph\":[{\"@type\":\"WebPage\",\"@id\":\"https:\/\/ww16.ce.gov.br\/crede08-seduc\/imprensa\/destaques\/\",\"url\":\"https:\/\/ww16.ce.gov.br\/crede08-seduc\/imprensa\/destaques\/\",\"name\":\"Destaques - CREDE08-SEDUC\",\"isPartOf\":{\"@id\":\"https:\/\/ww16.ce.gov.br\/crede08-seduc\/#website\"},\"primaryImageOfPage\":{\"@id\":\"https:\/\/ww16.ce.gov.br\/crede08-seduc\/imprensa\/destaques\/#primaryimage\"},\"image\":{\"@id\":\"https:\/\/ww16.ce.gov.br\/crede08-seduc\/imprensa\/destaques\/#primaryimage\"},\"thumbnailUrl\":\"https:\/\/www.seduc.ce.gov.br\/wp-content\/uploads\/sites\/37\/2026\/02\/ano_letivo_2026-1.png\",\"datePublished\":\"2017-11-21T18:36:42+00:00\",\"dateModified\":\"2026-03-04T12:04:43+00:00\",\"breadcrumb\":{\"@id\":\"https:\/\/ww16.ce.gov.br\/crede08-seduc\/imprensa\/destaques\/#breadcrumb\"},\"inLanguage\":\"pt-BR\",\"potentialAction\":[{\"@type\":\"ReadAction\",\"target\":[\"https:\/\/ww16.ce.gov.br\/crede08-seduc\/imprensa\/destaques\/\"]}]},{\"@type\":\"ImageObject\",\"inLanguage\":\"pt-BR\",\"@id\":\"https:\/\/ww16.ce.gov.br\/crede08-seduc\/imprensa\/destaques\/#primaryimage\",\"url\":\"https:\/\/www.seduc.ce.gov.br\/wp-content\/uploads\/sites\/37\/2026\/02\/ano_letivo_2026-1.png\",\"contentUrl\":\"https:\/\/www.seduc.ce.gov.br\/wp-content\/uploads\/sites\/37\/2026\/02\/ano_letivo_2026-1.png\"},{\"@type\":\"BreadcrumbList\",\"@id\":\"https:\/\/ww16.ce.gov.br\/crede08-seduc\/imprensa\/destaques\/#breadcrumb\",\"itemListElement\":[{\"@type\":\"ListItem\",\"position\":1,\"name\":\"In\u00edcio\",\"item\":\"https:\/\/ww16.ce.gov.br\/crede08-seduc\/\"},{\"@type\":\"ListItem\",\"position\":2,\"name\":\"Pagina Inicial\",\"item\":\"https:\/\/ww16.ce.gov.br\/crede08-seduc\/\"},{\"@type\":\"ListItem\",\"position\":3,\"name\":\"Destaques\"}]},{\"@type\":\"WebSite\",\"@id\":\"https:\/\/ww16.ce.gov.br\/crede08-seduc\/#website\",\"url\":\"https:\/\/ww16.ce.gov.br\/crede08-seduc\/\",\"name\":\"CREDE08-SEDUC\",\"description\":\"Portal CREDE08-SEDUC\",\"potentialAction\":[{\"@type\":\"SearchAction\",\"target\":{\"@type\":\"EntryPoint\",\"urlTemplate\":\"https:\/\/ww16.ce.gov.br\/crede08-seduc\/?s={search_term_string}\"},\"query-input\":{\"@type\":\"PropertyValueSpecification\",\"valueRequired\":true,\"valueName\":\"search_term_string\"}}],\"inLanguage\":\"pt-BR\"}]}<\/script>\n<!-- \/ Yoast SEO plugin. -->","yoast_head_json":{"title":"Destaques - CREDE08-SEDUC","robots":{"index":"index","follow":"follow","max-snippet":"max-snippet:-1","max-image-preview":"max-image-preview:large","max-video-preview":"max-video-preview:-1"},"canonical":"https:\/\/ww16.ce.gov.br\/crede08-seduc\/imprensa\/destaques\/","og_locale":"pt_BR","og_type":"article","og_title":"Destaques - CREDE08-SEDUC","og_description":"Servi\u00e7os &nbsp; Conex\u00e3o Seduc Forma\u00e7\u00e3o Docente e EAD Gest\u00e3o de Pessoas Documenta\u00e7\u00e3o Escolar Suite | Sistema \u00danico Integrado de Tramita\u00e7\u00e3o Eletr\u00f4nica Podfalar, Educa\u00e7\u00e3o Ano Letivo 2026 Matr\u00edcula 2026 Plano Estadual de Educa\u00e7\u00e3o Foco na Aprendizagem Cear\u00e1 Educa Mais Tempo Integral Enem Chego Junto Chego Bem Precat\u00f3rios Fundef Educa\u00e7\u00e3o Especial Aprendizagem na Idade Certa Fundeb-Cacs Gest\u00e3o [&hellip;]","og_url":"https:\/\/ww16.ce.gov.br\/crede08-seduc\/imprensa\/destaques\/","og_site_name":"CREDE08-SEDUC","article_modified_time":"2026-03-04T12:04:43+00:00","og_image":[{"url":"https:\/\/www.seduc.ce.gov.br\/wp-content\/uploads\/sites\/37\/2026\/02\/ano_letivo_2026-1.png","type":"","width":"","height":""}],"twitter_card":"summary_large_image","twitter_misc":{"Est. reading time":"3 minutos"},"schema":{"@context":"https:\/\/schema.org","@graph":[{"@type":"WebPage","@id":"https:\/\/ww16.ce.gov.br\/crede08-seduc\/imprensa\/destaques\/","url":"https:\/\/ww16.ce.gov.br\/crede08-seduc\/imprensa\/destaques\/","name":"Destaques - CREDE08-SEDUC","isPartOf":{"@id":"https:\/\/ww16.ce.gov.br\/crede08-seduc\/#website"},"primaryImageOfPage":{"@id":"https:\/\/ww16.ce.gov.br\/crede08-seduc\/imprensa\/destaques\/#primaryimage"},"image":{"@id":"https:\/\/ww16.ce.gov.br\/crede08-seduc\/imprensa\/destaques\/#primaryimage"},"thumbnailUrl":"https:\/\/www.seduc.ce.gov.br\/wp-content\/uploads\/sites\/37\/2026\/02\/ano_letivo_2026-1.png","datePublished":"2017-11-21T18:36:42+00:00","dateModified":"2026-03-04T12:04:43+00:00","breadcrumb":{"@id":"https:\/\/ww16.ce.gov.br\/crede08-seduc\/imprensa\/destaques\/#breadcrumb"},"inLanguage":"pt-BR","potentialAction":[{"@type":"ReadAction","target":["https:\/\/ww16.ce.gov.br\/crede08-seduc\/imprensa\/destaques\/"]}]},{"@type":"ImageObject","inLanguage":"pt-BR","@id":"https:\/\/ww16.ce.gov.br\/crede08-seduc\/imprensa\/destaques\/#primaryimage","url":"https:\/\/www.seduc.ce.gov.br\/wp-content\/uploads\/sites\/37\/2026\/02\/ano_letivo_2026-1.png","contentUrl":"https:\/\/www.seduc.ce.gov.br\/wp-content\/uploads\/sites\/37\/2026\/02\/ano_letivo_2026-1.png"},{"@type":"BreadcrumbList","@id":"https:\/\/ww16.ce.gov.br\/crede08-seduc\/imprensa\/destaques\/#breadcrumb","itemListElement":[{"@type":"ListItem","position":1,"name":"In\u00edcio","item":"https:\/\/ww16.ce.gov.br\/crede08-seduc\/"},{"@type":"ListItem","position":2,"name":"Pagina Inicial","item":"https:\/\/ww16.ce.gov.br\/crede08-seduc\/"},{"@type":"ListItem","position":3,"name":"Destaques"}]},{"@type":"WebSite","@id":"https:\/\/ww16.ce.gov.br\/crede08-seduc\/#website","url":"https:\/\/ww16.ce.gov.br\/crede08-seduc\/","name":"CREDE08-SEDUC","description":"Portal CREDE08-SEDUC","potentialAction":[{"@type":"SearchAction","target":{"@type":"EntryPoint","urlTemplate":"https:\/\/ww16.ce.gov.br\/crede08-seduc\/?s={search_term_string}"},"query-input":{"@type":"PropertyValueSpecification","valueRequired":true,"valueName":"search_term_string"}}],"inLanguage":"pt-BR"}]}},"_links":{"self":[{"href":"https:\/\/ww16.ce.gov.br\/crede08-seduc\/wp-json\/wp\/v2\/pages\/136","targetHints":{"allow":["GET"]}}],"collection":[{"href":"https:\/\/ww16.ce.gov.br\/crede08-seduc\/wp-json\/wp\/v2\/pages"}],"about":[{"href":"https:\/\/ww16.ce.gov.br\/crede08-seduc\/wp-json\/wp\/v2\/types\/page"}],"author":[{"embeddable":true,"href":"https:\/\/ww16.ce.gov.br\/crede08-seduc\/wp-json\/wp\/v2\/users\/38"}],"replies":[{"embeddable":true,"href":"https:\/\/ww16.ce.gov.br\/crede08-seduc\/wp-json\/wp\/v2\/comments?post=136"}],"version-history":[{"count":70,"href":"https:\/\/ww16.ce.gov.br\/crede08-seduc\/wp-json\/wp\/v2\/pages\/136\/revisions"}],"predecessor-version":[{"id":14841,"href":"https:\/\/ww16.ce.gov.br\/crede08-seduc\/wp-json\/wp\/v2\/pages\/136\/revisions\/14841"}],"up":[{"embeddable":true,"href":"https:\/\/ww16.ce.gov.br\/crede08-seduc\/wp-json\/wp\/v2\/pages\/121"}],"wp:attachment":[{"href":"https:\/\/ww16.ce.gov.br\/crede08-seduc\/wp-json\/wp\/v2\/media?parent=136"}],"curies":[{"name":"wp","href":"https:\/\/api.w.org\/{rel}","templated":true}]}}