{"id":899,"date":"2018-05-09T15:44:59","date_gmt":"2018-05-09T18:44:59","guid":{"rendered":"http:\/\/www.cm.cb.ce.gov.br\/?page_id=899"},"modified":"2024-11-09T09:24:38","modified_gmt":"2024-11-09T12:24:38","slug":"editais-e-publicacoes","status":"publish","type":"page","link":"https:\/\/ww16.ce.gov.br\/cm-cb\/?page_id=899","title":{"rendered":"EDITAIS E PUBLICA\u00c7\u00d5ES"},"content":{"rendered":"<h3 class=\"subtitulo data -bold\"><span style=\"font-family: OpenSans-Light, Helvetica, Arial, sans-serif;font-size: 14px;font-weight: normal;letter-spacing: 0.02px\">Texto: Lucas Castro &#8211; Ascom SSPDS | <\/span><span style=\"font-family: OpenSans-Light, Helvetica, Arial, sans-serif;font-size: 14px;font-weight: normal;letter-spacing: 0.02px\">Arte: Leandro Vagner &#8211; Ascom SSPDS<\/span><\/h3>\n<p style=\"text-align: center\"><em><img loading=\"lazy\" decoding=\"async\" class=\"aligncenter wp-image-200416\" src=\"https:\/\/www.sspds.ce.gov.br\/wp-content\/uploads\/sites\/24\/2024\/10\/WhatsApp-Image-2024-10-23-at-18.18.28.jpeg\" alt=\"\" width=\"988\" height=\"618\" \/><\/em><em>Ser\u00e3o ofertadas 808 vagas para os col\u00e9gios da PMCE, mais 174 vagas para o col\u00e9gio do CBMCE<\/em><\/p>\n<p style=\"text-align: justify\">A Secretaria da Seguran\u00e7a P\u00fablica e Defesa Social (SSPDS) divulga a abertura do per\u00edodo de inscri\u00e7\u00f5es para o processo seletivo para os col\u00e9gios da Pol\u00edcia Militar do Cear\u00e1 (PMCE) e do Corpo de Bombeiros Militar do Estado do Cear\u00e1 (CBMCE). O edital para o processo seletivo dos col\u00e9gios de Fortaleza, Maracana\u00fa, Sobral e Juazeiro do Norte foi publicado na edi\u00e7\u00e3o do Di\u00e1rio Oficial do Estado (DOE) dessa ter\u00e7a-feira (22).<\/p>\n<p style=\"text-align: justify\">Ao todo, ser\u00e3o ofertadas 808 vagas para os col\u00e9gios da PMCE General Edgard Fac\u00f3, em Fortaleza; Coronel Hervano Mac\u00eado J\u00fanior, em Juazeiro do Norte; Tenente M\u00e1rio Lima, em Maracana\u00fa; e Ministro Jarbas Passarinho, em Sobral; e mais 174 vagas para col\u00e9gio do CBMCE, Escritora Rachel de Queiroz, em Fortaleza.<\/p>\n<p style=\"text-align: justify\">As vagas foram detalhadas no edital divulgado nessa ter\u00e7a-feira, de acordo com a disponibilidade de turmas para o ano letivo de 2025. As inscri\u00e7\u00f5es para o processo seletivo, realizadas por meio do site divulgado no edital, ter\u00e3o in\u00edcio na pr\u00f3xima sexta-feira (25) e seguem at\u00e9 o dia 11 de novembro.<\/p>\n<p style=\"text-align: justify\">J\u00e1 os pedidos de isen\u00e7\u00e3o para o processo seletivo, dever\u00e3o ser realizados entre a pr\u00f3xima sexta-feira (25) e a segunda-feira (28) e devem atender aos requisitos informados no documento. As avalia\u00e7\u00f5es est\u00e3o previstas para serem realizadas no in\u00edcio de dezembro, de acordo com as datas constantes no calend\u00e1rio do edital.<\/p>\n<p style=\"text-align: justify\">Confira abaixo os links para o edital e site das inscri\u00e7\u00f5es:<\/p>\n<h4><a href=\"https:\/\/www.sspds.ce.gov.br\/wp-content\/uploads\/sites\/24\/2024\/10\/Edital-colegios.pdf\">Edital |\u00a0<\/a><a href=\"https:\/\/www.legalleconcursos.com.br\/\">Inscri\u00e7\u00f5es<\/a><\/h4>\n<p>&nbsp;<\/p>\n<h3><\/h3>\n","protected":false},"excerpt":{"rendered":"<p>Texto: Lucas Castro &#8211; Ascom SSPDS | Arte: Leandro Vagner &#8211; Ascom SSPDS Ser\u00e3o ofertadas 808 vagas para os col\u00e9gios da PMCE, mais 174 vagas para o col\u00e9gio do CBMCE A Secretaria da Seguran\u00e7a P\u00fablica e Defesa Social (SSPDS) divulga a abertura do per\u00edodo de inscri\u00e7\u00f5es para o processo seletivo para os col\u00e9gios da Pol\u00edcia [&hellip;]<\/p>\n","protected":false},"author":12,"featured_media":5798,"parent":849,"menu_order":0,"comment_status":"closed","ping_status":"closed","template":"","meta":{"_acf_changed":false,"inline_featured_image":false,"footnotes":""},"class_list":["post-899","page","type-page","status-publish","has-post-thumbnail","hentry"],"acf":[],"yoast_head":"<!-- This site is optimized with the Yoast SEO plugin v26.9 - https:\/\/yoast.com\/product\/yoast-seo-wordpress\/ -->\n<title>EDITAIS E PUBLICA\u00c7\u00d5ES<\/title>\n<meta name=\"description\" content=\"Col\u00e9gio Militar do Corpo de Bombeiros Escritora Rachel de Queiroz (CMCB). Corpo de Bombeiros Militar do Estado do Cear\u00e1 (CBMCE).\" \/>\n<meta name=\"robots\" content=\"index, follow, max-snippet:-1, max-image-preview:large, max-video-preview:-1\" \/>\n<link rel=\"canonical\" href=\"https:\/\/ww16.ce.gov.br\/cm-cb\/?page_id=899\" \/>\n<meta property=\"og:locale\" content=\"pt_BR\" \/>\n<meta property=\"og:type\" content=\"article\" \/>\n<meta property=\"og:title\" content=\"EDITAIS E PUBLICA\u00c7\u00d5ES\" \/>\n<meta property=\"og:description\" content=\"Col\u00e9gio Militar do Corpo de Bombeiros Escritora Rachel de Queiroz (CMCB). Corpo de Bombeiros Militar do Estado do Cear\u00e1 (CBMCE).\" \/>\n<meta property=\"og:url\" content=\"https:\/\/ww16.ce.gov.br\/cm-cb\/?page_id=899\" \/>\n<meta property=\"og:site_name\" content=\"CMCB\" \/>\n<meta property=\"article:modified_time\" content=\"2024-11-09T12:24:38+00:00\" \/>\n<meta property=\"og:image\" content=\"https:\/\/ww16.ce.gov.br\/cm-cb\/wp-content\/uploads\/sites\/45\/2024\/11\/CMCB-Concurso-2024.jpeg\" \/>\n\t<meta property=\"og:image:width\" content=\"775\" \/>\n\t<meta property=\"og:image:height\" content=\"485\" \/>\n\t<meta property=\"og:image:type\" content=\"image\/jpeg\" \/>\n<meta name=\"twitter:card\" content=\"summary_large_image\" \/>\n<meta name=\"twitter:label1\" content=\"Est. reading time\" \/>\n\t<meta name=\"twitter:data1\" content=\"2 minutos\" \/>\n<script type=\"application\/ld+json\" class=\"yoast-schema-graph\">{\"@context\":\"https:\/\/schema.org\",\"@graph\":[{\"@type\":\"WebPage\",\"@id\":\"https:\/\/ww16.ce.gov.br\/cm-cb\/?page_id=899\",\"url\":\"https:\/\/ww16.ce.gov.br\/cm-cb\/?page_id=899\",\"name\":\"EDITAIS E PUBLICA\u00c7\u00d5ES\",\"isPartOf\":{\"@id\":\"https:\/\/ww16.ce.gov.br\/cm-cb\/#website\"},\"primaryImageOfPage\":{\"@id\":\"https:\/\/ww16.ce.gov.br\/cm-cb\/?page_id=899#primaryimage\"},\"image\":{\"@id\":\"https:\/\/ww16.ce.gov.br\/cm-cb\/?page_id=899#primaryimage\"},\"thumbnailUrl\":\"https:\/\/ww16.ce.gov.br\/cm-cb\/wp-content\/uploads\/sites\/45\/2024\/11\/CMCB-Concurso-2024.jpeg\",\"datePublished\":\"2018-05-09T18:44:59+00:00\",\"dateModified\":\"2024-11-09T12:24:38+00:00\",\"description\":\"Col\u00e9gio Militar do Corpo de Bombeiros Escritora Rachel de Queiroz (CMCB). Corpo de Bombeiros Militar do Estado do Cear\u00e1 (CBMCE).\",\"breadcrumb\":{\"@id\":\"https:\/\/ww16.ce.gov.br\/cm-cb\/?page_id=899#breadcrumb\"},\"inLanguage\":\"pt-BR\",\"potentialAction\":[{\"@type\":\"ReadAction\",\"target\":[\"https:\/\/ww16.ce.gov.br\/cm-cb\/?page_id=899\"]}]},{\"@type\":\"ImageObject\",\"inLanguage\":\"pt-BR\",\"@id\":\"https:\/\/ww16.ce.gov.br\/cm-cb\/?page_id=899#primaryimage\",\"url\":\"https:\/\/ww16.ce.gov.br\/cm-cb\/wp-content\/uploads\/sites\/45\/2024\/11\/CMCB-Concurso-2024.jpeg\",\"contentUrl\":\"https:\/\/ww16.ce.gov.br\/cm-cb\/wp-content\/uploads\/sites\/45\/2024\/11\/CMCB-Concurso-2024.jpeg\",\"width\":775,\"height\":485,\"caption\":\"EDITAIS E PUBLICA\u00c7\u00d5ES\"},{\"@type\":\"BreadcrumbList\",\"@id\":\"https:\/\/ww16.ce.gov.br\/cm-cb\/?page_id=899#breadcrumb\",\"itemListElement\":[{\"@type\":\"ListItem\",\"position\":1,\"name\":\"In\u00edcio\",\"item\":\"https:\/\/ww16.ce.gov.br\/cm-cb\/\"},{\"@type\":\"ListItem\",\"position\":2,\"name\":\"Servi\u00e7os\",\"item\":\"https:\/\/ww16.ce.gov.br\/cm-cb\/?page_id=849\"},{\"@type\":\"ListItem\",\"position\":3,\"name\":\"EDITAIS E PUBLICA\u00c7\u00d5ES\"}]},{\"@type\":\"WebSite\",\"@id\":\"https:\/\/ww16.ce.gov.br\/cm-cb\/#website\",\"url\":\"https:\/\/ww16.ce.gov.br\/cm-cb\/\",\"name\":\"Col\u00e9gio Militar do Corpo de Bombeiros\",\"description\":\"Portal CMCB\",\"publisher\":{\"@id\":\"https:\/\/ww16.ce.gov.br\/cm-cb\/#organization\"},\"potentialAction\":[{\"@type\":\"SearchAction\",\"target\":{\"@type\":\"EntryPoint\",\"urlTemplate\":\"https:\/\/ww16.ce.gov.br\/cm-cb\/?s={search_term_string}\"},\"query-input\":{\"@type\":\"PropertyValueSpecification\",\"valueRequired\":true,\"valueName\":\"search_term_string\"}}],\"inLanguage\":\"pt-BR\"},{\"@type\":\"Organization\",\"@id\":\"https:\/\/ww16.ce.gov.br\/cm-cb\/#organization\",\"name\":\"Col\u00e9gio Militar do Corpo de Bombeiros\",\"url\":\"https:\/\/ww16.ce.gov.br\/cm-cb\/\",\"logo\":{\"@type\":\"ImageObject\",\"inLanguage\":\"pt-BR\",\"@id\":\"https:\/\/ww16.ce.gov.br\/cm-cb\/#\/schema\/logo\/image\/\",\"url\":\"http:\/\/ww16.ce.gov.br\/cm-cb\/wp-content\/uploads\/sites\/62\/2018\/05\/cmcb-clara.png\",\"contentUrl\":\"http:\/\/ww16.ce.gov.br\/cm-cb\/wp-content\/uploads\/sites\/62\/2018\/05\/cmcb-clara.png\",\"width\":559,\"height\":106,\"caption\":\"Col\u00e9gio Militar do Corpo de Bombeiros\"},\"image\":{\"@id\":\"https:\/\/ww16.ce.gov.br\/cm-cb\/#\/schema\/logo\/image\/\"}}]}<\/script>\n<!-- \/ Yoast SEO plugin. -->","yoast_head_json":{"title":"EDITAIS E PUBLICA\u00c7\u00d5ES","description":"Col\u00e9gio Militar do Corpo de Bombeiros Escritora Rachel de Queiroz (CMCB). Corpo de Bombeiros Militar do Estado do Cear\u00e1 (CBMCE).","robots":{"index":"index","follow":"follow","max-snippet":"max-snippet:-1","max-image-preview":"max-image-preview:large","max-video-preview":"max-video-preview:-1"},"canonical":"https:\/\/ww16.ce.gov.br\/cm-cb\/?page_id=899","og_locale":"pt_BR","og_type":"article","og_title":"EDITAIS E PUBLICA\u00c7\u00d5ES","og_description":"Col\u00e9gio Militar do Corpo de Bombeiros Escritora Rachel de Queiroz (CMCB). Corpo de Bombeiros Militar do Estado do Cear\u00e1 (CBMCE).","og_url":"https:\/\/ww16.ce.gov.br\/cm-cb\/?page_id=899","og_site_name":"CMCB","article_modified_time":"2024-11-09T12:24:38+00:00","og_image":[{"width":775,"height":485,"url":"https:\/\/ww16.ce.gov.br\/cm-cb\/wp-content\/uploads\/sites\/45\/2024\/11\/CMCB-Concurso-2024.jpeg","type":"image\/jpeg"}],"twitter_card":"summary_large_image","twitter_misc":{"Est. reading time":"2 minutos"},"schema":{"@context":"https:\/\/schema.org","@graph":[{"@type":"WebPage","@id":"https:\/\/ww16.ce.gov.br\/cm-cb\/?page_id=899","url":"https:\/\/ww16.ce.gov.br\/cm-cb\/?page_id=899","name":"EDITAIS E PUBLICA\u00c7\u00d5ES","isPartOf":{"@id":"https:\/\/ww16.ce.gov.br\/cm-cb\/#website"},"primaryImageOfPage":{"@id":"https:\/\/ww16.ce.gov.br\/cm-cb\/?page_id=899#primaryimage"},"image":{"@id":"https:\/\/ww16.ce.gov.br\/cm-cb\/?page_id=899#primaryimage"},"thumbnailUrl":"https:\/\/ww16.ce.gov.br\/cm-cb\/wp-content\/uploads\/sites\/45\/2024\/11\/CMCB-Concurso-2024.jpeg","datePublished":"2018-05-09T18:44:59+00:00","dateModified":"2024-11-09T12:24:38+00:00","description":"Col\u00e9gio Militar do Corpo de Bombeiros Escritora Rachel de Queiroz (CMCB). Corpo de Bombeiros Militar do Estado do Cear\u00e1 (CBMCE).","breadcrumb":{"@id":"https:\/\/ww16.ce.gov.br\/cm-cb\/?page_id=899#breadcrumb"},"inLanguage":"pt-BR","potentialAction":[{"@type":"ReadAction","target":["https:\/\/ww16.ce.gov.br\/cm-cb\/?page_id=899"]}]},{"@type":"ImageObject","inLanguage":"pt-BR","@id":"https:\/\/ww16.ce.gov.br\/cm-cb\/?page_id=899#primaryimage","url":"https:\/\/ww16.ce.gov.br\/cm-cb\/wp-content\/uploads\/sites\/45\/2024\/11\/CMCB-Concurso-2024.jpeg","contentUrl":"https:\/\/ww16.ce.gov.br\/cm-cb\/wp-content\/uploads\/sites\/45\/2024\/11\/CMCB-Concurso-2024.jpeg","width":775,"height":485,"caption":"EDITAIS E PUBLICA\u00c7\u00d5ES"},{"@type":"BreadcrumbList","@id":"https:\/\/ww16.ce.gov.br\/cm-cb\/?page_id=899#breadcrumb","itemListElement":[{"@type":"ListItem","position":1,"name":"In\u00edcio","item":"https:\/\/ww16.ce.gov.br\/cm-cb\/"},{"@type":"ListItem","position":2,"name":"Servi\u00e7os","item":"https:\/\/ww16.ce.gov.br\/cm-cb\/?page_id=849"},{"@type":"ListItem","position":3,"name":"EDITAIS E PUBLICA\u00c7\u00d5ES"}]},{"@type":"WebSite","@id":"https:\/\/ww16.ce.gov.br\/cm-cb\/#website","url":"https:\/\/ww16.ce.gov.br\/cm-cb\/","name":"Col\u00e9gio Militar do Corpo de Bombeiros","description":"Portal CMCB","publisher":{"@id":"https:\/\/ww16.ce.gov.br\/cm-cb\/#organization"},"potentialAction":[{"@type":"SearchAction","target":{"@type":"EntryPoint","urlTemplate":"https:\/\/ww16.ce.gov.br\/cm-cb\/?s={search_term_string}"},"query-input":{"@type":"PropertyValueSpecification","valueRequired":true,"valueName":"search_term_string"}}],"inLanguage":"pt-BR"},{"@type":"Organization","@id":"https:\/\/ww16.ce.gov.br\/cm-cb\/#organization","name":"Col\u00e9gio Militar do Corpo de Bombeiros","url":"https:\/\/ww16.ce.gov.br\/cm-cb\/","logo":{"@type":"ImageObject","inLanguage":"pt-BR","@id":"https:\/\/ww16.ce.gov.br\/cm-cb\/#\/schema\/logo\/image\/","url":"http:\/\/ww16.ce.gov.br\/cm-cb\/wp-content\/uploads\/sites\/62\/2018\/05\/cmcb-clara.png","contentUrl":"http:\/\/ww16.ce.gov.br\/cm-cb\/wp-content\/uploads\/sites\/62\/2018\/05\/cmcb-clara.png","width":559,"height":106,"caption":"Col\u00e9gio Militar do Corpo de Bombeiros"},"image":{"@id":"https:\/\/ww16.ce.gov.br\/cm-cb\/#\/schema\/logo\/image\/"}}]}},"_links":{"self":[{"href":"https:\/\/ww16.ce.gov.br\/cm-cb\/index.php?rest_route=\/wp\/v2\/pages\/899","targetHints":{"allow":["GET"]}}],"collection":[{"href":"https:\/\/ww16.ce.gov.br\/cm-cb\/index.php?rest_route=\/wp\/v2\/pages"}],"about":[{"href":"https:\/\/ww16.ce.gov.br\/cm-cb\/index.php?rest_route=\/wp\/v2\/types\/page"}],"author":[{"embeddable":true,"href":"https:\/\/ww16.ce.gov.br\/cm-cb\/index.php?rest_route=\/wp\/v2\/users\/12"}],"replies":[{"embeddable":true,"href":"https:\/\/ww16.ce.gov.br\/cm-cb\/index.php?rest_route=%2Fwp%2Fv2%2Fcomments&post=899"}],"version-history":[{"count":20,"href":"https:\/\/ww16.ce.gov.br\/cm-cb\/index.php?rest_route=\/wp\/v2\/pages\/899\/revisions"}],"predecessor-version":[{"id":5800,"href":"https:\/\/ww16.ce.gov.br\/cm-cb\/index.php?rest_route=\/wp\/v2\/pages\/899\/revisions\/5800"}],"up":[{"embeddable":true,"href":"https:\/\/ww16.ce.gov.br\/cm-cb\/index.php?rest_route=\/wp\/v2\/pages\/849"}],"wp:featuredmedia":[{"embeddable":true,"href":"https:\/\/ww16.ce.gov.br\/cm-cb\/index.php?rest_route=\/wp\/v2\/media\/5798"}],"wp:attachment":[{"href":"https:\/\/ww16.ce.gov.br\/cm-cb\/index.php?rest_route=%2Fwp%2Fv2%2Fmedia&parent=899"}],"curies":[{"name":"wp","href":"https:\/\/api.w.org\/{rel}","templated":true}]}}