{"id":827,"date":"2018-05-08T14:34:39","date_gmt":"2018-05-08T17:34:39","guid":{"rendered":"http:\/\/www.cm.cb.ce.gov.br\/?page_id=827"},"modified":"2023-07-06T11:31:43","modified_gmt":"2023-07-06T14:31:43","slug":"cia-de-alunos","status":"publish","type":"page","link":"https:\/\/ww16.ce.gov.br\/cm-cb\/?page_id=827","title":{"rendered":"Cia. de Alunos"},"content":{"rendered":"<p style=\"text-align: justify\">A Companhia de Alunos comandada pelo CAP. QOBM Guilherme \u00e9 a se\u00e7\u00e3o composta por dezessete militares, tendo subordina\u00e7\u00e3o direta ao Sub-Comando do CMCB e \u00e9 respons\u00e1vel pelas a\u00e7\u00f5es de orienta\u00e7\u00e3o a forma\u00e7\u00e3o integral dos alunos, supervis\u00e3o, coordena\u00e7\u00e3o e controle das atividades do corpo discente no \u00e2mbito disciplinar junto as outras se\u00e7\u00f5es do CMCB em todo o processo de ensino e aprendizagem.<\/p>\n<p>&nbsp;<\/p>\n<p>&nbsp;<\/p>\n","protected":false},"excerpt":{"rendered":"<p>A Companhia de Alunos comandada pelo CAP. QOBM Guilherme \u00e9 a se\u00e7\u00e3o composta por dezessete militares, tendo subordina\u00e7\u00e3o direta ao Sub-Comando do CMCB e \u00e9 respons\u00e1vel pelas a\u00e7\u00f5es de orienta\u00e7\u00e3o a forma\u00e7\u00e3o integral dos alunos, supervis\u00e3o, coordena\u00e7\u00e3o e controle das atividades do corpo discente no \u00e2mbito disciplinar junto as outras se\u00e7\u00f5es do CMCB em todo [&hellip;]<\/p>\n","protected":false},"author":12,"featured_media":202,"parent":0,"menu_order":0,"comment_status":"closed","ping_status":"closed","template":"","meta":{"_acf_changed":false,"inline_featured_image":false,"footnotes":""},"class_list":["post-827","page","type-page","status-publish","has-post-thumbnail","hentry"],"acf":[],"yoast_head":"<!-- This site is optimized with the Yoast SEO plugin v26.9 - https:\/\/yoast.com\/product\/yoast-seo-wordpress\/ -->\n<title>Cia. de Alunos - CMCB<\/title>\n<meta name=\"robots\" content=\"index, follow, max-snippet:-1, max-image-preview:large, max-video-preview:-1\" \/>\n<link rel=\"canonical\" href=\"https:\/\/ww16.ce.gov.br\/cm-cb\/?page_id=827\" \/>\n<meta property=\"og:locale\" content=\"pt_BR\" \/>\n<meta property=\"og:type\" content=\"article\" \/>\n<meta property=\"og:title\" content=\"Cia. de Alunos - CMCB\" \/>\n<meta property=\"og:description\" content=\"A Companhia de Alunos comandada pelo CAP. QOBM Guilherme \u00e9 a se\u00e7\u00e3o composta por dezessete militares, tendo subordina\u00e7\u00e3o direta ao Sub-Comando do CMCB e \u00e9 respons\u00e1vel pelas a\u00e7\u00f5es de orienta\u00e7\u00e3o a forma\u00e7\u00e3o integral dos alunos, supervis\u00e3o, coordena\u00e7\u00e3o e controle das atividades do corpo discente no \u00e2mbito disciplinar junto as outras se\u00e7\u00f5es do CMCB em todo [&hellip;]\" \/>\n<meta property=\"og:url\" content=\"https:\/\/ww16.ce.gov.br\/cm-cb\/?page_id=827\" \/>\n<meta property=\"og:site_name\" content=\"CMCB\" \/>\n<meta property=\"article:modified_time\" content=\"2023-07-06T14:31:43+00:00\" \/>\n<meta property=\"og:image\" content=\"https:\/\/ww16.ce.gov.br\/cm-cb\/wp-content\/uploads\/sites\/45\/2012\/01\/firefighter-male.png\" \/>\n\t<meta property=\"og:image:width\" content=\"96\" \/>\n\t<meta property=\"og:image:height\" content=\"96\" \/>\n\t<meta property=\"og:image:type\" content=\"image\/png\" \/>\n<meta name=\"twitter:card\" content=\"summary_large_image\" \/>\n<meta name=\"twitter:label1\" content=\"Est. reading time\" \/>\n\t<meta name=\"twitter:data1\" content=\"1 minuto\" \/>\n<script type=\"application\/ld+json\" class=\"yoast-schema-graph\">{\"@context\":\"https:\/\/schema.org\",\"@graph\":[{\"@type\":\"WebPage\",\"@id\":\"https:\/\/ww16.ce.gov.br\/cm-cb\/?page_id=827\",\"url\":\"https:\/\/ww16.ce.gov.br\/cm-cb\/?page_id=827\",\"name\":\"Cia. de Alunos - CMCB\",\"isPartOf\":{\"@id\":\"https:\/\/ww16.ce.gov.br\/cm-cb\/#website\"},\"primaryImageOfPage\":{\"@id\":\"https:\/\/ww16.ce.gov.br\/cm-cb\/?page_id=827#primaryimage\"},\"image\":{\"@id\":\"https:\/\/ww16.ce.gov.br\/cm-cb\/?page_id=827#primaryimage\"},\"thumbnailUrl\":\"https:\/\/ww16.ce.gov.br\/cm-cb\/wp-content\/uploads\/sites\/45\/2012\/01\/firefighter-male.png\",\"datePublished\":\"2018-05-08T17:34:39+00:00\",\"dateModified\":\"2023-07-06T14:31:43+00:00\",\"breadcrumb\":{\"@id\":\"https:\/\/ww16.ce.gov.br\/cm-cb\/?page_id=827#breadcrumb\"},\"inLanguage\":\"pt-BR\",\"potentialAction\":[{\"@type\":\"ReadAction\",\"target\":[\"https:\/\/ww16.ce.gov.br\/cm-cb\/?page_id=827\"]}]},{\"@type\":\"ImageObject\",\"inLanguage\":\"pt-BR\",\"@id\":\"https:\/\/ww16.ce.gov.br\/cm-cb\/?page_id=827#primaryimage\",\"url\":\"https:\/\/ww16.ce.gov.br\/cm-cb\/wp-content\/uploads\/sites\/45\/2012\/01\/firefighter-male.png\",\"contentUrl\":\"https:\/\/ww16.ce.gov.br\/cm-cb\/wp-content\/uploads\/sites\/45\/2012\/01\/firefighter-male.png\",\"width\":96,\"height\":96,\"caption\":\"alt\"},{\"@type\":\"BreadcrumbList\",\"@id\":\"https:\/\/ww16.ce.gov.br\/cm-cb\/?page_id=827#breadcrumb\",\"itemListElement\":[{\"@type\":\"ListItem\",\"position\":1,\"name\":\"In\u00edcio\",\"item\":\"https:\/\/ww16.ce.gov.br\/cm-cb\/\"},{\"@type\":\"ListItem\",\"position\":2,\"name\":\"Cia. de Alunos\"}]},{\"@type\":\"WebSite\",\"@id\":\"https:\/\/ww16.ce.gov.br\/cm-cb\/#website\",\"url\":\"https:\/\/ww16.ce.gov.br\/cm-cb\/\",\"name\":\"Col\u00e9gio Militar do Corpo de Bombeiros\",\"description\":\"Portal CMCB\",\"publisher\":{\"@id\":\"https:\/\/ww16.ce.gov.br\/cm-cb\/#organization\"},\"potentialAction\":[{\"@type\":\"SearchAction\",\"target\":{\"@type\":\"EntryPoint\",\"urlTemplate\":\"https:\/\/ww16.ce.gov.br\/cm-cb\/?s={search_term_string}\"},\"query-input\":{\"@type\":\"PropertyValueSpecification\",\"valueRequired\":true,\"valueName\":\"search_term_string\"}}],\"inLanguage\":\"pt-BR\"},{\"@type\":\"Organization\",\"@id\":\"https:\/\/ww16.ce.gov.br\/cm-cb\/#organization\",\"name\":\"Col\u00e9gio Militar do Corpo de Bombeiros\",\"url\":\"https:\/\/ww16.ce.gov.br\/cm-cb\/\",\"logo\":{\"@type\":\"ImageObject\",\"inLanguage\":\"pt-BR\",\"@id\":\"https:\/\/ww16.ce.gov.br\/cm-cb\/#\/schema\/logo\/image\/\",\"url\":\"http:\/\/ww16.ce.gov.br\/cm-cb\/wp-content\/uploads\/sites\/62\/2018\/05\/cmcb-clara.png\",\"contentUrl\":\"http:\/\/ww16.ce.gov.br\/cm-cb\/wp-content\/uploads\/sites\/62\/2018\/05\/cmcb-clara.png\",\"width\":559,\"height\":106,\"caption\":\"Col\u00e9gio Militar do Corpo de Bombeiros\"},\"image\":{\"@id\":\"https:\/\/ww16.ce.gov.br\/cm-cb\/#\/schema\/logo\/image\/\"}}]}<\/script>\n<!-- \/ Yoast SEO plugin. -->","yoast_head_json":{"title":"Cia. de Alunos - CMCB","robots":{"index":"index","follow":"follow","max-snippet":"max-snippet:-1","max-image-preview":"max-image-preview:large","max-video-preview":"max-video-preview:-1"},"canonical":"https:\/\/ww16.ce.gov.br\/cm-cb\/?page_id=827","og_locale":"pt_BR","og_type":"article","og_title":"Cia. de Alunos - CMCB","og_description":"A Companhia de Alunos comandada pelo CAP. QOBM Guilherme \u00e9 a se\u00e7\u00e3o composta por dezessete militares, tendo subordina\u00e7\u00e3o direta ao Sub-Comando do CMCB e \u00e9 respons\u00e1vel pelas a\u00e7\u00f5es de orienta\u00e7\u00e3o a forma\u00e7\u00e3o integral dos alunos, supervis\u00e3o, coordena\u00e7\u00e3o e controle das atividades do corpo discente no \u00e2mbito disciplinar junto as outras se\u00e7\u00f5es do CMCB em todo [&hellip;]","og_url":"https:\/\/ww16.ce.gov.br\/cm-cb\/?page_id=827","og_site_name":"CMCB","article_modified_time":"2023-07-06T14:31:43+00:00","og_image":[{"width":96,"height":96,"url":"https:\/\/ww16.ce.gov.br\/cm-cb\/wp-content\/uploads\/sites\/45\/2012\/01\/firefighter-male.png","type":"image\/png"}],"twitter_card":"summary_large_image","twitter_misc":{"Est. reading time":"1 minuto"},"schema":{"@context":"https:\/\/schema.org","@graph":[{"@type":"WebPage","@id":"https:\/\/ww16.ce.gov.br\/cm-cb\/?page_id=827","url":"https:\/\/ww16.ce.gov.br\/cm-cb\/?page_id=827","name":"Cia. de Alunos - CMCB","isPartOf":{"@id":"https:\/\/ww16.ce.gov.br\/cm-cb\/#website"},"primaryImageOfPage":{"@id":"https:\/\/ww16.ce.gov.br\/cm-cb\/?page_id=827#primaryimage"},"image":{"@id":"https:\/\/ww16.ce.gov.br\/cm-cb\/?page_id=827#primaryimage"},"thumbnailUrl":"https:\/\/ww16.ce.gov.br\/cm-cb\/wp-content\/uploads\/sites\/45\/2012\/01\/firefighter-male.png","datePublished":"2018-05-08T17:34:39+00:00","dateModified":"2023-07-06T14:31:43+00:00","breadcrumb":{"@id":"https:\/\/ww16.ce.gov.br\/cm-cb\/?page_id=827#breadcrumb"},"inLanguage":"pt-BR","potentialAction":[{"@type":"ReadAction","target":["https:\/\/ww16.ce.gov.br\/cm-cb\/?page_id=827"]}]},{"@type":"ImageObject","inLanguage":"pt-BR","@id":"https:\/\/ww16.ce.gov.br\/cm-cb\/?page_id=827#primaryimage","url":"https:\/\/ww16.ce.gov.br\/cm-cb\/wp-content\/uploads\/sites\/45\/2012\/01\/firefighter-male.png","contentUrl":"https:\/\/ww16.ce.gov.br\/cm-cb\/wp-content\/uploads\/sites\/45\/2012\/01\/firefighter-male.png","width":96,"height":96,"caption":"alt"},{"@type":"BreadcrumbList","@id":"https:\/\/ww16.ce.gov.br\/cm-cb\/?page_id=827#breadcrumb","itemListElement":[{"@type":"ListItem","position":1,"name":"In\u00edcio","item":"https:\/\/ww16.ce.gov.br\/cm-cb\/"},{"@type":"ListItem","position":2,"name":"Cia. de Alunos"}]},{"@type":"WebSite","@id":"https:\/\/ww16.ce.gov.br\/cm-cb\/#website","url":"https:\/\/ww16.ce.gov.br\/cm-cb\/","name":"Col\u00e9gio Militar do Corpo de Bombeiros","description":"Portal CMCB","publisher":{"@id":"https:\/\/ww16.ce.gov.br\/cm-cb\/#organization"},"potentialAction":[{"@type":"SearchAction","target":{"@type":"EntryPoint","urlTemplate":"https:\/\/ww16.ce.gov.br\/cm-cb\/?s={search_term_string}"},"query-input":{"@type":"PropertyValueSpecification","valueRequired":true,"valueName":"search_term_string"}}],"inLanguage":"pt-BR"},{"@type":"Organization","@id":"https:\/\/ww16.ce.gov.br\/cm-cb\/#organization","name":"Col\u00e9gio Militar do Corpo de Bombeiros","url":"https:\/\/ww16.ce.gov.br\/cm-cb\/","logo":{"@type":"ImageObject","inLanguage":"pt-BR","@id":"https:\/\/ww16.ce.gov.br\/cm-cb\/#\/schema\/logo\/image\/","url":"http:\/\/ww16.ce.gov.br\/cm-cb\/wp-content\/uploads\/sites\/62\/2018\/05\/cmcb-clara.png","contentUrl":"http:\/\/ww16.ce.gov.br\/cm-cb\/wp-content\/uploads\/sites\/62\/2018\/05\/cmcb-clara.png","width":559,"height":106,"caption":"Col\u00e9gio Militar do Corpo de Bombeiros"},"image":{"@id":"https:\/\/ww16.ce.gov.br\/cm-cb\/#\/schema\/logo\/image\/"}}]}},"_links":{"self":[{"href":"https:\/\/ww16.ce.gov.br\/cm-cb\/index.php?rest_route=\/wp\/v2\/pages\/827","targetHints":{"allow":["GET"]}}],"collection":[{"href":"https:\/\/ww16.ce.gov.br\/cm-cb\/index.php?rest_route=\/wp\/v2\/pages"}],"about":[{"href":"https:\/\/ww16.ce.gov.br\/cm-cb\/index.php?rest_route=\/wp\/v2\/types\/page"}],"author":[{"embeddable":true,"href":"https:\/\/ww16.ce.gov.br\/cm-cb\/index.php?rest_route=\/wp\/v2\/users\/12"}],"replies":[{"embeddable":true,"href":"https:\/\/ww16.ce.gov.br\/cm-cb\/index.php?rest_route=%2Fwp%2Fv2%2Fcomments&post=827"}],"version-history":[{"count":19,"href":"https:\/\/ww16.ce.gov.br\/cm-cb\/index.php?rest_route=\/wp\/v2\/pages\/827\/revisions"}],"predecessor-version":[{"id":5185,"href":"https:\/\/ww16.ce.gov.br\/cm-cb\/index.php?rest_route=\/wp\/v2\/pages\/827\/revisions\/5185"}],"wp:featuredmedia":[{"embeddable":true,"href":"https:\/\/ww16.ce.gov.br\/cm-cb\/index.php?rest_route=\/wp\/v2\/media\/202"}],"wp:attachment":[{"href":"https:\/\/ww16.ce.gov.br\/cm-cb\/index.php?rest_route=%2Fwp%2Fv2%2Fmedia&parent=827"}],"curies":[{"name":"wp","href":"https:\/\/api.w.org\/{rel}","templated":true}]}}