{"id":71,"date":"2017-11-21T10:11:14","date_gmt":"2017-11-21T12:11:14","guid":{"rendered":"http:\/\/www.ceara.gov.br\/cmcb\/?page_id=71"},"modified":"2026-03-04T15:48:53","modified_gmt":"2026-03-04T18:48:53","slug":"quem-e-quem","status":"publish","type":"page","link":"https:\/\/ww16.ce.gov.br\/cm-cb\/?page_id=71","title":{"rendered":"Quem \u00e9 quem"},"content":{"rendered":"\n<p>&nbsp;<\/p>\n\n\n<div class=\"secretarios-container\"><div class=\"destaque-governo\" style=\"margin-bottom: 1.25rem;\"><div class=\"perfil-redes-sociais\"><img decoding=\"async\" src=\"https:\/\/ww16.ce.gov.br\/cm-cb\/wp-content\/uploads\/sites\/45\/2026\/02\/Captura-de-tela_26-2-2026_93335_www.instagram.com_.jpeg\" alt=\"TC Joilton Menezes\" class=\"governo-foto\"><div class=\"governo-redes-sociais\"><div class=\"social-icon-container\"><a href=\"https:\/\/www.instagram.com\/_tcmenezes\" target=\"_blank\"><img decoding=\"async\" src=\"https:\/\/ww16.ce.gov.br\/cm-cb\/wp-content\/plugins\/cegovbr-secretarios\/assets\/imagens\/instagram.svg\" alt=\"Instagram\" class=\"social-instagram\"><\/a><\/div><div class=\"social-icon-container\"><a href=\"mailto:&#106;o&#105;lton&#46;&#109;&#101;ne&#122;&#101;s&#64;&#99;&#109;&#46;&#99;b&#46;c&#101;&#46;go&#118;&#46;&#98;r\" title=\"Enviar email\"><svg class=\"social-email-icon\" xmlns=\"https:\/\/www.w3.org\/2000\/svg\" viewBox=\"0 0 24 24\" fill=\"none\" stroke=\"#1B7727\" stroke-width=\"2\" stroke-linecap=\"round\" stroke-linejoin=\"round\"><rect x=\"2\" y=\"4\" width=\"20\" height=\"16\" rx=\"2\"><\/rect><path d=\"m22 7-8.97 5.7a1.94 1.94 0 0 1-2.06 0L2 7\"><\/path><\/svg><\/a><\/div><\/div><\/div><div class=\"governo-bio\"><div class=\"governo-orgao\">Comandante Diretor<\/div><h3 class=\"governo-nome\">TC Joilton Menezes<\/h3><div class=\"governo-bio-texto\"><p>O Tenente-Coronel Joilton Moura de Menezes construiu uma carreira s\u00f3lida no Corpo de Bombeiros Militar, marcada por tr\u00eas d\u00e9cadas de dedica\u00e7\u00e3o \u00e0 seguran\u00e7a p\u00fablica e \u00e0 forma\u00e7\u00e3o militar.<\/p>\n<p>Ingressou como cadete da Pol\u00edcia Militar em 1995 e, dois anos depois, integrou o oficialato do Corpo de Bombeiros. Desde ent\u00e3o, consolidou uma trajet\u00f3ria pautada pela disciplina, lideran\u00e7a e compromisso com o servi\u00e7o p\u00fablico.<\/p>\n<p>Ao longo da carreira, ocupou fun\u00e7\u00f5es estrat\u00e9gicas. Foi comandante da Companhia de Alunos da antiga Escola de Forma\u00e7\u00e3o de Oficiais e diretor da Se\u00e7\u00e3o de Ensino e Instru\u00e7\u00e3o da Academia de Bombeiro Militar. Atuou como Tesoureiro-Geral da Corpora\u00e7\u00e3o por oito anos, respons\u00e1vel pela gest\u00e3o financeira e or\u00e7ament\u00e1ria.<\/p>\n<p>Na \u00e1rea operacional, comandou Companhias de Combate a Inc\u00eandio por doze anos, liderando equipes em situa\u00e7\u00f5es de emerg\u00eancia. Assumiu ainda o comando do 1\u00ba Batalh\u00e3o de Combate a Inc\u00eandio e do Batalh\u00e3o Especializado de Busca e Salvamento.<\/p>\n<p>Atualmente, dirige o Col\u00e9gio Militar do Corpo de Bombeiros, onde refor\u00e7a sua voca\u00e7\u00e3o para o ensino e a forma\u00e7\u00e3o de novas gera\u00e7\u00f5es.<\/p>\n<p>Sua trajet\u00f3ria combina experi\u00eancia em lideran\u00e7a institucional, gest\u00e3o p\u00fablica e opera\u00e7\u00f5es de emerg\u00eancia. \u00c9 reconhecido pela \u00e9tica, pelo compromisso com a sociedade e pela contribui\u00e7\u00e3o \u00e0 educa\u00e7\u00e3o militar.<\/p>\n<\/div><\/div><\/div><div class=\"div-listagem-cards-secretarios\"><div class=\"div-lista-cards secretarios-grid\"><\/div><\/div><\/div>","protected":false},"excerpt":{"rendered":"<p>&nbsp;<\/p>\n","protected":false},"author":79,"featured_media":0,"parent":52,"menu_order":10,"comment_status":"closed","ping_status":"closed","template":"page-secretarios.php","meta":{"_acf_changed":false,"inline_featured_image":false,"footnotes":""},"class_list":["post-71","page","type-page","status-publish","hentry"],"acf":[],"yoast_head":"<!-- This site is optimized with the Yoast SEO plugin v26.9 - https:\/\/yoast.com\/product\/yoast-seo-wordpress\/ -->\n<title>Quem \u00e9 quem - CMCB<\/title>\n<meta name=\"robots\" content=\"index, follow, max-snippet:-1, max-image-preview:large, max-video-preview:-1\" \/>\n<link rel=\"canonical\" href=\"https:\/\/ww16.ce.gov.br\/cm-cb\/?page_id=71\" \/>\n<meta property=\"og:locale\" content=\"pt_BR\" \/>\n<meta property=\"og:type\" content=\"article\" \/>\n<meta property=\"og:title\" content=\"Quem \u00e9 quem - CMCB\" \/>\n<meta property=\"og:description\" content=\"&nbsp;\" \/>\n<meta property=\"og:url\" content=\"https:\/\/ww16.ce.gov.br\/cm-cb\/?page_id=71\" \/>\n<meta property=\"og:site_name\" content=\"CMCB\" \/>\n<meta property=\"article:modified_time\" content=\"2026-03-04T18:48:53+00:00\" \/>\n<meta name=\"twitter:card\" content=\"summary_large_image\" \/>\n<script type=\"application\/ld+json\" class=\"yoast-schema-graph\">{\"@context\":\"https:\/\/schema.org\",\"@graph\":[{\"@type\":\"WebPage\",\"@id\":\"https:\/\/ww16.ce.gov.br\/cm-cb\/?page_id=71\",\"url\":\"https:\/\/ww16.ce.gov.br\/cm-cb\/?page_id=71\",\"name\":\"Quem \u00e9 quem - CMCB\",\"isPartOf\":{\"@id\":\"https:\/\/ww16.ce.gov.br\/cm-cb\/#website\"},\"datePublished\":\"2017-11-21T12:11:14+00:00\",\"dateModified\":\"2026-03-04T18:48:53+00:00\",\"breadcrumb\":{\"@id\":\"https:\/\/ww16.ce.gov.br\/cm-cb\/?page_id=71#breadcrumb\"},\"inLanguage\":\"pt-BR\",\"potentialAction\":[{\"@type\":\"ReadAction\",\"target\":[\"https:\/\/ww16.ce.gov.br\/cm-cb\/?page_id=71\"]}]},{\"@type\":\"BreadcrumbList\",\"@id\":\"https:\/\/ww16.ce.gov.br\/cm-cb\/?page_id=71#breadcrumb\",\"itemListElement\":[{\"@type\":\"ListItem\",\"position\":1,\"name\":\"In\u00edcio\",\"item\":\"https:\/\/ww16.ce.gov.br\/cm-cb\/\"},{\"@type\":\"ListItem\",\"position\":2,\"name\":\"Institucional\",\"item\":\"https:\/\/ww16.ce.gov.br\/cm-cb\/?page_id=52\"},{\"@type\":\"ListItem\",\"position\":3,\"name\":\"Quem \u00e9 quem\"}]},{\"@type\":\"WebSite\",\"@id\":\"https:\/\/ww16.ce.gov.br\/cm-cb\/#website\",\"url\":\"https:\/\/ww16.ce.gov.br\/cm-cb\/\",\"name\":\"Col\u00e9gio Militar do Corpo de Bombeiros\",\"description\":\"Portal CMCB\",\"publisher\":{\"@id\":\"https:\/\/ww16.ce.gov.br\/cm-cb\/#organization\"},\"potentialAction\":[{\"@type\":\"SearchAction\",\"target\":{\"@type\":\"EntryPoint\",\"urlTemplate\":\"https:\/\/ww16.ce.gov.br\/cm-cb\/?s={search_term_string}\"},\"query-input\":{\"@type\":\"PropertyValueSpecification\",\"valueRequired\":true,\"valueName\":\"search_term_string\"}}],\"inLanguage\":\"pt-BR\"},{\"@type\":\"Organization\",\"@id\":\"https:\/\/ww16.ce.gov.br\/cm-cb\/#organization\",\"name\":\"Col\u00e9gio Militar do Corpo de Bombeiros\",\"url\":\"https:\/\/ww16.ce.gov.br\/cm-cb\/\",\"logo\":{\"@type\":\"ImageObject\",\"inLanguage\":\"pt-BR\",\"@id\":\"https:\/\/ww16.ce.gov.br\/cm-cb\/#\/schema\/logo\/image\/\",\"url\":\"http:\/\/ww16.ce.gov.br\/cm-cb\/wp-content\/uploads\/sites\/62\/2018\/05\/cmcb-clara.png\",\"contentUrl\":\"http:\/\/ww16.ce.gov.br\/cm-cb\/wp-content\/uploads\/sites\/62\/2018\/05\/cmcb-clara.png\",\"width\":559,\"height\":106,\"caption\":\"Col\u00e9gio Militar do Corpo de Bombeiros\"},\"image\":{\"@id\":\"https:\/\/ww16.ce.gov.br\/cm-cb\/#\/schema\/logo\/image\/\"}}]}<\/script>\n<!-- \/ Yoast SEO plugin. -->","yoast_head_json":{"title":"Quem \u00e9 quem - CMCB","robots":{"index":"index","follow":"follow","max-snippet":"max-snippet:-1","max-image-preview":"max-image-preview:large","max-video-preview":"max-video-preview:-1"},"canonical":"https:\/\/ww16.ce.gov.br\/cm-cb\/?page_id=71","og_locale":"pt_BR","og_type":"article","og_title":"Quem \u00e9 quem - CMCB","og_description":"&nbsp;","og_url":"https:\/\/ww16.ce.gov.br\/cm-cb\/?page_id=71","og_site_name":"CMCB","article_modified_time":"2026-03-04T18:48:53+00:00","twitter_card":"summary_large_image","schema":{"@context":"https:\/\/schema.org","@graph":[{"@type":"WebPage","@id":"https:\/\/ww16.ce.gov.br\/cm-cb\/?page_id=71","url":"https:\/\/ww16.ce.gov.br\/cm-cb\/?page_id=71","name":"Quem \u00e9 quem - CMCB","isPartOf":{"@id":"https:\/\/ww16.ce.gov.br\/cm-cb\/#website"},"datePublished":"2017-11-21T12:11:14+00:00","dateModified":"2026-03-04T18:48:53+00:00","breadcrumb":{"@id":"https:\/\/ww16.ce.gov.br\/cm-cb\/?page_id=71#breadcrumb"},"inLanguage":"pt-BR","potentialAction":[{"@type":"ReadAction","target":["https:\/\/ww16.ce.gov.br\/cm-cb\/?page_id=71"]}]},{"@type":"BreadcrumbList","@id":"https:\/\/ww16.ce.gov.br\/cm-cb\/?page_id=71#breadcrumb","itemListElement":[{"@type":"ListItem","position":1,"name":"In\u00edcio","item":"https:\/\/ww16.ce.gov.br\/cm-cb\/"},{"@type":"ListItem","position":2,"name":"Institucional","item":"https:\/\/ww16.ce.gov.br\/cm-cb\/?page_id=52"},{"@type":"ListItem","position":3,"name":"Quem \u00e9 quem"}]},{"@type":"WebSite","@id":"https:\/\/ww16.ce.gov.br\/cm-cb\/#website","url":"https:\/\/ww16.ce.gov.br\/cm-cb\/","name":"Col\u00e9gio Militar do Corpo de Bombeiros","description":"Portal CMCB","publisher":{"@id":"https:\/\/ww16.ce.gov.br\/cm-cb\/#organization"},"potentialAction":[{"@type":"SearchAction","target":{"@type":"EntryPoint","urlTemplate":"https:\/\/ww16.ce.gov.br\/cm-cb\/?s={search_term_string}"},"query-input":{"@type":"PropertyValueSpecification","valueRequired":true,"valueName":"search_term_string"}}],"inLanguage":"pt-BR"},{"@type":"Organization","@id":"https:\/\/ww16.ce.gov.br\/cm-cb\/#organization","name":"Col\u00e9gio Militar do Corpo de Bombeiros","url":"https:\/\/ww16.ce.gov.br\/cm-cb\/","logo":{"@type":"ImageObject","inLanguage":"pt-BR","@id":"https:\/\/ww16.ce.gov.br\/cm-cb\/#\/schema\/logo\/image\/","url":"http:\/\/ww16.ce.gov.br\/cm-cb\/wp-content\/uploads\/sites\/62\/2018\/05\/cmcb-clara.png","contentUrl":"http:\/\/ww16.ce.gov.br\/cm-cb\/wp-content\/uploads\/sites\/62\/2018\/05\/cmcb-clara.png","width":559,"height":106,"caption":"Col\u00e9gio Militar do Corpo de Bombeiros"},"image":{"@id":"https:\/\/ww16.ce.gov.br\/cm-cb\/#\/schema\/logo\/image\/"}}]}},"_links":{"self":[{"href":"https:\/\/ww16.ce.gov.br\/cm-cb\/index.php?rest_route=\/wp\/v2\/pages\/71","targetHints":{"allow":["GET"]}}],"collection":[{"href":"https:\/\/ww16.ce.gov.br\/cm-cb\/index.php?rest_route=\/wp\/v2\/pages"}],"about":[{"href":"https:\/\/ww16.ce.gov.br\/cm-cb\/index.php?rest_route=\/wp\/v2\/types\/page"}],"author":[{"embeddable":true,"href":"https:\/\/ww16.ce.gov.br\/cm-cb\/index.php?rest_route=\/wp\/v2\/users\/79"}],"replies":[{"embeddable":true,"href":"https:\/\/ww16.ce.gov.br\/cm-cb\/index.php?rest_route=%2Fwp%2Fv2%2Fcomments&post=71"}],"version-history":[{"count":45,"href":"https:\/\/ww16.ce.gov.br\/cm-cb\/index.php?rest_route=\/wp\/v2\/pages\/71\/revisions"}],"predecessor-version":[{"id":7374,"href":"https:\/\/ww16.ce.gov.br\/cm-cb\/index.php?rest_route=\/wp\/v2\/pages\/71\/revisions\/7374"}],"up":[{"embeddable":true,"href":"https:\/\/ww16.ce.gov.br\/cm-cb\/index.php?rest_route=\/wp\/v2\/pages\/52"}],"wp:attachment":[{"href":"https:\/\/ww16.ce.gov.br\/cm-cb\/index.php?rest_route=%2Fwp%2Fv2%2Fmedia&parent=71"}],"curies":[{"name":"wp","href":"https:\/\/api.w.org\/{rel}","templated":true}]}}