{"id":1580,"date":"2018-11-22T15:23:54","date_gmt":"2018-11-22T18:23:54","guid":{"rendered":"http:\/\/ww16.ce.gov.br\/cm-cb\/?page_id=1580"},"modified":"2026-02-25T16:06:58","modified_gmt":"2026-02-25T19:06:58","slug":"1580-2","status":"publish","type":"page","link":"https:\/\/ww16.ce.gov.br\/cm-cb\/?page_id=1580","title":{"rendered":"N\u00facleo de Comunica\u00e7\u00e3o"},"content":{"rendered":"    <div class=\"nucleo-comunicacao-grid\">\n                                <div class=\"nucleo-item\">\n                <div class=\"nucleo-orgao-header\">\n                                            <h3>CBMCE\/CMCB<\/h3>\n                                                                <h4>Corpo de Bombeiros Militar do Estado do Cear\u00e1\/Col\u00e9gio Militar do Corpo de Bombeiros<\/h4>\n                                    <\/div>\n                \n                <div class=\"nucleo-pessoa-info\">\n                                            <p>Assessor de Comunica\u00e7\u00e3o<\/p>\n                                        <p><strong>Francisco Eduardo Fideles Dutra<\/strong><\/p>\n                <\/div>\n\n                <a href=\"#\" class=\"nucleo-contact-info\" \n                   data-orgao=\"CBMCE\/CMCB\"\n                   data-orgao-desc=\"Corpo de Bombeiros Militar do Estado do Cear\u00e1\/Col\u00e9gio Militar do Corpo de Bombeiros\"\n                   data-cargo=\"Assessor de Comunica\u00e7\u00e3o\"\n                   data-nome=\"Francisco Eduardo Fideles Dutra\"\n                   data-tel=\"(85) 3125-9977\"\n                   data-email=\"dutra@cm.cb.ce.gov.br\">\n                   Informa\u00e7\u00f5es de contato\n                <\/a>\n            <\/div>\n                                <div class=\"nucleo-item\">\n                <div class=\"nucleo-orgao-header\">\n                                            <h3>CBMCE\/CMCB<\/h3>\n                                                                <h4>Corpo de Bombeiros Militar do Estado do Cear\u00e1\/Col\u00e9gio Militar do Corpo de Bombeiros<\/h4>\n                                    <\/div>\n                \n                <div class=\"nucleo-pessoa-info\">\n                                            <p>M\u00eddias e Fotos<\/p>\n                                        <p><strong>Auceny Alves Marinho<\/strong><\/p>\n                <\/div>\n\n                <a href=\"#\" class=\"nucleo-contact-info\" \n                   data-orgao=\"CBMCE\/CMCB\"\n                   data-orgao-desc=\"Corpo de Bombeiros Militar do Estado do Cear\u00e1\/Col\u00e9gio Militar do Corpo de Bombeiros\"\n                   data-cargo=\"M\u00eddias e Fotos\"\n                   data-nome=\"Auceny Alves Marinho\"\n                   data-tel=\"(85) 3125-9977\"\n                   data-email=\"auceny@cm.cb.ce.gov.br\">\n                   Informa\u00e7\u00f5es de contato\n                <\/a>\n            <\/div>\n            <\/div>\n\n<div id=\"nucleo-modal-overlay\" class=\"nucleo-modal-overlay\"><\/div>\n<div id=\"nucleo-modal\" class=\"nucleo-modal\">\n    <div class=\"nucleo-modal-header\">\n        <div>\n            <h3 id=\"nucleo-modal-title\"><\/h3>\n            <p id=\"nucleo-modal-orgao-desc\" class=\"nucleo-modal-orgao-desc\"><\/p>\n        <\/div>\n        <button id=\"nucleo-modal-close-x\" class=\"nucleo-modal-close-x\">&times;<\/button>\n    <\/div>\n    <div class=\"nucleo-modal-body\">\n        <div class=\"modal-section modal-pessoa-info\">\n            <p id=\"nucleo-modal-cargo\"><\/p>\n            <p id=\"nucleo-modal-nome\"><\/p>\n        <\/div>\n        <div class=\"modal-section modal-contato-info\">\n            <div class=\"contato-item\">\n                <h4>Email<\/h4>\n                <p id=\"nucleo-modal-email\"><\/p>\n            <\/div>\n            <div class=\"contato-item\">\n                <h4>Telefone<\/h4>\n                <p id=\"nucleo-modal-tel\"><\/p>\n            <\/div>\n        <\/div>\n    <\/div>\n\n<\/div>\n","protected":false},"excerpt":{"rendered":"","protected":false},"author":220,"featured_media":0,"parent":52,"menu_order":0,"comment_status":"closed","ping_status":"closed","template":"page-nucleo-comunicacao.php","meta":{"_acf_changed":false,"inline_featured_image":false,"footnotes":""},"class_list":["post-1580","page","type-page","status-publish","hentry"],"acf":[],"yoast_head":"<!-- This site is optimized with the Yoast SEO plugin v26.9 - https:\/\/yoast.com\/product\/yoast-seo-wordpress\/ -->\n<title>N\u00facleo de Comunica\u00e7\u00e3o - CMCB<\/title>\n<meta name=\"robots\" content=\"index, follow, max-snippet:-1, max-image-preview:large, max-video-preview:-1\" \/>\n<link rel=\"canonical\" href=\"https:\/\/ww16.ce.gov.br\/cm-cb\/?page_id=1580\" \/>\n<meta property=\"og:locale\" content=\"pt_BR\" \/>\n<meta property=\"og:type\" content=\"article\" \/>\n<meta property=\"og:title\" content=\"N\u00facleo de Comunica\u00e7\u00e3o - CMCB\" \/>\n<meta property=\"og:url\" content=\"https:\/\/ww16.ce.gov.br\/cm-cb\/?page_id=1580\" \/>\n<meta property=\"og:site_name\" content=\"CMCB\" \/>\n<meta property=\"article:modified_time\" content=\"2026-02-25T19:06:58+00:00\" \/>\n<meta name=\"twitter:card\" content=\"summary_large_image\" \/>\n<script type=\"application\/ld+json\" class=\"yoast-schema-graph\">{\"@context\":\"https:\/\/schema.org\",\"@graph\":[{\"@type\":\"WebPage\",\"@id\":\"https:\/\/ww16.ce.gov.br\/cm-cb\/?page_id=1580\",\"url\":\"https:\/\/ww16.ce.gov.br\/cm-cb\/?page_id=1580\",\"name\":\"N\u00facleo de Comunica\u00e7\u00e3o - CMCB\",\"isPartOf\":{\"@id\":\"https:\/\/ww16.ce.gov.br\/cm-cb\/#website\"},\"datePublished\":\"2018-11-22T18:23:54+00:00\",\"dateModified\":\"2026-02-25T19:06:58+00:00\",\"breadcrumb\":{\"@id\":\"https:\/\/ww16.ce.gov.br\/cm-cb\/?page_id=1580#breadcrumb\"},\"inLanguage\":\"pt-BR\",\"potentialAction\":[{\"@type\":\"ReadAction\",\"target\":[\"https:\/\/ww16.ce.gov.br\/cm-cb\/?page_id=1580\"]}]},{\"@type\":\"BreadcrumbList\",\"@id\":\"https:\/\/ww16.ce.gov.br\/cm-cb\/?page_id=1580#breadcrumb\",\"itemListElement\":[{\"@type\":\"ListItem\",\"position\":1,\"name\":\"In\u00edcio\",\"item\":\"https:\/\/ww16.ce.gov.br\/cm-cb\/\"},{\"@type\":\"ListItem\",\"position\":2,\"name\":\"Institucional\",\"item\":\"https:\/\/ww16.ce.gov.br\/cm-cb\/?page_id=52\"},{\"@type\":\"ListItem\",\"position\":3,\"name\":\"N\u00facleo de Comunica\u00e7\u00e3o\"}]},{\"@type\":\"WebSite\",\"@id\":\"https:\/\/ww16.ce.gov.br\/cm-cb\/#website\",\"url\":\"https:\/\/ww16.ce.gov.br\/cm-cb\/\",\"name\":\"Col\u00e9gio Militar do Corpo de Bombeiros\",\"description\":\"Portal CMCB\",\"publisher\":{\"@id\":\"https:\/\/ww16.ce.gov.br\/cm-cb\/#organization\"},\"potentialAction\":[{\"@type\":\"SearchAction\",\"target\":{\"@type\":\"EntryPoint\",\"urlTemplate\":\"https:\/\/ww16.ce.gov.br\/cm-cb\/?s={search_term_string}\"},\"query-input\":{\"@type\":\"PropertyValueSpecification\",\"valueRequired\":true,\"valueName\":\"search_term_string\"}}],\"inLanguage\":\"pt-BR\"},{\"@type\":\"Organization\",\"@id\":\"https:\/\/ww16.ce.gov.br\/cm-cb\/#organization\",\"name\":\"Col\u00e9gio Militar do Corpo de Bombeiros\",\"url\":\"https:\/\/ww16.ce.gov.br\/cm-cb\/\",\"logo\":{\"@type\":\"ImageObject\",\"inLanguage\":\"pt-BR\",\"@id\":\"https:\/\/ww16.ce.gov.br\/cm-cb\/#\/schema\/logo\/image\/\",\"url\":\"http:\/\/ww16.ce.gov.br\/cm-cb\/wp-content\/uploads\/sites\/62\/2018\/05\/cmcb-clara.png\",\"contentUrl\":\"http:\/\/ww16.ce.gov.br\/cm-cb\/wp-content\/uploads\/sites\/62\/2018\/05\/cmcb-clara.png\",\"width\":559,\"height\":106,\"caption\":\"Col\u00e9gio Militar do Corpo de Bombeiros\"},\"image\":{\"@id\":\"https:\/\/ww16.ce.gov.br\/cm-cb\/#\/schema\/logo\/image\/\"}}]}<\/script>\n<!-- \/ Yoast SEO plugin. -->","yoast_head_json":{"title":"N\u00facleo de Comunica\u00e7\u00e3o - CMCB","robots":{"index":"index","follow":"follow","max-snippet":"max-snippet:-1","max-image-preview":"max-image-preview:large","max-video-preview":"max-video-preview:-1"},"canonical":"https:\/\/ww16.ce.gov.br\/cm-cb\/?page_id=1580","og_locale":"pt_BR","og_type":"article","og_title":"N\u00facleo de Comunica\u00e7\u00e3o - CMCB","og_url":"https:\/\/ww16.ce.gov.br\/cm-cb\/?page_id=1580","og_site_name":"CMCB","article_modified_time":"2026-02-25T19:06:58+00:00","twitter_card":"summary_large_image","schema":{"@context":"https:\/\/schema.org","@graph":[{"@type":"WebPage","@id":"https:\/\/ww16.ce.gov.br\/cm-cb\/?page_id=1580","url":"https:\/\/ww16.ce.gov.br\/cm-cb\/?page_id=1580","name":"N\u00facleo de Comunica\u00e7\u00e3o - CMCB","isPartOf":{"@id":"https:\/\/ww16.ce.gov.br\/cm-cb\/#website"},"datePublished":"2018-11-22T18:23:54+00:00","dateModified":"2026-02-25T19:06:58+00:00","breadcrumb":{"@id":"https:\/\/ww16.ce.gov.br\/cm-cb\/?page_id=1580#breadcrumb"},"inLanguage":"pt-BR","potentialAction":[{"@type":"ReadAction","target":["https:\/\/ww16.ce.gov.br\/cm-cb\/?page_id=1580"]}]},{"@type":"BreadcrumbList","@id":"https:\/\/ww16.ce.gov.br\/cm-cb\/?page_id=1580#breadcrumb","itemListElement":[{"@type":"ListItem","position":1,"name":"In\u00edcio","item":"https:\/\/ww16.ce.gov.br\/cm-cb\/"},{"@type":"ListItem","position":2,"name":"Institucional","item":"https:\/\/ww16.ce.gov.br\/cm-cb\/?page_id=52"},{"@type":"ListItem","position":3,"name":"N\u00facleo de Comunica\u00e7\u00e3o"}]},{"@type":"WebSite","@id":"https:\/\/ww16.ce.gov.br\/cm-cb\/#website","url":"https:\/\/ww16.ce.gov.br\/cm-cb\/","name":"Col\u00e9gio Militar do Corpo de Bombeiros","description":"Portal CMCB","publisher":{"@id":"https:\/\/ww16.ce.gov.br\/cm-cb\/#organization"},"potentialAction":[{"@type":"SearchAction","target":{"@type":"EntryPoint","urlTemplate":"https:\/\/ww16.ce.gov.br\/cm-cb\/?s={search_term_string}"},"query-input":{"@type":"PropertyValueSpecification","valueRequired":true,"valueName":"search_term_string"}}],"inLanguage":"pt-BR"},{"@type":"Organization","@id":"https:\/\/ww16.ce.gov.br\/cm-cb\/#organization","name":"Col\u00e9gio Militar do Corpo de Bombeiros","url":"https:\/\/ww16.ce.gov.br\/cm-cb\/","logo":{"@type":"ImageObject","inLanguage":"pt-BR","@id":"https:\/\/ww16.ce.gov.br\/cm-cb\/#\/schema\/logo\/image\/","url":"http:\/\/ww16.ce.gov.br\/cm-cb\/wp-content\/uploads\/sites\/62\/2018\/05\/cmcb-clara.png","contentUrl":"http:\/\/ww16.ce.gov.br\/cm-cb\/wp-content\/uploads\/sites\/62\/2018\/05\/cmcb-clara.png","width":559,"height":106,"caption":"Col\u00e9gio Militar do Corpo de Bombeiros"},"image":{"@id":"https:\/\/ww16.ce.gov.br\/cm-cb\/#\/schema\/logo\/image\/"}}]}},"_links":{"self":[{"href":"https:\/\/ww16.ce.gov.br\/cm-cb\/index.php?rest_route=\/wp\/v2\/pages\/1580","targetHints":{"allow":["GET"]}}],"collection":[{"href":"https:\/\/ww16.ce.gov.br\/cm-cb\/index.php?rest_route=\/wp\/v2\/pages"}],"about":[{"href":"https:\/\/ww16.ce.gov.br\/cm-cb\/index.php?rest_route=\/wp\/v2\/types\/page"}],"author":[{"embeddable":true,"href":"https:\/\/ww16.ce.gov.br\/cm-cb\/index.php?rest_route=\/wp\/v2\/users\/220"}],"replies":[{"embeddable":true,"href":"https:\/\/ww16.ce.gov.br\/cm-cb\/index.php?rest_route=%2Fwp%2Fv2%2Fcomments&post=1580"}],"version-history":[{"count":4,"href":"https:\/\/ww16.ce.gov.br\/cm-cb\/index.php?rest_route=\/wp\/v2\/pages\/1580\/revisions"}],"predecessor-version":[{"id":7175,"href":"https:\/\/ww16.ce.gov.br\/cm-cb\/index.php?rest_route=\/wp\/v2\/pages\/1580\/revisions\/7175"}],"up":[{"embeddable":true,"href":"https:\/\/ww16.ce.gov.br\/cm-cb\/index.php?rest_route=\/wp\/v2\/pages\/52"}],"wp:attachment":[{"href":"https:\/\/ww16.ce.gov.br\/cm-cb\/index.php?rest_route=%2Fwp%2Fv2%2Fmedia&parent=1580"}],"curies":[{"name":"wp","href":"https:\/\/api.w.org\/{rel}","templated":true}]}}