{"id":1263,"date":"2018-09-09T18:55:49","date_gmt":"2018-09-09T21:55:49","guid":{"rendered":"http:\/\/www.cm.cb.ce.gov.br\/?page_id=1263"},"modified":"2018-09-09T19:27:39","modified_gmt":"2018-09-09T22:27:39","slug":"coordenacao-pedagogica","status":"publish","type":"page","link":"https:\/\/ww16.ce.gov.br\/cm-cb\/?page_id=1263","title":{"rendered":"Coordena\u00e7\u00e3o Pedag\u00f3gica"},"content":{"rendered":"<p style=\"text-align: justify\">O Servi\u00e7o de Coordena\u00e7\u00e3o Pedag\u00f3gica\u00a0 direciona, orienta, acompanha e contribui para a melhoria do processo de ensino e aprendizagem, orientando as pr\u00e1ticas pedag\u00f3gicas dos docentes.Dentro do organograma institucional, o setor est\u00e1 diretamente ligado \u00e0 Coordena\u00e7\u00e3o Geral e \u00e0 Dire\u00e7\u00e3o, prestando assessoria nos assuntos ligados \u00e0 pr\u00e1tica educativa, e, tamb\u00e9m, est\u00e1 ligada aos professores e alunos enquanto agentes do processo educativo.<\/p>\n<p>&nbsp;<\/p>\n<p>&nbsp;<\/p>\n<p>&nbsp;<\/p>\n<p>&nbsp;<\/p>\n<p>&nbsp;<\/p>\n<p>&nbsp;<\/p>\n<p>&nbsp;<\/p>\n<p>&nbsp;<\/p>\n","protected":false},"excerpt":{"rendered":"<p>O Servi\u00e7o de Coordena\u00e7\u00e3o Pedag\u00f3gica\u00a0 direciona, orienta, acompanha e contribui para a melhoria do processo de ensino e aprendizagem, orientando as pr\u00e1ticas pedag\u00f3gicas dos docentes.Dentro do organograma institucional, o setor est\u00e1 diretamente ligado \u00e0 Coordena\u00e7\u00e3o Geral e \u00e0 Dire\u00e7\u00e3o, prestando assessoria nos assuntos ligados \u00e0 pr\u00e1tica educativa, e, tamb\u00e9m, est\u00e1 ligada aos professores e alunos [&hellip;]<\/p>\n","protected":false},"author":12,"featured_media":0,"parent":1260,"menu_order":0,"comment_status":"closed","ping_status":"closed","template":"","meta":{"_acf_changed":false,"inline_featured_image":false,"footnotes":""},"class_list":["post-1263","page","type-page","status-publish","hentry"],"acf":[],"yoast_head":"<!-- This site is optimized with the Yoast SEO plugin v26.9 - https:\/\/yoast.com\/product\/yoast-seo-wordpress\/ -->\n<title>Coordena\u00e7\u00e3o Pedag\u00f3gica - CMCB<\/title>\n<meta name=\"robots\" content=\"index, follow, max-snippet:-1, max-image-preview:large, max-video-preview:-1\" \/>\n<link rel=\"canonical\" href=\"https:\/\/ww16.ce.gov.br\/cm-cb\/?page_id=1263\" \/>\n<meta property=\"og:locale\" content=\"pt_BR\" \/>\n<meta property=\"og:type\" content=\"article\" \/>\n<meta property=\"og:title\" content=\"Coordena\u00e7\u00e3o Pedag\u00f3gica - CMCB\" \/>\n<meta property=\"og:description\" content=\"O Servi\u00e7o de Coordena\u00e7\u00e3o Pedag\u00f3gica\u00a0 direciona, orienta, acompanha e contribui para a melhoria do processo de ensino e aprendizagem, orientando as pr\u00e1ticas pedag\u00f3gicas dos docentes.Dentro do organograma institucional, o setor est\u00e1 diretamente ligado \u00e0 Coordena\u00e7\u00e3o Geral e \u00e0 Dire\u00e7\u00e3o, prestando assessoria nos assuntos ligados \u00e0 pr\u00e1tica educativa, e, tamb\u00e9m, est\u00e1 ligada aos professores e alunos [&hellip;]\" \/>\n<meta property=\"og:url\" content=\"https:\/\/ww16.ce.gov.br\/cm-cb\/?page_id=1263\" \/>\n<meta property=\"og:site_name\" content=\"CMCB\" \/>\n<meta property=\"article:modified_time\" content=\"2018-09-09T22:27:39+00:00\" \/>\n<meta name=\"twitter:card\" content=\"summary_large_image\" \/>\n<script type=\"application\/ld+json\" class=\"yoast-schema-graph\">{\"@context\":\"https:\/\/schema.org\",\"@graph\":[{\"@type\":\"WebPage\",\"@id\":\"https:\/\/ww16.ce.gov.br\/cm-cb\/?page_id=1263\",\"url\":\"https:\/\/ww16.ce.gov.br\/cm-cb\/?page_id=1263\",\"name\":\"Coordena\u00e7\u00e3o Pedag\u00f3gica - CMCB\",\"isPartOf\":{\"@id\":\"https:\/\/ww16.ce.gov.br\/cm-cb\/#website\"},\"datePublished\":\"2018-09-09T21:55:49+00:00\",\"dateModified\":\"2018-09-09T22:27:39+00:00\",\"breadcrumb\":{\"@id\":\"https:\/\/ww16.ce.gov.br\/cm-cb\/?page_id=1263#breadcrumb\"},\"inLanguage\":\"pt-BR\",\"potentialAction\":[{\"@type\":\"ReadAction\",\"target\":[\"https:\/\/ww16.ce.gov.br\/cm-cb\/?page_id=1263\"]}]},{\"@type\":\"BreadcrumbList\",\"@id\":\"https:\/\/ww16.ce.gov.br\/cm-cb\/?page_id=1263#breadcrumb\",\"itemListElement\":[{\"@type\":\"ListItem\",\"position\":1,\"name\":\"In\u00edcio\",\"item\":\"https:\/\/ww16.ce.gov.br\/cm-cb\/\"},{\"@type\":\"ListItem\",\"position\":2,\"name\":\"Institucional\",\"item\":\"https:\/\/ww16.ce.gov.br\/cm-cb\/?page_id=52\"},{\"@type\":\"ListItem\",\"position\":3,\"name\":\"Administrativos\",\"item\":\"https:\/\/ww16.ce.gov.br\/cm-cb\/?page_id=1260\"},{\"@type\":\"ListItem\",\"position\":4,\"name\":\"Coordena\u00e7\u00e3o Pedag\u00f3gica\"}]},{\"@type\":\"WebSite\",\"@id\":\"https:\/\/ww16.ce.gov.br\/cm-cb\/#website\",\"url\":\"https:\/\/ww16.ce.gov.br\/cm-cb\/\",\"name\":\"Col\u00e9gio Militar do Corpo de Bombeiros\",\"description\":\"Portal CMCB\",\"publisher\":{\"@id\":\"https:\/\/ww16.ce.gov.br\/cm-cb\/#organization\"},\"potentialAction\":[{\"@type\":\"SearchAction\",\"target\":{\"@type\":\"EntryPoint\",\"urlTemplate\":\"https:\/\/ww16.ce.gov.br\/cm-cb\/?s={search_term_string}\"},\"query-input\":{\"@type\":\"PropertyValueSpecification\",\"valueRequired\":true,\"valueName\":\"search_term_string\"}}],\"inLanguage\":\"pt-BR\"},{\"@type\":\"Organization\",\"@id\":\"https:\/\/ww16.ce.gov.br\/cm-cb\/#organization\",\"name\":\"Col\u00e9gio Militar do Corpo de Bombeiros\",\"url\":\"https:\/\/ww16.ce.gov.br\/cm-cb\/\",\"logo\":{\"@type\":\"ImageObject\",\"inLanguage\":\"pt-BR\",\"@id\":\"https:\/\/ww16.ce.gov.br\/cm-cb\/#\/schema\/logo\/image\/\",\"url\":\"http:\/\/ww16.ce.gov.br\/cm-cb\/wp-content\/uploads\/sites\/62\/2018\/05\/cmcb-clara.png\",\"contentUrl\":\"http:\/\/ww16.ce.gov.br\/cm-cb\/wp-content\/uploads\/sites\/62\/2018\/05\/cmcb-clara.png\",\"width\":559,\"height\":106,\"caption\":\"Col\u00e9gio Militar do Corpo de Bombeiros\"},\"image\":{\"@id\":\"https:\/\/ww16.ce.gov.br\/cm-cb\/#\/schema\/logo\/image\/\"}}]}<\/script>\n<!-- \/ Yoast SEO plugin. -->","yoast_head_json":{"title":"Coordena\u00e7\u00e3o Pedag\u00f3gica - CMCB","robots":{"index":"index","follow":"follow","max-snippet":"max-snippet:-1","max-image-preview":"max-image-preview:large","max-video-preview":"max-video-preview:-1"},"canonical":"https:\/\/ww16.ce.gov.br\/cm-cb\/?page_id=1263","og_locale":"pt_BR","og_type":"article","og_title":"Coordena\u00e7\u00e3o Pedag\u00f3gica - CMCB","og_description":"O Servi\u00e7o de Coordena\u00e7\u00e3o Pedag\u00f3gica\u00a0 direciona, orienta, acompanha e contribui para a melhoria do processo de ensino e aprendizagem, orientando as pr\u00e1ticas pedag\u00f3gicas dos docentes.Dentro do organograma institucional, o setor est\u00e1 diretamente ligado \u00e0 Coordena\u00e7\u00e3o Geral e \u00e0 Dire\u00e7\u00e3o, prestando assessoria nos assuntos ligados \u00e0 pr\u00e1tica educativa, e, tamb\u00e9m, est\u00e1 ligada aos professores e alunos [&hellip;]","og_url":"https:\/\/ww16.ce.gov.br\/cm-cb\/?page_id=1263","og_site_name":"CMCB","article_modified_time":"2018-09-09T22:27:39+00:00","twitter_card":"summary_large_image","schema":{"@context":"https:\/\/schema.org","@graph":[{"@type":"WebPage","@id":"https:\/\/ww16.ce.gov.br\/cm-cb\/?page_id=1263","url":"https:\/\/ww16.ce.gov.br\/cm-cb\/?page_id=1263","name":"Coordena\u00e7\u00e3o Pedag\u00f3gica - CMCB","isPartOf":{"@id":"https:\/\/ww16.ce.gov.br\/cm-cb\/#website"},"datePublished":"2018-09-09T21:55:49+00:00","dateModified":"2018-09-09T22:27:39+00:00","breadcrumb":{"@id":"https:\/\/ww16.ce.gov.br\/cm-cb\/?page_id=1263#breadcrumb"},"inLanguage":"pt-BR","potentialAction":[{"@type":"ReadAction","target":["https:\/\/ww16.ce.gov.br\/cm-cb\/?page_id=1263"]}]},{"@type":"BreadcrumbList","@id":"https:\/\/ww16.ce.gov.br\/cm-cb\/?page_id=1263#breadcrumb","itemListElement":[{"@type":"ListItem","position":1,"name":"In\u00edcio","item":"https:\/\/ww16.ce.gov.br\/cm-cb\/"},{"@type":"ListItem","position":2,"name":"Institucional","item":"https:\/\/ww16.ce.gov.br\/cm-cb\/?page_id=52"},{"@type":"ListItem","position":3,"name":"Administrativos","item":"https:\/\/ww16.ce.gov.br\/cm-cb\/?page_id=1260"},{"@type":"ListItem","position":4,"name":"Coordena\u00e7\u00e3o Pedag\u00f3gica"}]},{"@type":"WebSite","@id":"https:\/\/ww16.ce.gov.br\/cm-cb\/#website","url":"https:\/\/ww16.ce.gov.br\/cm-cb\/","name":"Col\u00e9gio Militar do Corpo de Bombeiros","description":"Portal CMCB","publisher":{"@id":"https:\/\/ww16.ce.gov.br\/cm-cb\/#organization"},"potentialAction":[{"@type":"SearchAction","target":{"@type":"EntryPoint","urlTemplate":"https:\/\/ww16.ce.gov.br\/cm-cb\/?s={search_term_string}"},"query-input":{"@type":"PropertyValueSpecification","valueRequired":true,"valueName":"search_term_string"}}],"inLanguage":"pt-BR"},{"@type":"Organization","@id":"https:\/\/ww16.ce.gov.br\/cm-cb\/#organization","name":"Col\u00e9gio Militar do Corpo de Bombeiros","url":"https:\/\/ww16.ce.gov.br\/cm-cb\/","logo":{"@type":"ImageObject","inLanguage":"pt-BR","@id":"https:\/\/ww16.ce.gov.br\/cm-cb\/#\/schema\/logo\/image\/","url":"http:\/\/ww16.ce.gov.br\/cm-cb\/wp-content\/uploads\/sites\/62\/2018\/05\/cmcb-clara.png","contentUrl":"http:\/\/ww16.ce.gov.br\/cm-cb\/wp-content\/uploads\/sites\/62\/2018\/05\/cmcb-clara.png","width":559,"height":106,"caption":"Col\u00e9gio Militar do Corpo de Bombeiros"},"image":{"@id":"https:\/\/ww16.ce.gov.br\/cm-cb\/#\/schema\/logo\/image\/"}}]}},"_links":{"self":[{"href":"https:\/\/ww16.ce.gov.br\/cm-cb\/index.php?rest_route=\/wp\/v2\/pages\/1263","targetHints":{"allow":["GET"]}}],"collection":[{"href":"https:\/\/ww16.ce.gov.br\/cm-cb\/index.php?rest_route=\/wp\/v2\/pages"}],"about":[{"href":"https:\/\/ww16.ce.gov.br\/cm-cb\/index.php?rest_route=\/wp\/v2\/types\/page"}],"author":[{"embeddable":true,"href":"https:\/\/ww16.ce.gov.br\/cm-cb\/index.php?rest_route=\/wp\/v2\/users\/12"}],"replies":[{"embeddable":true,"href":"https:\/\/ww16.ce.gov.br\/cm-cb\/index.php?rest_route=%2Fwp%2Fv2%2Fcomments&post=1263"}],"version-history":[{"count":4,"href":"https:\/\/ww16.ce.gov.br\/cm-cb\/index.php?rest_route=\/wp\/v2\/pages\/1263\/revisions"}],"predecessor-version":[{"id":1270,"href":"https:\/\/ww16.ce.gov.br\/cm-cb\/index.php?rest_route=\/wp\/v2\/pages\/1263\/revisions\/1270"}],"up":[{"embeddable":true,"href":"https:\/\/ww16.ce.gov.br\/cm-cb\/index.php?rest_route=\/wp\/v2\/pages\/1260"}],"wp:attachment":[{"href":"https:\/\/ww16.ce.gov.br\/cm-cb\/index.php?rest_route=%2Fwp%2Fv2%2Fmedia&parent=1263"}],"curies":[{"name":"wp","href":"https:\/\/api.w.org\/{rel}","templated":true}]}}