{"id":121,"date":"2017-11-21T16:04:38","date_gmt":"2017-11-21T19:04:38","guid":{"rendered":"http:\/\/www.ceara.gov.br\/cmcb\/?page_id=121"},"modified":"2026-05-12T14:54:42","modified_gmt":"2026-05-12T17:54:42","slug":"home","status":"publish","type":"page","link":"https:\/\/ww16.ce.gov.br\/cm-cb\/","title":{"rendered":"P\u00e1gina inicial"},"content":{"rendered":"\n<div class=\"wp-block-cegovbr-titulo-personalizado cegovbr-titulo-personalizado\"><div class=\"cegovbr-titulo-header\"><span class=\"material-symbols-outlined cegovbr-titulo-icon\">description<\/span><h6 class=\"cegovbr-titulo-text\">Col\u00e9gio Militar do Corpo de Bombeiros Escritora Rachel de Queiroz (CMCB)<\/h6><\/div><\/div>\n\n\n\n<figure class=\"wp-block-image size-large\"><img loading=\"lazy\" decoding=\"async\" width=\"1200\" height=\"716\" src=\"https:\/\/ww16.ce.gov.br\/cm-cb\/wp-content\/uploads\/sites\/45\/2022\/12\/WhatsApp-Image-2022-12-31-at-18.34.08-1-1200x716.jpg\" alt=\"\" class=\"wp-image-4709\" srcset=\"https:\/\/ww16.ce.gov.br\/cm-cb\/wp-content\/uploads\/sites\/45\/2022\/12\/WhatsApp-Image-2022-12-31-at-18.34.08-1-1200x716.jpg 1200w, https:\/\/ww16.ce.gov.br\/cm-cb\/wp-content\/uploads\/sites\/45\/2022\/12\/WhatsApp-Image-2022-12-31-at-18.34.08-1-600x358.jpg 600w, https:\/\/ww16.ce.gov.br\/cm-cb\/wp-content\/uploads\/sites\/45\/2022\/12\/WhatsApp-Image-2022-12-31-at-18.34.08-1-768x458.jpg 768w, https:\/\/ww16.ce.gov.br\/cm-cb\/wp-content\/uploads\/sites\/45\/2022\/12\/WhatsApp-Image-2022-12-31-at-18.34.08-1.jpg 1464w\" sizes=\"auto, (max-width: 1200px) 100vw, 1200px\" \/><\/figure>\n\n\n\n<p>Inicialmente, o Col\u00e9gio Militar do Corpo de Bombeiros Escritora Raquel de Queiroz (CMCB) foi fundado em 1998 no Cear\u00e1. Posteriormente, a institui\u00e7\u00e3o foi incorporada \u00e0 rede estadual de ensino em 2000, devido ao seu sucesso inicial. Atualmente, o CMCB \u00e9 dirigido pelo coronel Francisco Albert Einstein Lima Arruda, contando com uma equipe diversificada de profissionais.<\/p>\n\n\n\n<p>Estruturalmente, a escola possui 26 salas de aula, audit\u00f3rios, laborat\u00f3rios e instala\u00e7\u00f5es esportivas, incluindo piscinas e quadras poliesportivas. Al\u00e9m disso, o col\u00e9gio oferece uma forma\u00e7\u00e3o abrangente, do ensino fundamental ao m\u00e9dio, nos turnos da manh\u00e3 e tarde. Adicionalmente, o CMCB disponibiliza o programa EJA no per\u00edodo noturno para alunos fora da faixa et\u00e1ria regular.<\/p>\n\n\n\n<p>Em resumo, o corpo discente \u00e9 composto por 946 alunos, enquanto o corpo docente conta com 90 professores, entre civis e militares. Fundamentalmente, o CMCB visa formar cidad\u00e3os \u00e9ticos, participativos e empreendedores, preparados para contribuir com a sociedade. Consequentemente, a institui\u00e7\u00e3o tem se destacado nos indicadores educacionais brasileiros, comprovando sua excel\u00eancia no ensino.<\/p>\n\n\n\n<p>Finalmente, o CMCB se destaca por sua capacidade de enfrentar desafios e formar cidad\u00e3os comprometidos com o bem-estar da na\u00e7\u00e3o.<\/p>\n\n\n\n<figure class=\"wp-block-image size-full\"><img loading=\"lazy\" decoding=\"async\" width=\"2105\" height=\"747\" src=\"https:\/\/ww16.ce.gov.br\/cm-cb\/wp-content\/uploads\/sites\/45\/2026\/05\/ChatGPT-Image-12-de-mai.-de-2026-14_44_22.png\" alt=\"\" class=\"wp-image-7427\" srcset=\"https:\/\/ww16.ce.gov.br\/cm-cb\/wp-content\/uploads\/sites\/45\/2026\/05\/ChatGPT-Image-12-de-mai.-de-2026-14_44_22.png 2105w, https:\/\/ww16.ce.gov.br\/cm-cb\/wp-content\/uploads\/sites\/45\/2026\/05\/ChatGPT-Image-12-de-mai.-de-2026-14_44_22-600x213.png 600w, https:\/\/ww16.ce.gov.br\/cm-cb\/wp-content\/uploads\/sites\/45\/2026\/05\/ChatGPT-Image-12-de-mai.-de-2026-14_44_22-1200x426.png 1200w, https:\/\/ww16.ce.gov.br\/cm-cb\/wp-content\/uploads\/sites\/45\/2026\/05\/ChatGPT-Image-12-de-mai.-de-2026-14_44_22-768x273.png 768w, https:\/\/ww16.ce.gov.br\/cm-cb\/wp-content\/uploads\/sites\/45\/2026\/05\/ChatGPT-Image-12-de-mai.-de-2026-14_44_22-1536x545.png 1536w, https:\/\/ww16.ce.gov.br\/cm-cb\/wp-content\/uploads\/sites\/45\/2026\/05\/ChatGPT-Image-12-de-mai.-de-2026-14_44_22-2048x727.png 2048w\" sizes=\"auto, (max-width: 2105px) 100vw, 2105px\" \/><\/figure>\n\n\n\n<p><\/p>\n","protected":false},"excerpt":{"rendered":"<p>Inicialmente, o Col\u00e9gio Militar do Corpo de Bombeiros Escritora Raquel de Queiroz (CMCB) foi fundado em 1998 no Cear\u00e1. Posteriormente, a institui\u00e7\u00e3o foi incorporada \u00e0 rede estadual de ensino em 2000, devido ao seu sucesso inicial. Atualmente, o CMCB \u00e9 dirigido pelo coronel Francisco Albert Einstein Lima Arruda, contando com uma equipe diversificada de profissionais. [&hellip;]<\/p>\n","protected":false},"author":79,"featured_media":0,"parent":0,"menu_order":0,"comment_status":"closed","ping_status":"closed","template":"","meta":{"_acf_changed":false,"inline_featured_image":false,"footnotes":""},"class_list":["post-121","page","type-page","status-publish","hentry"],"acf":[],"yoast_head":"<!-- This site is optimized with the Yoast SEO plugin v26.9 - https:\/\/yoast.com\/product\/yoast-seo-wordpress\/ -->\n<title>Home<\/title>\n<meta name=\"robots\" content=\"index, follow, max-snippet:-1, max-image-preview:large, max-video-preview:-1\" \/>\n<link rel=\"canonical\" href=\"https:\/\/ww16.ce.gov.br\/cm-cb\/\" \/>\n<meta property=\"og:locale\" content=\"pt_BR\" \/>\n<meta property=\"og:type\" content=\"article\" \/>\n<meta property=\"og:title\" content=\"Home\" \/>\n<meta property=\"og:description\" content=\"Inicialmente, o Col\u00e9gio Militar do Corpo de Bombeiros Escritora Raquel de Queiroz (CMCB) foi fundado em 1998 no Cear\u00e1. Posteriormente, a institui\u00e7\u00e3o foi incorporada \u00e0 rede estadual de ensino em 2000, devido ao seu sucesso inicial. Atualmente, o CMCB \u00e9 dirigido pelo coronel Francisco Albert Einstein Lima Arruda, contando com uma equipe diversificada de profissionais. [&hellip;]\" \/>\n<meta property=\"og:url\" content=\"https:\/\/ww16.ce.gov.br\/cm-cb\/\" \/>\n<meta property=\"og:site_name\" content=\"CMCB\" \/>\n<meta property=\"article:modified_time\" content=\"2026-05-12T17:54:42+00:00\" \/>\n<meta property=\"og:image\" content=\"http:\/\/ww16.ce.gov.br\/cm-cb\/wp-content\/uploads\/sites\/45\/2022\/12\/WhatsApp-Image-2022-12-31-at-18.34.08-1-1200x716.jpg\" \/>\n<meta name=\"twitter:card\" content=\"summary_large_image\" \/>\n<meta name=\"twitter:label1\" content=\"Est. reading time\" \/>\n\t<meta name=\"twitter:data1\" content=\"2 minutos\" \/>\n<script type=\"application\/ld+json\" class=\"yoast-schema-graph\">{\"@context\":\"https:\/\/schema.org\",\"@graph\":[{\"@type\":\"WebPage\",\"@id\":\"https:\/\/ww16.ce.gov.br\/cm-cb\/\",\"url\":\"https:\/\/ww16.ce.gov.br\/cm-cb\/\",\"name\":\"Home\",\"isPartOf\":{\"@id\":\"https:\/\/ww16.ce.gov.br\/cm-cb\/#website\"},\"primaryImageOfPage\":{\"@id\":\"https:\/\/ww16.ce.gov.br\/cm-cb\/#primaryimage\"},\"image\":{\"@id\":\"https:\/\/ww16.ce.gov.br\/cm-cb\/#primaryimage\"},\"thumbnailUrl\":\"http:\/\/ww16.ce.gov.br\/cm-cb\/wp-content\/uploads\/sites\/45\/2022\/12\/WhatsApp-Image-2022-12-31-at-18.34.08-1-1200x716.jpg\",\"datePublished\":\"2017-11-21T19:04:38+00:00\",\"dateModified\":\"2026-05-12T17:54:42+00:00\",\"breadcrumb\":{\"@id\":\"https:\/\/ww16.ce.gov.br\/cm-cb\/#breadcrumb\"},\"inLanguage\":\"pt-BR\",\"potentialAction\":[{\"@type\":\"ReadAction\",\"target\":[\"https:\/\/ww16.ce.gov.br\/cm-cb\/\"]}]},{\"@type\":\"ImageObject\",\"inLanguage\":\"pt-BR\",\"@id\":\"https:\/\/ww16.ce.gov.br\/cm-cb\/#primaryimage\",\"url\":\"http:\/\/ww16.ce.gov.br\/cm-cb\/wp-content\/uploads\/sites\/45\/2022\/12\/WhatsApp-Image-2022-12-31-at-18.34.08-1-1200x716.jpg\",\"contentUrl\":\"http:\/\/ww16.ce.gov.br\/cm-cb\/wp-content\/uploads\/sites\/45\/2022\/12\/WhatsApp-Image-2022-12-31-at-18.34.08-1-1200x716.jpg\"},{\"@type\":\"BreadcrumbList\",\"@id\":\"https:\/\/ww16.ce.gov.br\/cm-cb\/#breadcrumb\",\"itemListElement\":[{\"@type\":\"ListItem\",\"position\":1,\"name\":\"In\u00edcio\",\"item\":\"https:\/\/ww16.ce.gov.br\/cm-cb\/\"},{\"@type\":\"ListItem\",\"position\":2,\"name\":\"P\u00e1gina inicial\"}]},{\"@type\":\"WebSite\",\"@id\":\"https:\/\/ww16.ce.gov.br\/cm-cb\/#website\",\"url\":\"https:\/\/ww16.ce.gov.br\/cm-cb\/\",\"name\":\"Col\u00e9gio Militar do Corpo de Bombeiros\",\"description\":\"Portal CMCB\",\"publisher\":{\"@id\":\"https:\/\/ww16.ce.gov.br\/cm-cb\/#organization\"},\"potentialAction\":[{\"@type\":\"SearchAction\",\"target\":{\"@type\":\"EntryPoint\",\"urlTemplate\":\"https:\/\/ww16.ce.gov.br\/cm-cb\/?s={search_term_string}\"},\"query-input\":{\"@type\":\"PropertyValueSpecification\",\"valueRequired\":true,\"valueName\":\"search_term_string\"}}],\"inLanguage\":\"pt-BR\"},{\"@type\":\"Organization\",\"@id\":\"https:\/\/ww16.ce.gov.br\/cm-cb\/#organization\",\"name\":\"Col\u00e9gio Militar do Corpo de Bombeiros\",\"url\":\"https:\/\/ww16.ce.gov.br\/cm-cb\/\",\"logo\":{\"@type\":\"ImageObject\",\"inLanguage\":\"pt-BR\",\"@id\":\"https:\/\/ww16.ce.gov.br\/cm-cb\/#\/schema\/logo\/image\/\",\"url\":\"http:\/\/ww16.ce.gov.br\/cm-cb\/wp-content\/uploads\/sites\/62\/2018\/05\/cmcb-clara.png\",\"contentUrl\":\"http:\/\/ww16.ce.gov.br\/cm-cb\/wp-content\/uploads\/sites\/62\/2018\/05\/cmcb-clara.png\",\"width\":559,\"height\":106,\"caption\":\"Col\u00e9gio Militar do Corpo de Bombeiros\"},\"image\":{\"@id\":\"https:\/\/ww16.ce.gov.br\/cm-cb\/#\/schema\/logo\/image\/\"}}]}<\/script>\n<!-- \/ Yoast SEO plugin. -->","yoast_head_json":{"title":"Home","robots":{"index":"index","follow":"follow","max-snippet":"max-snippet:-1","max-image-preview":"max-image-preview:large","max-video-preview":"max-video-preview:-1"},"canonical":"https:\/\/ww16.ce.gov.br\/cm-cb\/","og_locale":"pt_BR","og_type":"article","og_title":"Home","og_description":"Inicialmente, o Col\u00e9gio Militar do Corpo de Bombeiros Escritora Raquel de Queiroz (CMCB) foi fundado em 1998 no Cear\u00e1. Posteriormente, a institui\u00e7\u00e3o foi incorporada \u00e0 rede estadual de ensino em 2000, devido ao seu sucesso inicial. Atualmente, o CMCB \u00e9 dirigido pelo coronel Francisco Albert Einstein Lima Arruda, contando com uma equipe diversificada de profissionais. [&hellip;]","og_url":"https:\/\/ww16.ce.gov.br\/cm-cb\/","og_site_name":"CMCB","article_modified_time":"2026-05-12T17:54:42+00:00","og_image":[{"url":"http:\/\/ww16.ce.gov.br\/cm-cb\/wp-content\/uploads\/sites\/45\/2022\/12\/WhatsApp-Image-2022-12-31-at-18.34.08-1-1200x716.jpg","type":"","width":"","height":""}],"twitter_card":"summary_large_image","twitter_misc":{"Est. reading time":"2 minutos"},"schema":{"@context":"https:\/\/schema.org","@graph":[{"@type":"WebPage","@id":"https:\/\/ww16.ce.gov.br\/cm-cb\/","url":"https:\/\/ww16.ce.gov.br\/cm-cb\/","name":"Home","isPartOf":{"@id":"https:\/\/ww16.ce.gov.br\/cm-cb\/#website"},"primaryImageOfPage":{"@id":"https:\/\/ww16.ce.gov.br\/cm-cb\/#primaryimage"},"image":{"@id":"https:\/\/ww16.ce.gov.br\/cm-cb\/#primaryimage"},"thumbnailUrl":"http:\/\/ww16.ce.gov.br\/cm-cb\/wp-content\/uploads\/sites\/45\/2022\/12\/WhatsApp-Image-2022-12-31-at-18.34.08-1-1200x716.jpg","datePublished":"2017-11-21T19:04:38+00:00","dateModified":"2026-05-12T17:54:42+00:00","breadcrumb":{"@id":"https:\/\/ww16.ce.gov.br\/cm-cb\/#breadcrumb"},"inLanguage":"pt-BR","potentialAction":[{"@type":"ReadAction","target":["https:\/\/ww16.ce.gov.br\/cm-cb\/"]}]},{"@type":"ImageObject","inLanguage":"pt-BR","@id":"https:\/\/ww16.ce.gov.br\/cm-cb\/#primaryimage","url":"http:\/\/ww16.ce.gov.br\/cm-cb\/wp-content\/uploads\/sites\/45\/2022\/12\/WhatsApp-Image-2022-12-31-at-18.34.08-1-1200x716.jpg","contentUrl":"http:\/\/ww16.ce.gov.br\/cm-cb\/wp-content\/uploads\/sites\/45\/2022\/12\/WhatsApp-Image-2022-12-31-at-18.34.08-1-1200x716.jpg"},{"@type":"BreadcrumbList","@id":"https:\/\/ww16.ce.gov.br\/cm-cb\/#breadcrumb","itemListElement":[{"@type":"ListItem","position":1,"name":"In\u00edcio","item":"https:\/\/ww16.ce.gov.br\/cm-cb\/"},{"@type":"ListItem","position":2,"name":"P\u00e1gina inicial"}]},{"@type":"WebSite","@id":"https:\/\/ww16.ce.gov.br\/cm-cb\/#website","url":"https:\/\/ww16.ce.gov.br\/cm-cb\/","name":"Col\u00e9gio Militar do Corpo de Bombeiros","description":"Portal CMCB","publisher":{"@id":"https:\/\/ww16.ce.gov.br\/cm-cb\/#organization"},"potentialAction":[{"@type":"SearchAction","target":{"@type":"EntryPoint","urlTemplate":"https:\/\/ww16.ce.gov.br\/cm-cb\/?s={search_term_string}"},"query-input":{"@type":"PropertyValueSpecification","valueRequired":true,"valueName":"search_term_string"}}],"inLanguage":"pt-BR"},{"@type":"Organization","@id":"https:\/\/ww16.ce.gov.br\/cm-cb\/#organization","name":"Col\u00e9gio Militar do Corpo de Bombeiros","url":"https:\/\/ww16.ce.gov.br\/cm-cb\/","logo":{"@type":"ImageObject","inLanguage":"pt-BR","@id":"https:\/\/ww16.ce.gov.br\/cm-cb\/#\/schema\/logo\/image\/","url":"http:\/\/ww16.ce.gov.br\/cm-cb\/wp-content\/uploads\/sites\/62\/2018\/05\/cmcb-clara.png","contentUrl":"http:\/\/ww16.ce.gov.br\/cm-cb\/wp-content\/uploads\/sites\/62\/2018\/05\/cmcb-clara.png","width":559,"height":106,"caption":"Col\u00e9gio Militar do Corpo de Bombeiros"},"image":{"@id":"https:\/\/ww16.ce.gov.br\/cm-cb\/#\/schema\/logo\/image\/"}}]}},"_links":{"self":[{"href":"https:\/\/ww16.ce.gov.br\/cm-cb\/index.php?rest_route=\/wp\/v2\/pages\/121","targetHints":{"allow":["GET"]}}],"collection":[{"href":"https:\/\/ww16.ce.gov.br\/cm-cb\/index.php?rest_route=\/wp\/v2\/pages"}],"about":[{"href":"https:\/\/ww16.ce.gov.br\/cm-cb\/index.php?rest_route=\/wp\/v2\/types\/page"}],"author":[{"embeddable":true,"href":"https:\/\/ww16.ce.gov.br\/cm-cb\/index.php?rest_route=\/wp\/v2\/users\/79"}],"replies":[{"embeddable":true,"href":"https:\/\/ww16.ce.gov.br\/cm-cb\/index.php?rest_route=%2Fwp%2Fv2%2Fcomments&post=121"}],"version-history":[{"count":20,"href":"https:\/\/ww16.ce.gov.br\/cm-cb\/index.php?rest_route=\/wp\/v2\/pages\/121\/revisions"}],"predecessor-version":[{"id":7428,"href":"https:\/\/ww16.ce.gov.br\/cm-cb\/index.php?rest_route=\/wp\/v2\/pages\/121\/revisions\/7428"}],"wp:attachment":[{"href":"https:\/\/ww16.ce.gov.br\/cm-cb\/index.php?rest_route=%2Fwp%2Fv2%2Fmedia&parent=121"}],"curies":[{"name":"wp","href":"https:\/\/api.w.org\/{rel}","templated":true}]}}