{"id":1164,"date":"2018-08-21T15:17:38","date_gmt":"2018-08-21T18:17:38","guid":{"rendered":"http:\/\/www.cm.cb.ce.gov.br\/?page_id=1164"},"modified":"2026-01-05T12:19:20","modified_gmt":"2026-01-05T15:19:20","slug":"solicitacao","status":"publish","type":"page","link":"https:\/\/ww16.ce.gov.br\/cm-cb\/?page_id=1164","title":{"rendered":"Requerimentos, Hor\u00e1rios e Gabaritos"},"content":{"rendered":"<ul>\n<li style=\"list-style-type: none\">\n<ul class=\"ListaEst -laranja\">\n<li><a href=\"https:\/\/ww16.ce.gov.br\/cm-cb\/wp-content\/uploads\/sites\/45\/2025\/12\/Roteiro-da-Recuperacao-2025.pdf\">Roteiro da 1\u00aa AG 2026<\/a><\/li>\n<li><a href=\"https:\/\/ww16.ce.gov.br\/cm-cb\/2025\/12\/31\/cmcb-vagas-remanescentes-do-edital-n-o-001-2025-ccpm-cmcb-pmce-cbmce\/\">Horario 1\u00aa AG 2026<\/a><\/li>\n<li><a href=\"https:\/\/ww16.ce.gov.br\/cm-cb\/2025\/12\/31\/cmcb-vagas-remanescentes-do-edital-n-o-001-2025-ccpm-cmcb-pmce-cbmce\/\">2 Chamada do 1\u00ba Bimeste 2026<\/a><\/li>\n<li><a href=\"https:\/\/ww16.ce.gov.br\/cm-cb\/2025\/12\/31\/cmcb-vagas-remanescentes-do-edital-n-o-001-2025-ccpm-cmcb-pmce-cbmce\/\">2\u00aa Chamada (requerimento)<\/a><\/li>\n<li><a href=\"https:\/\/ww16.ce.gov.br\/cm-cb\/2025\/12\/31\/cmcb-vagas-remanescentes-do-edital-n-o-001-2025-ccpm-cmcb-pmce-cbmce\/\">Recupera\u00e7\u00e3o Paralela<\/a><\/li>\n<li><a href=\"https:\/\/ww16.ce.gov.br\/cm-cb\/2025\/12\/31\/cmcb-vagas-remanescentes-do-edital-n-o-001-2025-ccpm-cmcb-pmce-cbmce\/\">Reclama\u00e7\u00e3o de NOTAS<\/a><\/li>\n<\/ul>\n<\/li>\n<\/ul>\n","protected":false},"excerpt":{"rendered":"<p>Roteiro da 1\u00aa AG 2026 Horario 1\u00aa AG 2026 2 Chamada do 1\u00ba Bimeste 2026 2\u00aa Chamada (requerimento) Recupera\u00e7\u00e3o Paralela Reclama\u00e7\u00e3o de NOTAS<\/p>\n","protected":false},"author":12,"featured_media":4613,"parent":849,"menu_order":0,"comment_status":"closed","ping_status":"closed","template":"","meta":{"_acf_changed":false,"inline_featured_image":false,"footnotes":""},"class_list":["post-1164","page","type-page","status-publish","has-post-thumbnail","hentry"],"acf":[],"yoast_head":"<!-- This site is optimized with the Yoast SEO plugin v26.9 - https:\/\/yoast.com\/product\/yoast-seo-wordpress\/ -->\n<title>Requerimentos, Hor\u00e1rios e Gabaritos - CMCB<\/title>\n<meta name=\"robots\" content=\"index, follow, max-snippet:-1, max-image-preview:large, max-video-preview:-1\" \/>\n<link rel=\"canonical\" href=\"https:\/\/ww16.ce.gov.br\/cm-cb\/?page_id=1164\" \/>\n<meta property=\"og:locale\" content=\"pt_BR\" \/>\n<meta property=\"og:type\" content=\"article\" \/>\n<meta property=\"og:title\" content=\"Requerimentos, Hor\u00e1rios e Gabaritos - CMCB\" \/>\n<meta property=\"og:description\" content=\"Roteiro da 1\u00aa AG 2026 Horario 1\u00aa AG 2026 2 Chamada do 1\u00ba Bimeste 2026 2\u00aa Chamada (requerimento) Recupera\u00e7\u00e3o Paralela Reclama\u00e7\u00e3o de NOTAS\" \/>\n<meta property=\"og:url\" content=\"https:\/\/ww16.ce.gov.br\/cm-cb\/?page_id=1164\" \/>\n<meta property=\"og:site_name\" content=\"CMCB\" \/>\n<meta property=\"article:modified_time\" content=\"2026-01-05T15:19:20+00:00\" \/>\n<meta property=\"og:image\" content=\"https:\/\/ww16.ce.gov.br\/cm-cb\/wp-content\/uploads\/sites\/45\/2022\/12\/colegio-sem-fundo.png\" \/>\n\t<meta property=\"og:image:width\" content=\"2256\" \/>\n\t<meta property=\"og:image:height\" content=\"1536\" \/>\n\t<meta property=\"og:image:type\" content=\"image\/png\" \/>\n<meta name=\"twitter:card\" content=\"summary_large_image\" \/>\n<meta name=\"twitter:label1\" content=\"Est. reading time\" \/>\n\t<meta name=\"twitter:data1\" content=\"1 minuto\" \/>\n<script type=\"application\/ld+json\" class=\"yoast-schema-graph\">{\"@context\":\"https:\/\/schema.org\",\"@graph\":[{\"@type\":\"WebPage\",\"@id\":\"https:\/\/ww16.ce.gov.br\/cm-cb\/?page_id=1164\",\"url\":\"https:\/\/ww16.ce.gov.br\/cm-cb\/?page_id=1164\",\"name\":\"Requerimentos, Hor\u00e1rios e Gabaritos - CMCB\",\"isPartOf\":{\"@id\":\"https:\/\/ww16.ce.gov.br\/cm-cb\/#website\"},\"primaryImageOfPage\":{\"@id\":\"https:\/\/ww16.ce.gov.br\/cm-cb\/?page_id=1164#primaryimage\"},\"image\":{\"@id\":\"https:\/\/ww16.ce.gov.br\/cm-cb\/?page_id=1164#primaryimage\"},\"thumbnailUrl\":\"https:\/\/ww16.ce.gov.br\/cm-cb\/wp-content\/uploads\/sites\/45\/2022\/12\/colegio-sem-fundo.png\",\"datePublished\":\"2018-08-21T18:17:38+00:00\",\"dateModified\":\"2026-01-05T15:19:20+00:00\",\"breadcrumb\":{\"@id\":\"https:\/\/ww16.ce.gov.br\/cm-cb\/?page_id=1164#breadcrumb\"},\"inLanguage\":\"pt-BR\",\"potentialAction\":[{\"@type\":\"ReadAction\",\"target\":[\"https:\/\/ww16.ce.gov.br\/cm-cb\/?page_id=1164\"]}]},{\"@type\":\"ImageObject\",\"inLanguage\":\"pt-BR\",\"@id\":\"https:\/\/ww16.ce.gov.br\/cm-cb\/?page_id=1164#primaryimage\",\"url\":\"https:\/\/ww16.ce.gov.br\/cm-cb\/wp-content\/uploads\/sites\/45\/2022\/12\/colegio-sem-fundo.png\",\"contentUrl\":\"https:\/\/ww16.ce.gov.br\/cm-cb\/wp-content\/uploads\/sites\/45\/2022\/12\/colegio-sem-fundo.png\",\"width\":2256,\"height\":1536},{\"@type\":\"BreadcrumbList\",\"@id\":\"https:\/\/ww16.ce.gov.br\/cm-cb\/?page_id=1164#breadcrumb\",\"itemListElement\":[{\"@type\":\"ListItem\",\"position\":1,\"name\":\"In\u00edcio\",\"item\":\"https:\/\/ww16.ce.gov.br\/cm-cb\/\"},{\"@type\":\"ListItem\",\"position\":2,\"name\":\"Servi\u00e7os\",\"item\":\"https:\/\/ww16.ce.gov.br\/cm-cb\/?page_id=849\"},{\"@type\":\"ListItem\",\"position\":3,\"name\":\"Requerimentos, Hor\u00e1rios e Gabaritos\"}]},{\"@type\":\"WebSite\",\"@id\":\"https:\/\/ww16.ce.gov.br\/cm-cb\/#website\",\"url\":\"https:\/\/ww16.ce.gov.br\/cm-cb\/\",\"name\":\"Col\u00e9gio Militar do Corpo de Bombeiros\",\"description\":\"Portal CMCB\",\"publisher\":{\"@id\":\"https:\/\/ww16.ce.gov.br\/cm-cb\/#organization\"},\"potentialAction\":[{\"@type\":\"SearchAction\",\"target\":{\"@type\":\"EntryPoint\",\"urlTemplate\":\"https:\/\/ww16.ce.gov.br\/cm-cb\/?s={search_term_string}\"},\"query-input\":{\"@type\":\"PropertyValueSpecification\",\"valueRequired\":true,\"valueName\":\"search_term_string\"}}],\"inLanguage\":\"pt-BR\"},{\"@type\":\"Organization\",\"@id\":\"https:\/\/ww16.ce.gov.br\/cm-cb\/#organization\",\"name\":\"Col\u00e9gio Militar do Corpo de Bombeiros\",\"url\":\"https:\/\/ww16.ce.gov.br\/cm-cb\/\",\"logo\":{\"@type\":\"ImageObject\",\"inLanguage\":\"pt-BR\",\"@id\":\"https:\/\/ww16.ce.gov.br\/cm-cb\/#\/schema\/logo\/image\/\",\"url\":\"http:\/\/ww16.ce.gov.br\/cm-cb\/wp-content\/uploads\/sites\/62\/2018\/05\/cmcb-clara.png\",\"contentUrl\":\"http:\/\/ww16.ce.gov.br\/cm-cb\/wp-content\/uploads\/sites\/62\/2018\/05\/cmcb-clara.png\",\"width\":559,\"height\":106,\"caption\":\"Col\u00e9gio Militar do Corpo de Bombeiros\"},\"image\":{\"@id\":\"https:\/\/ww16.ce.gov.br\/cm-cb\/#\/schema\/logo\/image\/\"}}]}<\/script>\n<!-- \/ Yoast SEO plugin. -->","yoast_head_json":{"title":"Requerimentos, Hor\u00e1rios e Gabaritos - CMCB","robots":{"index":"index","follow":"follow","max-snippet":"max-snippet:-1","max-image-preview":"max-image-preview:large","max-video-preview":"max-video-preview:-1"},"canonical":"https:\/\/ww16.ce.gov.br\/cm-cb\/?page_id=1164","og_locale":"pt_BR","og_type":"article","og_title":"Requerimentos, Hor\u00e1rios e Gabaritos - CMCB","og_description":"Roteiro da 1\u00aa AG 2026 Horario 1\u00aa AG 2026 2 Chamada do 1\u00ba Bimeste 2026 2\u00aa Chamada (requerimento) Recupera\u00e7\u00e3o Paralela Reclama\u00e7\u00e3o de NOTAS","og_url":"https:\/\/ww16.ce.gov.br\/cm-cb\/?page_id=1164","og_site_name":"CMCB","article_modified_time":"2026-01-05T15:19:20+00:00","og_image":[{"width":2256,"height":1536,"url":"https:\/\/ww16.ce.gov.br\/cm-cb\/wp-content\/uploads\/sites\/45\/2022\/12\/colegio-sem-fundo.png","type":"image\/png"}],"twitter_card":"summary_large_image","twitter_misc":{"Est. reading time":"1 minuto"},"schema":{"@context":"https:\/\/schema.org","@graph":[{"@type":"WebPage","@id":"https:\/\/ww16.ce.gov.br\/cm-cb\/?page_id=1164","url":"https:\/\/ww16.ce.gov.br\/cm-cb\/?page_id=1164","name":"Requerimentos, Hor\u00e1rios e Gabaritos - CMCB","isPartOf":{"@id":"https:\/\/ww16.ce.gov.br\/cm-cb\/#website"},"primaryImageOfPage":{"@id":"https:\/\/ww16.ce.gov.br\/cm-cb\/?page_id=1164#primaryimage"},"image":{"@id":"https:\/\/ww16.ce.gov.br\/cm-cb\/?page_id=1164#primaryimage"},"thumbnailUrl":"https:\/\/ww16.ce.gov.br\/cm-cb\/wp-content\/uploads\/sites\/45\/2022\/12\/colegio-sem-fundo.png","datePublished":"2018-08-21T18:17:38+00:00","dateModified":"2026-01-05T15:19:20+00:00","breadcrumb":{"@id":"https:\/\/ww16.ce.gov.br\/cm-cb\/?page_id=1164#breadcrumb"},"inLanguage":"pt-BR","potentialAction":[{"@type":"ReadAction","target":["https:\/\/ww16.ce.gov.br\/cm-cb\/?page_id=1164"]}]},{"@type":"ImageObject","inLanguage":"pt-BR","@id":"https:\/\/ww16.ce.gov.br\/cm-cb\/?page_id=1164#primaryimage","url":"https:\/\/ww16.ce.gov.br\/cm-cb\/wp-content\/uploads\/sites\/45\/2022\/12\/colegio-sem-fundo.png","contentUrl":"https:\/\/ww16.ce.gov.br\/cm-cb\/wp-content\/uploads\/sites\/45\/2022\/12\/colegio-sem-fundo.png","width":2256,"height":1536},{"@type":"BreadcrumbList","@id":"https:\/\/ww16.ce.gov.br\/cm-cb\/?page_id=1164#breadcrumb","itemListElement":[{"@type":"ListItem","position":1,"name":"In\u00edcio","item":"https:\/\/ww16.ce.gov.br\/cm-cb\/"},{"@type":"ListItem","position":2,"name":"Servi\u00e7os","item":"https:\/\/ww16.ce.gov.br\/cm-cb\/?page_id=849"},{"@type":"ListItem","position":3,"name":"Requerimentos, Hor\u00e1rios e Gabaritos"}]},{"@type":"WebSite","@id":"https:\/\/ww16.ce.gov.br\/cm-cb\/#website","url":"https:\/\/ww16.ce.gov.br\/cm-cb\/","name":"Col\u00e9gio Militar do Corpo de Bombeiros","description":"Portal CMCB","publisher":{"@id":"https:\/\/ww16.ce.gov.br\/cm-cb\/#organization"},"potentialAction":[{"@type":"SearchAction","target":{"@type":"EntryPoint","urlTemplate":"https:\/\/ww16.ce.gov.br\/cm-cb\/?s={search_term_string}"},"query-input":{"@type":"PropertyValueSpecification","valueRequired":true,"valueName":"search_term_string"}}],"inLanguage":"pt-BR"},{"@type":"Organization","@id":"https:\/\/ww16.ce.gov.br\/cm-cb\/#organization","name":"Col\u00e9gio Militar do Corpo de Bombeiros","url":"https:\/\/ww16.ce.gov.br\/cm-cb\/","logo":{"@type":"ImageObject","inLanguage":"pt-BR","@id":"https:\/\/ww16.ce.gov.br\/cm-cb\/#\/schema\/logo\/image\/","url":"http:\/\/ww16.ce.gov.br\/cm-cb\/wp-content\/uploads\/sites\/62\/2018\/05\/cmcb-clara.png","contentUrl":"http:\/\/ww16.ce.gov.br\/cm-cb\/wp-content\/uploads\/sites\/62\/2018\/05\/cmcb-clara.png","width":559,"height":106,"caption":"Col\u00e9gio Militar do Corpo de Bombeiros"},"image":{"@id":"https:\/\/ww16.ce.gov.br\/cm-cb\/#\/schema\/logo\/image\/"}}]}},"_links":{"self":[{"href":"https:\/\/ww16.ce.gov.br\/cm-cb\/index.php?rest_route=\/wp\/v2\/pages\/1164","targetHints":{"allow":["GET"]}}],"collection":[{"href":"https:\/\/ww16.ce.gov.br\/cm-cb\/index.php?rest_route=\/wp\/v2\/pages"}],"about":[{"href":"https:\/\/ww16.ce.gov.br\/cm-cb\/index.php?rest_route=\/wp\/v2\/types\/page"}],"author":[{"embeddable":true,"href":"https:\/\/ww16.ce.gov.br\/cm-cb\/index.php?rest_route=\/wp\/v2\/users\/12"}],"replies":[{"embeddable":true,"href":"https:\/\/ww16.ce.gov.br\/cm-cb\/index.php?rest_route=%2Fwp%2Fv2%2Fcomments&post=1164"}],"version-history":[{"count":141,"href":"https:\/\/ww16.ce.gov.br\/cm-cb\/index.php?rest_route=\/wp\/v2\/pages\/1164\/revisions"}],"predecessor-version":[{"id":6547,"href":"https:\/\/ww16.ce.gov.br\/cm-cb\/index.php?rest_route=\/wp\/v2\/pages\/1164\/revisions\/6547"}],"up":[{"embeddable":true,"href":"https:\/\/ww16.ce.gov.br\/cm-cb\/index.php?rest_route=\/wp\/v2\/pages\/849"}],"wp:featuredmedia":[{"embeddable":true,"href":"https:\/\/ww16.ce.gov.br\/cm-cb\/index.php?rest_route=\/wp\/v2\/media\/4613"}],"wp:attachment":[{"href":"https:\/\/ww16.ce.gov.br\/cm-cb\/index.php?rest_route=%2Fwp%2Fv2%2Fmedia&parent=1164"}],"curies":[{"name":"wp","href":"https:\/\/api.w.org\/{rel}","templated":true}]}}