{"id":52,"date":"2017-11-20T17:43:28","date_gmt":"2017-11-20T20:43:28","guid":{"rendered":"http:\/\/www.ceara.gov.br\/ceasa\/?page_id=52"},"modified":"2025-10-02T11:24:00","modified_gmt":"2025-10-02T14:24:00","slug":"institucional","status":"publish","type":"page","link":"https:\/\/ww16.ce.gov.br\/ceasa-ce\/institucional\/","title":{"rendered":"Institucional"},"content":{"rendered":"<p>&nbsp;<\/p>\n<p align=\"justify\"><span style=\"color: #000000\"><strong>UMA HIST\u00d3RIA DE SUCESSO!<\/strong><\/span><\/p>\n<p>&nbsp;<\/p>\n<p style=\"text-align: justify\">Inaugurada em 09 de novembro de 1972, no governo de C\u00e9sar Cals, com o objetivo de centralizar a distribui\u00e7\u00e3o de hortigranjeiros, a Centrais de Abastecimento do Cear\u00e1 S\/A (Ceasa-CE) fazia parte do Programa Nacional do Controle de Abastecimento de Produto Hortigranjeiros, implantado pelo Sistema Nacional de Centrais de Abastecimento (Sinac), \u00f3rg\u00e3o do Governo Federal.<\/p>\n<p>&nbsp;<\/p>\n<p style=\"text-align: justify\"><span style=\"color: #000000\">O Programa tinha como objetivo incentivar a constru\u00e7\u00e3o e dar diretrizes de funcionamento para as centrais dos Estados. A constru\u00e7\u00e3o da Ceasa-CE foi considerada priorit\u00e1ria pelo Sinac, tendo sido iniciada em 1971. A Construtora Norberto Odebrech foi a respons\u00e1vel pelo empreendimento. Em princ\u00edpio, por determina\u00e7\u00e3o do Sinac, o Programa de Centrais de Abastecimento priorizava os hortigranjeiros.<\/span><\/p>\n<p>&nbsp;<\/p>\n<p style=\"text-align: justify\">A Ceasa-CE obedeceu a determina\u00e7\u00e3o, mas com o passar do tempo iniciou-se um processo de diversifica\u00e7\u00e3o de atividades. Outros segmentos foram introduzidos em seus galp\u00f5es, fazendo com que a empresa assumisse uma forte caracter\u00edstica de central de abastecimento polivalente. Inicialmente, a Ceasa-CE contou com cinco galp\u00f5es permanentes e um galp\u00e3o n\u00e3o-permanente, prontos para receber a comercializa\u00e7\u00e3o de hortigranjeiros.<\/p>\n<p>&nbsp;<\/p>\n<p style=\"text-align: justify\">Mas, faltavam os produtores e compradores, que, inicialmente, resistiram \u00e0 mudan\u00e7a do local. No in\u00edcio da d\u00e9cada de 70, os produtos hortigranjeiros eram comercializados nas imedia\u00e7\u00f5es do Centro de Fortaleza, em pequenos mercados na periferia. N\u00e3o havia nenhum controle de higiene e qualidade dos produtos ou transpar\u00eancia de pre\u00e7o. Os produtores e comerciantes traziam os produtos e os colocavam no ch\u00e3o para esperar o comprador.<\/p>\n<p>&nbsp;<\/p>\n<p style=\"text-align: justify\">O Decreto Federal n\u00ba 705002\/72 determinou que a Ceasa-CE iria centralizar o com\u00e9rcio de hortigranjeiros e caberia \u00e0 Companhia Brasileira de Alimentos (Cobal) gerir as centrais de cada Estado. A resist\u00eancia ao com\u00e9rcio no novo local s\u00f3 foi vencida depois de seis meses de pleno funcionamento do mercado, no munic\u00edpio de Maracana\u00fa-CE.Atualmente, a Ceasa-CE conta com tr\u00eas unidades de abastecimento distribu\u00eddas nos munic\u00edpios de Maracana\u00fa, Tiangu\u00e1 e Barbalha.<\/p>\n<p>&nbsp;<\/p>\n<p style=\"text-align: justify\">O primeiro presidente da Ceasa-CE foi Jo\u00e3o de Deus Cabral de Ara\u00fajo. Tamb\u00e9m comandaram a central de abastecimento: J\u00falio Rangel Pontes, Jo\u00e3o Pinheiro Freire, Raymundo Gomes Alves, Dalton Costa Lima Vieira, Paulo Afonso Cirino Nogueira, Jos\u00e9 Barbosa Mota, J\u00f3sio de Alencar Ara\u00fajo, Di\u00f3genes Cabral do Vale, Jos\u00e9 Moreira de Andrade, Nazareno Nunes Cordeiro, Marc\u00edlio Freitas Nunes, C\u00edcero Vasques Landim, Ant\u00f4nio Jeov\u00e1 Pereira Lima, Jos\u00e9 Fl\u00e1vio Barreto de Melo, Caetano Guedes de Ara\u00fajo, C\u00e2ndida Maria Saraiva de Paula Pessoa, Odilon Newt\u00e1cio Cruz, Ant\u00f4nio Reginaldo Costa Moreira, Cl\u00f3vis Lima Ferreira, Maximiliano C\u00e9sar Pedrosa Quintino de Medeiros,\u00a0 Jos\u00e9 Leite Gon\u00e7alves Cruz e Agostinho Frederico Tin Carmo Gomes.<\/p>\n<p>&nbsp;<\/p>\n<p>Atualmente, a Ceasa-CE \u00e9 presidida por\u00a0<strong>Hebert dos Santos Lima<\/strong> e tem como diretores: Rosanne Bezerra Silva(Diretora Administrativo \u2013 Financeira), Tarc\u00edsio N\u00e9lio Paiva de Lima (Diretor T\u00e9cnico \u2013 Operacional), Francisco Marcos Pereira Feitosa(Diretor Comercial) e Narciso Pessoa Mont\u00b4Alverne Frota(Diretor de Planejamento).<\/p>\n<p>&nbsp;<\/p>\n<p align=\"justify\"><span style=\"color: #000000\"><strong>COMPET\u00caNCIAS<\/strong><\/span><\/p>\n<p align=\"justify\">A Ceasa-CE tem por objeto as pol\u00edticas de abastecimento alimentar do Estado do Cear\u00e1, especialmente de hortigranjeiros, cumprindo-lhe:<\/p>\n<p align=\"justify\">I \u2013 criar, ampliar e modernizar a infra-estrutura das centrais de comercializa\u00e7\u00e3o e abastecimento;<\/p>\n<p align=\"justify\">II -coordenar, supervisionar e controlar as atividades desenvolvidas, assegurando efici\u00eancia aos procedimentos e efic\u00e1cia aos resultados;<\/p>\n<p align=\"justify\">III \u2013 promover e desenvolver o interc\u00e2mbio de informa\u00e7\u00f5es com as demais Ceasas do Pa\u00eds, visando oferecer aos produtores, atacadistas, varejistas e \u00f3rg\u00e3os p\u00fablicos, dados que lhes permitam atuar em suas \u00e1reas de compet\u00eancia com conhecimento amplo do mercado de hortigranjeiros;<\/p>\n<p align=\"justify\">IV \u2013 firmar conv\u00eanios, acordos e contratos com pessoas f\u00edsicas ou jur\u00eddicas, de direito p\u00fablico ou privado, nacionais ou estrangeiras, pertinentes \u00e0s suas atividades.<\/p>\n<p>&nbsp;<\/p>\n<p align=\"justify\"><span style=\"color: #000000\"><strong>MISS\u00c3O:<\/strong><\/span><span style=\"color: #000000\">\u00a0Assegurar condi\u00e7\u00f5es excelentes de abastecimento alimentar, buscando a plena satisfa\u00e7\u00e3o dos produtores, usu\u00e1rios e consumidores.<\/span><\/p>\n<p>&nbsp;<\/p>\n<p align=\"justify\"><span style=\"color: #000000\"><strong>VIS\u00c3O:<\/strong><\/span><span style=\"color: #000000\">\u00a0Ser reconhecida como Autoridade Estadual em Abastecimento Alimentar, exercendo o papel de lideran\u00e7a na proposi\u00e7\u00e3o, integra\u00e7\u00e3o e coordena\u00e7\u00e3o das pol\u00edticas p\u00fablicas voltadas para elevar a comercializa\u00e7\u00e3o e a competitividade dos produtos hortigranjeiros cearenses, contribuindo para o desenvolvimento s\u00f3cio-econ\u00f4mico do Estado e do Pa\u00eds.<\/span><\/p>\n<p>&nbsp;<\/p>\n<p align=\"justify\"><span style=\"color: #000000\"><strong>VALORES:<\/strong><\/span><span style=\"color: #000000\">\u00a0Inova\u00e7\u00e3o, Respeito \u00e0s Pessoas, \u00c9tica e Transpar\u00eancia, Valoriza\u00e7\u00e3o Profissional, Satisfa\u00e7\u00e3o do Cliente, Compromisso com a Sustentabilidade e Orgulho de ser CEASA\/CE.<\/span><\/p>\n","protected":false},"excerpt":{"rendered":"<p>&nbsp; UMA HIST\u00d3RIA DE SUCESSO! &nbsp; Inaugurada em 09 de novembro de 1972, no governo de C\u00e9sar Cals, com o objetivo de centralizar a distribui\u00e7\u00e3o de hortigranjeiros, a Centrais de Abastecimento do Cear\u00e1 S\/A (Ceasa-CE) fazia parte do Programa Nacional do Controle de Abastecimento de Produto Hortigranjeiros, implantado pelo Sistema Nacional de Centrais de Abastecimento [&hellip;]<\/p>\n","protected":false},"author":38,"featured_media":0,"parent":0,"menu_order":0,"comment_status":"closed","ping_status":"closed","template":"","meta":{"_acf_changed":false,"inline_featured_image":false,"footnotes":""},"class_list":["post-52","page","type-page","status-publish","hentry"],"acf":[],"yoast_head":"<!-- This site is optimized with the Yoast SEO plugin v26.9 - https:\/\/yoast.com\/product\/yoast-seo-wordpress\/ -->\n<title>Institucional - CEASA-CE<\/title>\n<meta name=\"robots\" content=\"index, follow, max-snippet:-1, max-image-preview:large, max-video-preview:-1\" \/>\n<link rel=\"canonical\" href=\"https:\/\/ww16.ce.gov.br\/ceasa-ce\/institucional\/\" \/>\n<meta property=\"og:locale\" content=\"pt_BR\" \/>\n<meta property=\"og:type\" content=\"article\" \/>\n<meta property=\"og:title\" content=\"Institucional - CEASA-CE\" \/>\n<meta property=\"og:description\" content=\"&nbsp; UMA HIST\u00d3RIA DE SUCESSO! &nbsp; Inaugurada em 09 de novembro de 1972, no governo de C\u00e9sar Cals, com o objetivo de centralizar a distribui\u00e7\u00e3o de hortigranjeiros, a Centrais de Abastecimento do Cear\u00e1 S\/A (Ceasa-CE) fazia parte do Programa Nacional do Controle de Abastecimento de Produto Hortigranjeiros, implantado pelo Sistema Nacional de Centrais de Abastecimento [&hellip;]\" \/>\n<meta property=\"og:url\" content=\"https:\/\/ww16.ce.gov.br\/ceasa-ce\/institucional\/\" \/>\n<meta property=\"og:site_name\" content=\"CEASA-CE\" \/>\n<meta property=\"article:modified_time\" content=\"2025-10-02T14:24:00+00:00\" \/>\n<meta name=\"twitter:card\" content=\"summary_large_image\" \/>\n<meta name=\"twitter:label1\" content=\"Est. reading time\" \/>\n\t<meta name=\"twitter:data1\" content=\"4 minutos\" \/>\n<script type=\"application\/ld+json\" class=\"yoast-schema-graph\">{\"@context\":\"https:\/\/schema.org\",\"@graph\":[{\"@type\":\"WebPage\",\"@id\":\"https:\/\/ww16.ce.gov.br\/ceasa-ce\/institucional\/\",\"url\":\"https:\/\/ww16.ce.gov.br\/ceasa-ce\/institucional\/\",\"name\":\"Institucional - CEASA-CE\",\"isPartOf\":{\"@id\":\"https:\/\/ww16.ce.gov.br\/ceasa-ce\/#website\"},\"datePublished\":\"2017-11-20T20:43:28+00:00\",\"dateModified\":\"2025-10-02T14:24:00+00:00\",\"breadcrumb\":{\"@id\":\"https:\/\/ww16.ce.gov.br\/ceasa-ce\/institucional\/#breadcrumb\"},\"inLanguage\":\"pt-BR\",\"potentialAction\":[{\"@type\":\"ReadAction\",\"target\":[\"https:\/\/ww16.ce.gov.br\/ceasa-ce\/institucional\/\"]}]},{\"@type\":\"BreadcrumbList\",\"@id\":\"https:\/\/ww16.ce.gov.br\/ceasa-ce\/institucional\/#breadcrumb\",\"itemListElement\":[{\"@type\":\"ListItem\",\"position\":1,\"name\":\"Home\",\"item\":\"https:\/\/ww16.ce.gov.br\/ceasa-ce\/\"},{\"@type\":\"ListItem\",\"position\":2,\"name\":\"Institucional\"}]},{\"@type\":\"WebSite\",\"@id\":\"https:\/\/ww16.ce.gov.br\/ceasa-ce\/#website\",\"url\":\"https:\/\/ww16.ce.gov.br\/ceasa-ce\/\",\"name\":\"CEASA-CE\",\"description\":\"Portal CEASA-CE\",\"potentialAction\":[{\"@type\":\"SearchAction\",\"target\":{\"@type\":\"EntryPoint\",\"urlTemplate\":\"https:\/\/ww16.ce.gov.br\/ceasa-ce\/?s={search_term_string}\"},\"query-input\":{\"@type\":\"PropertyValueSpecification\",\"valueRequired\":true,\"valueName\":\"search_term_string\"}}],\"inLanguage\":\"pt-BR\"}]}<\/script>\n<!-- \/ Yoast SEO plugin. -->","yoast_head_json":{"title":"Institucional - CEASA-CE","robots":{"index":"index","follow":"follow","max-snippet":"max-snippet:-1","max-image-preview":"max-image-preview:large","max-video-preview":"max-video-preview:-1"},"canonical":"https:\/\/ww16.ce.gov.br\/ceasa-ce\/institucional\/","og_locale":"pt_BR","og_type":"article","og_title":"Institucional - CEASA-CE","og_description":"&nbsp; UMA HIST\u00d3RIA DE SUCESSO! &nbsp; Inaugurada em 09 de novembro de 1972, no governo de C\u00e9sar Cals, com o objetivo de centralizar a distribui\u00e7\u00e3o de hortigranjeiros, a Centrais de Abastecimento do Cear\u00e1 S\/A (Ceasa-CE) fazia parte do Programa Nacional do Controle de Abastecimento de Produto Hortigranjeiros, implantado pelo Sistema Nacional de Centrais de Abastecimento [&hellip;]","og_url":"https:\/\/ww16.ce.gov.br\/ceasa-ce\/institucional\/","og_site_name":"CEASA-CE","article_modified_time":"2025-10-02T14:24:00+00:00","twitter_card":"summary_large_image","twitter_misc":{"Est. reading time":"4 minutos"},"schema":{"@context":"https:\/\/schema.org","@graph":[{"@type":"WebPage","@id":"https:\/\/ww16.ce.gov.br\/ceasa-ce\/institucional\/","url":"https:\/\/ww16.ce.gov.br\/ceasa-ce\/institucional\/","name":"Institucional - CEASA-CE","isPartOf":{"@id":"https:\/\/ww16.ce.gov.br\/ceasa-ce\/#website"},"datePublished":"2017-11-20T20:43:28+00:00","dateModified":"2025-10-02T14:24:00+00:00","breadcrumb":{"@id":"https:\/\/ww16.ce.gov.br\/ceasa-ce\/institucional\/#breadcrumb"},"inLanguage":"pt-BR","potentialAction":[{"@type":"ReadAction","target":["https:\/\/ww16.ce.gov.br\/ceasa-ce\/institucional\/"]}]},{"@type":"BreadcrumbList","@id":"https:\/\/ww16.ce.gov.br\/ceasa-ce\/institucional\/#breadcrumb","itemListElement":[{"@type":"ListItem","position":1,"name":"Home","item":"https:\/\/ww16.ce.gov.br\/ceasa-ce\/"},{"@type":"ListItem","position":2,"name":"Institucional"}]},{"@type":"WebSite","@id":"https:\/\/ww16.ce.gov.br\/ceasa-ce\/#website","url":"https:\/\/ww16.ce.gov.br\/ceasa-ce\/","name":"CEASA-CE","description":"Portal CEASA-CE","potentialAction":[{"@type":"SearchAction","target":{"@type":"EntryPoint","urlTemplate":"https:\/\/ww16.ce.gov.br\/ceasa-ce\/?s={search_term_string}"},"query-input":{"@type":"PropertyValueSpecification","valueRequired":true,"valueName":"search_term_string"}}],"inLanguage":"pt-BR"}]}},"_links":{"self":[{"href":"https:\/\/ww16.ce.gov.br\/ceasa-ce\/wp-json\/wp\/v2\/pages\/52","targetHints":{"allow":["GET"]}}],"collection":[{"href":"https:\/\/ww16.ce.gov.br\/ceasa-ce\/wp-json\/wp\/v2\/pages"}],"about":[{"href":"https:\/\/ww16.ce.gov.br\/ceasa-ce\/wp-json\/wp\/v2\/types\/page"}],"author":[{"embeddable":true,"href":"https:\/\/ww16.ce.gov.br\/ceasa-ce\/wp-json\/wp\/v2\/users\/38"}],"replies":[{"embeddable":true,"href":"https:\/\/ww16.ce.gov.br\/ceasa-ce\/wp-json\/wp\/v2\/comments?post=52"}],"version-history":[{"count":96,"href":"https:\/\/ww16.ce.gov.br\/ceasa-ce\/wp-json\/wp\/v2\/pages\/52\/revisions"}],"predecessor-version":[{"id":9821,"href":"https:\/\/ww16.ce.gov.br\/ceasa-ce\/wp-json\/wp\/v2\/pages\/52\/revisions\/9821"}],"wp:attachment":[{"href":"https:\/\/ww16.ce.gov.br\/ceasa-ce\/wp-json\/wp\/v2\/media?parent=52"}],"curies":[{"name":"wp","href":"https:\/\/api.w.org\/{rel}","templated":true}]}}