{"id":5060,"date":"2021-11-03T10:03:04","date_gmt":"2021-11-03T13:03:04","guid":{"rendered":"http:\/\/ww16.ce.gov.br\/ceasa-ce\/?page_id=5060"},"modified":"2026-05-14T11:40:53","modified_gmt":"2026-05-14T14:40:53","slug":"governanca","status":"publish","type":"page","link":"https:\/\/ww16.ce.gov.br\/ceasa-ce\/governanca\/","title":{"rendered":"Governan\u00e7a"},"content":{"rendered":"\n<h2><strong><br>Documentos Governan\u00e7a<br><\/strong><\/h2>\n<br>\n<ul style=\"padding: 0;margin: 0\">\n    <li style=\"list-style-type: none;margin: 0;padding: 0\">\n        <a href=\"https:\/\/ww16.ce.gov.br\/ceasa-ce\/download\/politicas-ceasa\/\" target=\"_blank\" rel=\"noopener noreferrer\" style=\"padding: 12px 16px;margin-bottom: 8px;color: #3b4e5c;border-left: 5px solid #008542;text-decoration: none;font-family: Arial, sans-serif;font-weight: bold;background-color: transparent\"> Pol\u00edticas de Governan\u00e7a<\/a>\n    <\/li>\n<\/ul>\n<br>\n<ul style=\"padding: 0;margin: 0\">\n    <li style=\"list-style-type: none;margin: 0;padding: 0\">\n        <a href=\"https:\/\/ww16.ce.gov.br\/ceasa-ce\/download\/portarias\/\" target=\"_blank\" rel=\"noopener noreferrer\" style=\"padding: 12px 16px;margin-bottom: 8px;color: #3b4e5c;border-left: 5px solid #008542;text-decoration: none;font-family: Arial, sans-serif;font-weight: bold;background-color: transparent\"> Portarias<\/a>\n    <\/li>\n<\/ul>\n<br>\n<ul style=\"padding: 0;margin: 0\">\n    <li style=\"list-style-type: none;margin: 0;padding: 0\">\n        <a href=\"https:\/\/ww16.ce.gov.br\/ceasa-ce\/resolucoes-e-pareceres\/\" target=\"_blank\" rel=\"noopener noreferrer\" style=\"padding: 12px 16px;margin-bottom: 8px;color: #3b4e5c;border-left: 5px solid #008542;text-decoration: none;font-family: Arial, sans-serif;font-weight: bold;background-color: transparent\"> Resolu\u00e7\u00f5es e Pareceres<\/a>\n    <\/li>\n<\/ul>\n<br>\n<ul style=\"padding: 0;margin: 0\">\n    <li style=\"list-style-type: none;margin: 0;padding: 0\">\n        <a href=\"https:\/\/ww16.ce.gov.br\/ceasa-ce\/download\/fluxos-de-processos\/\" target=\"_blank\" rel=\"noopener noreferrer\" style=\"padding: 12px 16px;margin-bottom: 8px;color: #3b4e5c;border-left: 5px solid #008542;text-decoration: none;font-family: Arial, sans-serif;font-weight: bold;background-color: transparent\"> Fluxos de Processos<\/a>\n    <\/li>\n<\/ul>\n<br>\n<ul style=\"padding: 0;margin: 0\">\n    <li style=\"list-style-type: none;margin: 0;padding: 0\">\n        <a href=\"https:\/\/ww16.ce.gov.br\/ceasa-ce\/wp-content\/uploads\/sites\/34\/2026\/03\/CODIGO-DE-ETICA-PUBLICA-DO-ESTADO-CEARA-2.pdf\" target=\"_blank\" rel=\"noopener noreferrer\" style=\"padding: 12px 16px;margin-bottom: 8px;color: #3b4e5c;border-left: 5px solid #008542;text-decoration: none;font-family: Arial, sans-serif;font-weight: bold;background-color: transparent\"> Divulga\u00e7\u00e3o do C\u00f3digo de \u00c9tica e Conduta\n<\/a>\n    <\/li>\n<\/ul>\n<br>\n<ul style=\"padding: 0;margin: 0\">\n    <li style=\"list-style-type: none;margin: 0;padding: 0\">\n        <a href=\"https:\/\/ww16.ce.gov.br\/ceasa-ce\/download\/remuneracao-dos-diretores-e-conselheiros\/\" target=\"_blank\" rel=\"noopener noreferrer\" style=\"padding: 12px 16px;margin-bottom: 8px;color: #3b4e5c;border-left: 5px solid #008542;text-decoration: none;font-family: Arial, sans-serif;font-weight: bold;background-color: transparent\"> Remunera\u00e7\u00e3o dos Diretores e Conselheiros<\/a>\n    <\/li>\n<\/ul>\n<br>\n<ul style=\"padding: 0;margin: 0\">\n    <li style=\"list-style-type: none;margin: 0;padding: 0\">\n        <a href=\"https:\/\/ww16.ce.gov.br\/ceasa-ce\/relacao-de-aquisicoes-de-bens\/\" target=\"_blank\" rel=\"noopener noreferrer\" style=\"padding: 12px 16px;margin-bottom: 8px;color: #3b4e5c;border-left: 5px solid #008542;text-decoration: none;font-family: Arial, sans-serif;font-weight: bold;background-color: transparent\"> Rela\u00e7\u00e3o das Aquisi\u00e7\u00f5es de Bens<\/a>\n    <\/li>\n<\/ul>\n<br>\n<ul style=\"padding: 0;margin: 0\">\n    <li style=\"list-style-type: none;margin: 0;padding: 0\">\n        <a href=\"https:\/\/ww16.ce.gov.br\/ceasa-ce\/download\/contratos\/\" target=\"_blank\" rel=\"noopener noreferrer\" style=\"padding: 12px 16px;margin-bottom: 8px;color: #3b4e5c;border-left: 5px solid #008542;text-decoration: none;font-family: Arial, sans-serif;font-weight: bold;background-color: transparent\"> Contratos e Conv\u00eanios<\/a>\n    <\/li>\n<\/ul>\n<br>\n<ul style=\"padding: 0;margin: 0\">\n    <li style=\"list-style-type: none;margin: 0;padding: 0\">\n        <a href=\"https:\/\/scc.tce.ce.gov.br\/scc\/ModuloConsultaAct.tce\" target=\"_blank\" rel=\"noopener noreferrer\" style=\"padding: 12px 16px;margin-bottom: 8px;color: #3b4e5c;border-left: 5px solid #008542;text-decoration: none;font-family: Arial, sans-serif;font-weight: bold;background-color: transparent\"> Sistemas de Contratos e Conv\u00eanios &#8211; TCE<\/a>\n    <\/li>\n<\/ul>\n<br>\n<ul style=\"padding: 0;margin: 0\">\n    <li style=\"list-style-type: none;margin: 0;padding: 0\">\n        <a href=\"https:\/\/ww16.ce.gov.br\/ceasa-ce\/download\/institucional\/\" target=\"_blank\" rel=\"noopener noreferrer\" style=\"padding: 12px 16px;margin-bottom: 8px;color: #3b4e5c;border-left: 5px solid #008542;text-decoration: none;font-family: Arial, sans-serif;font-weight: bold;background-color: transparent\"> Regulamenta\u00e7\u00f5es<\/a>\n    <\/li>\n<\/ul>\n<br>\n<ul style=\"padding: 0;margin: 0\">\n    <li style=\"list-style-type: none;margin: 0;padding: 0\">\n        <a href=\"https:\/\/ww16.ce.gov.br\/ceasa-ce\/informacoes-financeiras\/\" target=\"_blank\" rel=\"noopener noreferrer\" style=\"padding: 12px 16px;margin-bottom: 8px;color: #3b4e5c;border-left: 5px solid #008542;text-decoration: none;font-family: Arial, sans-serif;font-weight: bold;background-color: transparent\"> Informa\u00e7\u00f5es Financeiras<\/a>\n    <\/li>\n<\/ul>\n<br>\n<ul style=\"padding: 0;margin: 0\">\n    <li style=\"list-style-type: none;margin: 0;padding: 0\">\n        <a href=\"https:\/\/ww16.ce.gov.br\/ceasa-ce\/download\/ouvidoria\/\" target=\"_blank\" rel=\"noopener noreferrer\" style=\"padding: 12px 16px;margin-bottom: 8px;color: #3b4e5c;border-left: 5px solid #008542;text-decoration: none;font-family: Arial, sans-serif;font-weight: bold;background-color: transparent\"> Relat\u00f3rios de Gest\u00e3o da Ouvidoria<\/a>\n    <\/li>\n<\/ul>\n<br>\n<ul style=\"padding: 0;margin: 0\">\n    <li style=\"list-style-type: none;margin: 0;padding: 0\">\n        <a href=\"https:\/\/ww16.ce.gov.br\/ceasa-ce\/download\/gestao-da-transparencia\/\" target=\"_blank\" rel=\"noopener noreferrer\" style=\"padding: 12px 16px;margin-bottom: 8px;color: #3b4e5c;border-left: 5px solid #008542;text-decoration: none;font-family: Arial, sans-serif;font-weight: bold;background-color: transparent\"> Relat\u00f3rio de Gest\u00e3o da Transpar\u00eancia<\/a>\n    <\/li>\n<\/ul>\n<br>\n<ul style=\"padding: 0;margin: 0\">\n    <li style=\"list-style-type: none;margin: 0;padding: 0\">\n        <a href=\"https:\/\/ww16.ce.gov.br\/ceasa-ce\/download\/relatorios-anuais-de-atividades-de-auditoria-interna\/\" target=\"_blank\" rel=\"noopener noreferrer\" style=\"padding: 12px 16px;margin-bottom: 8px;color: #3b4e5c;border-left: 5px solid #008542;text-decoration: none;font-family: Arial, sans-serif;font-weight: bold;background-color: transparent\"> Relat\u00f3rios Anuais de Atividades de Auditoria Interna\n<\/a>\n    <\/li>\n<\/ul>\n<br>\n","protected":false},"excerpt":{"rendered":"<p>Documentos Governan\u00e7a Pol\u00edticas de Governan\u00e7a Portarias Resolu\u00e7\u00f5es e Pareceres Fluxos de Processos Divulga\u00e7\u00e3o do C\u00f3digo de \u00c9tica e Conduta Remunera\u00e7\u00e3o dos Diretores e Conselheiros Rela\u00e7\u00e3o das Aquisi\u00e7\u00f5es de Bens Contratos e Conv\u00eanios Sistemas de Contratos e Conv\u00eanios &#8211; TCE Regulamenta\u00e7\u00f5es Informa\u00e7\u00f5es Financeiras Relat\u00f3rios de Gest\u00e3o da Ouvidoria Relat\u00f3rio de Gest\u00e3o da Transpar\u00eancia Relat\u00f3rios Anuais de [&hellip;]<\/p>\n","protected":false},"author":274,"featured_media":0,"parent":0,"menu_order":0,"comment_status":"closed","ping_status":"closed","template":"","meta":{"_acf_changed":false,"inline_featured_image":false,"footnotes":""},"class_list":["post-5060","page","type-page","status-publish","hentry"],"acf":[],"yoast_head":"<!-- This site is optimized with the Yoast SEO plugin v26.9 - https:\/\/yoast.com\/product\/yoast-seo-wordpress\/ -->\n<title>Governan\u00e7a - CEASA-CE<\/title>\n<meta name=\"robots\" content=\"index, follow, max-snippet:-1, max-image-preview:large, max-video-preview:-1\" \/>\n<link rel=\"canonical\" href=\"https:\/\/ww16.ce.gov.br\/ceasa-ce\/governanca\/\" \/>\n<meta property=\"og:locale\" content=\"pt_BR\" \/>\n<meta property=\"og:type\" content=\"article\" \/>\n<meta property=\"og:title\" content=\"Governan\u00e7a - CEASA-CE\" \/>\n<meta property=\"og:description\" content=\"Documentos Governan\u00e7a Pol\u00edticas de Governan\u00e7a Portarias Resolu\u00e7\u00f5es e Pareceres Fluxos de Processos Divulga\u00e7\u00e3o do C\u00f3digo de \u00c9tica e Conduta Remunera\u00e7\u00e3o dos Diretores e Conselheiros Rela\u00e7\u00e3o das Aquisi\u00e7\u00f5es de Bens Contratos e Conv\u00eanios Sistemas de Contratos e Conv\u00eanios &#8211; TCE Regulamenta\u00e7\u00f5es Informa\u00e7\u00f5es Financeiras Relat\u00f3rios de Gest\u00e3o da Ouvidoria Relat\u00f3rio de Gest\u00e3o da Transpar\u00eancia Relat\u00f3rios Anuais de [&hellip;]\" \/>\n<meta property=\"og:url\" content=\"https:\/\/ww16.ce.gov.br\/ceasa-ce\/governanca\/\" \/>\n<meta property=\"og:site_name\" content=\"CEASA-CE\" \/>\n<meta property=\"article:modified_time\" content=\"2026-05-14T14:40:53+00:00\" \/>\n<meta name=\"twitter:card\" content=\"summary_large_image\" \/>\n<meta name=\"twitter:label1\" content=\"Est. reading time\" \/>\n\t<meta name=\"twitter:data1\" content=\"1 minuto\" \/>\n<script type=\"application\/ld+json\" class=\"yoast-schema-graph\">{\"@context\":\"https:\/\/schema.org\",\"@graph\":[{\"@type\":\"WebPage\",\"@id\":\"https:\/\/ww16.ce.gov.br\/ceasa-ce\/governanca\/\",\"url\":\"https:\/\/ww16.ce.gov.br\/ceasa-ce\/governanca\/\",\"name\":\"Governan\u00e7a - CEASA-CE\",\"isPartOf\":{\"@id\":\"https:\/\/ww16.ce.gov.br\/ceasa-ce\/#website\"},\"datePublished\":\"2021-11-03T13:03:04+00:00\",\"dateModified\":\"2026-05-14T14:40:53+00:00\",\"breadcrumb\":{\"@id\":\"https:\/\/ww16.ce.gov.br\/ceasa-ce\/governanca\/#breadcrumb\"},\"inLanguage\":\"pt-BR\",\"potentialAction\":[{\"@type\":\"ReadAction\",\"target\":[\"https:\/\/ww16.ce.gov.br\/ceasa-ce\/governanca\/\"]}]},{\"@type\":\"BreadcrumbList\",\"@id\":\"https:\/\/ww16.ce.gov.br\/ceasa-ce\/governanca\/#breadcrumb\",\"itemListElement\":[{\"@type\":\"ListItem\",\"position\":1,\"name\":\"Home\",\"item\":\"https:\/\/ww16.ce.gov.br\/ceasa-ce\/\"},{\"@type\":\"ListItem\",\"position\":2,\"name\":\"Governan\u00e7a\"}]},{\"@type\":\"WebSite\",\"@id\":\"https:\/\/ww16.ce.gov.br\/ceasa-ce\/#website\",\"url\":\"https:\/\/ww16.ce.gov.br\/ceasa-ce\/\",\"name\":\"CEASA-CE\",\"description\":\"Portal CEASA-CE\",\"potentialAction\":[{\"@type\":\"SearchAction\",\"target\":{\"@type\":\"EntryPoint\",\"urlTemplate\":\"https:\/\/ww16.ce.gov.br\/ceasa-ce\/?s={search_term_string}\"},\"query-input\":{\"@type\":\"PropertyValueSpecification\",\"valueRequired\":true,\"valueName\":\"search_term_string\"}}],\"inLanguage\":\"pt-BR\"}]}<\/script>\n<!-- \/ Yoast SEO plugin. -->","yoast_head_json":{"title":"Governan\u00e7a - CEASA-CE","robots":{"index":"index","follow":"follow","max-snippet":"max-snippet:-1","max-image-preview":"max-image-preview:large","max-video-preview":"max-video-preview:-1"},"canonical":"https:\/\/ww16.ce.gov.br\/ceasa-ce\/governanca\/","og_locale":"pt_BR","og_type":"article","og_title":"Governan\u00e7a - CEASA-CE","og_description":"Documentos Governan\u00e7a Pol\u00edticas de Governan\u00e7a Portarias Resolu\u00e7\u00f5es e Pareceres Fluxos de Processos Divulga\u00e7\u00e3o do C\u00f3digo de \u00c9tica e Conduta Remunera\u00e7\u00e3o dos Diretores e Conselheiros Rela\u00e7\u00e3o das Aquisi\u00e7\u00f5es de Bens Contratos e Conv\u00eanios Sistemas de Contratos e Conv\u00eanios &#8211; TCE Regulamenta\u00e7\u00f5es Informa\u00e7\u00f5es Financeiras Relat\u00f3rios de Gest\u00e3o da Ouvidoria Relat\u00f3rio de Gest\u00e3o da Transpar\u00eancia Relat\u00f3rios Anuais de [&hellip;]","og_url":"https:\/\/ww16.ce.gov.br\/ceasa-ce\/governanca\/","og_site_name":"CEASA-CE","article_modified_time":"2026-05-14T14:40:53+00:00","twitter_card":"summary_large_image","twitter_misc":{"Est. reading time":"1 minuto"},"schema":{"@context":"https:\/\/schema.org","@graph":[{"@type":"WebPage","@id":"https:\/\/ww16.ce.gov.br\/ceasa-ce\/governanca\/","url":"https:\/\/ww16.ce.gov.br\/ceasa-ce\/governanca\/","name":"Governan\u00e7a - CEASA-CE","isPartOf":{"@id":"https:\/\/ww16.ce.gov.br\/ceasa-ce\/#website"},"datePublished":"2021-11-03T13:03:04+00:00","dateModified":"2026-05-14T14:40:53+00:00","breadcrumb":{"@id":"https:\/\/ww16.ce.gov.br\/ceasa-ce\/governanca\/#breadcrumb"},"inLanguage":"pt-BR","potentialAction":[{"@type":"ReadAction","target":["https:\/\/ww16.ce.gov.br\/ceasa-ce\/governanca\/"]}]},{"@type":"BreadcrumbList","@id":"https:\/\/ww16.ce.gov.br\/ceasa-ce\/governanca\/#breadcrumb","itemListElement":[{"@type":"ListItem","position":1,"name":"Home","item":"https:\/\/ww16.ce.gov.br\/ceasa-ce\/"},{"@type":"ListItem","position":2,"name":"Governan\u00e7a"}]},{"@type":"WebSite","@id":"https:\/\/ww16.ce.gov.br\/ceasa-ce\/#website","url":"https:\/\/ww16.ce.gov.br\/ceasa-ce\/","name":"CEASA-CE","description":"Portal CEASA-CE","potentialAction":[{"@type":"SearchAction","target":{"@type":"EntryPoint","urlTemplate":"https:\/\/ww16.ce.gov.br\/ceasa-ce\/?s={search_term_string}"},"query-input":{"@type":"PropertyValueSpecification","valueRequired":true,"valueName":"search_term_string"}}],"inLanguage":"pt-BR"}]}},"_links":{"self":[{"href":"https:\/\/ww16.ce.gov.br\/ceasa-ce\/wp-json\/wp\/v2\/pages\/5060","targetHints":{"allow":["GET"]}}],"collection":[{"href":"https:\/\/ww16.ce.gov.br\/ceasa-ce\/wp-json\/wp\/v2\/pages"}],"about":[{"href":"https:\/\/ww16.ce.gov.br\/ceasa-ce\/wp-json\/wp\/v2\/types\/page"}],"author":[{"embeddable":true,"href":"https:\/\/ww16.ce.gov.br\/ceasa-ce\/wp-json\/wp\/v2\/users\/274"}],"replies":[{"embeddable":true,"href":"https:\/\/ww16.ce.gov.br\/ceasa-ce\/wp-json\/wp\/v2\/comments?post=5060"}],"version-history":[{"count":12,"href":"https:\/\/ww16.ce.gov.br\/ceasa-ce\/wp-json\/wp\/v2\/pages\/5060\/revisions"}],"predecessor-version":[{"id":11295,"href":"https:\/\/ww16.ce.gov.br\/ceasa-ce\/wp-json\/wp\/v2\/pages\/5060\/revisions\/11295"}],"wp:attachment":[{"href":"https:\/\/ww16.ce.gov.br\/ceasa-ce\/wp-json\/wp\/v2\/media?parent=5060"}],"curies":[{"name":"wp","href":"https:\/\/api.w.org\/{rel}","templated":true}]}}