{"id":3320,"date":"2020-05-13T08:51:26","date_gmt":"2020-05-13T11:51:26","guid":{"rendered":"http:\/\/ww16.ce.gov.br\/ceasa-ce\/?page_id=3320"},"modified":"2020-05-13T09:11:01","modified_gmt":"2020-05-13T12:11:01","slug":"emissao-de-declaracao-para-deslocamento","status":"publish","type":"page","link":"https:\/\/ww16.ce.gov.br\/ceasa-ce\/emissao-de-declaracao-para-deslocamento\/","title":{"rendered":"Emiss\u00e3o de Declara\u00e7\u00e3o para Deslocamento"},"content":{"rendered":"\n<!-- iframe plugin v.6.0 wordpress.org\/plugins\/iframe\/ -->\n<iframe loading=\"lazy\" src=\"https:\/\/dashboard.ceasa-ce.com.br\/declaracoes\/33574\" width=\"100%\" height=\"750\" scrolling=\"Auto\" class=\"iframe-class\" frameborder=\"0\"><\/iframe>\n\n","protected":false},"excerpt":{"rendered":"","protected":false},"author":274,"featured_media":0,"parent":0,"menu_order":0,"comment_status":"closed","ping_status":"closed","template":"","meta":{"_acf_changed":false,"inline_featured_image":false,"footnotes":""},"class_list":["post-3320","page","type-page","status-publish","hentry"],"acf":[],"yoast_head":"<!-- This site is optimized with the Yoast SEO plugin v26.9 - https:\/\/yoast.com\/product\/yoast-seo-wordpress\/ -->\n<title>Emiss\u00e3o de Declara\u00e7\u00e3o para Deslocamento - CEASA-CE<\/title>\n<meta name=\"robots\" content=\"index, follow, max-snippet:-1, max-image-preview:large, max-video-preview:-1\" \/>\n<link rel=\"canonical\" href=\"https:\/\/ww16.ce.gov.br\/ceasa-ce\/emissao-de-declaracao-para-deslocamento\/\" \/>\n<meta property=\"og:locale\" content=\"pt_BR\" \/>\n<meta property=\"og:type\" content=\"article\" \/>\n<meta property=\"og:title\" content=\"Emiss\u00e3o de Declara\u00e7\u00e3o para Deslocamento - CEASA-CE\" \/>\n<meta property=\"og:url\" content=\"https:\/\/ww16.ce.gov.br\/ceasa-ce\/emissao-de-declaracao-para-deslocamento\/\" \/>\n<meta property=\"og:site_name\" content=\"CEASA-CE\" \/>\n<meta property=\"article:modified_time\" content=\"2020-05-13T12:11:01+00:00\" \/>\n<meta name=\"twitter:card\" content=\"summary_large_image\" \/>\n<script type=\"application\/ld+json\" class=\"yoast-schema-graph\">{\"@context\":\"https:\/\/schema.org\",\"@graph\":[{\"@type\":\"WebPage\",\"@id\":\"https:\/\/ww16.ce.gov.br\/ceasa-ce\/emissao-de-declaracao-para-deslocamento\/\",\"url\":\"https:\/\/ww16.ce.gov.br\/ceasa-ce\/emissao-de-declaracao-para-deslocamento\/\",\"name\":\"Emiss\u00e3o de Declara\u00e7\u00e3o para Deslocamento - CEASA-CE\",\"isPartOf\":{\"@id\":\"https:\/\/ww16.ce.gov.br\/ceasa-ce\/#website\"},\"datePublished\":\"2020-05-13T11:51:26+00:00\",\"dateModified\":\"2020-05-13T12:11:01+00:00\",\"breadcrumb\":{\"@id\":\"https:\/\/ww16.ce.gov.br\/ceasa-ce\/emissao-de-declaracao-para-deslocamento\/#breadcrumb\"},\"inLanguage\":\"pt-BR\",\"potentialAction\":[{\"@type\":\"ReadAction\",\"target\":[\"https:\/\/ww16.ce.gov.br\/ceasa-ce\/emissao-de-declaracao-para-deslocamento\/\"]}]},{\"@type\":\"BreadcrumbList\",\"@id\":\"https:\/\/ww16.ce.gov.br\/ceasa-ce\/emissao-de-declaracao-para-deslocamento\/#breadcrumb\",\"itemListElement\":[{\"@type\":\"ListItem\",\"position\":1,\"name\":\"Home\",\"item\":\"https:\/\/ww16.ce.gov.br\/ceasa-ce\/\"},{\"@type\":\"ListItem\",\"position\":2,\"name\":\"Emiss\u00e3o de Declara\u00e7\u00e3o para Deslocamento\"}]},{\"@type\":\"WebSite\",\"@id\":\"https:\/\/ww16.ce.gov.br\/ceasa-ce\/#website\",\"url\":\"https:\/\/ww16.ce.gov.br\/ceasa-ce\/\",\"name\":\"CEASA-CE\",\"description\":\"Portal CEASA-CE\",\"potentialAction\":[{\"@type\":\"SearchAction\",\"target\":{\"@type\":\"EntryPoint\",\"urlTemplate\":\"https:\/\/ww16.ce.gov.br\/ceasa-ce\/?s={search_term_string}\"},\"query-input\":{\"@type\":\"PropertyValueSpecification\",\"valueRequired\":true,\"valueName\":\"search_term_string\"}}],\"inLanguage\":\"pt-BR\"}]}<\/script>\n<!-- \/ Yoast SEO plugin. -->","yoast_head_json":{"title":"Emiss\u00e3o de Declara\u00e7\u00e3o para Deslocamento - CEASA-CE","robots":{"index":"index","follow":"follow","max-snippet":"max-snippet:-1","max-image-preview":"max-image-preview:large","max-video-preview":"max-video-preview:-1"},"canonical":"https:\/\/ww16.ce.gov.br\/ceasa-ce\/emissao-de-declaracao-para-deslocamento\/","og_locale":"pt_BR","og_type":"article","og_title":"Emiss\u00e3o de Declara\u00e7\u00e3o para Deslocamento - CEASA-CE","og_url":"https:\/\/ww16.ce.gov.br\/ceasa-ce\/emissao-de-declaracao-para-deslocamento\/","og_site_name":"CEASA-CE","article_modified_time":"2020-05-13T12:11:01+00:00","twitter_card":"summary_large_image","schema":{"@context":"https:\/\/schema.org","@graph":[{"@type":"WebPage","@id":"https:\/\/ww16.ce.gov.br\/ceasa-ce\/emissao-de-declaracao-para-deslocamento\/","url":"https:\/\/ww16.ce.gov.br\/ceasa-ce\/emissao-de-declaracao-para-deslocamento\/","name":"Emiss\u00e3o de Declara\u00e7\u00e3o para Deslocamento - CEASA-CE","isPartOf":{"@id":"https:\/\/ww16.ce.gov.br\/ceasa-ce\/#website"},"datePublished":"2020-05-13T11:51:26+00:00","dateModified":"2020-05-13T12:11:01+00:00","breadcrumb":{"@id":"https:\/\/ww16.ce.gov.br\/ceasa-ce\/emissao-de-declaracao-para-deslocamento\/#breadcrumb"},"inLanguage":"pt-BR","potentialAction":[{"@type":"ReadAction","target":["https:\/\/ww16.ce.gov.br\/ceasa-ce\/emissao-de-declaracao-para-deslocamento\/"]}]},{"@type":"BreadcrumbList","@id":"https:\/\/ww16.ce.gov.br\/ceasa-ce\/emissao-de-declaracao-para-deslocamento\/#breadcrumb","itemListElement":[{"@type":"ListItem","position":1,"name":"Home","item":"https:\/\/ww16.ce.gov.br\/ceasa-ce\/"},{"@type":"ListItem","position":2,"name":"Emiss\u00e3o de Declara\u00e7\u00e3o para Deslocamento"}]},{"@type":"WebSite","@id":"https:\/\/ww16.ce.gov.br\/ceasa-ce\/#website","url":"https:\/\/ww16.ce.gov.br\/ceasa-ce\/","name":"CEASA-CE","description":"Portal CEASA-CE","potentialAction":[{"@type":"SearchAction","target":{"@type":"EntryPoint","urlTemplate":"https:\/\/ww16.ce.gov.br\/ceasa-ce\/?s={search_term_string}"},"query-input":{"@type":"PropertyValueSpecification","valueRequired":true,"valueName":"search_term_string"}}],"inLanguage":"pt-BR"}]}},"_links":{"self":[{"href":"https:\/\/ww16.ce.gov.br\/ceasa-ce\/wp-json\/wp\/v2\/pages\/3320","targetHints":{"allow":["GET"]}}],"collection":[{"href":"https:\/\/ww16.ce.gov.br\/ceasa-ce\/wp-json\/wp\/v2\/pages"}],"about":[{"href":"https:\/\/ww16.ce.gov.br\/ceasa-ce\/wp-json\/wp\/v2\/types\/page"}],"author":[{"embeddable":true,"href":"https:\/\/ww16.ce.gov.br\/ceasa-ce\/wp-json\/wp\/v2\/users\/274"}],"replies":[{"embeddable":true,"href":"https:\/\/ww16.ce.gov.br\/ceasa-ce\/wp-json\/wp\/v2\/comments?post=3320"}],"version-history":[{"count":9,"href":"https:\/\/ww16.ce.gov.br\/ceasa-ce\/wp-json\/wp\/v2\/pages\/3320\/revisions"}],"predecessor-version":[{"id":3329,"href":"https:\/\/ww16.ce.gov.br\/ceasa-ce\/wp-json\/wp\/v2\/pages\/3320\/revisions\/3329"}],"wp:attachment":[{"href":"https:\/\/ww16.ce.gov.br\/ceasa-ce\/wp-json\/wp\/v2\/media?parent=3320"}],"curies":[{"name":"wp","href":"https:\/\/api.w.org\/{rel}","templated":true}]}}