{"id":2033,"date":"2019-04-22T12:00:59","date_gmt":"2019-04-22T15:00:59","guid":{"rendered":"http:\/\/ww16.ce.gov.br\/ceasa-ce\/?page_id=2033"},"modified":"2026-05-14T10:08:34","modified_gmt":"2026-05-14T13:08:34","slug":"tabela-de-valores-de-espacos-e-servicos","status":"publish","type":"page","link":"https:\/\/ww16.ce.gov.br\/ceasa-ce\/informacoes-de-mercado\/tabela-de-valores-de-espacos-e-servicos\/","title":{"rendered":"Tabela de Valores de Espa\u00e7os e Servi\u00e7os"},"content":{"rendered":"\n<h2><strong><br>Tabela de Valores de Espa\u00e7os e Servi\u00e7os<br><\/strong><\/h2>\n<br>\n<ul style=\"padding: 0;margin: 0\">\n    <li style=\"list-style-type: none;margin: 0;padding: 0\">\n        <a href=\"https:\/\/ww16.ce.gov.br\/ceasa-ce\/wp-content\/uploads\/sites\/34\/2021\/03\/Tabela-Ceasa-Maracanau-vigencia-julho.2025-a-junho.2026.pdf\" target=\"_blank\" rel=\"noopener noreferrer\" style=\"padding: 12px 16px;margin-bottom: 8px;color: #3b4e5c;border-left: 5px solid #008542;text-decoration: none;font-family: Arial, sans-serif;font-weight: bold;background-color: transparent\">Tabela Valores Maracana\u00fa\n<\/a>\n    <\/li>\n<\/ul>\n<br>\n<ul style=\"padding: 0;margin: 0\">\n    <li style=\"list-style-type: none;margin: 0;padding: 0\">\n        <a href=\"https:\/\/ww16.ce.gov.br\/ceasa-ce\/wp-content\/uploads\/sites\/34\/2021\/03\/Tabela-Ceasa-Tiangua-vigencia-julho.2025-a-junho.2026.pdf\" target=\"_blank\" rel=\"noopener noreferrer\" style=\"padding: 12px 16px;margin-bottom: 8px;color: #3b4e5c;border-left: 5px solid #008542;text-decoration: none;font-family: Arial, sans-serif;font-weight: bold;background-color: transparent\">Tabela Valores Tiangu\u00e1<\/a>\n    <\/li>\n<\/ul>\n<br>\n<ul style=\"padding: 0;margin: 0\">\n    <li style=\"list-style-type: none;margin: 0;padding: 0\">\n        <a href=\"https:\/\/ww16.ce.gov.br\/ceasa-ce\/wp-content\/uploads\/sites\/34\/2021\/03\/Tabela-Ceasa-Cariri-vigencia-julho.2025-a-junho.2026.pdf\" target=\"_blank\" rel=\"noopener noreferrer\" style=\"padding: 12px 16px;margin-bottom: 8px;color: #3b4e5c;border-left: 5px solid #008542;text-decoration: none;font-family: Arial, sans-serif;font-weight: bold;background-color: transparent\">Tabela Valores Cariri<\/a>\n    <\/li>\n<\/ul>\n\n\n\n<p><\/p>\n","protected":false},"excerpt":{"rendered":"<p>Tabela de Valores de Espa\u00e7os e Servi\u00e7os Tabela Valores Maracana\u00fa Tabela Valores Tiangu\u00e1 Tabela Valores Cariri<\/p>\n","protected":false},"author":274,"featured_media":0,"parent":1635,"menu_order":0,"comment_status":"closed","ping_status":"closed","template":"","meta":{"_acf_changed":false,"inline_featured_image":false,"footnotes":""},"class_list":["post-2033","page","type-page","status-publish","hentry"],"acf":[],"yoast_head":"<!-- This site is optimized with the Yoast SEO plugin v26.9 - https:\/\/yoast.com\/product\/yoast-seo-wordpress\/ -->\n<title>Tabela de Valores de Espa\u00e7os e Servi\u00e7os - CEASA-CE<\/title>\n<meta name=\"robots\" content=\"index, follow, max-snippet:-1, max-image-preview:large, max-video-preview:-1\" \/>\n<link rel=\"canonical\" href=\"https:\/\/ww16.ce.gov.br\/ceasa-ce\/informacoes-de-mercado\/tabela-de-valores-de-espacos-e-servicos\/\" \/>\n<meta property=\"og:locale\" content=\"pt_BR\" \/>\n<meta property=\"og:type\" content=\"article\" \/>\n<meta property=\"og:title\" content=\"Tabela de Valores de Espa\u00e7os e Servi\u00e7os - CEASA-CE\" \/>\n<meta property=\"og:description\" content=\"Tabela de Valores de Espa\u00e7os e Servi\u00e7os Tabela Valores Maracana\u00fa Tabela Valores Tiangu\u00e1 Tabela Valores Cariri\" \/>\n<meta property=\"og:url\" content=\"https:\/\/ww16.ce.gov.br\/ceasa-ce\/informacoes-de-mercado\/tabela-de-valores-de-espacos-e-servicos\/\" \/>\n<meta property=\"og:site_name\" content=\"CEASA-CE\" \/>\n<meta property=\"article:modified_time\" content=\"2026-05-14T13:08:34+00:00\" \/>\n<meta name=\"twitter:card\" content=\"summary_large_image\" \/>\n<meta name=\"twitter:label1\" content=\"Est. reading time\" \/>\n\t<meta name=\"twitter:data1\" content=\"1 minuto\" \/>\n<script type=\"application\/ld+json\" class=\"yoast-schema-graph\">{\"@context\":\"https:\/\/schema.org\",\"@graph\":[{\"@type\":\"WebPage\",\"@id\":\"https:\/\/ww16.ce.gov.br\/ceasa-ce\/informacoes-de-mercado\/tabela-de-valores-de-espacos-e-servicos\/\",\"url\":\"https:\/\/ww16.ce.gov.br\/ceasa-ce\/informacoes-de-mercado\/tabela-de-valores-de-espacos-e-servicos\/\",\"name\":\"Tabela de Valores de Espa\u00e7os e Servi\u00e7os - CEASA-CE\",\"isPartOf\":{\"@id\":\"https:\/\/ww16.ce.gov.br\/ceasa-ce\/#website\"},\"datePublished\":\"2019-04-22T15:00:59+00:00\",\"dateModified\":\"2026-05-14T13:08:34+00:00\",\"breadcrumb\":{\"@id\":\"https:\/\/ww16.ce.gov.br\/ceasa-ce\/informacoes-de-mercado\/tabela-de-valores-de-espacos-e-servicos\/#breadcrumb\"},\"inLanguage\":\"pt-BR\",\"potentialAction\":[{\"@type\":\"ReadAction\",\"target\":[\"https:\/\/ww16.ce.gov.br\/ceasa-ce\/informacoes-de-mercado\/tabela-de-valores-de-espacos-e-servicos\/\"]}]},{\"@type\":\"BreadcrumbList\",\"@id\":\"https:\/\/ww16.ce.gov.br\/ceasa-ce\/informacoes-de-mercado\/tabela-de-valores-de-espacos-e-servicos\/#breadcrumb\",\"itemListElement\":[{\"@type\":\"ListItem\",\"position\":1,\"name\":\"Home\",\"item\":\"https:\/\/ww16.ce.gov.br\/ceasa-ce\/\"},{\"@type\":\"ListItem\",\"position\":2,\"name\":\"Informa\u00e7\u00f5es de Mercado\",\"item\":\"https:\/\/ww16.ce.gov.br\/ceasa-ce\/informacoes-de-mercado\/\"},{\"@type\":\"ListItem\",\"position\":3,\"name\":\"Tabela de Valores de Espa\u00e7os e Servi\u00e7os\"}]},{\"@type\":\"WebSite\",\"@id\":\"https:\/\/ww16.ce.gov.br\/ceasa-ce\/#website\",\"url\":\"https:\/\/ww16.ce.gov.br\/ceasa-ce\/\",\"name\":\"CEASA-CE\",\"description\":\"Portal CEASA-CE\",\"potentialAction\":[{\"@type\":\"SearchAction\",\"target\":{\"@type\":\"EntryPoint\",\"urlTemplate\":\"https:\/\/ww16.ce.gov.br\/ceasa-ce\/?s={search_term_string}\"},\"query-input\":{\"@type\":\"PropertyValueSpecification\",\"valueRequired\":true,\"valueName\":\"search_term_string\"}}],\"inLanguage\":\"pt-BR\"}]}<\/script>\n<!-- \/ Yoast SEO plugin. -->","yoast_head_json":{"title":"Tabela de Valores de Espa\u00e7os e Servi\u00e7os - CEASA-CE","robots":{"index":"index","follow":"follow","max-snippet":"max-snippet:-1","max-image-preview":"max-image-preview:large","max-video-preview":"max-video-preview:-1"},"canonical":"https:\/\/ww16.ce.gov.br\/ceasa-ce\/informacoes-de-mercado\/tabela-de-valores-de-espacos-e-servicos\/","og_locale":"pt_BR","og_type":"article","og_title":"Tabela de Valores de Espa\u00e7os e Servi\u00e7os - CEASA-CE","og_description":"Tabela de Valores de Espa\u00e7os e Servi\u00e7os Tabela Valores Maracana\u00fa Tabela Valores Tiangu\u00e1 Tabela Valores Cariri","og_url":"https:\/\/ww16.ce.gov.br\/ceasa-ce\/informacoes-de-mercado\/tabela-de-valores-de-espacos-e-servicos\/","og_site_name":"CEASA-CE","article_modified_time":"2026-05-14T13:08:34+00:00","twitter_card":"summary_large_image","twitter_misc":{"Est. reading time":"1 minuto"},"schema":{"@context":"https:\/\/schema.org","@graph":[{"@type":"WebPage","@id":"https:\/\/ww16.ce.gov.br\/ceasa-ce\/informacoes-de-mercado\/tabela-de-valores-de-espacos-e-servicos\/","url":"https:\/\/ww16.ce.gov.br\/ceasa-ce\/informacoes-de-mercado\/tabela-de-valores-de-espacos-e-servicos\/","name":"Tabela de Valores de Espa\u00e7os e Servi\u00e7os - CEASA-CE","isPartOf":{"@id":"https:\/\/ww16.ce.gov.br\/ceasa-ce\/#website"},"datePublished":"2019-04-22T15:00:59+00:00","dateModified":"2026-05-14T13:08:34+00:00","breadcrumb":{"@id":"https:\/\/ww16.ce.gov.br\/ceasa-ce\/informacoes-de-mercado\/tabela-de-valores-de-espacos-e-servicos\/#breadcrumb"},"inLanguage":"pt-BR","potentialAction":[{"@type":"ReadAction","target":["https:\/\/ww16.ce.gov.br\/ceasa-ce\/informacoes-de-mercado\/tabela-de-valores-de-espacos-e-servicos\/"]}]},{"@type":"BreadcrumbList","@id":"https:\/\/ww16.ce.gov.br\/ceasa-ce\/informacoes-de-mercado\/tabela-de-valores-de-espacos-e-servicos\/#breadcrumb","itemListElement":[{"@type":"ListItem","position":1,"name":"Home","item":"https:\/\/ww16.ce.gov.br\/ceasa-ce\/"},{"@type":"ListItem","position":2,"name":"Informa\u00e7\u00f5es de Mercado","item":"https:\/\/ww16.ce.gov.br\/ceasa-ce\/informacoes-de-mercado\/"},{"@type":"ListItem","position":3,"name":"Tabela de Valores de Espa\u00e7os e Servi\u00e7os"}]},{"@type":"WebSite","@id":"https:\/\/ww16.ce.gov.br\/ceasa-ce\/#website","url":"https:\/\/ww16.ce.gov.br\/ceasa-ce\/","name":"CEASA-CE","description":"Portal CEASA-CE","potentialAction":[{"@type":"SearchAction","target":{"@type":"EntryPoint","urlTemplate":"https:\/\/ww16.ce.gov.br\/ceasa-ce\/?s={search_term_string}"},"query-input":{"@type":"PropertyValueSpecification","valueRequired":true,"valueName":"search_term_string"}}],"inLanguage":"pt-BR"}]}},"_links":{"self":[{"href":"https:\/\/ww16.ce.gov.br\/ceasa-ce\/wp-json\/wp\/v2\/pages\/2033","targetHints":{"allow":["GET"]}}],"collection":[{"href":"https:\/\/ww16.ce.gov.br\/ceasa-ce\/wp-json\/wp\/v2\/pages"}],"about":[{"href":"https:\/\/ww16.ce.gov.br\/ceasa-ce\/wp-json\/wp\/v2\/types\/page"}],"author":[{"embeddable":true,"href":"https:\/\/ww16.ce.gov.br\/ceasa-ce\/wp-json\/wp\/v2\/users\/274"}],"replies":[{"embeddable":true,"href":"https:\/\/ww16.ce.gov.br\/ceasa-ce\/wp-json\/wp\/v2\/comments?post=2033"}],"version-history":[{"count":8,"href":"https:\/\/ww16.ce.gov.br\/ceasa-ce\/wp-json\/wp\/v2\/pages\/2033\/revisions"}],"predecessor-version":[{"id":11224,"href":"https:\/\/ww16.ce.gov.br\/ceasa-ce\/wp-json\/wp\/v2\/pages\/2033\/revisions\/11224"}],"up":[{"embeddable":true,"href":"https:\/\/ww16.ce.gov.br\/ceasa-ce\/wp-json\/wp\/v2\/pages\/1635"}],"wp:attachment":[{"href":"https:\/\/ww16.ce.gov.br\/ceasa-ce\/wp-json\/wp\/v2\/media?parent=2033"}],"curies":[{"name":"wp","href":"https:\/\/api.w.org\/{rel}","templated":true}]}}