{"id":1764,"date":"2018-10-25T11:36:47","date_gmt":"2018-10-25T14:36:47","guid":{"rendered":"http:\/\/www.ceasa-ce.com.br\/?page_id=1764"},"modified":"2026-03-05T15:56:13","modified_gmt":"2026-03-05T18:56:13","slug":"comite-setorial-de-acesso-a-informacao","status":"publish","type":"page","link":"https:\/\/ww16.ce.gov.br\/ceasa-ce\/acesso-a-informacao\/comite-setorial-de-acesso-a-informacao\/","title":{"rendered":"Comit\u00ea Setorial de Acesso \u00e0 Informa\u00e7\u00e3o"},"content":{"rendered":"<div class=\"Card Informativo BgBranco\">\n<p><strong>Jos\u00e9 Valdecir Lima de Sousa\u00a0<\/strong><\/p>\n<p><em>Supervisor do N\u00facleo de Gest\u00e3o de Tecnologia da Informa\u00e7\u00e3o e Comunica\u00e7\u00e3o, fun\u00e7\u00e3o de dirigente.<\/em><\/p>\n<p><strong>Contato<\/strong> (85) 2018 &#8211; 7208<\/p>\n<p><strong>E-mail:<\/strong> <a href=\"mailto:valdecir.lima@ceasa-ce.com.br\" target=\"_blank\" rel=\"noopener noreferrer\">valdecir.lima@ceasa-ce.com.br<\/a><\/p>\n<\/div>\n<div class=\"Card Informativo BgBranco\">\n<p><strong><span style=\"letter-spacing: 0.02px\">Helena Demes Martins de Ara\u00fajo Costa<\/span><\/strong><\/p>\n<p><em style=\"letter-spacing: 0.02px\">Assessora de Comunica\u00e7\u00e3o e Marketing<\/em><\/p>\n<p><strong style=\"letter-spacing: 0.02px\">Contato:<\/strong><span style=\"letter-spacing: 0.02px\"> (85) 2018 &#8211; 7273<\/span><\/p>\n<p><strong>E-mail:<\/strong> <a href=\"mailto:helena.demes@ceasa-ce.com.br\">helena.demes@ceasa-ce.com.br<\/a><\/p>\n<\/div>\n<div class=\"Card Informativo BgBranco\">\n<p><strong><span style=\"letter-spacing: 0.02px\">Gilberto Bastos\u00a0\u00a0<\/span><\/strong><\/p>\n<p><em style=\"letter-spacing: 0.02px\">Assessor de Controle Interno<\/em><\/p>\n<p><strong style=\"letter-spacing: 0.02px\">Contato:<\/strong><span style=\"letter-spacing: 0.02px\"> (85) 2018 &#8211; 7147<\/span><\/p>\n<p><strong>E-mail:<\/strong> <a href=\"mailto:gilberto.bastos@ceasa-ce.com.br\">gilberto.bastos@ceasa-ce.com.br<\/a><\/p>\n<\/div>\n<div class=\"Card Informativo BgBranco\">\n<p><strong>Dalva Uch\u00f4a Lima de Medeiros<\/strong><\/p>\n<p><em>Ouvidora Setorial<\/em><\/p>\n<p><strong>Contato:<\/strong> (85) 2018 &#8211; 7398<\/p>\n<p><strong>E-mail:<\/strong> <a href=\"mailto:dalva.uchoa@ceasa-ce.com.br\">dalva.uchoa@ceasa-ce.com.br<\/a><\/p>\n<\/div>\n<div class=\"Card Informativo BgBranco\">\n<p><strong>Od\u00e1lio Gir\u00e3o de Almeida<\/strong><\/p>\n<p><em>Supervisor Setorial de Informa\u00e7\u00e3o de Mercado.<\/em><\/p>\n<p><strong>Contato:<\/strong> (85) 2018 &#8211; 4334<\/p>\n<p><strong>E-mail:<\/strong> <a href=\"mailto:odalio.girao@ceasa-ce.com.br\">odalio.girao@ceasa-ce.com.br<\/a><\/p>\n<\/div>\n","protected":false},"excerpt":{"rendered":"<p>Jos\u00e9 Valdecir Lima de Sousa\u00a0 Supervisor do N\u00facleo de Gest\u00e3o de Tecnologia da Informa\u00e7\u00e3o e Comunica\u00e7\u00e3o, fun\u00e7\u00e3o de dirigente. Contato (85) 2018 &#8211; 7208 E-mail: valdecir.lima@ceasa-ce.com.br Helena Demes Martins de Ara\u00fajo Costa Assessora de Comunica\u00e7\u00e3o e Marketing Contato: (85) 2018 &#8211; 7273 E-mail: helena.demes@ceasa-ce.com.br Gilberto Bastos\u00a0\u00a0 Assessor de Controle Interno Contato: (85) 2018 &#8211; 7147 [&hellip;]<\/p>\n","protected":false},"author":273,"featured_media":0,"parent":1532,"menu_order":3,"comment_status":"closed","ping_status":"closed","template":"page-comite-setorial.php","meta":{"_acf_changed":false,"inline_featured_image":false,"footnotes":""},"class_list":["post-1764","page","type-page","status-publish","hentry"],"acf":[],"yoast_head":"<!-- This site is optimized with the Yoast SEO plugin v26.9 - https:\/\/yoast.com\/product\/yoast-seo-wordpress\/ -->\n<title>Comit\u00ea Setorial de Acesso \u00e0 Informa\u00e7\u00e3o - CEASA-CE<\/title>\n<meta name=\"robots\" content=\"index, follow, max-snippet:-1, max-image-preview:large, max-video-preview:-1\" \/>\n<link rel=\"canonical\" href=\"https:\/\/ww16.ce.gov.br\/ceasa-ce\/acesso-a-informacao\/comite-setorial-de-acesso-a-informacao\/\" \/>\n<meta property=\"og:locale\" content=\"pt_BR\" \/>\n<meta property=\"og:type\" content=\"article\" \/>\n<meta property=\"og:title\" content=\"Comit\u00ea Setorial de Acesso \u00e0 Informa\u00e7\u00e3o - CEASA-CE\" \/>\n<meta property=\"og:description\" content=\"Jos\u00e9 Valdecir Lima de Sousa\u00a0 Supervisor do N\u00facleo de Gest\u00e3o de Tecnologia da Informa\u00e7\u00e3o e Comunica\u00e7\u00e3o, fun\u00e7\u00e3o de dirigente. Contato (85) 2018 &#8211; 7208 E-mail: valdecir.lima@ceasa-ce.com.br Helena Demes Martins de Ara\u00fajo Costa Assessora de Comunica\u00e7\u00e3o e Marketing Contato: (85) 2018 &#8211; 7273 E-mail: helena.demes@ceasa-ce.com.br Gilberto Bastos\u00a0\u00a0 Assessor de Controle Interno Contato: (85) 2018 &#8211; 7147 [&hellip;]\" \/>\n<meta property=\"og:url\" content=\"https:\/\/ww16.ce.gov.br\/ceasa-ce\/acesso-a-informacao\/comite-setorial-de-acesso-a-informacao\/\" \/>\n<meta property=\"og:site_name\" content=\"CEASA-CE\" \/>\n<meta property=\"article:modified_time\" content=\"2026-03-05T18:56:13+00:00\" \/>\n<meta name=\"twitter:card\" content=\"summary_large_image\" \/>\n<meta name=\"twitter:label1\" content=\"Est. reading time\" \/>\n\t<meta name=\"twitter:data1\" content=\"1 minuto\" \/>\n<script type=\"application\/ld+json\" class=\"yoast-schema-graph\">{\"@context\":\"https:\/\/schema.org\",\"@graph\":[{\"@type\":\"WebPage\",\"@id\":\"https:\/\/ww16.ce.gov.br\/ceasa-ce\/acesso-a-informacao\/comite-setorial-de-acesso-a-informacao\/\",\"url\":\"https:\/\/ww16.ce.gov.br\/ceasa-ce\/acesso-a-informacao\/comite-setorial-de-acesso-a-informacao\/\",\"name\":\"Comit\u00ea Setorial de Acesso \u00e0 Informa\u00e7\u00e3o - CEASA-CE\",\"isPartOf\":{\"@id\":\"https:\/\/ww16.ce.gov.br\/ceasa-ce\/#website\"},\"datePublished\":\"2018-10-25T14:36:47+00:00\",\"dateModified\":\"2026-03-05T18:56:13+00:00\",\"breadcrumb\":{\"@id\":\"https:\/\/ww16.ce.gov.br\/ceasa-ce\/acesso-a-informacao\/comite-setorial-de-acesso-a-informacao\/#breadcrumb\"},\"inLanguage\":\"pt-BR\",\"potentialAction\":[{\"@type\":\"ReadAction\",\"target\":[\"https:\/\/ww16.ce.gov.br\/ceasa-ce\/acesso-a-informacao\/comite-setorial-de-acesso-a-informacao\/\"]}]},{\"@type\":\"BreadcrumbList\",\"@id\":\"https:\/\/ww16.ce.gov.br\/ceasa-ce\/acesso-a-informacao\/comite-setorial-de-acesso-a-informacao\/#breadcrumb\",\"itemListElement\":[{\"@type\":\"ListItem\",\"position\":1,\"name\":\"Home\",\"item\":\"https:\/\/ww16.ce.gov.br\/ceasa-ce\/\"},{\"@type\":\"ListItem\",\"position\":2,\"name\":\"Acesso \u00e0 Informa\u00e7\u00e3o\",\"item\":\"https:\/\/ww16.ce.gov.br\/ceasa-ce\/acesso-a-informacao\/\"},{\"@type\":\"ListItem\",\"position\":3,\"name\":\"Comit\u00ea Setorial de Acesso \u00e0 Informa\u00e7\u00e3o\"}]},{\"@type\":\"WebSite\",\"@id\":\"https:\/\/ww16.ce.gov.br\/ceasa-ce\/#website\",\"url\":\"https:\/\/ww16.ce.gov.br\/ceasa-ce\/\",\"name\":\"CEASA-CE\",\"description\":\"Portal CEASA-CE\",\"potentialAction\":[{\"@type\":\"SearchAction\",\"target\":{\"@type\":\"EntryPoint\",\"urlTemplate\":\"https:\/\/ww16.ce.gov.br\/ceasa-ce\/?s={search_term_string}\"},\"query-input\":{\"@type\":\"PropertyValueSpecification\",\"valueRequired\":true,\"valueName\":\"search_term_string\"}}],\"inLanguage\":\"pt-BR\"}]}<\/script>\n<!-- \/ Yoast SEO plugin. -->","yoast_head_json":{"title":"Comit\u00ea Setorial de Acesso \u00e0 Informa\u00e7\u00e3o - CEASA-CE","robots":{"index":"index","follow":"follow","max-snippet":"max-snippet:-1","max-image-preview":"max-image-preview:large","max-video-preview":"max-video-preview:-1"},"canonical":"https:\/\/ww16.ce.gov.br\/ceasa-ce\/acesso-a-informacao\/comite-setorial-de-acesso-a-informacao\/","og_locale":"pt_BR","og_type":"article","og_title":"Comit\u00ea Setorial de Acesso \u00e0 Informa\u00e7\u00e3o - CEASA-CE","og_description":"Jos\u00e9 Valdecir Lima de Sousa\u00a0 Supervisor do N\u00facleo de Gest\u00e3o de Tecnologia da Informa\u00e7\u00e3o e Comunica\u00e7\u00e3o, fun\u00e7\u00e3o de dirigente. Contato (85) 2018 &#8211; 7208 E-mail: valdecir.lima@ceasa-ce.com.br Helena Demes Martins de Ara\u00fajo Costa Assessora de Comunica\u00e7\u00e3o e Marketing Contato: (85) 2018 &#8211; 7273 E-mail: helena.demes@ceasa-ce.com.br Gilberto Bastos\u00a0\u00a0 Assessor de Controle Interno Contato: (85) 2018 &#8211; 7147 [&hellip;]","og_url":"https:\/\/ww16.ce.gov.br\/ceasa-ce\/acesso-a-informacao\/comite-setorial-de-acesso-a-informacao\/","og_site_name":"CEASA-CE","article_modified_time":"2026-03-05T18:56:13+00:00","twitter_card":"summary_large_image","twitter_misc":{"Est. reading time":"1 minuto"},"schema":{"@context":"https:\/\/schema.org","@graph":[{"@type":"WebPage","@id":"https:\/\/ww16.ce.gov.br\/ceasa-ce\/acesso-a-informacao\/comite-setorial-de-acesso-a-informacao\/","url":"https:\/\/ww16.ce.gov.br\/ceasa-ce\/acesso-a-informacao\/comite-setorial-de-acesso-a-informacao\/","name":"Comit\u00ea Setorial de Acesso \u00e0 Informa\u00e7\u00e3o - CEASA-CE","isPartOf":{"@id":"https:\/\/ww16.ce.gov.br\/ceasa-ce\/#website"},"datePublished":"2018-10-25T14:36:47+00:00","dateModified":"2026-03-05T18:56:13+00:00","breadcrumb":{"@id":"https:\/\/ww16.ce.gov.br\/ceasa-ce\/acesso-a-informacao\/comite-setorial-de-acesso-a-informacao\/#breadcrumb"},"inLanguage":"pt-BR","potentialAction":[{"@type":"ReadAction","target":["https:\/\/ww16.ce.gov.br\/ceasa-ce\/acesso-a-informacao\/comite-setorial-de-acesso-a-informacao\/"]}]},{"@type":"BreadcrumbList","@id":"https:\/\/ww16.ce.gov.br\/ceasa-ce\/acesso-a-informacao\/comite-setorial-de-acesso-a-informacao\/#breadcrumb","itemListElement":[{"@type":"ListItem","position":1,"name":"Home","item":"https:\/\/ww16.ce.gov.br\/ceasa-ce\/"},{"@type":"ListItem","position":2,"name":"Acesso \u00e0 Informa\u00e7\u00e3o","item":"https:\/\/ww16.ce.gov.br\/ceasa-ce\/acesso-a-informacao\/"},{"@type":"ListItem","position":3,"name":"Comit\u00ea Setorial de Acesso \u00e0 Informa\u00e7\u00e3o"}]},{"@type":"WebSite","@id":"https:\/\/ww16.ce.gov.br\/ceasa-ce\/#website","url":"https:\/\/ww16.ce.gov.br\/ceasa-ce\/","name":"CEASA-CE","description":"Portal CEASA-CE","potentialAction":[{"@type":"SearchAction","target":{"@type":"EntryPoint","urlTemplate":"https:\/\/ww16.ce.gov.br\/ceasa-ce\/?s={search_term_string}"},"query-input":{"@type":"PropertyValueSpecification","valueRequired":true,"valueName":"search_term_string"}}],"inLanguage":"pt-BR"}]}},"_links":{"self":[{"href":"https:\/\/ww16.ce.gov.br\/ceasa-ce\/wp-json\/wp\/v2\/pages\/1764","targetHints":{"allow":["GET"]}}],"collection":[{"href":"https:\/\/ww16.ce.gov.br\/ceasa-ce\/wp-json\/wp\/v2\/pages"}],"about":[{"href":"https:\/\/ww16.ce.gov.br\/ceasa-ce\/wp-json\/wp\/v2\/types\/page"}],"author":[{"embeddable":true,"href":"https:\/\/ww16.ce.gov.br\/ceasa-ce\/wp-json\/wp\/v2\/users\/273"}],"replies":[{"embeddable":true,"href":"https:\/\/ww16.ce.gov.br\/ceasa-ce\/wp-json\/wp\/v2\/comments?post=1764"}],"version-history":[{"count":23,"href":"https:\/\/ww16.ce.gov.br\/ceasa-ce\/wp-json\/wp\/v2\/pages\/1764\/revisions"}],"predecessor-version":[{"id":10744,"href":"https:\/\/ww16.ce.gov.br\/ceasa-ce\/wp-json\/wp\/v2\/pages\/1764\/revisions\/10744"}],"up":[{"embeddable":true,"href":"https:\/\/ww16.ce.gov.br\/ceasa-ce\/wp-json\/wp\/v2\/pages\/1532"}],"wp:attachment":[{"href":"https:\/\/ww16.ce.gov.br\/ceasa-ce\/wp-json\/wp\/v2\/media?parent=1764"}],"curies":[{"name":"wp","href":"https:\/\/api.w.org\/{rel}","templated":true}]}}