{"id":1762,"date":"2018-10-25T11:36:03","date_gmt":"2018-10-25T14:36:03","guid":{"rendered":"http:\/\/www.ceasa-ce.com.br\/?page_id=1762"},"modified":"2026-03-05T16:25:18","modified_gmt":"2026-03-05T19:25:18","slug":"relacao-de-informacoes-sigilosas","status":"publish","type":"page","link":"https:\/\/ww16.ce.gov.br\/ceasa-ce\/acesso-a-informacao\/relacao-de-informacoes-sigilosas\/","title":{"rendered":"Rela\u00e7\u00e3o de Informa\u00e7\u00f5es Sigilosas"},"content":{"rendered":"<p>O Comit\u00ea Gestor de Acesso \u00e0 Informa\u00e7\u00e3o afirma que as informa\u00e7\u00f5es sigilosas referentes \u00e0 Ceasa-CE, est\u00e3o restritas aos diretores e ao presidente da central de abastecimento.<\/p>\n","protected":false},"excerpt":{"rendered":"<p>O Comit\u00ea Gestor de Acesso \u00e0 Informa\u00e7\u00e3o afirma que as informa\u00e7\u00f5es sigilosas referentes \u00e0 Ceasa-CE, est\u00e3o restritas aos diretores e ao presidente da central de abastecimento.<\/p>\n","protected":false},"author":186,"featured_media":0,"parent":1532,"menu_order":2,"comment_status":"closed","ping_status":"closed","template":"page-relacao-de-informacao-sigilosa.php","meta":{"_acf_changed":false,"inline_featured_image":false,"footnotes":""},"class_list":["post-1762","page","type-page","status-publish","hentry"],"acf":[],"yoast_head":"<!-- This site is optimized with the Yoast SEO plugin v26.9 - https:\/\/yoast.com\/product\/yoast-seo-wordpress\/ -->\n<title>Rela\u00e7\u00e3o de Informa\u00e7\u00f5es Sigilosas - CEASA-CE<\/title>\n<meta name=\"robots\" content=\"index, follow, max-snippet:-1, max-image-preview:large, max-video-preview:-1\" \/>\n<link rel=\"canonical\" href=\"https:\/\/ww16.ce.gov.br\/ceasa-ce\/acesso-a-informacao\/relacao-de-informacoes-sigilosas\/\" \/>\n<meta property=\"og:locale\" content=\"pt_BR\" \/>\n<meta property=\"og:type\" content=\"article\" \/>\n<meta property=\"og:title\" content=\"Rela\u00e7\u00e3o de Informa\u00e7\u00f5es Sigilosas - CEASA-CE\" \/>\n<meta property=\"og:description\" content=\"O Comit\u00ea Gestor de Acesso \u00e0 Informa\u00e7\u00e3o afirma que as informa\u00e7\u00f5es sigilosas referentes \u00e0 Ceasa-CE, est\u00e3o restritas aos diretores e ao presidente da central de abastecimento.\" \/>\n<meta property=\"og:url\" content=\"https:\/\/ww16.ce.gov.br\/ceasa-ce\/acesso-a-informacao\/relacao-de-informacoes-sigilosas\/\" \/>\n<meta property=\"og:site_name\" content=\"CEASA-CE\" \/>\n<meta property=\"article:modified_time\" content=\"2026-03-05T19:25:18+00:00\" \/>\n<meta name=\"twitter:card\" content=\"summary_large_image\" \/>\n<meta name=\"twitter:label1\" content=\"Est. reading time\" \/>\n\t<meta name=\"twitter:data1\" content=\"1 minuto\" \/>\n<script type=\"application\/ld+json\" class=\"yoast-schema-graph\">{\"@context\":\"https:\/\/schema.org\",\"@graph\":[{\"@type\":\"WebPage\",\"@id\":\"https:\/\/ww16.ce.gov.br\/ceasa-ce\/acesso-a-informacao\/relacao-de-informacoes-sigilosas\/\",\"url\":\"https:\/\/ww16.ce.gov.br\/ceasa-ce\/acesso-a-informacao\/relacao-de-informacoes-sigilosas\/\",\"name\":\"Rela\u00e7\u00e3o de Informa\u00e7\u00f5es Sigilosas - CEASA-CE\",\"isPartOf\":{\"@id\":\"https:\/\/ww16.ce.gov.br\/ceasa-ce\/#website\"},\"datePublished\":\"2018-10-25T14:36:03+00:00\",\"dateModified\":\"2026-03-05T19:25:18+00:00\",\"breadcrumb\":{\"@id\":\"https:\/\/ww16.ce.gov.br\/ceasa-ce\/acesso-a-informacao\/relacao-de-informacoes-sigilosas\/#breadcrumb\"},\"inLanguage\":\"pt-BR\",\"potentialAction\":[{\"@type\":\"ReadAction\",\"target\":[\"https:\/\/ww16.ce.gov.br\/ceasa-ce\/acesso-a-informacao\/relacao-de-informacoes-sigilosas\/\"]}]},{\"@type\":\"BreadcrumbList\",\"@id\":\"https:\/\/ww16.ce.gov.br\/ceasa-ce\/acesso-a-informacao\/relacao-de-informacoes-sigilosas\/#breadcrumb\",\"itemListElement\":[{\"@type\":\"ListItem\",\"position\":1,\"name\":\"Home\",\"item\":\"https:\/\/ww16.ce.gov.br\/ceasa-ce\/\"},{\"@type\":\"ListItem\",\"position\":2,\"name\":\"Acesso \u00e0 Informa\u00e7\u00e3o\",\"item\":\"https:\/\/ww16.ce.gov.br\/ceasa-ce\/acesso-a-informacao\/\"},{\"@type\":\"ListItem\",\"position\":3,\"name\":\"Rela\u00e7\u00e3o de Informa\u00e7\u00f5es Sigilosas\"}]},{\"@type\":\"WebSite\",\"@id\":\"https:\/\/ww16.ce.gov.br\/ceasa-ce\/#website\",\"url\":\"https:\/\/ww16.ce.gov.br\/ceasa-ce\/\",\"name\":\"CEASA-CE\",\"description\":\"Portal CEASA-CE\",\"potentialAction\":[{\"@type\":\"SearchAction\",\"target\":{\"@type\":\"EntryPoint\",\"urlTemplate\":\"https:\/\/ww16.ce.gov.br\/ceasa-ce\/?s={search_term_string}\"},\"query-input\":{\"@type\":\"PropertyValueSpecification\",\"valueRequired\":true,\"valueName\":\"search_term_string\"}}],\"inLanguage\":\"pt-BR\"}]}<\/script>\n<!-- \/ Yoast SEO plugin. -->","yoast_head_json":{"title":"Rela\u00e7\u00e3o de Informa\u00e7\u00f5es Sigilosas - CEASA-CE","robots":{"index":"index","follow":"follow","max-snippet":"max-snippet:-1","max-image-preview":"max-image-preview:large","max-video-preview":"max-video-preview:-1"},"canonical":"https:\/\/ww16.ce.gov.br\/ceasa-ce\/acesso-a-informacao\/relacao-de-informacoes-sigilosas\/","og_locale":"pt_BR","og_type":"article","og_title":"Rela\u00e7\u00e3o de Informa\u00e7\u00f5es Sigilosas - CEASA-CE","og_description":"O Comit\u00ea Gestor de Acesso \u00e0 Informa\u00e7\u00e3o afirma que as informa\u00e7\u00f5es sigilosas referentes \u00e0 Ceasa-CE, est\u00e3o restritas aos diretores e ao presidente da central de abastecimento.","og_url":"https:\/\/ww16.ce.gov.br\/ceasa-ce\/acesso-a-informacao\/relacao-de-informacoes-sigilosas\/","og_site_name":"CEASA-CE","article_modified_time":"2026-03-05T19:25:18+00:00","twitter_card":"summary_large_image","twitter_misc":{"Est. reading time":"1 minuto"},"schema":{"@context":"https:\/\/schema.org","@graph":[{"@type":"WebPage","@id":"https:\/\/ww16.ce.gov.br\/ceasa-ce\/acesso-a-informacao\/relacao-de-informacoes-sigilosas\/","url":"https:\/\/ww16.ce.gov.br\/ceasa-ce\/acesso-a-informacao\/relacao-de-informacoes-sigilosas\/","name":"Rela\u00e7\u00e3o de Informa\u00e7\u00f5es Sigilosas - CEASA-CE","isPartOf":{"@id":"https:\/\/ww16.ce.gov.br\/ceasa-ce\/#website"},"datePublished":"2018-10-25T14:36:03+00:00","dateModified":"2026-03-05T19:25:18+00:00","breadcrumb":{"@id":"https:\/\/ww16.ce.gov.br\/ceasa-ce\/acesso-a-informacao\/relacao-de-informacoes-sigilosas\/#breadcrumb"},"inLanguage":"pt-BR","potentialAction":[{"@type":"ReadAction","target":["https:\/\/ww16.ce.gov.br\/ceasa-ce\/acesso-a-informacao\/relacao-de-informacoes-sigilosas\/"]}]},{"@type":"BreadcrumbList","@id":"https:\/\/ww16.ce.gov.br\/ceasa-ce\/acesso-a-informacao\/relacao-de-informacoes-sigilosas\/#breadcrumb","itemListElement":[{"@type":"ListItem","position":1,"name":"Home","item":"https:\/\/ww16.ce.gov.br\/ceasa-ce\/"},{"@type":"ListItem","position":2,"name":"Acesso \u00e0 Informa\u00e7\u00e3o","item":"https:\/\/ww16.ce.gov.br\/ceasa-ce\/acesso-a-informacao\/"},{"@type":"ListItem","position":3,"name":"Rela\u00e7\u00e3o de Informa\u00e7\u00f5es Sigilosas"}]},{"@type":"WebSite","@id":"https:\/\/ww16.ce.gov.br\/ceasa-ce\/#website","url":"https:\/\/ww16.ce.gov.br\/ceasa-ce\/","name":"CEASA-CE","description":"Portal CEASA-CE","potentialAction":[{"@type":"SearchAction","target":{"@type":"EntryPoint","urlTemplate":"https:\/\/ww16.ce.gov.br\/ceasa-ce\/?s={search_term_string}"},"query-input":{"@type":"PropertyValueSpecification","valueRequired":true,"valueName":"search_term_string"}}],"inLanguage":"pt-BR"}]}},"_links":{"self":[{"href":"https:\/\/ww16.ce.gov.br\/ceasa-ce\/wp-json\/wp\/v2\/pages\/1762","targetHints":{"allow":["GET"]}}],"collection":[{"href":"https:\/\/ww16.ce.gov.br\/ceasa-ce\/wp-json\/wp\/v2\/pages"}],"about":[{"href":"https:\/\/ww16.ce.gov.br\/ceasa-ce\/wp-json\/wp\/v2\/types\/page"}],"author":[{"embeddable":true,"href":"https:\/\/ww16.ce.gov.br\/ceasa-ce\/wp-json\/wp\/v2\/users\/186"}],"replies":[{"embeddable":true,"href":"https:\/\/ww16.ce.gov.br\/ceasa-ce\/wp-json\/wp\/v2\/comments?post=1762"}],"version-history":[{"count":7,"href":"https:\/\/ww16.ce.gov.br\/ceasa-ce\/wp-json\/wp\/v2\/pages\/1762\/revisions"}],"predecessor-version":[{"id":10767,"href":"https:\/\/ww16.ce.gov.br\/ceasa-ce\/wp-json\/wp\/v2\/pages\/1762\/revisions\/10767"}],"up":[{"embeddable":true,"href":"https:\/\/ww16.ce.gov.br\/ceasa-ce\/wp-json\/wp\/v2\/pages\/1532"}],"wp:attachment":[{"href":"https:\/\/ww16.ce.gov.br\/ceasa-ce\/wp-json\/wp\/v2\/media?parent=1762"}],"curies":[{"name":"wp","href":"https:\/\/api.w.org\/{rel}","templated":true}]}}