{"id":1751,"date":"2018-10-25T11:18:25","date_gmt":"2018-10-25T14:18:25","guid":{"rendered":"http:\/\/www.ceasa-ce.com.br\/?page_id=1751"},"modified":"2026-05-14T10:46:02","modified_gmt":"2026-05-14T13:46:02","slug":"estatisticas","status":"publish","type":"page","link":"https:\/\/ww16.ce.gov.br\/ceasa-ce\/estatisticas\/","title":{"rendered":"Estat\u00edsticas"},"content":{"rendered":"\n<h2><strong><br>Estat\u00edsticas<\/strong><\/h2>\n<br>\n<ul style=\"padding: 0;margin: 0\">\n    <li style=\"list-style-type: none;margin: 0;padding: 0\">\n        <a href=\"https:\/\/ww16.ce.gov.br\/ceasa-ce\/volume-e-valor-2\/\" rel=\"noopener noreferrer\" style=\"padding: 12px 16px;margin-bottom: 8px;color: #3b4e5c;border-left: 5px solid #008542;text-decoration: none;font-family: Arial, sans-serif;font-weight: bold;background-color: transparent\">Volume e Valor<\/a>\n    <\/li>\n<\/ul>\n<br>\n<ul style=\"padding: 0;margin: 0\">\n    <li style=\"list-style-type: none;margin: 0;padding: 0\">\n        <a href=\"https:\/\/ww16.ce.gov.br\/ceasa-ce\/principais-produtos\/\" rel=\"noopener noreferrer\" style=\"padding: 12px 16px;margin-bottom: 8px;color: #3b4e5c;border-left: 5px solid #008542;text-decoration: none;font-family: Arial, sans-serif;font-weight: bold;background-color: transparent\">Principais Produtos<\/a>\n    <\/li>\n<\/ul>\n<br>\n<ul style=\"padding: 0;margin: 0\">\n    <li style=\"list-style-type: none;margin: 0;padding: 0\">\n        <a href=\"https:\/\/ww16.ce.gov.br\/ceasa-ce\/comercializacao\/\" rel=\"noopener noreferrer\" style=\"padding: 12px 16px;margin-bottom: 8px;color: #3b4e5c;border-left: 5px solid #008542;text-decoration: none;font-family: Arial, sans-serif;font-weight: bold;background-color: transparent\">Comercializa\u00e7\u00e3o<\/a>\n    <\/li>\n<\/ul>\n<br>\n<ul style=\"padding: 0;margin: 0\">\n    <li style=\"list-style-type: none;margin: 0;padding: 0\">\n        <a href=\"https:\/\/ww16.ce.gov.br\/ceasa-ce\/analise-conjuntural\/\" rel=\"noopener noreferrer\" style=\"padding: 12px 16px;margin-bottom: 8px;color: #3b4e5c;border-left: 5px solid #008542;text-decoration: none;font-family: Arial, sans-serif;font-weight: bold;background-color: transparent\">An\u00e1lise Conjuntural<\/a>\n    <\/li>\n<\/ul>\n\n\n\n<p><\/p>\n","protected":false},"excerpt":{"rendered":"<p>Estat\u00edsticas Volume e Valor Principais Produtos Comercializa\u00e7\u00e3o An\u00e1lise Conjuntural<\/p>\n","protected":false},"author":186,"featured_media":0,"parent":0,"menu_order":0,"comment_status":"closed","ping_status":"closed","template":"","meta":{"_acf_changed":false,"inline_featured_image":false,"footnotes":""},"class_list":["post-1751","page","type-page","status-publish","hentry"],"acf":[],"yoast_head":"<!-- This site is optimized with the Yoast SEO plugin v26.9 - https:\/\/yoast.com\/product\/yoast-seo-wordpress\/ -->\n<title>Estat\u00edsticas - CEASA-CE<\/title>\n<meta name=\"robots\" content=\"index, follow, max-snippet:-1, max-image-preview:large, max-video-preview:-1\" \/>\n<link rel=\"canonical\" href=\"https:\/\/ww16.ce.gov.br\/ceasa-ce\/estatisticas\/\" \/>\n<meta property=\"og:locale\" content=\"pt_BR\" \/>\n<meta property=\"og:type\" content=\"article\" \/>\n<meta property=\"og:title\" content=\"Estat\u00edsticas - CEASA-CE\" \/>\n<meta property=\"og:description\" content=\"Estat\u00edsticas Volume e Valor Principais Produtos Comercializa\u00e7\u00e3o An\u00e1lise Conjuntural\" \/>\n<meta property=\"og:url\" content=\"https:\/\/ww16.ce.gov.br\/ceasa-ce\/estatisticas\/\" \/>\n<meta property=\"og:site_name\" content=\"CEASA-CE\" \/>\n<meta property=\"article:modified_time\" content=\"2026-05-14T13:46:02+00:00\" \/>\n<meta name=\"twitter:card\" content=\"summary_large_image\" \/>\n<meta name=\"twitter:label1\" content=\"Est. reading time\" \/>\n\t<meta name=\"twitter:data1\" content=\"1 minuto\" \/>\n<script type=\"application\/ld+json\" class=\"yoast-schema-graph\">{\"@context\":\"https:\/\/schema.org\",\"@graph\":[{\"@type\":\"WebPage\",\"@id\":\"https:\/\/ww16.ce.gov.br\/ceasa-ce\/estatisticas\/\",\"url\":\"https:\/\/ww16.ce.gov.br\/ceasa-ce\/estatisticas\/\",\"name\":\"Estat\u00edsticas - CEASA-CE\",\"isPartOf\":{\"@id\":\"https:\/\/ww16.ce.gov.br\/ceasa-ce\/#website\"},\"datePublished\":\"2018-10-25T14:18:25+00:00\",\"dateModified\":\"2026-05-14T13:46:02+00:00\",\"breadcrumb\":{\"@id\":\"https:\/\/ww16.ce.gov.br\/ceasa-ce\/estatisticas\/#breadcrumb\"},\"inLanguage\":\"pt-BR\",\"potentialAction\":[{\"@type\":\"ReadAction\",\"target\":[\"https:\/\/ww16.ce.gov.br\/ceasa-ce\/estatisticas\/\"]}]},{\"@type\":\"BreadcrumbList\",\"@id\":\"https:\/\/ww16.ce.gov.br\/ceasa-ce\/estatisticas\/#breadcrumb\",\"itemListElement\":[{\"@type\":\"ListItem\",\"position\":1,\"name\":\"Home\",\"item\":\"https:\/\/ww16.ce.gov.br\/ceasa-ce\/\"},{\"@type\":\"ListItem\",\"position\":2,\"name\":\"Estat\u00edsticas\"}]},{\"@type\":\"WebSite\",\"@id\":\"https:\/\/ww16.ce.gov.br\/ceasa-ce\/#website\",\"url\":\"https:\/\/ww16.ce.gov.br\/ceasa-ce\/\",\"name\":\"CEASA-CE\",\"description\":\"Portal CEASA-CE\",\"potentialAction\":[{\"@type\":\"SearchAction\",\"target\":{\"@type\":\"EntryPoint\",\"urlTemplate\":\"https:\/\/ww16.ce.gov.br\/ceasa-ce\/?s={search_term_string}\"},\"query-input\":{\"@type\":\"PropertyValueSpecification\",\"valueRequired\":true,\"valueName\":\"search_term_string\"}}],\"inLanguage\":\"pt-BR\"}]}<\/script>\n<!-- \/ Yoast SEO plugin. -->","yoast_head_json":{"title":"Estat\u00edsticas - CEASA-CE","robots":{"index":"index","follow":"follow","max-snippet":"max-snippet:-1","max-image-preview":"max-image-preview:large","max-video-preview":"max-video-preview:-1"},"canonical":"https:\/\/ww16.ce.gov.br\/ceasa-ce\/estatisticas\/","og_locale":"pt_BR","og_type":"article","og_title":"Estat\u00edsticas - CEASA-CE","og_description":"Estat\u00edsticas Volume e Valor Principais Produtos Comercializa\u00e7\u00e3o An\u00e1lise Conjuntural","og_url":"https:\/\/ww16.ce.gov.br\/ceasa-ce\/estatisticas\/","og_site_name":"CEASA-CE","article_modified_time":"2026-05-14T13:46:02+00:00","twitter_card":"summary_large_image","twitter_misc":{"Est. reading time":"1 minuto"},"schema":{"@context":"https:\/\/schema.org","@graph":[{"@type":"WebPage","@id":"https:\/\/ww16.ce.gov.br\/ceasa-ce\/estatisticas\/","url":"https:\/\/ww16.ce.gov.br\/ceasa-ce\/estatisticas\/","name":"Estat\u00edsticas - CEASA-CE","isPartOf":{"@id":"https:\/\/ww16.ce.gov.br\/ceasa-ce\/#website"},"datePublished":"2018-10-25T14:18:25+00:00","dateModified":"2026-05-14T13:46:02+00:00","breadcrumb":{"@id":"https:\/\/ww16.ce.gov.br\/ceasa-ce\/estatisticas\/#breadcrumb"},"inLanguage":"pt-BR","potentialAction":[{"@type":"ReadAction","target":["https:\/\/ww16.ce.gov.br\/ceasa-ce\/estatisticas\/"]}]},{"@type":"BreadcrumbList","@id":"https:\/\/ww16.ce.gov.br\/ceasa-ce\/estatisticas\/#breadcrumb","itemListElement":[{"@type":"ListItem","position":1,"name":"Home","item":"https:\/\/ww16.ce.gov.br\/ceasa-ce\/"},{"@type":"ListItem","position":2,"name":"Estat\u00edsticas"}]},{"@type":"WebSite","@id":"https:\/\/ww16.ce.gov.br\/ceasa-ce\/#website","url":"https:\/\/ww16.ce.gov.br\/ceasa-ce\/","name":"CEASA-CE","description":"Portal CEASA-CE","potentialAction":[{"@type":"SearchAction","target":{"@type":"EntryPoint","urlTemplate":"https:\/\/ww16.ce.gov.br\/ceasa-ce\/?s={search_term_string}"},"query-input":{"@type":"PropertyValueSpecification","valueRequired":true,"valueName":"search_term_string"}}],"inLanguage":"pt-BR"}]}},"_links":{"self":[{"href":"https:\/\/ww16.ce.gov.br\/ceasa-ce\/wp-json\/wp\/v2\/pages\/1751","targetHints":{"allow":["GET"]}}],"collection":[{"href":"https:\/\/ww16.ce.gov.br\/ceasa-ce\/wp-json\/wp\/v2\/pages"}],"about":[{"href":"https:\/\/ww16.ce.gov.br\/ceasa-ce\/wp-json\/wp\/v2\/types\/page"}],"author":[{"embeddable":true,"href":"https:\/\/ww16.ce.gov.br\/ceasa-ce\/wp-json\/wp\/v2\/users\/186"}],"replies":[{"embeddable":true,"href":"https:\/\/ww16.ce.gov.br\/ceasa-ce\/wp-json\/wp\/v2\/comments?post=1751"}],"version-history":[{"count":8,"href":"https:\/\/ww16.ce.gov.br\/ceasa-ce\/wp-json\/wp\/v2\/pages\/1751\/revisions"}],"predecessor-version":[{"id":11255,"href":"https:\/\/ww16.ce.gov.br\/ceasa-ce\/wp-json\/wp\/v2\/pages\/1751\/revisions\/11255"}],"wp:attachment":[{"href":"https:\/\/ww16.ce.gov.br\/ceasa-ce\/wp-json\/wp\/v2\/media?parent=1751"}],"curies":[{"name":"wp","href":"https:\/\/api.w.org\/{rel}","templated":true}]}}