{"id":1748,"date":"2018-10-25T11:17:43","date_gmt":"2018-10-25T14:17:43","guid":{"rendered":"http:\/\/www.ceasa-ce.com.br\/?page_id=1748"},"modified":"2026-05-14T09:59:16","modified_gmt":"2026-05-14T12:59:16","slug":"informacoes-de-valores","status":"publish","type":"page","link":"https:\/\/ww16.ce.gov.br\/ceasa-ce\/informacoes-de-valores\/","title":{"rendered":"Informa\u00e7\u00f5es de Valores"},"content":{"rendered":"\n<h2><strong><br>Informa\u00e7\u00f5es de Valores<br><\/strong><\/h2>\n<br>\n<ul style=\"padding: 0;margin: 0\">\n    <li style=\"list-style-type: none;margin: 0;padding: 0\">\n        <a href=\"https:\/\/ww16.ce.gov.br\/ceasa-ce\/informacoes-de-mercado\/tabela-de-valores-de-espacos-e-servicos\/\" target=\"_blank\" rel=\"noopener noreferrer\" style=\"padding: 12px 16px;margin-bottom: 8px;color: #3b4e5c;border-left: 5px solid #008542;text-decoration: none;font-family: Arial, sans-serif;font-weight: bold;background-color: transparent\">Tabela de Valores de Espa\u00e7os e Servi\u00e7os<\/a>\n    <\/li>\n<\/ul>\n<br>\n<ul style=\"padding: 0;margin: 0\">\n    <li style=\"list-style-type: none;margin: 0;padding: 0\">\n        <a href=\"https:\/\/ww16.ce.gov.br\/ceasa-ce\/comparativo-de-precos\/\" target=\"_blank\" rel=\"noopener noreferrer\" style=\"padding: 12px 16px;margin-bottom: 8px;color: #3b4e5c;border-left: 5px solid #008542;text-decoration: none;font-family: Arial, sans-serif;font-weight: bold;background-color: transparent\">Comparativo de Pre\u00e7os<\/a>\n    <\/li>\n<\/ul>\n<br>\n<ul style=\"padding: 0;margin: 0\">\n    <li style=\"list-style-type: none;margin: 0;padding: 0\">\n        <a href=\"https:\/\/files.ceasa-ce.com.br\/unsima\/atacado_semanal\/atacado_semanal.html\" target=\"_blank\" rel=\"noopener noreferrer\" style=\"padding: 12px 16px;margin-bottom: 8px;color: #3b4e5c;border-left: 5px solid #008542;text-decoration: none;font-family: Arial, sans-serif;font-weight: bold;background-color: transparent\">Atacado Semanal<\/a>\n    <\/li>\n<\/ul>\n<br>\n<ul style=\"padding: 0;margin: 0\">\n    <li style=\"list-style-type: none;margin: 0;padding: 0\">\n        <a href=\"https:\/\/ww16.ce.gov.br\/ceasa-ce\/historico-de-ofertas\/\" target=\"_blank\" rel=\"noopener noreferrer\" style=\"padding: 12px 16px;margin-bottom: 8px;color: #3b4e5c;border-left: 5px solid #008542;text-decoration: none;font-family: Arial, sans-serif;font-weight: bold;background-color: transparent\">Hist\u00f3rico de Ofertas<\/a>\n    <\/li>\n<\/ul>\n<br>\n<ul style=\"padding: 0;margin: 0\">\n    <li style=\"list-style-type: none;margin: 0;padding: 0\">\n        <a href=\"https:\/\/ww16.ce.gov.br\/ceasa-ce\/historico-precos\/\" target=\"_blank\" rel=\"noopener noreferrer\" style=\"padding: 12px 16px;margin-bottom: 8px;color: #3b4e5c;border-left: 5px solid #008542;text-decoration: none;font-family: Arial, sans-serif;font-weight: bold;background-color: transparent\">Hist\u00f3rico de Pre\u00e7os<\/a>\n    <\/li>\n<\/ul>\n<br>\n<ul style=\"padding: 0;margin: 0\">\n    <li style=\"list-style-type: none;margin: 0;padding: 0\">\n        <a href=\"https:\/\/files.ceasa-ce.com.br\/unsima\/ipce\/ipce.pdf\" target=\"_blank\" rel=\"noopener noreferrer\" style=\"padding: 12px 16px;margin-bottom: 8px;color: #3b4e5c;border-left: 5px solid #008542;text-decoration: none;font-family: Arial, sans-serif;font-weight: bold;background-color: transparent\">IPCE<\/a>\n    <\/li>\n<\/ul>\n\n\n\n<p><\/p>\n","protected":false},"excerpt":{"rendered":"<p>Informa\u00e7\u00f5es de Valores Tabela de Valores de Espa\u00e7os e Servi\u00e7os Comparativo de Pre\u00e7os Atacado Semanal Hist\u00f3rico de Ofertas Hist\u00f3rico de Pre\u00e7os IPCE<\/p>\n","protected":false},"author":186,"featured_media":0,"parent":0,"menu_order":0,"comment_status":"closed","ping_status":"closed","template":"","meta":{"_acf_changed":false,"inline_featured_image":false,"footnotes":""},"class_list":["post-1748","page","type-page","status-publish","hentry"],"acf":[],"yoast_head":"<!-- This site is optimized with the Yoast SEO plugin v26.9 - https:\/\/yoast.com\/product\/yoast-seo-wordpress\/ -->\n<title>Informa\u00e7\u00f5es de Valores - CEASA-CE<\/title>\n<meta name=\"robots\" content=\"index, follow, max-snippet:-1, max-image-preview:large, max-video-preview:-1\" \/>\n<link rel=\"canonical\" href=\"https:\/\/ww16.ce.gov.br\/ceasa-ce\/informacoes-de-valores\/\" \/>\n<meta property=\"og:locale\" content=\"pt_BR\" \/>\n<meta property=\"og:type\" content=\"article\" \/>\n<meta property=\"og:title\" content=\"Informa\u00e7\u00f5es de Valores - CEASA-CE\" \/>\n<meta property=\"og:description\" content=\"Informa\u00e7\u00f5es de Valores Tabela de Valores de Espa\u00e7os e Servi\u00e7os Comparativo de Pre\u00e7os Atacado Semanal Hist\u00f3rico de Ofertas Hist\u00f3rico de Pre\u00e7os IPCE\" \/>\n<meta property=\"og:url\" content=\"https:\/\/ww16.ce.gov.br\/ceasa-ce\/informacoes-de-valores\/\" \/>\n<meta property=\"og:site_name\" content=\"CEASA-CE\" \/>\n<meta property=\"article:modified_time\" content=\"2026-05-14T12:59:16+00:00\" \/>\n<meta name=\"twitter:card\" content=\"summary_large_image\" \/>\n<meta name=\"twitter:label1\" content=\"Est. reading time\" \/>\n\t<meta name=\"twitter:data1\" content=\"1 minuto\" \/>\n<script type=\"application\/ld+json\" class=\"yoast-schema-graph\">{\"@context\":\"https:\/\/schema.org\",\"@graph\":[{\"@type\":\"WebPage\",\"@id\":\"https:\/\/ww16.ce.gov.br\/ceasa-ce\/informacoes-de-valores\/\",\"url\":\"https:\/\/ww16.ce.gov.br\/ceasa-ce\/informacoes-de-valores\/\",\"name\":\"Informa\u00e7\u00f5es de Valores - CEASA-CE\",\"isPartOf\":{\"@id\":\"https:\/\/ww16.ce.gov.br\/ceasa-ce\/#website\"},\"datePublished\":\"2018-10-25T14:17:43+00:00\",\"dateModified\":\"2026-05-14T12:59:16+00:00\",\"breadcrumb\":{\"@id\":\"https:\/\/ww16.ce.gov.br\/ceasa-ce\/informacoes-de-valores\/#breadcrumb\"},\"inLanguage\":\"pt-BR\",\"potentialAction\":[{\"@type\":\"ReadAction\",\"target\":[\"https:\/\/ww16.ce.gov.br\/ceasa-ce\/informacoes-de-valores\/\"]}]},{\"@type\":\"BreadcrumbList\",\"@id\":\"https:\/\/ww16.ce.gov.br\/ceasa-ce\/informacoes-de-valores\/#breadcrumb\",\"itemListElement\":[{\"@type\":\"ListItem\",\"position\":1,\"name\":\"Home\",\"item\":\"https:\/\/ww16.ce.gov.br\/ceasa-ce\/\"},{\"@type\":\"ListItem\",\"position\":2,\"name\":\"Informa\u00e7\u00f5es de Valores\"}]},{\"@type\":\"WebSite\",\"@id\":\"https:\/\/ww16.ce.gov.br\/ceasa-ce\/#website\",\"url\":\"https:\/\/ww16.ce.gov.br\/ceasa-ce\/\",\"name\":\"CEASA-CE\",\"description\":\"Portal CEASA-CE\",\"potentialAction\":[{\"@type\":\"SearchAction\",\"target\":{\"@type\":\"EntryPoint\",\"urlTemplate\":\"https:\/\/ww16.ce.gov.br\/ceasa-ce\/?s={search_term_string}\"},\"query-input\":{\"@type\":\"PropertyValueSpecification\",\"valueRequired\":true,\"valueName\":\"search_term_string\"}}],\"inLanguage\":\"pt-BR\"}]}<\/script>\n<!-- \/ Yoast SEO plugin. -->","yoast_head_json":{"title":"Informa\u00e7\u00f5es de Valores - CEASA-CE","robots":{"index":"index","follow":"follow","max-snippet":"max-snippet:-1","max-image-preview":"max-image-preview:large","max-video-preview":"max-video-preview:-1"},"canonical":"https:\/\/ww16.ce.gov.br\/ceasa-ce\/informacoes-de-valores\/","og_locale":"pt_BR","og_type":"article","og_title":"Informa\u00e7\u00f5es de Valores - CEASA-CE","og_description":"Informa\u00e7\u00f5es de Valores Tabela de Valores de Espa\u00e7os e Servi\u00e7os Comparativo de Pre\u00e7os Atacado Semanal Hist\u00f3rico de Ofertas Hist\u00f3rico de Pre\u00e7os IPCE","og_url":"https:\/\/ww16.ce.gov.br\/ceasa-ce\/informacoes-de-valores\/","og_site_name":"CEASA-CE","article_modified_time":"2026-05-14T12:59:16+00:00","twitter_card":"summary_large_image","twitter_misc":{"Est. reading time":"1 minuto"},"schema":{"@context":"https:\/\/schema.org","@graph":[{"@type":"WebPage","@id":"https:\/\/ww16.ce.gov.br\/ceasa-ce\/informacoes-de-valores\/","url":"https:\/\/ww16.ce.gov.br\/ceasa-ce\/informacoes-de-valores\/","name":"Informa\u00e7\u00f5es de Valores - CEASA-CE","isPartOf":{"@id":"https:\/\/ww16.ce.gov.br\/ceasa-ce\/#website"},"datePublished":"2018-10-25T14:17:43+00:00","dateModified":"2026-05-14T12:59:16+00:00","breadcrumb":{"@id":"https:\/\/ww16.ce.gov.br\/ceasa-ce\/informacoes-de-valores\/#breadcrumb"},"inLanguage":"pt-BR","potentialAction":[{"@type":"ReadAction","target":["https:\/\/ww16.ce.gov.br\/ceasa-ce\/informacoes-de-valores\/"]}]},{"@type":"BreadcrumbList","@id":"https:\/\/ww16.ce.gov.br\/ceasa-ce\/informacoes-de-valores\/#breadcrumb","itemListElement":[{"@type":"ListItem","position":1,"name":"Home","item":"https:\/\/ww16.ce.gov.br\/ceasa-ce\/"},{"@type":"ListItem","position":2,"name":"Informa\u00e7\u00f5es de Valores"}]},{"@type":"WebSite","@id":"https:\/\/ww16.ce.gov.br\/ceasa-ce\/#website","url":"https:\/\/ww16.ce.gov.br\/ceasa-ce\/","name":"CEASA-CE","description":"Portal CEASA-CE","potentialAction":[{"@type":"SearchAction","target":{"@type":"EntryPoint","urlTemplate":"https:\/\/ww16.ce.gov.br\/ceasa-ce\/?s={search_term_string}"},"query-input":{"@type":"PropertyValueSpecification","valueRequired":true,"valueName":"search_term_string"}}],"inLanguage":"pt-BR"}]}},"_links":{"self":[{"href":"https:\/\/ww16.ce.gov.br\/ceasa-ce\/wp-json\/wp\/v2\/pages\/1748","targetHints":{"allow":["GET"]}}],"collection":[{"href":"https:\/\/ww16.ce.gov.br\/ceasa-ce\/wp-json\/wp\/v2\/pages"}],"about":[{"href":"https:\/\/ww16.ce.gov.br\/ceasa-ce\/wp-json\/wp\/v2\/types\/page"}],"author":[{"embeddable":true,"href":"https:\/\/ww16.ce.gov.br\/ceasa-ce\/wp-json\/wp\/v2\/users\/186"}],"replies":[{"embeddable":true,"href":"https:\/\/ww16.ce.gov.br\/ceasa-ce\/wp-json\/wp\/v2\/comments?post=1748"}],"version-history":[{"count":10,"href":"https:\/\/ww16.ce.gov.br\/ceasa-ce\/wp-json\/wp\/v2\/pages\/1748\/revisions"}],"predecessor-version":[{"id":11221,"href":"https:\/\/ww16.ce.gov.br\/ceasa-ce\/wp-json\/wp\/v2\/pages\/1748\/revisions\/11221"}],"wp:attachment":[{"href":"https:\/\/ww16.ce.gov.br\/ceasa-ce\/wp-json\/wp\/v2\/media?parent=1748"}],"curies":[{"name":"wp","href":"https:\/\/api.w.org\/{rel}","templated":true}]}}