{"id":1695,"date":"2018-09-28T12:27:59","date_gmt":"2018-09-28T15:27:59","guid":{"rendered":"http:\/\/www.ceasa-ce.com.br\/?page_id=1695"},"modified":"2026-05-13T12:28:30","modified_gmt":"2026-05-13T15:28:30","slug":"estrutura-fisica","status":"publish","type":"page","link":"https:\/\/ww16.ce.gov.br\/ceasa-ce\/estrutura-fisica\/","title":{"rendered":"Estrutura F\u00edsica"},"content":{"rendered":"\n<figure class=\"wp-block-image alignwide size-full\"><img loading=\"lazy\" decoding=\"async\" width=\"773\" height=\"541\" src=\"https:\/\/ww16.ce.gov.br\/ceasa-ce\/wp-content\/uploads\/sites\/34\/2019\/11\/infra-estrutura.png\" alt=\"\" class=\"wp-image-2672\" srcset=\"https:\/\/ww16.ce.gov.br\/ceasa-ce\/wp-content\/uploads\/sites\/34\/2019\/11\/infra-estrutura.png 773w, https:\/\/ww16.ce.gov.br\/ceasa-ce\/wp-content\/uploads\/sites\/34\/2019\/11\/infra-estrutura-600x420.png 600w, https:\/\/ww16.ce.gov.br\/ceasa-ce\/wp-content\/uploads\/sites\/34\/2019\/11\/infra-estrutura-768x538.png 768w\" sizes=\"auto, (max-width: 773px) 100vw, 773px\" \/><\/figure>\n\n\n\n<p>&nbsp;<\/p>\n\n\n\n<p class=\"has-medium-font-size\"><strong>Descri\u00e7\u00e3o:<\/strong><\/p>\n\n\n\n<ul class=\"wp-block-list\">\n<li><h4>7 Galp\u00f5es permanentes para hortigranjeiros com 168 lojas<\/h4><\/li>\n\n\n\n<li><h4>3 Galp\u00f5es n\u00e3o permanentes com 1.770 m\u00f3dulos para comercializa\u00e7\u00e3o<\/h4><\/li>\n\n\n\n<li><h4>2 Galp\u00f5es cobertos para comercializa\u00e7\u00e3o de milho verde<\/h4><\/li>\n\n\n\n<li><h4>1 Galp\u00e3o para estiva e cereais com 38 lojas<\/h4><\/li>\n\n\n\n<li><h4>1 Galp\u00e3o para frigorificos com 25 lojas<\/h4><\/li>\n\n\n\n<li><h4>1 Galp\u00e3o para produtos at\u00edpicos com 50 lojas<\/h4><\/li>\n\n\n\n<li><h4>1 Galp\u00e3o do produtor com 416 m\u00f3dulos de comercializa\u00e7\u00e3o<\/h4><\/li>\n\n\n\n<li><h4>1 Galp\u00e3o para carregadores aut\u00f4nomos com 500 vagas<\/h4><\/li>\n\n\n\n<li><h4>3 Ag\u00eancias banc\u00e1rias (Banco do Brasil, Bradesco e Banco do Nordeste)<\/h4><\/li>\n\n\n\n<li><h4>1 Cart\u00f3rio de Of\u00edcio<\/h4><\/li>\n\n\n\n<li><h4>1 N\u00facleo da SEFAZ<\/h4><\/li>\n\n\n\n<li><h4>1 Posto da Policia Militar<\/h4><\/li>\n\n\n\n<li><h4>1 Posto de gasolina<\/h4><\/li>\n\n\n\n<li><h4>1 Estacionamento para motos e bicicletas com 1.600 vagas<\/h4><\/li>\n\n\n\n<li><h4>2 Estacionamentos para ve\u00edculos com 600 vagas<\/h4><\/li>\n\n\n\n<li><h4>15 Lanchonetes<\/h4><\/li>\n\n\n\n<li><h4>2 Baterias de banheiros p\u00fablicos<\/h4><br><\/li>\n<\/ul>\n\n\n\n<p>&nbsp;<\/p>\n\n\n\n<p>&nbsp;<\/p>\n","protected":false},"excerpt":{"rendered":"<p>&nbsp; Descri\u00e7\u00e3o: &nbsp; &nbsp;<\/p>\n","protected":false},"author":274,"featured_media":0,"parent":0,"menu_order":0,"comment_status":"closed","ping_status":"closed","template":"","meta":{"_acf_changed":false,"inline_featured_image":false,"footnotes":""},"class_list":["post-1695","page","type-page","status-publish","hentry"],"acf":[],"yoast_head":"<!-- This site is optimized with the Yoast SEO plugin v26.9 - https:\/\/yoast.com\/product\/yoast-seo-wordpress\/ -->\n<title>Estrutura F\u00edsica - CEASA-CE<\/title>\n<meta name=\"robots\" content=\"index, follow, max-snippet:-1, max-image-preview:large, max-video-preview:-1\" \/>\n<link rel=\"canonical\" href=\"https:\/\/ww16.ce.gov.br\/ceasa-ce\/estrutura-fisica\/\" \/>\n<meta property=\"og:locale\" content=\"pt_BR\" \/>\n<meta property=\"og:type\" content=\"article\" \/>\n<meta property=\"og:title\" content=\"Estrutura F\u00edsica - CEASA-CE\" \/>\n<meta property=\"og:description\" content=\"&nbsp; Descri\u00e7\u00e3o: &nbsp; &nbsp;\" \/>\n<meta property=\"og:url\" content=\"https:\/\/ww16.ce.gov.br\/ceasa-ce\/estrutura-fisica\/\" \/>\n<meta property=\"og:site_name\" content=\"CEASA-CE\" \/>\n<meta property=\"article:modified_time\" content=\"2026-05-13T15:28:30+00:00\" \/>\n<meta property=\"og:image\" content=\"https:\/\/ww16.ce.gov.br\/ceasa-ce\/wp-content\/uploads\/sites\/34\/2019\/11\/infra-estrutura.png\" \/>\n\t<meta property=\"og:image:width\" content=\"773\" \/>\n\t<meta property=\"og:image:height\" content=\"541\" \/>\n\t<meta property=\"og:image:type\" content=\"image\/png\" \/>\n<meta name=\"twitter:card\" content=\"summary_large_image\" \/>\n<meta name=\"twitter:label1\" content=\"Est. reading time\" \/>\n\t<meta name=\"twitter:data1\" content=\"1 minuto\" \/>\n<script type=\"application\/ld+json\" class=\"yoast-schema-graph\">{\"@context\":\"https:\/\/schema.org\",\"@graph\":[{\"@type\":\"WebPage\",\"@id\":\"https:\/\/ww16.ce.gov.br\/ceasa-ce\/estrutura-fisica\/\",\"url\":\"https:\/\/ww16.ce.gov.br\/ceasa-ce\/estrutura-fisica\/\",\"name\":\"Estrutura F\u00edsica - CEASA-CE\",\"isPartOf\":{\"@id\":\"https:\/\/ww16.ce.gov.br\/ceasa-ce\/#website\"},\"primaryImageOfPage\":{\"@id\":\"https:\/\/ww16.ce.gov.br\/ceasa-ce\/estrutura-fisica\/#primaryimage\"},\"image\":{\"@id\":\"https:\/\/ww16.ce.gov.br\/ceasa-ce\/estrutura-fisica\/#primaryimage\"},\"thumbnailUrl\":\"https:\/\/ww16.ce.gov.br\/ceasa-ce\/wp-content\/uploads\/sites\/34\/2019\/11\/infra-estrutura.png\",\"datePublished\":\"2018-09-28T15:27:59+00:00\",\"dateModified\":\"2026-05-13T15:28:30+00:00\",\"breadcrumb\":{\"@id\":\"https:\/\/ww16.ce.gov.br\/ceasa-ce\/estrutura-fisica\/#breadcrumb\"},\"inLanguage\":\"pt-BR\",\"potentialAction\":[{\"@type\":\"ReadAction\",\"target\":[\"https:\/\/ww16.ce.gov.br\/ceasa-ce\/estrutura-fisica\/\"]}]},{\"@type\":\"ImageObject\",\"inLanguage\":\"pt-BR\",\"@id\":\"https:\/\/ww16.ce.gov.br\/ceasa-ce\/estrutura-fisica\/#primaryimage\",\"url\":\"https:\/\/ww16.ce.gov.br\/ceasa-ce\/wp-content\/uploads\/sites\/34\/2019\/11\/infra-estrutura.png\",\"contentUrl\":\"https:\/\/ww16.ce.gov.br\/ceasa-ce\/wp-content\/uploads\/sites\/34\/2019\/11\/infra-estrutura.png\",\"width\":773,\"height\":541},{\"@type\":\"BreadcrumbList\",\"@id\":\"https:\/\/ww16.ce.gov.br\/ceasa-ce\/estrutura-fisica\/#breadcrumb\",\"itemListElement\":[{\"@type\":\"ListItem\",\"position\":1,\"name\":\"Home\",\"item\":\"https:\/\/ww16.ce.gov.br\/ceasa-ce\/\"},{\"@type\":\"ListItem\",\"position\":2,\"name\":\"Estrutura F\u00edsica\"}]},{\"@type\":\"WebSite\",\"@id\":\"https:\/\/ww16.ce.gov.br\/ceasa-ce\/#website\",\"url\":\"https:\/\/ww16.ce.gov.br\/ceasa-ce\/\",\"name\":\"CEASA-CE\",\"description\":\"Portal CEASA-CE\",\"potentialAction\":[{\"@type\":\"SearchAction\",\"target\":{\"@type\":\"EntryPoint\",\"urlTemplate\":\"https:\/\/ww16.ce.gov.br\/ceasa-ce\/?s={search_term_string}\"},\"query-input\":{\"@type\":\"PropertyValueSpecification\",\"valueRequired\":true,\"valueName\":\"search_term_string\"}}],\"inLanguage\":\"pt-BR\"}]}<\/script>\n<!-- \/ Yoast SEO plugin. -->","yoast_head_json":{"title":"Estrutura F\u00edsica - CEASA-CE","robots":{"index":"index","follow":"follow","max-snippet":"max-snippet:-1","max-image-preview":"max-image-preview:large","max-video-preview":"max-video-preview:-1"},"canonical":"https:\/\/ww16.ce.gov.br\/ceasa-ce\/estrutura-fisica\/","og_locale":"pt_BR","og_type":"article","og_title":"Estrutura F\u00edsica - CEASA-CE","og_description":"&nbsp; Descri\u00e7\u00e3o: &nbsp; &nbsp;","og_url":"https:\/\/ww16.ce.gov.br\/ceasa-ce\/estrutura-fisica\/","og_site_name":"CEASA-CE","article_modified_time":"2026-05-13T15:28:30+00:00","og_image":[{"width":773,"height":541,"url":"https:\/\/ww16.ce.gov.br\/ceasa-ce\/wp-content\/uploads\/sites\/34\/2019\/11\/infra-estrutura.png","type":"image\/png"}],"twitter_card":"summary_large_image","twitter_misc":{"Est. reading time":"1 minuto"},"schema":{"@context":"https:\/\/schema.org","@graph":[{"@type":"WebPage","@id":"https:\/\/ww16.ce.gov.br\/ceasa-ce\/estrutura-fisica\/","url":"https:\/\/ww16.ce.gov.br\/ceasa-ce\/estrutura-fisica\/","name":"Estrutura F\u00edsica - CEASA-CE","isPartOf":{"@id":"https:\/\/ww16.ce.gov.br\/ceasa-ce\/#website"},"primaryImageOfPage":{"@id":"https:\/\/ww16.ce.gov.br\/ceasa-ce\/estrutura-fisica\/#primaryimage"},"image":{"@id":"https:\/\/ww16.ce.gov.br\/ceasa-ce\/estrutura-fisica\/#primaryimage"},"thumbnailUrl":"https:\/\/ww16.ce.gov.br\/ceasa-ce\/wp-content\/uploads\/sites\/34\/2019\/11\/infra-estrutura.png","datePublished":"2018-09-28T15:27:59+00:00","dateModified":"2026-05-13T15:28:30+00:00","breadcrumb":{"@id":"https:\/\/ww16.ce.gov.br\/ceasa-ce\/estrutura-fisica\/#breadcrumb"},"inLanguage":"pt-BR","potentialAction":[{"@type":"ReadAction","target":["https:\/\/ww16.ce.gov.br\/ceasa-ce\/estrutura-fisica\/"]}]},{"@type":"ImageObject","inLanguage":"pt-BR","@id":"https:\/\/ww16.ce.gov.br\/ceasa-ce\/estrutura-fisica\/#primaryimage","url":"https:\/\/ww16.ce.gov.br\/ceasa-ce\/wp-content\/uploads\/sites\/34\/2019\/11\/infra-estrutura.png","contentUrl":"https:\/\/ww16.ce.gov.br\/ceasa-ce\/wp-content\/uploads\/sites\/34\/2019\/11\/infra-estrutura.png","width":773,"height":541},{"@type":"BreadcrumbList","@id":"https:\/\/ww16.ce.gov.br\/ceasa-ce\/estrutura-fisica\/#breadcrumb","itemListElement":[{"@type":"ListItem","position":1,"name":"Home","item":"https:\/\/ww16.ce.gov.br\/ceasa-ce\/"},{"@type":"ListItem","position":2,"name":"Estrutura F\u00edsica"}]},{"@type":"WebSite","@id":"https:\/\/ww16.ce.gov.br\/ceasa-ce\/#website","url":"https:\/\/ww16.ce.gov.br\/ceasa-ce\/","name":"CEASA-CE","description":"Portal CEASA-CE","potentialAction":[{"@type":"SearchAction","target":{"@type":"EntryPoint","urlTemplate":"https:\/\/ww16.ce.gov.br\/ceasa-ce\/?s={search_term_string}"},"query-input":{"@type":"PropertyValueSpecification","valueRequired":true,"valueName":"search_term_string"}}],"inLanguage":"pt-BR"}]}},"_links":{"self":[{"href":"https:\/\/ww16.ce.gov.br\/ceasa-ce\/wp-json\/wp\/v2\/pages\/1695","targetHints":{"allow":["GET"]}}],"collection":[{"href":"https:\/\/ww16.ce.gov.br\/ceasa-ce\/wp-json\/wp\/v2\/pages"}],"about":[{"href":"https:\/\/ww16.ce.gov.br\/ceasa-ce\/wp-json\/wp\/v2\/types\/page"}],"author":[{"embeddable":true,"href":"https:\/\/ww16.ce.gov.br\/ceasa-ce\/wp-json\/wp\/v2\/users\/274"}],"replies":[{"embeddable":true,"href":"https:\/\/ww16.ce.gov.br\/ceasa-ce\/wp-json\/wp\/v2\/comments?post=1695"}],"version-history":[{"count":10,"href":"https:\/\/ww16.ce.gov.br\/ceasa-ce\/wp-json\/wp\/v2\/pages\/1695\/revisions"}],"predecessor-version":[{"id":11160,"href":"https:\/\/ww16.ce.gov.br\/ceasa-ce\/wp-json\/wp\/v2\/pages\/1695\/revisions\/11160"}],"wp:attachment":[{"href":"https:\/\/ww16.ce.gov.br\/ceasa-ce\/wp-json\/wp\/v2\/media?parent=1695"}],"curies":[{"name":"wp","href":"https:\/\/api.w.org\/{rel}","templated":true}]}}