{"id":121,"date":"2017-11-21T16:04:38","date_gmt":"2017-11-21T18:04:38","guid":{"rendered":"http:\/\/www.ceara.gov.br\/ceasa\/?page_id=121"},"modified":"2026-03-05T14:11:43","modified_gmt":"2026-03-05T17:11:43","slug":"imprensa","status":"publish","type":"page","link":"https:\/\/ww16.ce.gov.br\/ceasa-ce\/","title":{"rendered":"P\u00e1gina inicial"},"content":{"rendered":"\n<p><strong>Sobre a Ceasa-CE<\/strong><\/p>\n\n\n\n<p>A CEASA-CE \u00e9 um dos principais centros de abastecimento do Nordeste, conectando produtores rurais, comerciantes e consumidores. Nosso compromisso \u00e9 garantir a distribui\u00e7\u00e3o eficiente de frutas, verduras, legumes e outros produtos aliment\u00edcios, promovendo qualidade, seguran\u00e7a e desenvolvimento para toda a cadeia produtiva.<\/p>\n\n\n\n<p>Aqui voc\u00ea encontra informa\u00e7\u00f5es, servi\u00e7os e oportunidades que fortalecem o abastecimento e valorizam quem produz e quem comercializa.<\/p>\n\n\n\n<figure class=\"wp-block-image size-large\"><img loading=\"lazy\" decoding=\"async\" width=\"1200\" height=\"675\" src=\"https:\/\/ww16.ce.gov.br\/ceasa-ce\/wp-content\/uploads\/sites\/34\/2026\/03\/image-1200x675.png\" alt=\"\" class=\"wp-image-10418\" srcset=\"https:\/\/ww16.ce.gov.br\/ceasa-ce\/wp-content\/uploads\/sites\/34\/2026\/03\/image-1200x675.png 1200w, https:\/\/ww16.ce.gov.br\/ceasa-ce\/wp-content\/uploads\/sites\/34\/2026\/03\/image-600x338.png 600w, https:\/\/ww16.ce.gov.br\/ceasa-ce\/wp-content\/uploads\/sites\/34\/2026\/03\/image-768x432.png 768w, https:\/\/ww16.ce.gov.br\/ceasa-ce\/wp-content\/uploads\/sites\/34\/2026\/03\/image-1536x864.png 1536w, https:\/\/ww16.ce.gov.br\/ceasa-ce\/wp-content\/uploads\/sites\/34\/2026\/03\/image.png 2048w\" sizes=\"auto, (max-width: 1200px) 100vw, 1200px\" \/><\/figure>\n","protected":false},"excerpt":{"rendered":"<p>Sobre a Ceasa-CE A CEASA-CE \u00e9 um dos principais centros de abastecimento do Nordeste, conectando produtores rurais, comerciantes e consumidores. Nosso compromisso \u00e9 garantir a distribui\u00e7\u00e3o eficiente de frutas, verduras, legumes e outros produtos aliment\u00edcios, promovendo qualidade, seguran\u00e7a e desenvolvimento para toda a cadeia produtiva. Aqui voc\u00ea encontra informa\u00e7\u00f5es, servi\u00e7os e oportunidades que fortalecem o [&hellip;]<\/p>\n","protected":false},"author":98,"featured_media":0,"parent":0,"menu_order":0,"comment_status":"closed","ping_status":"closed","template":"","meta":{"_acf_changed":false,"inline_featured_image":false,"footnotes":""},"class_list":["post-121","page","type-page","status-publish","hentry"],"acf":[],"yoast_head":"<!-- This site is optimized with the Yoast SEO plugin v26.9 - https:\/\/yoast.com\/product\/yoast-seo-wordpress\/ -->\n<title>P\u00e1gina inicial - CEASA-CE<\/title>\n<meta name=\"robots\" content=\"index, follow, max-snippet:-1, max-image-preview:large, max-video-preview:-1\" \/>\n<link rel=\"canonical\" href=\"https:\/\/ww16.ce.gov.br\/ceasa-ce\/\" \/>\n<meta property=\"og:locale\" content=\"pt_BR\" \/>\n<meta property=\"og:type\" content=\"article\" \/>\n<meta property=\"og:title\" content=\"P\u00e1gina inicial - CEASA-CE\" \/>\n<meta property=\"og:description\" content=\"Sobre a Ceasa-CE A CEASA-CE \u00e9 um dos principais centros de abastecimento do Nordeste, conectando produtores rurais, comerciantes e consumidores. Nosso compromisso \u00e9 garantir a distribui\u00e7\u00e3o eficiente de frutas, verduras, legumes e outros produtos aliment\u00edcios, promovendo qualidade, seguran\u00e7a e desenvolvimento para toda a cadeia produtiva. Aqui voc\u00ea encontra informa\u00e7\u00f5es, servi\u00e7os e oportunidades que fortalecem o [&hellip;]\" \/>\n<meta property=\"og:url\" content=\"https:\/\/ww16.ce.gov.br\/ceasa-ce\/\" \/>\n<meta property=\"og:site_name\" content=\"CEASA-CE\" \/>\n<meta property=\"article:modified_time\" content=\"2026-03-05T17:11:43+00:00\" \/>\n<meta property=\"og:image\" content=\"http:\/\/ww16.ce.gov.br\/ceasa-ce\/wp-content\/uploads\/sites\/34\/2026\/03\/image-1200x675.png\" \/>\n<meta name=\"twitter:card\" content=\"summary_large_image\" \/>\n<meta name=\"twitter:label1\" content=\"Est. reading time\" \/>\n\t<meta name=\"twitter:data1\" content=\"1 minuto\" \/>\n<script type=\"application\/ld+json\" class=\"yoast-schema-graph\">{\"@context\":\"https:\/\/schema.org\",\"@graph\":[{\"@type\":\"WebPage\",\"@id\":\"https:\/\/ww16.ce.gov.br\/ceasa-ce\/\",\"url\":\"https:\/\/ww16.ce.gov.br\/ceasa-ce\/\",\"name\":\"P\u00e1gina inicial - CEASA-CE\",\"isPartOf\":{\"@id\":\"https:\/\/ww16.ce.gov.br\/ceasa-ce\/#website\"},\"primaryImageOfPage\":{\"@id\":\"https:\/\/ww16.ce.gov.br\/ceasa-ce\/#primaryimage\"},\"image\":{\"@id\":\"https:\/\/ww16.ce.gov.br\/ceasa-ce\/#primaryimage\"},\"thumbnailUrl\":\"http:\/\/ww16.ce.gov.br\/ceasa-ce\/wp-content\/uploads\/sites\/34\/2026\/03\/image-1200x675.png\",\"datePublished\":\"2017-11-21T18:04:38+00:00\",\"dateModified\":\"2026-03-05T17:11:43+00:00\",\"breadcrumb\":{\"@id\":\"https:\/\/ww16.ce.gov.br\/ceasa-ce\/#breadcrumb\"},\"inLanguage\":\"pt-BR\",\"potentialAction\":[{\"@type\":\"ReadAction\",\"target\":[\"https:\/\/ww16.ce.gov.br\/ceasa-ce\/\"]}]},{\"@type\":\"ImageObject\",\"inLanguage\":\"pt-BR\",\"@id\":\"https:\/\/ww16.ce.gov.br\/ceasa-ce\/#primaryimage\",\"url\":\"https:\/\/ww16.ce.gov.br\/ceasa-ce\/wp-content\/uploads\/sites\/34\/2026\/03\/image.png\",\"contentUrl\":\"https:\/\/ww16.ce.gov.br\/ceasa-ce\/wp-content\/uploads\/sites\/34\/2026\/03\/image.png\",\"width\":2048,\"height\":1152},{\"@type\":\"BreadcrumbList\",\"@id\":\"https:\/\/ww16.ce.gov.br\/ceasa-ce\/#breadcrumb\",\"itemListElement\":[{\"@type\":\"ListItem\",\"position\":1,\"name\":\"Home\",\"item\":\"https:\/\/ww16.ce.gov.br\/ceasa-ce\/\"},{\"@type\":\"ListItem\",\"position\":2,\"name\":\"P\u00e1gina inicial\"}]},{\"@type\":\"WebSite\",\"@id\":\"https:\/\/ww16.ce.gov.br\/ceasa-ce\/#website\",\"url\":\"https:\/\/ww16.ce.gov.br\/ceasa-ce\/\",\"name\":\"CEASA-CE\",\"description\":\"Portal CEASA-CE\",\"potentialAction\":[{\"@type\":\"SearchAction\",\"target\":{\"@type\":\"EntryPoint\",\"urlTemplate\":\"https:\/\/ww16.ce.gov.br\/ceasa-ce\/?s={search_term_string}\"},\"query-input\":{\"@type\":\"PropertyValueSpecification\",\"valueRequired\":true,\"valueName\":\"search_term_string\"}}],\"inLanguage\":\"pt-BR\"}]}<\/script>\n<!-- \/ Yoast SEO plugin. -->","yoast_head_json":{"title":"P\u00e1gina inicial - CEASA-CE","robots":{"index":"index","follow":"follow","max-snippet":"max-snippet:-1","max-image-preview":"max-image-preview:large","max-video-preview":"max-video-preview:-1"},"canonical":"https:\/\/ww16.ce.gov.br\/ceasa-ce\/","og_locale":"pt_BR","og_type":"article","og_title":"P\u00e1gina inicial - CEASA-CE","og_description":"Sobre a Ceasa-CE A CEASA-CE \u00e9 um dos principais centros de abastecimento do Nordeste, conectando produtores rurais, comerciantes e consumidores. Nosso compromisso \u00e9 garantir a distribui\u00e7\u00e3o eficiente de frutas, verduras, legumes e outros produtos aliment\u00edcios, promovendo qualidade, seguran\u00e7a e desenvolvimento para toda a cadeia produtiva. Aqui voc\u00ea encontra informa\u00e7\u00f5es, servi\u00e7os e oportunidades que fortalecem o [&hellip;]","og_url":"https:\/\/ww16.ce.gov.br\/ceasa-ce\/","og_site_name":"CEASA-CE","article_modified_time":"2026-03-05T17:11:43+00:00","og_image":[{"url":"http:\/\/ww16.ce.gov.br\/ceasa-ce\/wp-content\/uploads\/sites\/34\/2026\/03\/image-1200x675.png","type":"","width":"","height":""}],"twitter_card":"summary_large_image","twitter_misc":{"Est. reading time":"1 minuto"},"schema":{"@context":"https:\/\/schema.org","@graph":[{"@type":"WebPage","@id":"https:\/\/ww16.ce.gov.br\/ceasa-ce\/","url":"https:\/\/ww16.ce.gov.br\/ceasa-ce\/","name":"P\u00e1gina inicial - CEASA-CE","isPartOf":{"@id":"https:\/\/ww16.ce.gov.br\/ceasa-ce\/#website"},"primaryImageOfPage":{"@id":"https:\/\/ww16.ce.gov.br\/ceasa-ce\/#primaryimage"},"image":{"@id":"https:\/\/ww16.ce.gov.br\/ceasa-ce\/#primaryimage"},"thumbnailUrl":"http:\/\/ww16.ce.gov.br\/ceasa-ce\/wp-content\/uploads\/sites\/34\/2026\/03\/image-1200x675.png","datePublished":"2017-11-21T18:04:38+00:00","dateModified":"2026-03-05T17:11:43+00:00","breadcrumb":{"@id":"https:\/\/ww16.ce.gov.br\/ceasa-ce\/#breadcrumb"},"inLanguage":"pt-BR","potentialAction":[{"@type":"ReadAction","target":["https:\/\/ww16.ce.gov.br\/ceasa-ce\/"]}]},{"@type":"ImageObject","inLanguage":"pt-BR","@id":"https:\/\/ww16.ce.gov.br\/ceasa-ce\/#primaryimage","url":"https:\/\/ww16.ce.gov.br\/ceasa-ce\/wp-content\/uploads\/sites\/34\/2026\/03\/image.png","contentUrl":"https:\/\/ww16.ce.gov.br\/ceasa-ce\/wp-content\/uploads\/sites\/34\/2026\/03\/image.png","width":2048,"height":1152},{"@type":"BreadcrumbList","@id":"https:\/\/ww16.ce.gov.br\/ceasa-ce\/#breadcrumb","itemListElement":[{"@type":"ListItem","position":1,"name":"Home","item":"https:\/\/ww16.ce.gov.br\/ceasa-ce\/"},{"@type":"ListItem","position":2,"name":"P\u00e1gina inicial"}]},{"@type":"WebSite","@id":"https:\/\/ww16.ce.gov.br\/ceasa-ce\/#website","url":"https:\/\/ww16.ce.gov.br\/ceasa-ce\/","name":"CEASA-CE","description":"Portal CEASA-CE","potentialAction":[{"@type":"SearchAction","target":{"@type":"EntryPoint","urlTemplate":"https:\/\/ww16.ce.gov.br\/ceasa-ce\/?s={search_term_string}"},"query-input":{"@type":"PropertyValueSpecification","valueRequired":true,"valueName":"search_term_string"}}],"inLanguage":"pt-BR"}]}},"_links":{"self":[{"href":"https:\/\/ww16.ce.gov.br\/ceasa-ce\/wp-json\/wp\/v2\/pages\/121","targetHints":{"allow":["GET"]}}],"collection":[{"href":"https:\/\/ww16.ce.gov.br\/ceasa-ce\/wp-json\/wp\/v2\/pages"}],"about":[{"href":"https:\/\/ww16.ce.gov.br\/ceasa-ce\/wp-json\/wp\/v2\/types\/page"}],"author":[{"embeddable":true,"href":"https:\/\/ww16.ce.gov.br\/ceasa-ce\/wp-json\/wp\/v2\/users\/98"}],"replies":[{"embeddable":true,"href":"https:\/\/ww16.ce.gov.br\/ceasa-ce\/wp-json\/wp\/v2\/comments?post=121"}],"version-history":[{"count":10,"href":"https:\/\/ww16.ce.gov.br\/ceasa-ce\/wp-json\/wp\/v2\/pages\/121\/revisions"}],"predecessor-version":[{"id":10927,"href":"https:\/\/ww16.ce.gov.br\/ceasa-ce\/wp-json\/wp\/v2\/pages\/121\/revisions\/10927"}],"wp:attachment":[{"href":"https:\/\/ww16.ce.gov.br\/ceasa-ce\/wp-json\/wp\/v2\/media?parent=121"}],"curies":[{"name":"wp","href":"https:\/\/api.w.org\/{rel}","templated":true}]}}