{"id":11256,"date":"2026-05-14T10:52:32","date_gmt":"2026-05-14T13:52:32","guid":{"rendered":"https:\/\/ww16.ce.gov.br\/ceasa-ce\/?page_id=11256"},"modified":"2026-05-14T10:52:36","modified_gmt":"2026-05-14T13:52:36","slug":"licitacao","status":"publish","type":"page","link":"https:\/\/ww16.ce.gov.br\/ceasa-ce\/licitacao\/","title":{"rendered":"Licita\u00e7\u00e3o"},"content":{"rendered":"\n\n<h2><strong><br>Licita\u00e7\u00e3o<br><\/strong><\/h2>\n<br>\n<ul style=\"padding: 0;margin: 0\">\n    <li style=\"list-style-type: none;margin: 0;padding: 0\">\n        <a href=\"https:\/\/ww16.ce.gov.br\/ceasa-ce\/download\/contratacao-emergencial-junho-2025\/\" target=\"_blank\" rel=\"noopener noreferrer\" style=\"padding: 12px 16px;margin-bottom: 8px;color: #3b4e5c;border-left: 5px solid #008542;text-decoration: none;font-family: Arial, sans-serif;font-weight: bold;background-color: transparent\">CHAMAMENTO PARA CONTRATA\u00c7\u00c3O EMERGENCIAL MARACANA\u00da &#8211; JUNHO\/2025<\/a>\n    <\/li>\n<\/ul>\n<br>\n<ul style=\"padding: 0;margin: 0\">\n    <li style=\"list-style-type: none;margin: 0;padding: 0\">\n        <a href=\"https:\/\/ww16.ce.gov.br\/ceasa-ce\/download\/contracao-emergencial-122023\/\" target=\"_blank\" rel=\"noopener noreferrer\" style=\"padding: 12px 16px;margin-bottom: 8px;color: #3b4e5c;border-left: 5px solid #008542;text-decoration: none;font-family: Arial, sans-serif;font-weight: bold;background-color: transparent\">CHAMAMENTO PARA CONTRATA\u00c7\u00c3O EMERGENCIAL MARACANA\u00da &#8211; DEZEMBRO\/2023<\/a>\n    <\/li>\n<\/ul>\n<br>\n<ul style=\"padding: 0;margin: 0\">\n    <li style=\"list-style-type: none;margin: 0;padding: 0\">\n        <a href=\"https:\/\/ww16.ce.gov.br\/ceasa-ce\/download\/contratacao-emergencial-062024\/\" target=\"_blank\" rel=\"noopener noreferrer\" style=\"padding: 12px 16px;margin-bottom: 8px;color: #3b4e5c;border-left: 5px solid #008542;text-decoration: none;font-family: Arial, sans-serif;font-weight: bold;background-color: transparent\">CHAMAMENTO PARA CONTRATA\u00c7\u00c3O EMERGENCIAL MARACANA\u00da &#8211; JUNHO\/2024<\/a>\n    <\/li>\n<\/ul>\n<br>\n<ul style=\"padding: 0;margin: 0\">\n    <li style=\"list-style-type: none;margin: 0;padding: 0\">\n        <a href=\"https:\/\/ww16.ce.gov.br\/ceasa-ce\/download\/licitacoes-maracanau\/\" target=\"_blank\" rel=\"noopener noreferrer\" style=\"padding: 12px 16px;margin-bottom: 8px;color: #3b4e5c;border-left: 5px solid #008542;text-decoration: none;font-family: Arial, sans-serif;font-weight: bold;background-color: transparent\">LICITA\u00c7\u00d5ES MARACANA\u00da<\/a>\n    <\/li>\n<\/ul>\n<br>\n<ul style=\"padding: 0;margin: 0\">\n    <li style=\"list-style-type: none;margin: 0;padding: 0\">\n        <a href=\"https:\/\/ww16.ce.gov.br\/ceasa-ce\/download\/dispensa-de-licitacao-cariri\/\" target=\"_blank\" rel=\"noopener noreferrer\" style=\"padding: 12px 16px;margin-bottom: 8px;color: #3b4e5c;border-left: 5px solid #008542;text-decoration: none;font-family: Arial, sans-serif;font-weight: bold;background-color: transparent\">LICITA\u00c7\u00d5ES CARIRI<\/a>\n    <\/li>\n<\/ul>\n<br>\n<ul style=\"padding: 0;margin: 0\">\n    <li style=\"list-style-type: none;margin: 0;padding: 0\">\n        <a href=\"https:\/\/ww16.ce.gov.br\/ceasa-ce\/download\/dispensa-de-licitacao-tiangua\/\" target=\"_blank\" rel=\"noopener noreferrer\" style=\"padding: 12px 16px;margin-bottom: 8px;color: #3b4e5c;border-left: 5px solid #008542;text-decoration: none;font-family: Arial, sans-serif;font-weight: bold;background-color: transparent\">LICITA\u00c7\u00d5ES TIANGU\u00c1<\/a>\n    <\/li>\n<\/ul>\n<br>\n<ul style=\"padding: 0;margin: 0\">\n    <li style=\"list-style-type: none;margin: 0;padding: 0\">\n        <a href=\"https:\/\/ww16.ce.gov.br\/ceasa-ce\/download\/extratosdecontratos\/\" target=\"_blank\" rel=\"noopener noreferrer\" style=\"padding: 12px 16px;margin-bottom: 8px;color: #3b4e5c;border-left: 5px solid #008542;text-decoration: none;font-family: Arial, sans-serif;font-weight: bold;background-color: transparent\">EXTRATOS DE CONTRATOS<\/a>\n    <\/li>\n<\/ul>\n","protected":false},"excerpt":{"rendered":"<p>Licita\u00e7\u00e3o CHAMAMENTO PARA CONTRATA\u00c7\u00c3O EMERGENCIAL MARACANA\u00da &#8211; JUNHO\/2025 CHAMAMENTO PARA CONTRATA\u00c7\u00c3O EMERGENCIAL MARACANA\u00da &#8211; DEZEMBRO\/2023 CHAMAMENTO PARA CONTRATA\u00c7\u00c3O EMERGENCIAL MARACANA\u00da &#8211; JUNHO\/2024 LICITA\u00c7\u00d5ES MARACANA\u00da LICITA\u00c7\u00d5ES CARIRI LICITA\u00c7\u00d5ES TIANGU\u00c1 EXTRATOS DE CONTRATOS<\/p>\n","protected":false},"author":160,"featured_media":0,"parent":0,"menu_order":0,"comment_status":"closed","ping_status":"closed","template":"","meta":{"_acf_changed":false,"inline_featured_image":false,"footnotes":""},"class_list":["post-11256","page","type-page","status-publish","hentry"],"acf":[],"yoast_head":"<!-- This site is optimized with the Yoast SEO plugin v26.9 - https:\/\/yoast.com\/product\/yoast-seo-wordpress\/ -->\n<title>Licita\u00e7\u00e3o - CEASA-CE<\/title>\n<meta name=\"robots\" content=\"index, follow, max-snippet:-1, max-image-preview:large, max-video-preview:-1\" \/>\n<link rel=\"canonical\" href=\"https:\/\/ww16.ce.gov.br\/ceasa-ce\/licitacao\/\" \/>\n<meta property=\"og:locale\" content=\"pt_BR\" \/>\n<meta property=\"og:type\" content=\"article\" \/>\n<meta property=\"og:title\" content=\"Licita\u00e7\u00e3o - CEASA-CE\" \/>\n<meta property=\"og:description\" content=\"Licita\u00e7\u00e3o CHAMAMENTO PARA CONTRATA\u00c7\u00c3O EMERGENCIAL MARACANA\u00da &#8211; JUNHO\/2025 CHAMAMENTO PARA CONTRATA\u00c7\u00c3O EMERGENCIAL MARACANA\u00da &#8211; DEZEMBRO\/2023 CHAMAMENTO PARA CONTRATA\u00c7\u00c3O EMERGENCIAL MARACANA\u00da &#8211; JUNHO\/2024 LICITA\u00c7\u00d5ES MARACANA\u00da LICITA\u00c7\u00d5ES CARIRI LICITA\u00c7\u00d5ES TIANGU\u00c1 EXTRATOS DE CONTRATOS\" \/>\n<meta property=\"og:url\" content=\"https:\/\/ww16.ce.gov.br\/ceasa-ce\/licitacao\/\" \/>\n<meta property=\"og:site_name\" content=\"CEASA-CE\" \/>\n<meta property=\"article:modified_time\" content=\"2026-05-14T13:52:36+00:00\" \/>\n<meta name=\"twitter:card\" content=\"summary_large_image\" \/>\n<meta name=\"twitter:label1\" content=\"Est. reading time\" \/>\n\t<meta name=\"twitter:data1\" content=\"1 minuto\" \/>\n<script type=\"application\/ld+json\" class=\"yoast-schema-graph\">{\"@context\":\"https:\/\/schema.org\",\"@graph\":[{\"@type\":\"WebPage\",\"@id\":\"https:\/\/ww16.ce.gov.br\/ceasa-ce\/licitacao\/\",\"url\":\"https:\/\/ww16.ce.gov.br\/ceasa-ce\/licitacao\/\",\"name\":\"Licita\u00e7\u00e3o - CEASA-CE\",\"isPartOf\":{\"@id\":\"https:\/\/ww16.ce.gov.br\/ceasa-ce\/#website\"},\"datePublished\":\"2026-05-14T13:52:32+00:00\",\"dateModified\":\"2026-05-14T13:52:36+00:00\",\"breadcrumb\":{\"@id\":\"https:\/\/ww16.ce.gov.br\/ceasa-ce\/licitacao\/#breadcrumb\"},\"inLanguage\":\"pt-BR\",\"potentialAction\":[{\"@type\":\"ReadAction\",\"target\":[\"https:\/\/ww16.ce.gov.br\/ceasa-ce\/licitacao\/\"]}]},{\"@type\":\"BreadcrumbList\",\"@id\":\"https:\/\/ww16.ce.gov.br\/ceasa-ce\/licitacao\/#breadcrumb\",\"itemListElement\":[{\"@type\":\"ListItem\",\"position\":1,\"name\":\"Home\",\"item\":\"https:\/\/ww16.ce.gov.br\/ceasa-ce\/\"},{\"@type\":\"ListItem\",\"position\":2,\"name\":\"Licita\u00e7\u00e3o\"}]},{\"@type\":\"WebSite\",\"@id\":\"https:\/\/ww16.ce.gov.br\/ceasa-ce\/#website\",\"url\":\"https:\/\/ww16.ce.gov.br\/ceasa-ce\/\",\"name\":\"CEASA-CE\",\"description\":\"Portal CEASA-CE\",\"potentialAction\":[{\"@type\":\"SearchAction\",\"target\":{\"@type\":\"EntryPoint\",\"urlTemplate\":\"https:\/\/ww16.ce.gov.br\/ceasa-ce\/?s={search_term_string}\"},\"query-input\":{\"@type\":\"PropertyValueSpecification\",\"valueRequired\":true,\"valueName\":\"search_term_string\"}}],\"inLanguage\":\"pt-BR\"}]}<\/script>\n<!-- \/ Yoast SEO plugin. -->","yoast_head_json":{"title":"Licita\u00e7\u00e3o - CEASA-CE","robots":{"index":"index","follow":"follow","max-snippet":"max-snippet:-1","max-image-preview":"max-image-preview:large","max-video-preview":"max-video-preview:-1"},"canonical":"https:\/\/ww16.ce.gov.br\/ceasa-ce\/licitacao\/","og_locale":"pt_BR","og_type":"article","og_title":"Licita\u00e7\u00e3o - CEASA-CE","og_description":"Licita\u00e7\u00e3o CHAMAMENTO PARA CONTRATA\u00c7\u00c3O EMERGENCIAL MARACANA\u00da &#8211; JUNHO\/2025 CHAMAMENTO PARA CONTRATA\u00c7\u00c3O EMERGENCIAL MARACANA\u00da &#8211; DEZEMBRO\/2023 CHAMAMENTO PARA CONTRATA\u00c7\u00c3O EMERGENCIAL MARACANA\u00da &#8211; JUNHO\/2024 LICITA\u00c7\u00d5ES MARACANA\u00da LICITA\u00c7\u00d5ES CARIRI LICITA\u00c7\u00d5ES TIANGU\u00c1 EXTRATOS DE CONTRATOS","og_url":"https:\/\/ww16.ce.gov.br\/ceasa-ce\/licitacao\/","og_site_name":"CEASA-CE","article_modified_time":"2026-05-14T13:52:36+00:00","twitter_card":"summary_large_image","twitter_misc":{"Est. reading time":"1 minuto"},"schema":{"@context":"https:\/\/schema.org","@graph":[{"@type":"WebPage","@id":"https:\/\/ww16.ce.gov.br\/ceasa-ce\/licitacao\/","url":"https:\/\/ww16.ce.gov.br\/ceasa-ce\/licitacao\/","name":"Licita\u00e7\u00e3o - CEASA-CE","isPartOf":{"@id":"https:\/\/ww16.ce.gov.br\/ceasa-ce\/#website"},"datePublished":"2026-05-14T13:52:32+00:00","dateModified":"2026-05-14T13:52:36+00:00","breadcrumb":{"@id":"https:\/\/ww16.ce.gov.br\/ceasa-ce\/licitacao\/#breadcrumb"},"inLanguage":"pt-BR","potentialAction":[{"@type":"ReadAction","target":["https:\/\/ww16.ce.gov.br\/ceasa-ce\/licitacao\/"]}]},{"@type":"BreadcrumbList","@id":"https:\/\/ww16.ce.gov.br\/ceasa-ce\/licitacao\/#breadcrumb","itemListElement":[{"@type":"ListItem","position":1,"name":"Home","item":"https:\/\/ww16.ce.gov.br\/ceasa-ce\/"},{"@type":"ListItem","position":2,"name":"Licita\u00e7\u00e3o"}]},{"@type":"WebSite","@id":"https:\/\/ww16.ce.gov.br\/ceasa-ce\/#website","url":"https:\/\/ww16.ce.gov.br\/ceasa-ce\/","name":"CEASA-CE","description":"Portal CEASA-CE","potentialAction":[{"@type":"SearchAction","target":{"@type":"EntryPoint","urlTemplate":"https:\/\/ww16.ce.gov.br\/ceasa-ce\/?s={search_term_string}"},"query-input":{"@type":"PropertyValueSpecification","valueRequired":true,"valueName":"search_term_string"}}],"inLanguage":"pt-BR"}]}},"_links":{"self":[{"href":"https:\/\/ww16.ce.gov.br\/ceasa-ce\/wp-json\/wp\/v2\/pages\/11256","targetHints":{"allow":["GET"]}}],"collection":[{"href":"https:\/\/ww16.ce.gov.br\/ceasa-ce\/wp-json\/wp\/v2\/pages"}],"about":[{"href":"https:\/\/ww16.ce.gov.br\/ceasa-ce\/wp-json\/wp\/v2\/types\/page"}],"author":[{"embeddable":true,"href":"https:\/\/ww16.ce.gov.br\/ceasa-ce\/wp-json\/wp\/v2\/users\/160"}],"replies":[{"embeddable":true,"href":"https:\/\/ww16.ce.gov.br\/ceasa-ce\/wp-json\/wp\/v2\/comments?post=11256"}],"version-history":[{"count":1,"href":"https:\/\/ww16.ce.gov.br\/ceasa-ce\/wp-json\/wp\/v2\/pages\/11256\/revisions"}],"predecessor-version":[{"id":11260,"href":"https:\/\/ww16.ce.gov.br\/ceasa-ce\/wp-json\/wp\/v2\/pages\/11256\/revisions\/11260"}],"wp:attachment":[{"href":"https:\/\/ww16.ce.gov.br\/ceasa-ce\/wp-json\/wp\/v2\/media?parent=11256"}],"curies":[{"name":"wp","href":"https:\/\/api.w.org\/{rel}","templated":true}]}}