{"id":11213,"date":"2026-05-14T09:53:36","date_gmt":"2026-05-14T12:53:36","guid":{"rendered":"https:\/\/ww16.ce.gov.br\/ceasa-ce\/?page_id=11213"},"modified":"2026-05-14T10:20:56","modified_gmt":"2026-05-14T13:20:56","slug":"historico-de-ofertas","status":"publish","type":"page","link":"https:\/\/ww16.ce.gov.br\/ceasa-ce\/historico-de-ofertas\/","title":{"rendered":"Hist\u00f3rico de Ofertas"},"content":{"rendered":"\n<div class=\"wp-block-cegovbr-mural-materiais-card-arquivos-multiplos\"><div class=\"ckc-card-arquivos-multiplos\"><div class=\"ckc-card-arquivos-multiplos-files\"><ul class=\"ckc-file-list list-group\"><li><a href=\"https:\/\/ww16.ce.gov.br\/ceasa-ce\/wp-content\/uploads\/sites\/34\/2018\/10\/historico_ofertas_maracanau_2002.xls\" target=\"_blank\" rel=\"noopener noreferrer\"><span class=\"material-symbols-outlined\">download<\/span><span class=\"ckc-file-name\">historico_ofertas_maracanau_2002<\/span><\/a><\/li><li><a href=\"https:\/\/ww16.ce.gov.br\/ceasa-ce\/wp-content\/uploads\/sites\/34\/2019\/07\/historico_ofertas_maracanau_2003.xls\" target=\"_blank\" rel=\"noopener noreferrer\"><span class=\"material-symbols-outlined\">download<\/span><span class=\"ckc-file-name\">historico_ofertas_maracanau_2003<\/span><\/a><\/li><li><a href=\"https:\/\/ww16.ce.gov.br\/ceasa-ce\/wp-content\/uploads\/sites\/34\/2019\/07\/historico_ofertas_maracanau_2004-1.xls\" target=\"_blank\" rel=\"noopener noreferrer\"><span class=\"material-symbols-outlined\">download<\/span><span class=\"ckc-file-name\">historico_ofertas_maracanau_2004 (1)<\/span><\/a><\/li><li><a href=\"https:\/\/ww16.ce.gov.br\/ceasa-ce\/wp-content\/uploads\/sites\/34\/2019\/07\/historico_ofertas_maracanau_2005.xls\" target=\"_blank\" rel=\"noopener noreferrer\"><span class=\"material-symbols-outlined\">download<\/span><span class=\"ckc-file-name\">historico_ofertas_maracanau_2005<\/span><\/a><\/li><li><a href=\"https:\/\/ww16.ce.gov.br\/ceasa-ce\/wp-content\/uploads\/sites\/34\/2019\/07\/historico_ofertas_maracanau_2006.xls\" target=\"_blank\" rel=\"noopener noreferrer\"><span class=\"material-symbols-outlined\">download<\/span><span class=\"ckc-file-name\">historico_ofertas_maracanau_2006<\/span><\/a><\/li><li><a href=\"https:\/\/ww16.ce.gov.br\/ceasa-ce\/wp-content\/uploads\/sites\/34\/2019\/07\/historico_ofertas_maracanau_2009.xls\" target=\"_blank\" rel=\"noopener noreferrer\"><span class=\"material-symbols-outlined\">download<\/span><span class=\"ckc-file-name\">historico_ofertas_maracanau_2009<\/span><\/a><\/li><li><a href=\"https:\/\/ww16.ce.gov.br\/ceasa-ce\/wp-content\/uploads\/sites\/34\/2019\/07\/historico_ofertas_maracanau_2010.xls\" target=\"_blank\" rel=\"noopener noreferrer\"><span class=\"material-symbols-outlined\">download<\/span><span class=\"ckc-file-name\">historico_ofertas_maracanau_2010<\/span><\/a><\/li><li><a href=\"https:\/\/ww16.ce.gov.br\/ceasa-ce\/wp-content\/uploads\/sites\/34\/2019\/07\/historico_ofertas_maracanau_2011.xls\" target=\"_blank\" rel=\"noopener noreferrer\"><span class=\"material-symbols-outlined\">download<\/span><span class=\"ckc-file-name\">historico_ofertas_maracanau_2011<\/span><\/a><\/li><li><a href=\"https:\/\/ww16.ce.gov.br\/ceasa-ce\/wp-content\/uploads\/sites\/34\/2019\/07\/historico_ofertas_maracanau_2012.xls\" target=\"_blank\" rel=\"noopener noreferrer\"><span class=\"material-symbols-outlined\">download<\/span><span class=\"ckc-file-name\">historico_ofertas_maracanau_2012<\/span><\/a><\/li><li><a href=\"https:\/\/ww16.ce.gov.br\/ceasa-ce\/wp-content\/uploads\/sites\/34\/2019\/07\/historico_ofertas_maracanau_2013.xls\" target=\"_blank\" rel=\"noopener noreferrer\"><span class=\"material-symbols-outlined\">download<\/span><span class=\"ckc-file-name\">historico_ofertas_maracanau_2013<\/span><\/a><\/li><li><a href=\"https:\/\/ww16.ce.gov.br\/ceasa-ce\/wp-content\/uploads\/sites\/34\/2018\/10\/historico_ofertas_maracanau_2014.xls\" target=\"_blank\" rel=\"noopener noreferrer\"><span class=\"material-symbols-outlined\">download<\/span><span class=\"ckc-file-name\">historico_ofertas_maracanau_2014<\/span><\/a><\/li><li><a href=\"https:\/\/ww16.ce.gov.br\/ceasa-ce\/wp-content\/uploads\/sites\/34\/2018\/10\/historico_ofertas_maracanau_2015.xls\" target=\"_blank\" rel=\"noopener noreferrer\"><span class=\"material-symbols-outlined\">download<\/span><span class=\"ckc-file-name\">historico_ofertas_maracanau_2015<\/span><\/a><\/li><li><a href=\"https:\/\/ww16.ce.gov.br\/ceasa-ce\/wp-content\/uploads\/sites\/34\/2018\/10\/historico_ofertas_maracanau_2016.xls\" target=\"_blank\" rel=\"noopener noreferrer\"><span class=\"material-symbols-outlined\">download<\/span><span class=\"ckc-file-name\">historico_ofertas_maracanau_2016<\/span><\/a><\/li><li><a href=\"https:\/\/ww16.ce.gov.br\/ceasa-ce\/wp-content\/uploads\/sites\/34\/2018\/10\/historico_ofertas_maracanau_2017.xls\" target=\"_blank\" rel=\"noopener noreferrer\"><span class=\"material-symbols-outlined\">download<\/span><span class=\"ckc-file-name\">historico_ofertas_maracanau_2017<\/span><\/a><\/li><li><a href=\"https:\/\/ww16.ce.gov.br\/ceasa-ce\/wp-content\/uploads\/sites\/34\/2018\/10\/Oferta-de-Cebola-de-Russas.pdf\" target=\"_blank\" rel=\"noopener noreferrer\"><span class=\"material-symbols-outlined\">download<\/span><span class=\"ckc-file-name\">Oferta de Cebola de Russas<\/span><\/a><\/li><li><a href=\"https:\/\/ww16.ce.gov.br\/ceasa-ce\/wp-content\/uploads\/sites\/34\/2018\/10\/Oferta-de-Frutas-2015-Ceasa-Maracana\u00fa.pdf\" target=\"_blank\" rel=\"noopener noreferrer\"><span class=\"material-symbols-outlined\">download<\/span><span class=\"ckc-file-name\">Oferta de Frutas 2015 &#8211; Ceasa Maracana\u00fa<\/span><\/a><\/li><li><a href=\"https:\/\/ww16.ce.gov.br\/ceasa-ce\/wp-content\/uploads\/sites\/34\/2018\/10\/Oferta-de-Hortali\u00e7as-2015-Por-Municipio.pdf\" target=\"_blank\" rel=\"noopener noreferrer\"><span class=\"material-symbols-outlined\">download<\/span><span class=\"ckc-file-name\">Oferta de Hortali\u00e7as 2015 &#8211; Por Municipio<\/span><\/a><\/li><li><a href=\"https:\/\/ww16.ce.gov.br\/ceasa-ce\/wp-content\/uploads\/sites\/34\/2018\/10\/Oferta-M\u00e9dia-de-Hortali\u00e7as-por-Estado-2002-2014-Ceasa-Maracana\u00fa.pdf\" target=\"_blank\" rel=\"noopener noreferrer\"><span class=\"material-symbols-outlined\">download<\/span><span class=\"ckc-file-name\">Oferta M\u00e9dia de Hortali\u00e7as por Estado 2002-2014 &#8211; Ceasa Maracana\u00fa<\/span><\/a><\/li><li><a href=\"https:\/\/ww16.ce.gov.br\/ceasa-ce\/wp-content\/uploads\/sites\/34\/2018\/10\/Quadros-de-oferta-em-2015-p-estado-e-regi\u00e3o.pdf\" target=\"_blank\" rel=\"noopener noreferrer\"><span class=\"material-symbols-outlined\">download<\/span><span class=\"ckc-file-name\">Quadros de oferta em 2015 p estado e regi\u00e3o<\/span><\/a><\/li><li><a href=\"https:\/\/ww16.ce.gov.br\/ceasa-ce\/wp-content\/uploads\/sites\/34\/2018\/10\/S\u00e9rie-Hist\u00f3rica-Munic\u00edpio-total-02-a-15.xls\" target=\"_blank\" rel=\"noopener noreferrer\"><span class=\"material-symbols-outlined\">download<\/span><span class=\"ckc-file-name\">S\u00e9rie Hist\u00f3rica Munic\u00edpio total 02 a 15<\/span><\/a><\/li><li><a href=\"https:\/\/ww16.ce.gov.br\/ceasa-ce\/wp-content\/uploads\/sites\/34\/2018\/10\/S\u00e9rie-Hist\u00f3rica-Oferta-Produto.xls\" target=\"_blank\" rel=\"noopener noreferrer\"><span class=\"material-symbols-outlined\">download<\/span><span class=\"ckc-file-name\">S\u00e9rie Hist\u00f3rica Oferta Produto<\/span><\/a><\/li><li><a href=\"https:\/\/ww16.ce.gov.br\/ceasa-ce\/wp-content\/uploads\/sites\/34\/2018\/10\/S\u00e9rie-Hist\u00f3rica-Oferta-Produto-prod.xls\" target=\"_blank\" rel=\"noopener noreferrer\"><span class=\"material-symbols-outlined\">download<\/span><span class=\"ckc-file-name\">S\u00e9rie Hist\u00f3rica Oferta Produto-prod<\/span><\/a><\/li><\/ul><\/div><\/div><\/div>\n","protected":false},"excerpt":{"rendered":"","protected":false},"author":160,"featured_media":0,"parent":0,"menu_order":0,"comment_status":"closed","ping_status":"closed","template":"","meta":{"_acf_changed":false,"inline_featured_image":false,"footnotes":""},"class_list":["post-11213","page","type-page","status-publish","hentry"],"acf":[],"yoast_head":"<!-- This site is optimized with the Yoast SEO plugin v26.9 - https:\/\/yoast.com\/product\/yoast-seo-wordpress\/ -->\n<title>Hist\u00f3rico de Ofertas - CEASA-CE<\/title>\n<meta name=\"robots\" content=\"index, follow, max-snippet:-1, max-image-preview:large, max-video-preview:-1\" \/>\n<link rel=\"canonical\" href=\"https:\/\/ww16.ce.gov.br\/ceasa-ce\/historico-de-ofertas\/\" \/>\n<meta property=\"og:locale\" content=\"pt_BR\" \/>\n<meta property=\"og:type\" content=\"article\" \/>\n<meta property=\"og:title\" content=\"Hist\u00f3rico de Ofertas - CEASA-CE\" \/>\n<meta property=\"og:url\" content=\"https:\/\/ww16.ce.gov.br\/ceasa-ce\/historico-de-ofertas\/\" \/>\n<meta property=\"og:site_name\" content=\"CEASA-CE\" \/>\n<meta property=\"article:modified_time\" content=\"2026-05-14T13:20:56+00:00\" \/>\n<meta name=\"twitter:card\" content=\"summary_large_image\" \/>\n<meta name=\"twitter:label1\" content=\"Est. reading time\" \/>\n\t<meta name=\"twitter:data1\" content=\"1 minuto\" \/>\n<script type=\"application\/ld+json\" class=\"yoast-schema-graph\">{\"@context\":\"https:\/\/schema.org\",\"@graph\":[{\"@type\":\"WebPage\",\"@id\":\"https:\/\/ww16.ce.gov.br\/ceasa-ce\/historico-de-ofertas\/\",\"url\":\"https:\/\/ww16.ce.gov.br\/ceasa-ce\/historico-de-ofertas\/\",\"name\":\"Hist\u00f3rico de Ofertas - CEASA-CE\",\"isPartOf\":{\"@id\":\"https:\/\/ww16.ce.gov.br\/ceasa-ce\/#website\"},\"datePublished\":\"2026-05-14T12:53:36+00:00\",\"dateModified\":\"2026-05-14T13:20:56+00:00\",\"breadcrumb\":{\"@id\":\"https:\/\/ww16.ce.gov.br\/ceasa-ce\/historico-de-ofertas\/#breadcrumb\"},\"inLanguage\":\"pt-BR\",\"potentialAction\":[{\"@type\":\"ReadAction\",\"target\":[\"https:\/\/ww16.ce.gov.br\/ceasa-ce\/historico-de-ofertas\/\"]}]},{\"@type\":\"BreadcrumbList\",\"@id\":\"https:\/\/ww16.ce.gov.br\/ceasa-ce\/historico-de-ofertas\/#breadcrumb\",\"itemListElement\":[{\"@type\":\"ListItem\",\"position\":1,\"name\":\"Home\",\"item\":\"https:\/\/ww16.ce.gov.br\/ceasa-ce\/\"},{\"@type\":\"ListItem\",\"position\":2,\"name\":\"Hist\u00f3rico de Ofertas\"}]},{\"@type\":\"WebSite\",\"@id\":\"https:\/\/ww16.ce.gov.br\/ceasa-ce\/#website\",\"url\":\"https:\/\/ww16.ce.gov.br\/ceasa-ce\/\",\"name\":\"CEASA-CE\",\"description\":\"Portal CEASA-CE\",\"potentialAction\":[{\"@type\":\"SearchAction\",\"target\":{\"@type\":\"EntryPoint\",\"urlTemplate\":\"https:\/\/ww16.ce.gov.br\/ceasa-ce\/?s={search_term_string}\"},\"query-input\":{\"@type\":\"PropertyValueSpecification\",\"valueRequired\":true,\"valueName\":\"search_term_string\"}}],\"inLanguage\":\"pt-BR\"}]}<\/script>\n<!-- \/ Yoast SEO plugin. -->","yoast_head_json":{"title":"Hist\u00f3rico de Ofertas - CEASA-CE","robots":{"index":"index","follow":"follow","max-snippet":"max-snippet:-1","max-image-preview":"max-image-preview:large","max-video-preview":"max-video-preview:-1"},"canonical":"https:\/\/ww16.ce.gov.br\/ceasa-ce\/historico-de-ofertas\/","og_locale":"pt_BR","og_type":"article","og_title":"Hist\u00f3rico de Ofertas - CEASA-CE","og_url":"https:\/\/ww16.ce.gov.br\/ceasa-ce\/historico-de-ofertas\/","og_site_name":"CEASA-CE","article_modified_time":"2026-05-14T13:20:56+00:00","twitter_card":"summary_large_image","twitter_misc":{"Est. reading time":"1 minuto"},"schema":{"@context":"https:\/\/schema.org","@graph":[{"@type":"WebPage","@id":"https:\/\/ww16.ce.gov.br\/ceasa-ce\/historico-de-ofertas\/","url":"https:\/\/ww16.ce.gov.br\/ceasa-ce\/historico-de-ofertas\/","name":"Hist\u00f3rico de Ofertas - CEASA-CE","isPartOf":{"@id":"https:\/\/ww16.ce.gov.br\/ceasa-ce\/#website"},"datePublished":"2026-05-14T12:53:36+00:00","dateModified":"2026-05-14T13:20:56+00:00","breadcrumb":{"@id":"https:\/\/ww16.ce.gov.br\/ceasa-ce\/historico-de-ofertas\/#breadcrumb"},"inLanguage":"pt-BR","potentialAction":[{"@type":"ReadAction","target":["https:\/\/ww16.ce.gov.br\/ceasa-ce\/historico-de-ofertas\/"]}]},{"@type":"BreadcrumbList","@id":"https:\/\/ww16.ce.gov.br\/ceasa-ce\/historico-de-ofertas\/#breadcrumb","itemListElement":[{"@type":"ListItem","position":1,"name":"Home","item":"https:\/\/ww16.ce.gov.br\/ceasa-ce\/"},{"@type":"ListItem","position":2,"name":"Hist\u00f3rico de Ofertas"}]},{"@type":"WebSite","@id":"https:\/\/ww16.ce.gov.br\/ceasa-ce\/#website","url":"https:\/\/ww16.ce.gov.br\/ceasa-ce\/","name":"CEASA-CE","description":"Portal CEASA-CE","potentialAction":[{"@type":"SearchAction","target":{"@type":"EntryPoint","urlTemplate":"https:\/\/ww16.ce.gov.br\/ceasa-ce\/?s={search_term_string}"},"query-input":{"@type":"PropertyValueSpecification","valueRequired":true,"valueName":"search_term_string"}}],"inLanguage":"pt-BR"}]}},"_links":{"self":[{"href":"https:\/\/ww16.ce.gov.br\/ceasa-ce\/wp-json\/wp\/v2\/pages\/11213","targetHints":{"allow":["GET"]}}],"collection":[{"href":"https:\/\/ww16.ce.gov.br\/ceasa-ce\/wp-json\/wp\/v2\/pages"}],"about":[{"href":"https:\/\/ww16.ce.gov.br\/ceasa-ce\/wp-json\/wp\/v2\/types\/page"}],"author":[{"embeddable":true,"href":"https:\/\/ww16.ce.gov.br\/ceasa-ce\/wp-json\/wp\/v2\/users\/160"}],"replies":[{"embeddable":true,"href":"https:\/\/ww16.ce.gov.br\/ceasa-ce\/wp-json\/wp\/v2\/comments?post=11213"}],"version-history":[{"count":7,"href":"https:\/\/ww16.ce.gov.br\/ceasa-ce\/wp-json\/wp\/v2\/pages\/11213\/revisions"}],"predecessor-version":[{"id":11232,"href":"https:\/\/ww16.ce.gov.br\/ceasa-ce\/wp-json\/wp\/v2\/pages\/11213\/revisions\/11232"}],"wp:attachment":[{"href":"https:\/\/ww16.ce.gov.br\/ceasa-ce\/wp-json\/wp\/v2\/media?parent=11213"}],"curies":[{"name":"wp","href":"https:\/\/api.w.org\/{rel}","templated":true}]}}