{"id":11114,"date":"2026-04-30T13:00:47","date_gmt":"2026-04-30T16:00:47","guid":{"rendered":"https:\/\/ww16.ce.gov.br\/ceasa-ce\/?page_id=11114"},"modified":"2026-04-30T13:35:25","modified_gmt":"2026-04-30T16:35:25","slug":"ramais-ceasa","status":"publish","type":"page","link":"https:\/\/ww16.ce.gov.br\/ceasa-ce\/ramais-ceasa\/","title":{"rendered":"Ramais"},"content":{"rendered":"        <!-- Replaced old search form with new accessible, scoped form `ramais-search` -->\n    <form class=\"form-pesquisa-ramal ramais-search mb-4\" id=\"form-pesquisa-ramal\" role=\"search\" aria-label=\"Pesquisar ramais\">\n        <div class=\"ramais-search-row\">\n            <div class=\"ramais-search-input\">\n                <label for=\"funcionario\" class=\"form-label visually-hidden\">Buscar ramal<\/label>\n                <div class=\"ramais-input-wrapper\">\n                    <span class=\"material-symbols-outlined ramais-input-icon\" aria-hidden=\"true\">search<\/span>\n                    <input type=\"search\" class=\"form-control ramais-input\" name=\"funcionario\" id=\"funcionario\" placeholder=\"Busque ramal\" autocomplete=\"off\">\n                <\/div>\n            <\/div>\n            <div class=\"ramais-search-button\">\n                <button type=\"submit\" class=\"btn btn-ramal-buscar d-flex align-items-center justify-content-center\"\n                        title=\"Pesquisar ramal\">\n                    <span class=\"material-symbols-outlined ramais-btn-icon\" aria-hidden=\"true\">search<\/span>\n                    <span class=\"btn-ramal-text\" style=\"font-family: 'Kanit', sans-serif; font-weight: 400; font-style: normal; font-size: 1.25rem; line-height: 100%; letter-spacing: 0;\">Buscar<\/span>\n                <\/button>\n            <\/div>\n        <\/div>\n    <\/form>\n            <div class=\"pgramais-header\">\n            <span>Setor<\/span>\n            <span>Ramal<\/span>\n            <span>Coordenador<\/span>\n            <span>Mais informa\u00e7\u00f5es<\/span>\n        <\/div>\n        <div class=\"ramais-cards-wrapper\">\n                                <div class=\"ramal-card\">\n                <div class=\"ramal-card-row\">\n                    <div class=\"ramal-setor\">Presid\u00eancia (Secret\u00e1ria)<\/div>\n                    <div class=\"ramal-numero\">2018-4453<\/div>\n                    <div class=\"ramal-coordenador\">Hebert dos Santos Lima<\/div>\n                    <div class=\"ramal-mais\" data-outros-ramais=\"\">\n                                                <button type=\"button\" class=\"ramal-ver-mais\" data-ramal-id=\"11118\" data-outros-ramais=\"\">Veja mais ramais<\/button>\n                                            <\/div>\n                <\/div>\n            <\/div>\n                                <div class=\"ramal-card\">\n                <div class=\"ramal-card-row\">\n                    <div class=\"ramal-setor\">Gabinete da Presid\u00eancia<\/div>\n                    <div class=\"ramal-numero\">2018-7102<\/div>\n                    <div class=\"ramal-coordenador\">Felipe Gon\u00e7alves<\/div>\n                    <div class=\"ramal-mais\" data-outros-ramais=\"\">\n                                                <button type=\"button\" class=\"ramal-ver-mais\" data-ramal-id=\"11120\" data-outros-ramais=\"\">Veja mais ramais<\/button>\n                                            <\/div>\n                <\/div>\n            <\/div>\n                                <div class=\"ramal-card\">\n                <div class=\"ramal-card-row\">\n                    <div class=\"ramal-setor\">Recep\u00e7\u00e3o Administra\u00e7\u00e3o<\/div>\n                    <div class=\"ramal-numero\">2018-4496<\/div>\n                    <div class=\"ramal-coordenador\">Recep\u00e7\u00e3o Administra\u00e7\u00e3o<\/div>\n                    <div class=\"ramal-mais\" data-outros-ramais=\"\">\n                                                <button type=\"button\" class=\"ramal-ver-mais\" data-ramal-id=\"11122\" data-outros-ramais=\"\">Veja mais ramais<\/button>\n                                            <\/div>\n                <\/div>\n            <\/div>\n                                <div class=\"ramal-card\">\n                <div class=\"ramal-card-row\">\n                    <div class=\"ramal-setor\">Assessoria de Controle Interno<\/div>\n                    <div class=\"ramal-numero\">2018-7147<\/div>\n                    <div class=\"ramal-coordenador\">Juliana Nobrega<\/div>\n                    <div class=\"ramal-mais\" data-outros-ramais=\"\">\n                                                <button type=\"button\" class=\"ramal-ver-mais\" data-ramal-id=\"11124\" data-outros-ramais=\"\">Veja mais ramais<\/button>\n                                            <\/div>\n                <\/div>\n            <\/div>\n                                <div class=\"ramal-card\">\n                <div class=\"ramal-card-row\">\n                    <div class=\"ramal-setor\">Assessoria de Comunica\u00e7\u00e3o e Marketing<\/div>\n                    <div class=\"ramal-numero\">2018-7273<\/div>\n                    <div class=\"ramal-coordenador\">Assessoria de Comunica\u00e7\u00e3o e Marketing<\/div>\n                    <div class=\"ramal-mais\" data-outros-ramais=\"\">\n                                                <button type=\"button\" class=\"ramal-ver-mais\" data-ramal-id=\"11126\" data-outros-ramais=\"\">Veja mais ramais<\/button>\n                                            <\/div>\n                <\/div>\n            <\/div>\n                <\/div>\n\n    ","protected":false},"excerpt":{"rendered":"","protected":false},"author":160,"featured_media":0,"parent":0,"menu_order":0,"comment_status":"closed","ping_status":"closed","template":"","meta":{"_acf_changed":false,"inline_featured_image":false,"footnotes":""},"class_list":["post-11114","page","type-page","status-publish","hentry"],"acf":[],"yoast_head":"<!-- This site is optimized with the Yoast SEO plugin v26.9 - https:\/\/yoast.com\/product\/yoast-seo-wordpress\/ -->\n<title>Ramais - CEASA-CE<\/title>\n<meta name=\"robots\" content=\"index, follow, max-snippet:-1, max-image-preview:large, max-video-preview:-1\" \/>\n<link rel=\"canonical\" href=\"https:\/\/ww16.ce.gov.br\/ceasa-ce\/ramais-ceasa\/\" \/>\n<meta property=\"og:locale\" content=\"pt_BR\" \/>\n<meta property=\"og:type\" content=\"article\" \/>\n<meta property=\"og:title\" content=\"Ramais - CEASA-CE\" \/>\n<meta property=\"og:url\" content=\"https:\/\/ww16.ce.gov.br\/ceasa-ce\/ramais-ceasa\/\" \/>\n<meta property=\"og:site_name\" content=\"CEASA-CE\" \/>\n<meta property=\"article:modified_time\" content=\"2026-04-30T16:35:25+00:00\" \/>\n<meta name=\"twitter:card\" content=\"summary_large_image\" \/>\n<script type=\"application\/ld+json\" class=\"yoast-schema-graph\">{\"@context\":\"https:\/\/schema.org\",\"@graph\":[{\"@type\":\"WebPage\",\"@id\":\"https:\/\/ww16.ce.gov.br\/ceasa-ce\/ramais-ceasa\/\",\"url\":\"https:\/\/ww16.ce.gov.br\/ceasa-ce\/ramais-ceasa\/\",\"name\":\"Ramais - CEASA-CE\",\"isPartOf\":{\"@id\":\"https:\/\/ww16.ce.gov.br\/ceasa-ce\/#website\"},\"datePublished\":\"2026-04-30T16:00:47+00:00\",\"dateModified\":\"2026-04-30T16:35:25+00:00\",\"breadcrumb\":{\"@id\":\"https:\/\/ww16.ce.gov.br\/ceasa-ce\/ramais-ceasa\/#breadcrumb\"},\"inLanguage\":\"pt-BR\",\"potentialAction\":[{\"@type\":\"ReadAction\",\"target\":[\"https:\/\/ww16.ce.gov.br\/ceasa-ce\/ramais-ceasa\/\"]}]},{\"@type\":\"BreadcrumbList\",\"@id\":\"https:\/\/ww16.ce.gov.br\/ceasa-ce\/ramais-ceasa\/#breadcrumb\",\"itemListElement\":[{\"@type\":\"ListItem\",\"position\":1,\"name\":\"Home\",\"item\":\"https:\/\/ww16.ce.gov.br\/ceasa-ce\/\"},{\"@type\":\"ListItem\",\"position\":2,\"name\":\"Ramais\"}]},{\"@type\":\"WebSite\",\"@id\":\"https:\/\/ww16.ce.gov.br\/ceasa-ce\/#website\",\"url\":\"https:\/\/ww16.ce.gov.br\/ceasa-ce\/\",\"name\":\"CEASA-CE\",\"description\":\"Portal CEASA-CE\",\"potentialAction\":[{\"@type\":\"SearchAction\",\"target\":{\"@type\":\"EntryPoint\",\"urlTemplate\":\"https:\/\/ww16.ce.gov.br\/ceasa-ce\/?s={search_term_string}\"},\"query-input\":{\"@type\":\"PropertyValueSpecification\",\"valueRequired\":true,\"valueName\":\"search_term_string\"}}],\"inLanguage\":\"pt-BR\"}]}<\/script>\n<!-- \/ Yoast SEO plugin. -->","yoast_head_json":{"title":"Ramais - CEASA-CE","robots":{"index":"index","follow":"follow","max-snippet":"max-snippet:-1","max-image-preview":"max-image-preview:large","max-video-preview":"max-video-preview:-1"},"canonical":"https:\/\/ww16.ce.gov.br\/ceasa-ce\/ramais-ceasa\/","og_locale":"pt_BR","og_type":"article","og_title":"Ramais - CEASA-CE","og_url":"https:\/\/ww16.ce.gov.br\/ceasa-ce\/ramais-ceasa\/","og_site_name":"CEASA-CE","article_modified_time":"2026-04-30T16:35:25+00:00","twitter_card":"summary_large_image","schema":{"@context":"https:\/\/schema.org","@graph":[{"@type":"WebPage","@id":"https:\/\/ww16.ce.gov.br\/ceasa-ce\/ramais-ceasa\/","url":"https:\/\/ww16.ce.gov.br\/ceasa-ce\/ramais-ceasa\/","name":"Ramais - CEASA-CE","isPartOf":{"@id":"https:\/\/ww16.ce.gov.br\/ceasa-ce\/#website"},"datePublished":"2026-04-30T16:00:47+00:00","dateModified":"2026-04-30T16:35:25+00:00","breadcrumb":{"@id":"https:\/\/ww16.ce.gov.br\/ceasa-ce\/ramais-ceasa\/#breadcrumb"},"inLanguage":"pt-BR","potentialAction":[{"@type":"ReadAction","target":["https:\/\/ww16.ce.gov.br\/ceasa-ce\/ramais-ceasa\/"]}]},{"@type":"BreadcrumbList","@id":"https:\/\/ww16.ce.gov.br\/ceasa-ce\/ramais-ceasa\/#breadcrumb","itemListElement":[{"@type":"ListItem","position":1,"name":"Home","item":"https:\/\/ww16.ce.gov.br\/ceasa-ce\/"},{"@type":"ListItem","position":2,"name":"Ramais"}]},{"@type":"WebSite","@id":"https:\/\/ww16.ce.gov.br\/ceasa-ce\/#website","url":"https:\/\/ww16.ce.gov.br\/ceasa-ce\/","name":"CEASA-CE","description":"Portal CEASA-CE","potentialAction":[{"@type":"SearchAction","target":{"@type":"EntryPoint","urlTemplate":"https:\/\/ww16.ce.gov.br\/ceasa-ce\/?s={search_term_string}"},"query-input":{"@type":"PropertyValueSpecification","valueRequired":true,"valueName":"search_term_string"}}],"inLanguage":"pt-BR"}]}},"_links":{"self":[{"href":"https:\/\/ww16.ce.gov.br\/ceasa-ce\/wp-json\/wp\/v2\/pages\/11114","targetHints":{"allow":["GET"]}}],"collection":[{"href":"https:\/\/ww16.ce.gov.br\/ceasa-ce\/wp-json\/wp\/v2\/pages"}],"about":[{"href":"https:\/\/ww16.ce.gov.br\/ceasa-ce\/wp-json\/wp\/v2\/types\/page"}],"author":[{"embeddable":true,"href":"https:\/\/ww16.ce.gov.br\/ceasa-ce\/wp-json\/wp\/v2\/users\/160"}],"replies":[{"embeddable":true,"href":"https:\/\/ww16.ce.gov.br\/ceasa-ce\/wp-json\/wp\/v2\/comments?post=11114"}],"version-history":[{"count":1,"href":"https:\/\/ww16.ce.gov.br\/ceasa-ce\/wp-json\/wp\/v2\/pages\/11114\/revisions"}],"predecessor-version":[{"id":11116,"href":"https:\/\/ww16.ce.gov.br\/ceasa-ce\/wp-json\/wp\/v2\/pages\/11114\/revisions\/11116"}],"wp:attachment":[{"href":"https:\/\/ww16.ce.gov.br\/ceasa-ce\/wp-json\/wp\/v2\/media?parent=11114"}],"curies":[{"name":"wp","href":"https:\/\/api.w.org\/{rel}","templated":true}]}}